{"id":9520,"date":"2021-02-18T09:18:16","date_gmt":"2021-02-18T09:18:16","guid":{"rendered":"https:\/\/addaroomas.local\/inspiration\/cabin\/"},"modified":"2024-07-09T10:19:40","modified_gmt":"2024-07-09T10:19:40","slug":"attefallshus","status":"publish","type":"page","link":"https:\/\/addaroom.dk\/sv\/inspiration\/attefallshus\/","title":{"rendered":"Attefallshus"},"content":{"rendered":"<div class=\"pc\"><div class=\"pc--1\"><div class=\"wp-block-wrapper core--heading\">\n<h2 class=\"wp-block-heading\">Attefallshuset f\u00f6r tomten, eller det minimalistiska getaway huset!<\/h2>\n<\/div><\/div><\/div><div class=\"wp-block-wrapper acf--content-block\">\n<div class=\"pc bc--white \">\n    <div class=\"pc--1\">\n        <div class=\"gb-block block--content pull-left\">\n            <div class=\"block--content-text-wrapper\">\n                <div class=\"block--content-text\">\n                    <p>\u00c5ret \u00e4r 2010 n\u00e4r Lars Frank Nielsen skissar fram Add a Rooms moduler. Stors\u00e4ljaren ber\u00e4knas vara modulen p\u00e5 15 m2, d\u00e5 ett beslut i riksdagen ett par \u00e5r tidigare nu m\u00f6jligg\u00f6r en bygglovsbefriad komplementbyggnad p\u00e5 hela 15 m2, s\u00e5 kallad friggebod.<\/p>\n<p>Lagen har d\u00e4refter positivt reviderats flera g\u00e5nger, och sedan 2020 till\u00e5ts du att bygga det dubbla, 30 m2, bygglovsbefriat, s\u00e5 kallat Attefallshus eller Bolundare.<\/p>\n<p>M\u00f6jligheterna f\u00f6r dig som villa\u00e4gare \u00e4r stora. Oavsett om du \u00f6nskar ett ton\u00e5rshus, ett hemmakontor, en bastu eller ett uthyrningshus finns vi p\u00e5 Add a Room som bollplank och st\u00f6d i hela processen.<\/p>\n<p>Nedan finner du inspiration p\u00e5 hur ditt nyckelf\u00e4rdiga Attefallshus kan utformas, men endast fantasin s\u00e4tter gr\u00e4nser. Tveka inte p\u00e5 att boka en visning, eller l\u00e5t Lars Frank Nielsen, en av Danmarks fr\u00e4msta arkitekter, bes\u00f6ka dig.<\/p>\n                <\/div>\n            <\/div>\n            <div class=\"block--content-image\">\n                                    <img loading=\"lazy\" decoding=\"async\" src=\"https:\/\/addaroom.dk\/wp-content\/uploads\/2021\/02\/Cabin-1024x633.png\" alt=\"\" height=\"633\" width=\"1024\"\/>\n                            <\/div>\n        <\/div>\n    <\/div>\n<\/div><\/div><div class=\"pc\"><div class=\"pc--1\"><div class=\"wp-block-wrapper core--heading\">\n<h2 class=\"has-text-align-center wp-block-heading\">Exempel p\u00e5 10-30 kvadratmeter<\/h2>\n<\/div><\/div><\/div><div class=\"wp-block-wrapper acf--inspire-list-block\">    \n    <div class=\"pc \">\n        <div class=\"pc--2\">\n            <div class=\"archive--inspire disp--flex flex--cols just--arou\">\n                                                        <div class=\"layout--vertical flex--33 disp--flex\">\n\t\t\t\t\t\t                        \n\n<a href=\"https:\/\/addaroom.dk\/sv\/inspire\/attefallshuset-for-de-sjalvstandiga-tonaringarna\/\" target=\"_self\" class=\"card\">\n            <div class=\"card--image\">\n            <img loading=\"lazy\" decoding=\"async\" src=\"https:\/\/addaroom.dk\/wp-content\/uploads\/2021\/02\/Layout-30-m2-two-bedrooms-1024x468.png\" alt=\"\" height=\"468\" width=\"1024\"\/>        <\/div>\n           \n    <div class=\"card--content\">\n        <div>\n            <div class=\"card--summary\">\n                <div class=\"card-heading--content\">\n                    <h3>Attefallshuset f\u00f6r de sj\u00e4lvst\u00e4ndiga ton\u00e5ringarna<\/h3><p class=\"building--size\"><strong>Storlek: 30m<sup>2<\/sup><\/strong><\/p><p>Huset som ger den perfekta sj\u00e4lvst\u00e4ndigheten f\u00f6r ton\u00e5ringarna. Tv\u00e5 identiska rum med var sitt skjutd\u00f6rrsparti och veranda ger k\u00e4nslan av ett eget hus, medans faciliteter som badrum och ett pentry f\u00f6r enklare m\u00e5ltider finnes i den gemensamma hallen.<\/p>\n                 <\/div>\n                                     <div class=\"card--button\">\n                        <div class=\"button\">Visa<\/div>\n                    <\/div>\n                            <\/div>\n        <\/div>\n    <\/div>\n<\/a>                    <\/div>\n                                                        <div class=\"layout--vertical flex--33 disp--flex\">\n\t\t\t\t\t\t                        \n\n<a href=\"https:\/\/addaroom.dk\/sv\/inspire\/det-kompletta-minihemmet\/\" target=\"_self\" class=\"card\">\n            <div class=\"card--image\">\n            <img loading=\"lazy\" decoding=\"async\" src=\"https:\/\/addaroom.dk\/wp-content\/uploads\/2021\/03\/DSC_0059-680x1024.jpg\" alt=\"\" height=\"1024\" width=\"680\"\/>        <\/div>\n           \n    <div class=\"card--content\">\n        <div>\n            <div class=\"card--summary\">\n                <div class=\"card-heading--content\">\n                    <h3>Det kompletta minihemmet<\/h3><p class=\"building--size\"><strong>Storlek: 25 m<sup>2<\/sup><\/strong><\/p><p>En modul p\u00e5 25 kvadratmeter, fullt utrustad f\u00f6r permanentboende. Badrummet sk\u00e4rmar av sovrummet fr\u00e5n allrummet med anslutande veranda. Huset anv\u00e4nds som uthyrningshus samt Add a Room showroom.<\/p>\n                 <\/div>\n                                     <div class=\"card--button\">\n                        <div class=\"button\">Visa<\/div>\n                    <\/div>\n                            <\/div>\n        <\/div>\n    <\/div>\n<\/a>                    <\/div>\n                                                        <div class=\"layout--vertical flex--33 disp--flex\">\n\t\t\t\t\t\t                        \n\n<a href=\"https:\/\/addaroom.dk\/sv\/inspire\/extrahuset-pa-sommarstallet\/\" target=\"_self\" class=\"card\">\n            <div class=\"card--image\">\n            <img loading=\"lazy\" decoding=\"async\" src=\"https:\/\/addaroom.dk\/wp-content\/uploads\/2016\/07\/minihus07-681x1024.jpg\" alt=\"\" height=\"1024\" width=\"681\"\/>        <\/div>\n           \n    <div class=\"card--content\">\n        <div>\n            <div class=\"card--summary\">\n                <div class=\"card-heading--content\">\n                    <h3>Extrahuset p\u00e5 sommarst\u00e4llet<\/h3><p class=\"building--size\"><strong>Storlek: 15 m<sup>2<\/sup><\/strong><\/p><p>Ett yteffektivt minihus, komplett utrustad med pentry och badrum. Huset anv\u00e4nds som g\u00e4ststuga, men kan \u00e4ven placeras helt frist\u00e5ende som ett kompakt getaway-hus.<\/p>\n                 <\/div>\n                                     <div class=\"card--button\">\n                        <div class=\"button\">Visa<\/div>\n                    <\/div>\n                            <\/div>\n        <\/div>\n    <\/div>\n<\/a>                    <\/div>\n                                                        <div class=\"layout--vertical flex--33 disp--flex\">\n\t\t\t\t\t\t                        \n\n<a href=\"https:\/\/addaroom.dk\/sv\/inspire\/getaway-huset-for-den-danska-konstnaren\/\" target=\"_self\" class=\"card\">\n            <div class=\"card--image\">\n            <img loading=\"lazy\" decoding=\"async\" src=\"https:\/\/addaroom.dk\/wp-content\/uploads\/2021\/03\/IMG_5270-1024x768.jpg\" alt=\"\" height=\"768\" width=\"1024\"\/>        <\/div>\n           \n    <div class=\"card--content\">\n        <div>\n            <div class=\"card--summary\">\n                <div class=\"card-heading--content\">\n                    <h3>Getaway huset f\u00f6r den danske konstn\u00e4ren<\/h3><p class=\"building--size\"><strong>Storlek: 15 m<sup>2<\/sup><\/strong><\/p><p>En idyllisk tomt i det sk\u00e5nska landskapet. Den 120 kvadratmeter stora ladan kombineras med ett Add a Room som sovrum, f\u00f6r en idealisk getaway plats.<\/p>\n                 <\/div>\n                                     <div class=\"card--button\">\n                        <div class=\"button\">Visa<\/div>\n                    <\/div>\n                            <\/div>\n        <\/div>\n    <\/div>\n<\/a>                    <\/div>\n                                                        <div class=\"layout--vertical flex--33 disp--flex\">\n\t\t\t\t\t\t                        \n\n<a href=\"https:\/\/addaroom.dk\/sv\/inspire\/badhuset\/\" target=\"_self\" class=\"card\">\n            <div class=\"card--image\">\n            <img loading=\"lazy\" decoding=\"async\" src=\"https:\/\/addaroom.dk\/wp-content\/uploads\/2021\/03\/IMG_2800-2-1024x768.jpg\" alt=\"\" height=\"768\" width=\"1024\"\/>        <\/div>\n           \n    <div class=\"card--content\">\n        <div>\n            <div class=\"card--summary\">\n                <div class=\"card-heading--content\">\n                    <h3>Badhuset<\/h3><p class=\"building--size\"><strong>Storlek: 30 m<sup>2<\/sup><\/strong><\/p><p>I n\u00e4rheten av storstaden \u00c5rhus finner vi Lisbeth och Palles Add a Room, som de kallar badhuset. Badhuset \u00e4r placerat p\u00e5 en tomt endast 10 minuter fr\u00e5n deras villa, t\u00e4tt p\u00e5 vattnet men fortfarande i skogen. Huset \u00e4r inrett med k\u00f6k, badrum och ett separat sovrum.<\/p>\n                 <\/div>\n                                     <div class=\"card--button\">\n                        <div class=\"button\">Visa<\/div>\n                    <\/div>\n                            <\/div>\n        <\/div>\n    <\/div>\n<\/a>                    <\/div>\n                                                        <div class=\"layout--vertical flex--33 disp--flex\">\n\t\t\t\t\t\t                        \n\n<a href=\"https:\/\/addaroom.dk\/sv\/inspire\/attefallshuset-for-uthyrning\/\" target=\"_self\" class=\"card\">\n            <div class=\"card--image\">\n            <img loading=\"lazy\" decoding=\"async\" src=\"https:\/\/addaroom.dk\/wp-content\/uploads\/2021\/02\/DSC_0032-1024x680.jpg\" alt=\"\" height=\"680\" width=\"1024\"\/>        <\/div>\n           \n    <div class=\"card--content\">\n        <div>\n            <div class=\"card--summary\">\n                <div class=\"card-heading--content\">\n                    <h3>Attefallshuset f\u00f6r uthyrning<\/h3><p class=\"building--size\"><strong>Storlek: 25 m<sup>2<\/sup><\/strong><\/p><p>Strax utanf\u00f6r Stockholm finner vi finansr\u00e5dgivaren Michaels villa med tillh\u00f6rande tomt. F\u00f6r Michael var Add a Room en m\u00f6jlighet att bidra till en minskad bostadsbrist, samtidigt som det kunde bidra med passiva inkomster, och i framtiden ge ett mer flexibelt liv.<\/p>\n                 <\/div>\n                                     <div class=\"card--button\">\n                        <div class=\"button\">Visa<\/div>\n                    <\/div>\n                            <\/div>\n        <\/div>\n    <\/div>\n<\/a>                    <\/div>\n                                                        <div class=\"layout--vertical flex--33 disp--flex\">\n\t\t\t\t\t\t                        \n\n<a href=\"https:\/\/addaroom.dk\/sv\/inspire\/det-fristaende-huset-i-anslutning-till-huvudhuset\/\" target=\"_self\" class=\"card\">\n            <div class=\"card--image\">\n            <img loading=\"lazy\" decoding=\"async\" src=\"https:\/\/addaroom.dk\/wp-content\/uploads\/2021\/02\/anneks_addaroom.jpg\" alt=\"\" height=\"675\" width=\"900\"\/>        <\/div>\n           \n    <div class=\"card--content\">\n        <div>\n            <div class=\"card--summary\">\n                <div class=\"card-heading--content\">\n                    <h3>Det frist\u00e5ende huset i direkt anslutning till huvudhuset<\/h3><p class=\"building--size\"><strong>Storlek: 25m<sup>2<\/sup><\/strong><\/p><p>En smidig addering av ett extra sovrum, precis intill huvudhuset. Huset \u00e4r sammankopplat med huvudhuset via ett plank. Den n\u00e4ra placeringen, utan att faktiskt vara ihopkopplat inv\u00e4ndigt, ger det b\u00e4sta av tv\u00e5 v\u00e4rldar. Den privata k\u00e4nslan av ett eget hus kombineras med den enkla \u00f6verg\u00e5ngen till huvudhuset f\u00f6r k\u00f6k och badrum.<\/p>\n                 <\/div>\n                                     <div class=\"card--button\">\n                        <div class=\"button\">Visa<\/div>\n                    <\/div>\n                            <\/div>\n        <\/div>\n    <\/div>\n<\/a>                    <\/div>\n                                            <\/div>\n        <\/div>\n    <\/div>\n<\/div>","protected":false},"excerpt":{"rendered":"<p>Attefallshuset f\u00f6r tomten, eller det minimalistiska getaway huset! Exempel p\u00e5 10-30 kvadratmeter<\/p>\n","protected":false},"author":1,"featured_media":0,"parent":12021,"menu_order":0,"comment_status":"closed","ping_status":"closed","template":"","meta":{"_acf_changed":false,"footnotes":""},"class_list":["post-9520","page","type-page","status-publish","hentry"],"acf":[],"yoast_head":"<!-- This site is optimized with the Yoast SEO plugin v27.3 - https:\/\/yoast.com\/product\/yoast-seo-wordpress\/ -->\n<title>Attefallshus - Add a Room<\/title>\n<meta name=\"robots\" content=\"index, follow, max-snippet:-1, max-image-preview:large, max-video-preview:-1\" \/>\n<link rel=\"canonical\" href=\"https:\/\/addaroom.dk\/sv\/inspiration\/attefallshus\/\" \/>\n<meta name=\"twitter:label1\" content=\"Ber\u00e4knad l\u00e4stid\" \/>\n\t<meta name=\"twitter:data1\" content=\"2 minuter\" \/>\n<script type=\"application\/ld+json\" class=\"yoast-schema-graph\">{\"@context\":\"https:\\\/\\\/schema.org\",\"@graph\":[{\"@type\":\"WebPage\",\"@id\":\"https:\\\/\\\/addaroom.dk\\\/sv\\\/inspiration\\\/attefallshus\\\/\",\"url\":\"https:\\\/\\\/addaroom.dk\\\/sv\\\/inspiration\\\/attefallshus\\\/\",\"name\":\"Attefallshus - Add a Room\",\"isPartOf\":{\"@id\":\"https:\\\/\\\/addaroom.dk\\\/en\\\/#website\"},\"datePublished\":\"2021-02-18T09:18:16+00:00\",\"dateModified\":\"2024-07-09T10:19:40+00:00\",\"breadcrumb\":{\"@id\":\"https:\\\/\\\/addaroom.dk\\\/sv\\\/inspiration\\\/attefallshus\\\/#breadcrumb\"},\"inLanguage\":\"sv-SE\",\"potentialAction\":[{\"@type\":\"ReadAction\",\"target\":[\"https:\\\/\\\/addaroom.dk\\\/sv\\\/inspiration\\\/attefallshus\\\/\"]}]},{\"@type\":\"BreadcrumbList\",\"@id\":\"https:\\\/\\\/addaroom.dk\\\/sv\\\/inspiration\\\/attefallshus\\\/#breadcrumb\",\"itemListElement\":[{\"@type\":\"ListItem\",\"position\":1,\"name\":\"Hem\",\"item\":\"https:\\\/\\\/addaroom.dk\\\/sv\\\/\"},{\"@type\":\"ListItem\",\"position\":2,\"name\":\"Inspiration\",\"item\":\"https:\\\/\\\/addaroom.dk\\\/sv\\\/inspiration\\\/\"},{\"@type\":\"ListItem\",\"position\":3,\"name\":\"Attefallshus\"}]},{\"@type\":\"WebSite\",\"@id\":\"https:\\\/\\\/addaroom.dk\\\/en\\\/#website\",\"url\":\"https:\\\/\\\/addaroom.dk\\\/en\\\/\",\"name\":\"Add a Room\",\"description\":\"Small houses with big possibilities\",\"publisher\":{\"@id\":\"https:\\\/\\\/addaroom.dk\\\/en\\\/#organization\"},\"potentialAction\":[{\"@type\":\"SearchAction\",\"target\":{\"@type\":\"EntryPoint\",\"urlTemplate\":\"https:\\\/\\\/addaroom.dk\\\/en\\\/?s={search_term_string}\"},\"query-input\":{\"@type\":\"PropertyValueSpecification\",\"valueRequired\":true,\"valueName\":\"search_term_string\"}}],\"inLanguage\":\"sv-SE\"},{\"@type\":\"Organization\",\"@id\":\"https:\\\/\\\/addaroom.dk\\\/en\\\/#organization\",\"name\":\"Add a Room\",\"url\":\"https:\\\/\\\/addaroom.dk\\\/en\\\/\",\"logo\":{\"@type\":\"ImageObject\",\"inLanguage\":\"sv-SE\",\"@id\":\"https:\\\/\\\/addaroom.dk\\\/en\\\/#\\\/schema\\\/logo\\\/image\\\/\",\"url\":\"https:\\\/\\\/addaroom.dk\\\/wp-content\\\/uploads\\\/2025\\\/09\\\/Screenshot-2025-09-18-122421.png\",\"contentUrl\":\"https:\\\/\\\/addaroom.dk\\\/wp-content\\\/uploads\\\/2025\\\/09\\\/Screenshot-2025-09-18-122421.png\",\"width\":263,\"height\":80,\"caption\":\"Add a Room\"},\"image\":{\"@id\":\"https:\\\/\\\/addaroom.dk\\\/en\\\/#\\\/schema\\\/logo\\\/image\\\/\"},\"sameAs\":[\"https:\\\/\\\/www.facebook.com\\\/share\\\/1EZnEZVh7L\\\/?mibextid=wwXIfr\",\"https:\\\/\\\/www.instagram.com\\\/add_a_room?igsh=MWo2cHNwN3dmNGR1eA&utm_source=qr\"]}]}<\/script>\n<!-- \/ Yoast SEO plugin. -->","yoast_head_json":{"title":"Attefallshus - Add a Room","robots":{"index":"index","follow":"follow","max-snippet":"max-snippet:-1","max-image-preview":"max-image-preview:large","max-video-preview":"max-video-preview:-1"},"canonical":"https:\/\/addaroom.dk\/sv\/inspiration\/attefallshus\/","twitter_misc":{"Ber\u00e4knad l\u00e4stid":"2 minuter"},"schema":{"@context":"https:\/\/schema.org","@graph":[{"@type":"WebPage","@id":"https:\/\/addaroom.dk\/sv\/inspiration\/attefallshus\/","url":"https:\/\/addaroom.dk\/sv\/inspiration\/attefallshus\/","name":"Attefallshus - Add a Room","isPartOf":{"@id":"https:\/\/addaroom.dk\/en\/#website"},"datePublished":"2021-02-18T09:18:16+00:00","dateModified":"2024-07-09T10:19:40+00:00","breadcrumb":{"@id":"https:\/\/addaroom.dk\/sv\/inspiration\/attefallshus\/#breadcrumb"},"inLanguage":"sv-SE","potentialAction":[{"@type":"ReadAction","target":["https:\/\/addaroom.dk\/sv\/inspiration\/attefallshus\/"]}]},{"@type":"BreadcrumbList","@id":"https:\/\/addaroom.dk\/sv\/inspiration\/attefallshus\/#breadcrumb","itemListElement":[{"@type":"ListItem","position":1,"name":"Hem","item":"https:\/\/addaroom.dk\/sv\/"},{"@type":"ListItem","position":2,"name":"Inspiration","item":"https:\/\/addaroom.dk\/sv\/inspiration\/"},{"@type":"ListItem","position":3,"name":"Attefallshus"}]},{"@type":"WebSite","@id":"https:\/\/addaroom.dk\/en\/#website","url":"https:\/\/addaroom.dk\/en\/","name":"Add a Room","description":"Small houses with big possibilities","publisher":{"@id":"https:\/\/addaroom.dk\/en\/#organization"},"potentialAction":[{"@type":"SearchAction","target":{"@type":"EntryPoint","urlTemplate":"https:\/\/addaroom.dk\/en\/?s={search_term_string}"},"query-input":{"@type":"PropertyValueSpecification","valueRequired":true,"valueName":"search_term_string"}}],"inLanguage":"sv-SE"},{"@type":"Organization","@id":"https:\/\/addaroom.dk\/en\/#organization","name":"Add a Room","url":"https:\/\/addaroom.dk\/en\/","logo":{"@type":"ImageObject","inLanguage":"sv-SE","@id":"https:\/\/addaroom.dk\/en\/#\/schema\/logo\/image\/","url":"https:\/\/addaroom.dk\/wp-content\/uploads\/2025\/09\/Screenshot-2025-09-18-122421.png","contentUrl":"https:\/\/addaroom.dk\/wp-content\/uploads\/2025\/09\/Screenshot-2025-09-18-122421.png","width":263,"height":80,"caption":"Add a Room"},"image":{"@id":"https:\/\/addaroom.dk\/en\/#\/schema\/logo\/image\/"},"sameAs":["https:\/\/www.facebook.com\/share\/1EZnEZVh7L\/?mibextid=wwXIfr","https:\/\/www.instagram.com\/add_a_room?igsh=MWo2cHNwN3dmNGR1eA&utm_source=qr"]}]}},"_links":{"self":[{"href":"https:\/\/addaroom.dk\/sv\/wp-json\/wp\/v2\/pages\/9520","targetHints":{"allow":["GET"]}}],"collection":[{"href":"https:\/\/addaroom.dk\/sv\/wp-json\/wp\/v2\/pages"}],"about":[{"href":"https:\/\/addaroom.dk\/sv\/wp-json\/wp\/v2\/types\/page"}],"author":[{"embeddable":true,"href":"https:\/\/addaroom.dk\/sv\/wp-json\/wp\/v2\/users\/1"}],"replies":[{"embeddable":true,"href":"https:\/\/addaroom.dk\/sv\/wp-json\/wp\/v2\/comments?post=9520"}],"version-history":[{"count":0,"href":"https:\/\/addaroom.dk\/sv\/wp-json\/wp\/v2\/pages\/9520\/revisions"}],"up":[{"embeddable":true,"href":"https:\/\/addaroom.dk\/sv\/wp-json\/wp\/v2\/pages\/12021"}],"wp:attachment":[{"href":"https:\/\/addaroom.dk\/sv\/wp-json\/wp\/v2\/media?parent=9520"}],"curies":[{"name":"wp","href":"https:\/\/api.w.org\/{rel}","templated":true}]}}