{"id":9179,"date":"2021-02-13T13:19:56","date_gmt":"2021-02-13T13:19:56","guid":{"rendered":"https:\/\/addaroomas.local\/?page_id=9179"},"modified":"2021-06-21T11:16:39","modified_gmt":"2021-06-21T11:16:39","slug":"hyr-ett-add-a-room","status":"publish","type":"page","link":"https:\/\/addaroom.dk\/sv\/hyr-ett-add-a-room\/","title":{"rendered":"Hyr ett Add a Room"},"content":{"rendered":"<div class=\"pc\"><div class=\"pc--1\"><div class=\"wp-block-wrapper core--heading\">\n<h2 class=\"wp-block-heading\">Flytta in f\u00f6r en komplett uppfattning av v\u00e5ra hus<\/h2>\n<\/div><\/div><\/div><div class=\"pc\"><div class=\"pc--1\"><div class=\"wp-block-wrapper core--paragraph\">\n<p>F\u00f6r att verkligen f\u00e5 en uppfattning hur ditt framtida hem fr\u00e5n Add a Room kommer k\u00e4nnas, har vi tagit fram m\u00f6jligheten att provbo ett Add a Room. Genom att spendera ett par n\u00e4tter i ett av v\u00e5ra hus, f\u00e5r du en betydande uppfattning av de olika modulerna och tillvalen, och vilka som l\u00e4mpar sig b\u00e4st f\u00f6r just ditt hem. Add a Room har sj\u00e4lva tv\u00e5 visningshus f\u00f6r uthyrning, samt ett kundsamarbete. Vid best\u00e4llning av ett Add a Room inom tv\u00e5 \u00e5r, \u00e5terbetalas upp till fyra n\u00e4tters hyra.<\/p>\n<\/div><\/div><\/div><div class=\"pc\"><div class=\"pc--1\"><div class=\"wp-block-wrapper core--heading\">\n<h2 class=\"has-text-align-center wp-block-heading\">Klitm\u00f8ller, Danmark<\/h2>\n<\/div><\/div><\/div><div class=\"wp-block-wrapper acf--image-block\">\n<div class=\"pc bc--white \">\n    <div class=\"pc--1\">\n        <div class=\"gb-block block--gallery\">\n                                                                <div class=\"gallery--slides\">\n                                    \t\t\t\t\t\t<div class=\"gallery-slide\">\n\t\t\t\t\t\t\t<img loading=\"lazy\" decoding=\"async\" src=\"https:\/\/addaroom.dk\/wp-content\/uploads\/2021\/03\/IST_17-1239_1-1024x681.jpg\" alt=\"\" height=\"681\" width=\"1024\"\/>\n\t\t\t\t\t\t\t<div class=\"gallery--slide-caption\"><\/div>\n\t\t\t\t\t\t<\/div>\n                    \t\t\t\t\t\t<div class=\"gallery-slide\">\n\t\t\t\t\t\t\t<img loading=\"lazy\" decoding=\"async\" src=\"https:\/\/addaroom.dk\/wp-content\/uploads\/2021\/03\/IST_17-1239_201-1024x681.jpg\" alt=\"\" height=\"681\" width=\"1024\"\/>\n\t\t\t\t\t\t\t<div class=\"gallery--slide-caption\"><\/div>\n\t\t\t\t\t\t<\/div>\n                    \t\t\t\t\t\t<div class=\"gallery-slide\">\n\t\t\t\t\t\t\t<img loading=\"lazy\" decoding=\"async\" src=\"https:\/\/addaroom.dk\/wp-content\/uploads\/2021\/03\/IST_17-1239_202-1024x681.jpg\" alt=\"\" height=\"681\" width=\"1024\"\/>\n\t\t\t\t\t\t\t<div class=\"gallery--slide-caption\"><\/div>\n\t\t\t\t\t\t<\/div>\n                    \t\t\t\t\t\t<div class=\"gallery-slide\">\n\t\t\t\t\t\t\t<img loading=\"lazy\" decoding=\"async\" src=\"https:\/\/addaroom.dk\/wp-content\/uploads\/2021\/03\/IST_17-1239_203-1024x681.jpg\" alt=\"\" height=\"681\" width=\"1024\"\/>\n\t\t\t\t\t\t\t<div class=\"gallery--slide-caption\"><\/div>\n\t\t\t\t\t\t<\/div>\n                    \t\t\t\t\t\t<div class=\"gallery-slide\">\n\t\t\t\t\t\t\t<img loading=\"lazy\" decoding=\"async\" src=\"https:\/\/addaroom.dk\/wp-content\/uploads\/2021\/03\/IST_17-1239_204-1-1024x681.jpg\" alt=\"\" height=\"681\" width=\"1024\"\/>\n\t\t\t\t\t\t\t<div class=\"gallery--slide-caption\"><\/div>\n\t\t\t\t\t\t<\/div>\n                    \t\t\t\t\t\t<div class=\"gallery-slide\">\n\t\t\t\t\t\t\t<img loading=\"lazy\" decoding=\"async\" src=\"https:\/\/addaroom.dk\/wp-content\/uploads\/2021\/03\/IST_17-1239_205-1024x681.jpg\" alt=\"\" height=\"681\" width=\"1024\"\/>\n\t\t\t\t\t\t\t<div class=\"gallery--slide-caption\"><\/div>\n\t\t\t\t\t\t<\/div>\n                    \t\t\t\t\t\t<div class=\"gallery-slide\">\n\t\t\t\t\t\t\t<img loading=\"lazy\" decoding=\"async\" src=\"https:\/\/addaroom.dk\/wp-content\/uploads\/2021\/03\/IST_17-1239_206-1024x681.jpg\" alt=\"\" height=\"681\" width=\"1024\"\/>\n\t\t\t\t\t\t\t<div class=\"gallery--slide-caption\"><\/div>\n\t\t\t\t\t\t<\/div>\n                    \t\t\t\t\t\t<div class=\"gallery-slide\">\n\t\t\t\t\t\t\t<img loading=\"lazy\" decoding=\"async\" src=\"https:\/\/addaroom.dk\/wp-content\/uploads\/2021\/03\/IST_17-1239_207-1-1024x681.jpg\" alt=\"\" height=\"681\" width=\"1024\"\/>\n\t\t\t\t\t\t\t<div class=\"gallery--slide-caption\"><\/div>\n\t\t\t\t\t\t<\/div>\n                    \t\t\t\t\t\t<div class=\"gallery-slide\">\n\t\t\t\t\t\t\t<img loading=\"lazy\" decoding=\"async\" src=\"https:\/\/addaroom.dk\/wp-content\/uploads\/2021\/03\/IST_17-1239_208-1024x681.jpg\" alt=\"\" height=\"681\" width=\"1024\"\/>\n\t\t\t\t\t\t\t<div class=\"gallery--slide-caption\"><\/div>\n\t\t\t\t\t\t<\/div>\n                    \t\t\t\t\t\t<div class=\"gallery-slide\">\n\t\t\t\t\t\t\t<img loading=\"lazy\" decoding=\"async\" src=\"https:\/\/addaroom.dk\/wp-content\/uploads\/2021\/03\/IST_17-1239_209-1024x681.jpg\" alt=\"\" height=\"681\" width=\"1024\"\/>\n\t\t\t\t\t\t\t<div class=\"gallery--slide-caption\"><\/div>\n\t\t\t\t\t\t<\/div>\n                    \t\t\t\t\t\t<div class=\"gallery-slide\">\n\t\t\t\t\t\t\t<img loading=\"lazy\" decoding=\"async\" src=\"https:\/\/addaroom.dk\/wp-content\/uploads\/2021\/03\/IST_17-1239_210-1024x681.jpg\" alt=\"\" height=\"681\" width=\"1024\"\/>\n\t\t\t\t\t\t\t<div class=\"gallery--slide-caption\"><\/div>\n\t\t\t\t\t\t<\/div>\n                    \t\t\t\t\t\t<div class=\"gallery-slide\">\n\t\t\t\t\t\t\t<img loading=\"lazy\" decoding=\"async\" src=\"https:\/\/addaroom.dk\/wp-content\/uploads\/2021\/03\/IST_17-1239_214-1024x681.jpg\" alt=\"\" height=\"681\" width=\"1024\"\/>\n\t\t\t\t\t\t\t<div class=\"gallery--slide-caption\"><\/div>\n\t\t\t\t\t\t<\/div>\n                    \t\t\t\t\t\t<div class=\"gallery-slide\">\n\t\t\t\t\t\t\t<img loading=\"lazy\" decoding=\"async\" src=\"https:\/\/addaroom.dk\/wp-content\/uploads\/2021\/03\/IST_17-1239_215-1024x681.jpg\" alt=\"\" height=\"681\" width=\"1024\"\/>\n\t\t\t\t\t\t\t<div class=\"gallery--slide-caption\"><\/div>\n\t\t\t\t\t\t<\/div>\n                    \t\t\t\t\t\t<div class=\"gallery-slide\">\n\t\t\t\t\t\t\t<img loading=\"lazy\" decoding=\"async\" src=\"https:\/\/addaroom.dk\/wp-content\/uploads\/2021\/03\/IST_17-1239_211-2-1024x681.jpg\" alt=\"\" height=\"681\" width=\"1024\"\/>\n\t\t\t\t\t\t\t<div class=\"gallery--slide-caption\"><\/div>\n\t\t\t\t\t\t<\/div>\n                                    <\/div>\n                    <\/div>\n    <\/div>\n<\/div><\/div><div class=\"pc\"><div class=\"pc--1\"><div class=\"wp-block-wrapper core--paragraph\">\n<p>I hj\u00e4rtat av surfmeckat Klitm\u00f8ller, finns m\u00f6jligheten att hyra ett 60 kvadratmeter stort Add a Room fritidshus. Omgivningen \u00e4r perfekt l\u00e4mpad f\u00f6r en fartfylld semester, samtidigt som du provbor ett Add a Room. <\/p>\n<\/div><\/div><\/div><div class=\"pc\"><div class=\"pc--1\"><div class=\"wp-block-wrapper core--paragraph\">\n<p><a class=\"button\" href=\"https:\/\/www.sologstrand.dk\/hus\/17-1239\">Boka<\/a><\/p>\n<\/div><\/div><\/div><div class=\"pc\"><div class=\"pc--1\"><div class=\"wp-block-wrapper core--heading\">\n<h2 class=\"has-text-align-center wp-block-heading\">Tyres\u00f6, Sverige<\/h2>\n<\/div><\/div><\/div><div class=\"wp-block-wrapper acf--image-block\">\n<div class=\"pc bc--white \">\n    <div class=\"pc--1\">\n        <div class=\"gb-block block--gallery\">\n                                                                <div class=\"gallery--slides\">\n                                    \t\t\t\t\t\t<div class=\"gallery-slide\">\n\t\t\t\t\t\t\t<img loading=\"lazy\" decoding=\"async\" src=\"https:\/\/addaroom.dk\/wp-content\/uploads\/2021\/03\/DSC_0062-1-1024x680.jpg\" alt=\"\" height=\"680\" width=\"1024\"\/>\n\t\t\t\t\t\t\t<div class=\"gallery--slide-caption\"><\/div>\n\t\t\t\t\t\t<\/div>\n                    \t\t\t\t\t\t<div class=\"gallery-slide\">\n\t\t\t\t\t\t\t<img loading=\"lazy\" decoding=\"async\" src=\"https:\/\/addaroom.dk\/wp-content\/uploads\/2021\/03\/DSC_0063-1-1024x680.jpg\" alt=\"\" height=\"680\" width=\"1024\"\/>\n\t\t\t\t\t\t\t<div class=\"gallery--slide-caption\"><\/div>\n\t\t\t\t\t\t<\/div>\n                    \t\t\t\t\t\t<div class=\"gallery-slide\">\n\t\t\t\t\t\t\t<img loading=\"lazy\" decoding=\"async\" src=\"https:\/\/addaroom.dk\/wp-content\/uploads\/2021\/03\/DSC_0004-2-1024x680.jpg\" alt=\"\" height=\"680\" width=\"1024\"\/>\n\t\t\t\t\t\t\t<div class=\"gallery--slide-caption\"><\/div>\n\t\t\t\t\t\t<\/div>\n                                    <\/div>\n                    <\/div>\n    <\/div>\n<\/div><\/div><div class=\"pc\"><div class=\"pc--1\"><div class=\"wp-block-wrapper core--paragraph\">\n<p>Endast 30 minuter fr\u00e5n Stockholm erbjuder vi dig att provbo v\u00e5rt visningshus p\u00e5 25 kvadratmeter. Huset \u00e4r perfekt f\u00f6r personen\/paret som \u00e4r nyfikna p\u00e5 hur det k\u00e4nns att bo litet!<\/p>\n<\/div><\/div><\/div><div class=\"pc\"><div class=\"pc--1\"><div class=\"wp-block-wrapper core--paragraph\">\n<p><a class=\"button\" href=\"https:\/\/www.airbnb.se\/rooms\/16134073?s=67&amp;unique_share_id=1a7a7412-c601-4c02-9899-bbd8e62daf2d\">Boka<\/a><\/p>\n<\/div><\/div><\/div>","protected":false},"excerpt":{"rendered":"<p>Flytta in f\u00f6r en komplett uppfattning av v\u00e5ra hus F\u00f6r att verkligen f\u00e5 en uppfattning hur ditt framtida hem fr\u00e5n Add a Room kommer k\u00e4nnas, har vi tagit fram m\u00f6jligheten att provbo ett Add a Room. Genom att spendera ett par n\u00e4tter i ett av v\u00e5ra hus, f\u00e5r du en betydande uppfattning av de olika &hellip; <a href=\"https:\/\/addaroom.dk\/sv\/hyr-ett-add-a-room\/\">Continued<\/a><\/p>\n","protected":false},"author":1,"featured_media":0,"parent":0,"menu_order":0,"comment_status":"closed","ping_status":"closed","template":"","meta":{"_acf_changed":false,"footnotes":""},"class_list":["post-9179","page","type-page","status-publish","hentry"],"acf":[],"yoast_head":"<!-- This site is optimized with the Yoast SEO plugin v27.5 - https:\/\/yoast.com\/product\/yoast-seo-wordpress\/ -->\n<title>Hyr ett Add a Room - Add a Room<\/title>\n<meta name=\"robots\" content=\"index, follow, max-snippet:-1, max-image-preview:large, max-video-preview:-1\" \/>\n<link rel=\"canonical\" href=\"https:\/\/addaroom.dk\/sv\/hyr-ett-add-a-room\/\" \/>\n<meta name=\"twitter:label1\" content=\"Ber\u00e4knad l\u00e4stid\" \/>\n\t<meta name=\"twitter:data1\" content=\"1 minut\" \/>\n<script type=\"application\/ld+json\" class=\"yoast-schema-graph\">{\"@context\":\"https:\\\/\\\/schema.org\",\"@graph\":[{\"@type\":\"WebPage\",\"@id\":\"https:\\\/\\\/addaroom.dk\\\/sv\\\/hyr-ett-add-a-room\\\/\",\"url\":\"https:\\\/\\\/addaroom.dk\\\/sv\\\/hyr-ett-add-a-room\\\/\",\"name\":\"Hyr ett Add a Room - Add a Room\",\"isPartOf\":{\"@id\":\"https:\\\/\\\/addaroom.dk\\\/en\\\/#website\"},\"datePublished\":\"2021-02-13T13:19:56+00:00\",\"dateModified\":\"2021-06-21T11:16:39+00:00\",\"breadcrumb\":{\"@id\":\"https:\\\/\\\/addaroom.dk\\\/sv\\\/hyr-ett-add-a-room\\\/#breadcrumb\"},\"inLanguage\":\"sv-SE\",\"potentialAction\":[{\"@type\":\"ReadAction\",\"target\":[\"https:\\\/\\\/addaroom.dk\\\/sv\\\/hyr-ett-add-a-room\\\/\"]}]},{\"@type\":\"BreadcrumbList\",\"@id\":\"https:\\\/\\\/addaroom.dk\\\/sv\\\/hyr-ett-add-a-room\\\/#breadcrumb\",\"itemListElement\":[{\"@type\":\"ListItem\",\"position\":1,\"name\":\"Hem\",\"item\":\"https:\\\/\\\/addaroom.dk\\\/sv\\\/\"},{\"@type\":\"ListItem\",\"position\":2,\"name\":\"Hyr ett Add a Room\"}]},{\"@type\":\"WebSite\",\"@id\":\"https:\\\/\\\/addaroom.dk\\\/en\\\/#website\",\"url\":\"https:\\\/\\\/addaroom.dk\\\/en\\\/\",\"name\":\"Add a Room\",\"description\":\"Small houses with big possibilities\",\"publisher\":{\"@id\":\"https:\\\/\\\/addaroom.dk\\\/en\\\/#organization\"},\"potentialAction\":[{\"@type\":\"SearchAction\",\"target\":{\"@type\":\"EntryPoint\",\"urlTemplate\":\"https:\\\/\\\/addaroom.dk\\\/en\\\/?s={search_term_string}\"},\"query-input\":{\"@type\":\"PropertyValueSpecification\",\"valueRequired\":true,\"valueName\":\"search_term_string\"}}],\"inLanguage\":\"sv-SE\"},{\"@type\":\"Organization\",\"@id\":\"https:\\\/\\\/addaroom.dk\\\/en\\\/#organization\",\"name\":\"Add a Room\",\"url\":\"https:\\\/\\\/addaroom.dk\\\/en\\\/\",\"logo\":{\"@type\":\"ImageObject\",\"inLanguage\":\"sv-SE\",\"@id\":\"https:\\\/\\\/addaroom.dk\\\/en\\\/#\\\/schema\\\/logo\\\/image\\\/\",\"url\":\"https:\\\/\\\/addaroom.dk\\\/wp-content\\\/uploads\\\/2025\\\/09\\\/Screenshot-2025-09-18-122421.png\",\"contentUrl\":\"https:\\\/\\\/addaroom.dk\\\/wp-content\\\/uploads\\\/2025\\\/09\\\/Screenshot-2025-09-18-122421.png\",\"width\":263,\"height\":80,\"caption\":\"Add a Room\"},\"image\":{\"@id\":\"https:\\\/\\\/addaroom.dk\\\/en\\\/#\\\/schema\\\/logo\\\/image\\\/\"},\"sameAs\":[\"https:\\\/\\\/www.facebook.com\\\/share\\\/1EZnEZVh7L\\\/?mibextid=wwXIfr\",\"https:\\\/\\\/www.instagram.com\\\/add_a_room?igsh=MWo2cHNwN3dmNGR1eA&utm_source=qr\"]}]}<\/script>\n<!-- \/ Yoast SEO plugin. -->","yoast_head_json":{"title":"Hyr ett Add a Room - Add a Room","robots":{"index":"index","follow":"follow","max-snippet":"max-snippet:-1","max-image-preview":"max-image-preview:large","max-video-preview":"max-video-preview:-1"},"canonical":"https:\/\/addaroom.dk\/sv\/hyr-ett-add-a-room\/","twitter_misc":{"Ber\u00e4knad l\u00e4stid":"1 minut"},"schema":{"@context":"https:\/\/schema.org","@graph":[{"@type":"WebPage","@id":"https:\/\/addaroom.dk\/sv\/hyr-ett-add-a-room\/","url":"https:\/\/addaroom.dk\/sv\/hyr-ett-add-a-room\/","name":"Hyr ett Add a Room - Add a Room","isPartOf":{"@id":"https:\/\/addaroom.dk\/en\/#website"},"datePublished":"2021-02-13T13:19:56+00:00","dateModified":"2021-06-21T11:16:39+00:00","breadcrumb":{"@id":"https:\/\/addaroom.dk\/sv\/hyr-ett-add-a-room\/#breadcrumb"},"inLanguage":"sv-SE","potentialAction":[{"@type":"ReadAction","target":["https:\/\/addaroom.dk\/sv\/hyr-ett-add-a-room\/"]}]},{"@type":"BreadcrumbList","@id":"https:\/\/addaroom.dk\/sv\/hyr-ett-add-a-room\/#breadcrumb","itemListElement":[{"@type":"ListItem","position":1,"name":"Hem","item":"https:\/\/addaroom.dk\/sv\/"},{"@type":"ListItem","position":2,"name":"Hyr ett Add a Room"}]},{"@type":"WebSite","@id":"https:\/\/addaroom.dk\/en\/#website","url":"https:\/\/addaroom.dk\/en\/","name":"Add a Room","description":"Small houses with big possibilities","publisher":{"@id":"https:\/\/addaroom.dk\/en\/#organization"},"potentialAction":[{"@type":"SearchAction","target":{"@type":"EntryPoint","urlTemplate":"https:\/\/addaroom.dk\/en\/?s={search_term_string}"},"query-input":{"@type":"PropertyValueSpecification","valueRequired":true,"valueName":"search_term_string"}}],"inLanguage":"sv-SE"},{"@type":"Organization","@id":"https:\/\/addaroom.dk\/en\/#organization","name":"Add a Room","url":"https:\/\/addaroom.dk\/en\/","logo":{"@type":"ImageObject","inLanguage":"sv-SE","@id":"https:\/\/addaroom.dk\/en\/#\/schema\/logo\/image\/","url":"https:\/\/addaroom.dk\/wp-content\/uploads\/2025\/09\/Screenshot-2025-09-18-122421.png","contentUrl":"https:\/\/addaroom.dk\/wp-content\/uploads\/2025\/09\/Screenshot-2025-09-18-122421.png","width":263,"height":80,"caption":"Add a Room"},"image":{"@id":"https:\/\/addaroom.dk\/en\/#\/schema\/logo\/image\/"},"sameAs":["https:\/\/www.facebook.com\/share\/1EZnEZVh7L\/?mibextid=wwXIfr","https:\/\/www.instagram.com\/add_a_room?igsh=MWo2cHNwN3dmNGR1eA&utm_source=qr"]}]}},"_links":{"self":[{"href":"https:\/\/addaroom.dk\/sv\/wp-json\/wp\/v2\/pages\/9179","targetHints":{"allow":["GET"]}}],"collection":[{"href":"https:\/\/addaroom.dk\/sv\/wp-json\/wp\/v2\/pages"}],"about":[{"href":"https:\/\/addaroom.dk\/sv\/wp-json\/wp\/v2\/types\/page"}],"author":[{"embeddable":true,"href":"https:\/\/addaroom.dk\/sv\/wp-json\/wp\/v2\/users\/1"}],"replies":[{"embeddable":true,"href":"https:\/\/addaroom.dk\/sv\/wp-json\/wp\/v2\/comments?post=9179"}],"version-history":[{"count":0,"href":"https:\/\/addaroom.dk\/sv\/wp-json\/wp\/v2\/pages\/9179\/revisions"}],"wp:attachment":[{"href":"https:\/\/addaroom.dk\/sv\/wp-json\/wp\/v2\/media?parent=9179"}],"curies":[{"name":"wp","href":"https:\/\/api.w.org\/{rel}","templated":true}]}}