{"id":16936,"date":"2023-03-31T07:24:31","date_gmt":"2023-03-31T07:24:31","guid":{"rendered":"https:\/\/addaroom.dk\/ar-models\/"},"modified":"2024-08-30T10:00:33","modified_gmt":"2024-08-30T10:00:33","slug":"ar-models","status":"publish","type":"page","link":"https:\/\/addaroom.dk\/sv\/ar-models\/","title":{"rendered":"AR Models"},"content":{"rendered":"<div class=\"pc\"><div class=\"pc--1\"><div class=\"wp-block-wrapper core--heading\">\n<h2 class=\"wp-block-heading\">Se huset i din egen tr\u00e4dg\u00e5rd!<\/h2>\n<\/div><\/div><\/div><div class=\"wp-block-wrapper acf--content-block\">\n<div class=\"pc bc--white \">\n    <div class=\"pc--1\">\n        <div class=\"gb-block block--content pull-right\">\n            <div class=\"block--content-text-wrapper\">\n                <div class=\"block--content-text\">\n                    <p>Vi har nu gjort det m\u00f6jligt f\u00f6r dig att testa att s\u00e4tta upp v\u00e5r Addaroom-modul p\u00e5 din egen tomt med hj\u00e4lp av mobiltelefon eller iPad. Vi har skapat tre olika AR-modeller (augmented reality) f\u00f6r v\u00e5ra modulhus: 20 m2, 25 m2 och 30 m2, s\u00e5 att du kan f\u00e5 en k\u00e4nsla av hur mycket plats modulen tar upp och hur stor den \u00e4r p\u00e5 tomten.<\/p>\n<p>Det smarta \u00e4r att du ocks\u00e5 kan &#8221;g\u00e5 in&#8221; i huset och se din egen ( tr\u00e4dg\u00e5rd) genom f\u00f6nstren (dvs via din mobiltelefon eller iPad). Allt du beh\u00f6ver g\u00f6ra \u00e4r att ladda ner filerna till din iPhone eller iPad (fungerar b\u00e4st p\u00e5 Apple-produkter).<\/p>\n<p><strong>G\u00f6r s\u00e5 h\u00e4r:<\/strong><\/p>\n<p>Ladda ner filerna p\u00e5 din iPhone eller iPad<\/p>\n<ul style=\"list-style-type: disc; padding-left: 20px; margin-bottom: 30px;\">\n<li style=\"margin-bottom: 10px;\"><a href=\"\/wp-content\/themes\/add_a_room\/3d-models\/Addaroom_A_15_20m2.usdz\" target=\"_blank\" rel=\"noopener\">Addaroom_A_15_20m2.usdz<\/a><\/li>\n<li style=\"margin-bottom: 10px;\"><a href=\"\/wp-content\/themes\/add_a_room\/3d-models\/Addaroom_A_15_25m2.usdz\" target=\"_blank\" rel=\"noopener\">Addaroom_A_15_25m2.usdz<\/a><\/li>\n<li style=\"margin-bottom: 10px;\"><a href=\"\/wp-content\/themes\/add_a_room\/3d-models\/Addaroom_A_15_30m2.usdz\" target=\"_blank\" rel=\"noopener\">Addaroom_A_15_30m2.usdz<\/a><\/li>\n<\/ul>\n<ol style=\"list-style-type: auto; padding-left: 20px; margin-bottom: 30px;\">\n<li style=\"margin-bottom: 10px;\">\u00d6ppna en av filerna<\/li>\n<li style=\"margin-bottom: 10px;\">St\u00e5 d\u00e4r du vill placera modulen p\u00e5 din tomt (ibland beh\u00f6ver du flytta mobilen eller surfplattan lite f\u00f6r att den ska hitta en j\u00e4mn plats att placera AR-modellen p\u00e5)<\/li>\n<li style=\"margin-bottom: 10px;\">N\u00e4r modulen \u00e4r placerad kan du rotera och dra runt modulen tills den \u00e4r korrekt placerad. Se till att dra den upp\u00e5t eller ned\u00e5t till 100 % f\u00f6r att f\u00e5 r\u00e4tt bildf\u00f6rh\u00e5llande.<\/li>\n<li style=\"margin-bottom: 10px;\">Alla de tre filerna har olika layout, s\u00e5 det kan vara en god id\u00e9 att testa att placera dem lite olika s\u00e5 att du kan se de olika layout f\u00f6rslagen eller om tex placeringen av f\u00f6nstren i n\u00e5gra av de andra modulstorlekarna passar in p\u00e5 din tomt b\u00e4ttre etc.<\/li>\n<\/ol>\n<p><em>Obs: Det h\u00e4r \u00e4r en betaversion men som kan ge dig en god uppfattning om de olika husen och l\u00f6sningarna, och framf\u00f6r allt m\u00f6jligheten att se huset i din egen tr\u00e4dg\u00e5rd. Trevlig upplevelse!<\/em><\/p>\n                <\/div>\n            <\/div>\n            <div class=\"block--content-image\">\n                                    <img loading=\"lazy\" decoding=\"async\" src=\"https:\/\/addaroom.dk\/wp-content\/uploads\/2023\/03\/ar-30-trimmed-b.jpg\" alt=\"\" height=\"388\" width=\"656\"\/>\n                            <\/div>\n        <\/div>\n    <\/div>\n<\/div><\/div><div class=\"wp-block-wrapper acf--content-block\">\n<div class=\"pc bc--white \">\n    <div class=\"pc--1\">\n        <div class=\"gb-block block--content pull-right\">\n            <div class=\"block--content-text-wrapper\">\n                <div class=\"block--content-text\">\n                    <p><strong>Apple Quick Look<\/strong><\/p>\n<p>Om du anv\u00e4nder en Apple-mobilenhet kan du snabbt se modellerna i 3D eller VR genom att anv\u00e4nda <a href=\"https:\/\/developer.apple.com\/augmented-reality\/quick-look\/\" target=\"_blank\" rel=\"noopener\">Quick Look<\/a>. Klicka bara p\u00e5 bilderna nedan:<\/p>\n                <\/div>\n            <\/div>\n            <div class=\"block--content-image\">\n                            <\/div>\n        <\/div>\n    <\/div>\n<\/div><\/div><div class=\"pc\"><div class=\"pc--1\"><div class=\"wp-block-wrapper core--html\">\n<div style=\"display: flex; gap: 10px;\">\n<div>\n    <a rel=\"ar\" href=\"\/wp-content\/themes\/add_a_room\/3d-models\/Addaroom_A_15_20m2.usdz\">\n        <img decoding=\"async\" src=\"https:\/\/addaroom.dk\/wp-content\/uploads\/2023\/03\/ar-20.jpg\">\n    <\/a>\n<\/div>\n<div>\n    <a rel=\"ar\" href=\"\/wp-content\/themes\/add_a_room\/3d-models\/Addaroom_A_15_25m2.usdz\">\n        <img decoding=\"async\" src=\"https:\/\/addaroom.dk\/wp-content\/uploads\/2023\/03\/ar-25.jpg\">\n    <\/a>\n<\/div>\n<div>\n    <a rel=\"ar\" href=\"\/wp-content\/themes\/add_a_room\/3d-models\/Addaroom_A_15_30m2.usdz\">\n        <img decoding=\"async\" src=\"https:\/\/addaroom.dk\/wp-content\/uploads\/2023\/03\/ar-30.jpg\">\n    <\/a>\n<\/div>\n<\/div>\n<\/div><\/div><\/div><div class=\"pc\"><div class=\"pc--1\"><div class=\"wp-block-wrapper core--spacer\">\n<div style=\"height:100px\" aria-hidden=\"true\" class=\"wp-block-spacer\"><\/div>\n<\/div><\/div><\/div>","protected":false},"excerpt":{"rendered":"<p>Se huset i din egen tr\u00e4dg\u00e5rd!<\/p>\n","protected":false},"author":1,"featured_media":0,"parent":0,"menu_order":0,"comment_status":"closed","ping_status":"closed","template":"","meta":{"_acf_changed":true,"footnotes":""},"class_list":["post-16936","page","type-page","status-publish","hentry"],"acf":[],"yoast_head":"<!-- This site is optimized with the Yoast SEO plugin v27.5 - https:\/\/yoast.com\/product\/yoast-seo-wordpress\/ -->\n<title>AR Models - Add a Room<\/title>\n<meta name=\"robots\" content=\"index, follow, max-snippet:-1, max-image-preview:large, max-video-preview:-1\" \/>\n<link rel=\"canonical\" href=\"https:\/\/addaroom.dk\/sv\/ar-models\/\" \/>\n<meta name=\"twitter:label1\" content=\"Ber\u00e4knad l\u00e4stid\" \/>\n\t<meta name=\"twitter:data1\" content=\"3 minuter\" \/>\n<script type=\"application\/ld+json\" class=\"yoast-schema-graph\">{\"@context\":\"https:\\\/\\\/schema.org\",\"@graph\":[{\"@type\":\"WebPage\",\"@id\":\"https:\\\/\\\/addaroom.dk\\\/sv\\\/ar-models\\\/\",\"url\":\"https:\\\/\\\/addaroom.dk\\\/sv\\\/ar-models\\\/\",\"name\":\"AR Models - Add a Room\",\"isPartOf\":{\"@id\":\"https:\\\/\\\/addaroom.dk\\\/en\\\/#website\"},\"primaryImageOfPage\":{\"@id\":\"https:\\\/\\\/addaroom.dk\\\/sv\\\/ar-models\\\/#primaryimage\"},\"image\":{\"@id\":\"https:\\\/\\\/addaroom.dk\\\/sv\\\/ar-models\\\/#primaryimage\"},\"thumbnailUrl\":\"https:\\\/\\\/addaroom.dk\\\/wp-content\\\/uploads\\\/2023\\\/03\\\/ar-20.jpg\",\"datePublished\":\"2023-03-31T07:24:31+00:00\",\"dateModified\":\"2024-08-30T10:00:33+00:00\",\"breadcrumb\":{\"@id\":\"https:\\\/\\\/addaroom.dk\\\/sv\\\/ar-models\\\/#breadcrumb\"},\"inLanguage\":\"sv-SE\",\"potentialAction\":[{\"@type\":\"ReadAction\",\"target\":[\"https:\\\/\\\/addaroom.dk\\\/sv\\\/ar-models\\\/\"]}]},{\"@type\":\"ImageObject\",\"inLanguage\":\"sv-SE\",\"@id\":\"https:\\\/\\\/addaroom.dk\\\/sv\\\/ar-models\\\/#primaryimage\",\"url\":\"https:\\\/\\\/addaroom.dk\\\/wp-content\\\/uploads\\\/2023\\\/03\\\/ar-20.jpg\",\"contentUrl\":\"https:\\\/\\\/addaroom.dk\\\/wp-content\\\/uploads\\\/2023\\\/03\\\/ar-20.jpg\"},{\"@type\":\"BreadcrumbList\",\"@id\":\"https:\\\/\\\/addaroom.dk\\\/sv\\\/ar-models\\\/#breadcrumb\",\"itemListElement\":[{\"@type\":\"ListItem\",\"position\":1,\"name\":\"Hem\",\"item\":\"https:\\\/\\\/addaroom.dk\\\/sv\\\/\"},{\"@type\":\"ListItem\",\"position\":2,\"name\":\"AR Models\"}]},{\"@type\":\"WebSite\",\"@id\":\"https:\\\/\\\/addaroom.dk\\\/en\\\/#website\",\"url\":\"https:\\\/\\\/addaroom.dk\\\/en\\\/\",\"name\":\"Add a Room\",\"description\":\"Small houses with big possibilities\",\"publisher\":{\"@id\":\"https:\\\/\\\/addaroom.dk\\\/en\\\/#organization\"},\"potentialAction\":[{\"@type\":\"SearchAction\",\"target\":{\"@type\":\"EntryPoint\",\"urlTemplate\":\"https:\\\/\\\/addaroom.dk\\\/en\\\/?s={search_term_string}\"},\"query-input\":{\"@type\":\"PropertyValueSpecification\",\"valueRequired\":true,\"valueName\":\"search_term_string\"}}],\"inLanguage\":\"sv-SE\"},{\"@type\":\"Organization\",\"@id\":\"https:\\\/\\\/addaroom.dk\\\/en\\\/#organization\",\"name\":\"Add a Room\",\"url\":\"https:\\\/\\\/addaroom.dk\\\/en\\\/\",\"logo\":{\"@type\":\"ImageObject\",\"inLanguage\":\"sv-SE\",\"@id\":\"https:\\\/\\\/addaroom.dk\\\/en\\\/#\\\/schema\\\/logo\\\/image\\\/\",\"url\":\"https:\\\/\\\/addaroom.dk\\\/wp-content\\\/uploads\\\/2025\\\/09\\\/Screenshot-2025-09-18-122421.png\",\"contentUrl\":\"https:\\\/\\\/addaroom.dk\\\/wp-content\\\/uploads\\\/2025\\\/09\\\/Screenshot-2025-09-18-122421.png\",\"width\":263,\"height\":80,\"caption\":\"Add a Room\"},\"image\":{\"@id\":\"https:\\\/\\\/addaroom.dk\\\/en\\\/#\\\/schema\\\/logo\\\/image\\\/\"},\"sameAs\":[\"https:\\\/\\\/www.facebook.com\\\/share\\\/1EZnEZVh7L\\\/?mibextid=wwXIfr\",\"https:\\\/\\\/www.instagram.com\\\/add_a_room?igsh=MWo2cHNwN3dmNGR1eA&utm_source=qr\"]}]}<\/script>\n<!-- \/ Yoast SEO plugin. -->","yoast_head_json":{"title":"AR Models - Add a Room","robots":{"index":"index","follow":"follow","max-snippet":"max-snippet:-1","max-image-preview":"max-image-preview:large","max-video-preview":"max-video-preview:-1"},"canonical":"https:\/\/addaroom.dk\/sv\/ar-models\/","twitter_misc":{"Ber\u00e4knad l\u00e4stid":"3 minuter"},"schema":{"@context":"https:\/\/schema.org","@graph":[{"@type":"WebPage","@id":"https:\/\/addaroom.dk\/sv\/ar-models\/","url":"https:\/\/addaroom.dk\/sv\/ar-models\/","name":"AR Models - Add a Room","isPartOf":{"@id":"https:\/\/addaroom.dk\/en\/#website"},"primaryImageOfPage":{"@id":"https:\/\/addaroom.dk\/sv\/ar-models\/#primaryimage"},"image":{"@id":"https:\/\/addaroom.dk\/sv\/ar-models\/#primaryimage"},"thumbnailUrl":"https:\/\/addaroom.dk\/wp-content\/uploads\/2023\/03\/ar-20.jpg","datePublished":"2023-03-31T07:24:31+00:00","dateModified":"2024-08-30T10:00:33+00:00","breadcrumb":{"@id":"https:\/\/addaroom.dk\/sv\/ar-models\/#breadcrumb"},"inLanguage":"sv-SE","potentialAction":[{"@type":"ReadAction","target":["https:\/\/addaroom.dk\/sv\/ar-models\/"]}]},{"@type":"ImageObject","inLanguage":"sv-SE","@id":"https:\/\/addaroom.dk\/sv\/ar-models\/#primaryimage","url":"https:\/\/addaroom.dk\/wp-content\/uploads\/2023\/03\/ar-20.jpg","contentUrl":"https:\/\/addaroom.dk\/wp-content\/uploads\/2023\/03\/ar-20.jpg"},{"@type":"BreadcrumbList","@id":"https:\/\/addaroom.dk\/sv\/ar-models\/#breadcrumb","itemListElement":[{"@type":"ListItem","position":1,"name":"Hem","item":"https:\/\/addaroom.dk\/sv\/"},{"@type":"ListItem","position":2,"name":"AR Models"}]},{"@type":"WebSite","@id":"https:\/\/addaroom.dk\/en\/#website","url":"https:\/\/addaroom.dk\/en\/","name":"Add a Room","description":"Small houses with big possibilities","publisher":{"@id":"https:\/\/addaroom.dk\/en\/#organization"},"potentialAction":[{"@type":"SearchAction","target":{"@type":"EntryPoint","urlTemplate":"https:\/\/addaroom.dk\/en\/?s={search_term_string}"},"query-input":{"@type":"PropertyValueSpecification","valueRequired":true,"valueName":"search_term_string"}}],"inLanguage":"sv-SE"},{"@type":"Organization","@id":"https:\/\/addaroom.dk\/en\/#organization","name":"Add a Room","url":"https:\/\/addaroom.dk\/en\/","logo":{"@type":"ImageObject","inLanguage":"sv-SE","@id":"https:\/\/addaroom.dk\/en\/#\/schema\/logo\/image\/","url":"https:\/\/addaroom.dk\/wp-content\/uploads\/2025\/09\/Screenshot-2025-09-18-122421.png","contentUrl":"https:\/\/addaroom.dk\/wp-content\/uploads\/2025\/09\/Screenshot-2025-09-18-122421.png","width":263,"height":80,"caption":"Add a Room"},"image":{"@id":"https:\/\/addaroom.dk\/en\/#\/schema\/logo\/image\/"},"sameAs":["https:\/\/www.facebook.com\/share\/1EZnEZVh7L\/?mibextid=wwXIfr","https:\/\/www.instagram.com\/add_a_room?igsh=MWo2cHNwN3dmNGR1eA&utm_source=qr"]}]}},"_links":{"self":[{"href":"https:\/\/addaroom.dk\/sv\/wp-json\/wp\/v2\/pages\/16936","targetHints":{"allow":["GET"]}}],"collection":[{"href":"https:\/\/addaroom.dk\/sv\/wp-json\/wp\/v2\/pages"}],"about":[{"href":"https:\/\/addaroom.dk\/sv\/wp-json\/wp\/v2\/types\/page"}],"author":[{"embeddable":true,"href":"https:\/\/addaroom.dk\/sv\/wp-json\/wp\/v2\/users\/1"}],"replies":[{"embeddable":true,"href":"https:\/\/addaroom.dk\/sv\/wp-json\/wp\/v2\/comments?post=16936"}],"version-history":[{"count":0,"href":"https:\/\/addaroom.dk\/sv\/wp-json\/wp\/v2\/pages\/16936\/revisions"}],"wp:attachment":[{"href":"https:\/\/addaroom.dk\/sv\/wp-json\/wp\/v2\/media?parent=16936"}],"curies":[{"name":"wp","href":"https:\/\/api.w.org\/{rel}","templated":true}]}}