{"id":14000,"date":"2021-04-10T05:23:46","date_gmt":"2021-04-10T05:23:46","guid":{"rendered":"https:\/\/addaroom.dk\/sustainability\/"},"modified":"2021-04-13T05:22:30","modified_gmt":"2021-04-13T05:22:30","slug":"hallbarhet","status":"publish","type":"page","link":"https:\/\/addaroom.dk\/sv\/hallbarhet\/","title":{"rendered":"H\u00e5llbarhet"},"content":{"rendered":"<div class=\"wp-block-wrapper acf--content-block\">\n<div class=\"pc bc--white \">\n    <div class=\"pc--1\">\n        <div class=\"gb-block block--content pull-right\">\n            <div class=\"block--content-text-wrapper\">\n                <div class=\"block--content-text\">\n                    <p>Allt b\u00f6rjade 2010. Vart skulle man v\u00e4nda sig f\u00f6r att hitta ett litet hus av h\u00f6g kvalitet, d\u00e4r fokus l\u00e5g p\u00e5 att anv\u00e4nda <strong>h\u00e5llbara material<\/strong> och f\u00e5 ut optimalt av kvadratmetrarna? Det saknades en typ av hus p\u00e5 marknaden.<\/p>\n<p>Som svar p\u00e5 fr\u00e5gan har vi tagit fram ett koncept, som ger dig m\u00f6jlighet att kombinera den klassiska, nordiska enkelheten, med h\u00e5llbara byggnadsmaterial och nya trender som compact och smart living.<\/p>\n<p>F\u00f6r oss str\u00e4cker sig ett h\u00e5llbart boende l\u00e4ngre \u00e4n de specifika komponenterna i huset. Genom att kombinera ett flexibelt sammankopplings-koncept, total mobilitet samt topparkitektur, uppn\u00e5s ett cirkul\u00e4rt boende d\u00e4r \u00f6verkonsumtion motverkas. Detta kallar vi en <strong>h\u00e5llbar livsstil.<\/strong><\/p>\n                <\/div>\n            <\/div>\n            <div class=\"block--content-image\">\n                                    <img loading=\"lazy\" decoding=\"async\" src=\"https:\/\/addaroom.dk\/wp-content\/uploads\/2016\/07\/ADD_A_ROOM_0006-1024x718.jpg\" alt=\"\" height=\"718\" width=\"1024\"\/>\n                            <\/div>\n        <\/div>\n    <\/div>\n<\/div><\/div><div class=\"wp-block-wrapper acf--post-type-block\">    <div class=\"pc bc--white \">\n        <div class=\"pc--1\">\n\t\t\t\t            <div class=\"gb-block block--post \">\n\n\t\t\t\t\t\t\t\t\t\t\t\t\t\t\t\n\t\t\t\t\t\t\t\t\t\t\t\t<div class=\"layout--horizontal\">\n\t\t\t\t\t\t\t\t\t\t\t\t\t\t\n\n<a href=\"https:\/\/addaroom.dk\/sv\/hallbarhet\/hallbar-livsstil\/\" target=\"_self\" class=\"card\">\n            <div class=\"card--image\">\n            <img loading=\"lazy\" decoding=\"async\" style=\"object-fit: cover\" src=\"https:\/\/addaroom.dk\/wp-content\/uploads\/2021\/03\/addaroom__Housedoctor_SMALLSPACES_9-1-compressed-1024x683.jpg\" alt=\"\" height=\"683\" width=\"1024\"\/>        <\/div>\n           \n    <div class=\"card--content\">\n        <div>\n            <div class=\"card--summary\">\n                <div class=\"card-heading--content\">\n                    <h3>H\u00e5llbar livsstil<\/h3><p class=\"p2\">Med den exponentiella f\u00f6r\u00e4ndringstakten i dagens v\u00e4rld, kombinerat med allvarliga klimatproblem, anser vi att det traditionella boendet \u00e4r on\u00f6digt statiskt.<\/p>\n<p class=\"p2\"><strong>Vi har utvecklat v\u00e5ra moduler s\u00e5 att de \u00e4r flytt- och sammankopplingsbara, f\u00f6r att kunna anpassas efter livsf\u00f6r\u00e4ndringar. Precis som allt annat i den moderna v\u00e4rlden.<\/strong><\/p>\n                 <\/div>\n                                     <div class=\"card--button\">\n                        <div class=\"button\">Visa<\/div>\n                    <\/div>\n                            <\/div>\n        <\/div>\n    <\/div>\n<\/a>\t\t\t\t\t\t<\/div>\n\t\t\t\t\t\t\t\t\t\t\t\n\t\t\t\t\t\t\t\t\t\t\t\t<div class=\"layout--horizontal\">\n\t\t\t\t\t\t\t\t\t\t\t\t\t\t\n\n<a href=\"https:\/\/addaroom.dk\/sv\/hallbarhet\/hallbara-materialval\/\" target=\"_self\" class=\"card\">\n            <div class=\"card--image\">\n            <img loading=\"lazy\" decoding=\"async\" style=\"object-fit: cover\" src=\"https:\/\/addaroom.dk\/wp-content\/uploads\/2016\/07\/bastu-210.jpg\" alt=\"\" height=\"398\" width=\"600\"\/>        <\/div>\n           \n    <div class=\"card--content\">\n        <div>\n            <div class=\"card--summary\">\n                <div class=\"card-heading--content\">\n                    <h3>H\u00e5llbara materialval<\/h3><p>Dagligen lanseras det nya, h\u00e5llbara alternativ till traditionella byggmaterial. Det g\u00f6r att man som husproducent aldrig kan luta sig tillbaka p\u00e5 gamla meriter.<\/p>\n<p><strong>L\u00e4s mer om hur vi utv\u00e4rderar v\u00e5ra leverant\u00f6rer.<\/strong><\/p>\n                 <\/div>\n                                     <div class=\"card--button\">\n                        <div class=\"button\">Visa<\/div>\n                    <\/div>\n                            <\/div>\n        <\/div>\n    <\/div>\n<\/a>\t\t\t\t\t\t<\/div>\n\t\t\t\t\t\t\t\t\t            <\/div>\n        <\/div>\n    <\/div>\n    <\/div>","protected":false},"excerpt":{"rendered":"","protected":false},"author":1,"featured_media":0,"parent":0,"menu_order":0,"comment_status":"closed","ping_status":"closed","template":"","meta":{"_acf_changed":false,"footnotes":""},"class_list":["post-14000","page","type-page","status-publish","hentry"],"acf":[],"yoast_head":"<!-- This site is optimized with the Yoast SEO plugin v27.4 - https:\/\/yoast.com\/product\/yoast-seo-wordpress\/ -->\n<title>H\u00e5llbarhet - Add a Room<\/title>\n<meta name=\"robots\" content=\"index, follow, max-snippet:-1, max-image-preview:large, max-video-preview:-1\" \/>\n<link rel=\"canonical\" href=\"https:\/\/addaroom.dk\/sv\/hallbarhet\/\" \/>\n<script type=\"application\/ld+json\" class=\"yoast-schema-graph\">{\"@context\":\"https:\\\/\\\/schema.org\",\"@graph\":[{\"@type\":\"WebPage\",\"@id\":\"https:\\\/\\\/addaroom.dk\\\/sv\\\/hallbarhet\\\/\",\"url\":\"https:\\\/\\\/addaroom.dk\\\/sv\\\/hallbarhet\\\/\",\"name\":\"H\u00e5llbarhet - Add a Room\",\"isPartOf\":{\"@id\":\"https:\\\/\\\/addaroom.dk\\\/en\\\/#website\"},\"datePublished\":\"2021-04-10T05:23:46+00:00\",\"dateModified\":\"2021-04-13T05:22:30+00:00\",\"breadcrumb\":{\"@id\":\"https:\\\/\\\/addaroom.dk\\\/sv\\\/hallbarhet\\\/#breadcrumb\"},\"inLanguage\":\"sv-SE\",\"potentialAction\":[{\"@type\":\"ReadAction\",\"target\":[\"https:\\\/\\\/addaroom.dk\\\/sv\\\/hallbarhet\\\/\"]}]},{\"@type\":\"BreadcrumbList\",\"@id\":\"https:\\\/\\\/addaroom.dk\\\/sv\\\/hallbarhet\\\/#breadcrumb\",\"itemListElement\":[{\"@type\":\"ListItem\",\"position\":1,\"name\":\"Hem\",\"item\":\"https:\\\/\\\/addaroom.dk\\\/sv\\\/\"},{\"@type\":\"ListItem\",\"position\":2,\"name\":\"H\u00e5llbarhet\"}]},{\"@type\":\"WebSite\",\"@id\":\"https:\\\/\\\/addaroom.dk\\\/en\\\/#website\",\"url\":\"https:\\\/\\\/addaroom.dk\\\/en\\\/\",\"name\":\"Add a Room\",\"description\":\"Small houses with big possibilities\",\"publisher\":{\"@id\":\"https:\\\/\\\/addaroom.dk\\\/en\\\/#organization\"},\"potentialAction\":[{\"@type\":\"SearchAction\",\"target\":{\"@type\":\"EntryPoint\",\"urlTemplate\":\"https:\\\/\\\/addaroom.dk\\\/en\\\/?s={search_term_string}\"},\"query-input\":{\"@type\":\"PropertyValueSpecification\",\"valueRequired\":true,\"valueName\":\"search_term_string\"}}],\"inLanguage\":\"sv-SE\"},{\"@type\":\"Organization\",\"@id\":\"https:\\\/\\\/addaroom.dk\\\/en\\\/#organization\",\"name\":\"Add a Room\",\"url\":\"https:\\\/\\\/addaroom.dk\\\/en\\\/\",\"logo\":{\"@type\":\"ImageObject\",\"inLanguage\":\"sv-SE\",\"@id\":\"https:\\\/\\\/addaroom.dk\\\/en\\\/#\\\/schema\\\/logo\\\/image\\\/\",\"url\":\"https:\\\/\\\/addaroom.dk\\\/wp-content\\\/uploads\\\/2025\\\/09\\\/Screenshot-2025-09-18-122421.png\",\"contentUrl\":\"https:\\\/\\\/addaroom.dk\\\/wp-content\\\/uploads\\\/2025\\\/09\\\/Screenshot-2025-09-18-122421.png\",\"width\":263,\"height\":80,\"caption\":\"Add a Room\"},\"image\":{\"@id\":\"https:\\\/\\\/addaroom.dk\\\/en\\\/#\\\/schema\\\/logo\\\/image\\\/\"},\"sameAs\":[\"https:\\\/\\\/www.facebook.com\\\/share\\\/1EZnEZVh7L\\\/?mibextid=wwXIfr\",\"https:\\\/\\\/www.instagram.com\\\/add_a_room?igsh=MWo2cHNwN3dmNGR1eA&utm_source=qr\"]}]}<\/script>\n<!-- \/ Yoast SEO plugin. -->","yoast_head_json":{"title":"H\u00e5llbarhet - Add a Room","robots":{"index":"index","follow":"follow","max-snippet":"max-snippet:-1","max-image-preview":"max-image-preview:large","max-video-preview":"max-video-preview:-1"},"canonical":"https:\/\/addaroom.dk\/sv\/hallbarhet\/","schema":{"@context":"https:\/\/schema.org","@graph":[{"@type":"WebPage","@id":"https:\/\/addaroom.dk\/sv\/hallbarhet\/","url":"https:\/\/addaroom.dk\/sv\/hallbarhet\/","name":"H\u00e5llbarhet - Add a Room","isPartOf":{"@id":"https:\/\/addaroom.dk\/en\/#website"},"datePublished":"2021-04-10T05:23:46+00:00","dateModified":"2021-04-13T05:22:30+00:00","breadcrumb":{"@id":"https:\/\/addaroom.dk\/sv\/hallbarhet\/#breadcrumb"},"inLanguage":"sv-SE","potentialAction":[{"@type":"ReadAction","target":["https:\/\/addaroom.dk\/sv\/hallbarhet\/"]}]},{"@type":"BreadcrumbList","@id":"https:\/\/addaroom.dk\/sv\/hallbarhet\/#breadcrumb","itemListElement":[{"@type":"ListItem","position":1,"name":"Hem","item":"https:\/\/addaroom.dk\/sv\/"},{"@type":"ListItem","position":2,"name":"H\u00e5llbarhet"}]},{"@type":"WebSite","@id":"https:\/\/addaroom.dk\/en\/#website","url":"https:\/\/addaroom.dk\/en\/","name":"Add a Room","description":"Small houses with big possibilities","publisher":{"@id":"https:\/\/addaroom.dk\/en\/#organization"},"potentialAction":[{"@type":"SearchAction","target":{"@type":"EntryPoint","urlTemplate":"https:\/\/addaroom.dk\/en\/?s={search_term_string}"},"query-input":{"@type":"PropertyValueSpecification","valueRequired":true,"valueName":"search_term_string"}}],"inLanguage":"sv-SE"},{"@type":"Organization","@id":"https:\/\/addaroom.dk\/en\/#organization","name":"Add a Room","url":"https:\/\/addaroom.dk\/en\/","logo":{"@type":"ImageObject","inLanguage":"sv-SE","@id":"https:\/\/addaroom.dk\/en\/#\/schema\/logo\/image\/","url":"https:\/\/addaroom.dk\/wp-content\/uploads\/2025\/09\/Screenshot-2025-09-18-122421.png","contentUrl":"https:\/\/addaroom.dk\/wp-content\/uploads\/2025\/09\/Screenshot-2025-09-18-122421.png","width":263,"height":80,"caption":"Add a Room"},"image":{"@id":"https:\/\/addaroom.dk\/en\/#\/schema\/logo\/image\/"},"sameAs":["https:\/\/www.facebook.com\/share\/1EZnEZVh7L\/?mibextid=wwXIfr","https:\/\/www.instagram.com\/add_a_room?igsh=MWo2cHNwN3dmNGR1eA&utm_source=qr"]}]}},"_links":{"self":[{"href":"https:\/\/addaroom.dk\/sv\/wp-json\/wp\/v2\/pages\/14000","targetHints":{"allow":["GET"]}}],"collection":[{"href":"https:\/\/addaroom.dk\/sv\/wp-json\/wp\/v2\/pages"}],"about":[{"href":"https:\/\/addaroom.dk\/sv\/wp-json\/wp\/v2\/types\/page"}],"author":[{"embeddable":true,"href":"https:\/\/addaroom.dk\/sv\/wp-json\/wp\/v2\/users\/1"}],"replies":[{"embeddable":true,"href":"https:\/\/addaroom.dk\/sv\/wp-json\/wp\/v2\/comments?post=14000"}],"version-history":[{"count":0,"href":"https:\/\/addaroom.dk\/sv\/wp-json\/wp\/v2\/pages\/14000\/revisions"}],"wp:attachment":[{"href":"https:\/\/addaroom.dk\/sv\/wp-json\/wp\/v2\/media?parent=14000"}],"curies":[{"name":"wp","href":"https:\/\/api.w.org\/{rel}","templated":true}]}}