{"id":11622,"date":"2021-02-20T07:30:15","date_gmt":"2021-02-20T07:30:15","guid":{"rendered":"https:\/\/addaroom.dk\/external-options\/"},"modified":"2021-03-16T13:23:20","modified_gmt":"2021-03-16T13:23:20","slug":"utvandiga-tillval","status":"publish","type":"page","link":"https:\/\/addaroom.dk\/sv\/vara-hus\/utvandiga-tillval\/","title":{"rendered":"Utv\u00e4ndiga tillval"},"content":{"rendered":"<div class=\"pc\"><div class=\"pc--1\"><div class=\"wp-block-wrapper core--heading\">\n<h2 class=\"wp-block-heading\">Sudda ut gr\u00e4nserna mellan ute och inne<\/h2>\n<\/div><\/div><\/div><div class=\"pc\"><div class=\"pc--1\"><div class=\"wp-block-wrapper core--paragraph\">\n<p>H\u00e4r kommer den riktiga lyxen! Add a Room kommer aldrig erbjuda fem meters takh\u00f6jd, spainspirerade badrum, eller 60 kvadratmeter stora k\u00f6k\u2026 D\u00e4remot kan vi garantera allt detta, f\u00f6r en br\u00e5kdel av priset, utomhus!<\/p>\n<\/div><\/div><\/div><div class=\"pc\"><div class=\"pc--1\"><div class=\"wp-block-wrapper core--paragraph\">\n<p> Synergin bakom Add a Room konceptet \u00e4r glasklar. F\u00f6nster med marknadens minsta karmar, veranda och golv i samma niv\u00e5, l\u00e5ga tr\u00f6sklar d\u00e4remellan, pergolas och utemoduler suddar totalt ut gr\u00e4nserna mellan ute och inne. Resultatet \u00e4r en o\u00e4ndlig takh\u00f6jd, rymliga k\u00f6k, och ett gigantiskt vardagsrum. V\u00e5ga flytta n\u00e4rmare naturen med v\u00e5ra utemoduler!<\/p>\n<\/div><\/div><\/div><div class=\"wp-block-wrapper acf--post-type-block\">    <div class=\"pc bc--white \">\n        <div class=\"pc--1\">\n\t\t\t\t            <div class=\"gb-block block--post disp--flex flex--cols just--arou\">\n\n\t\t\t\t\t\t\t\t\t\t\t\t\t\t\t\n\t\t\t\t\t\t\t\t\t\t\t\t<div class=\"layout--vertical flex--33 disp--flex\">\n\t\t\t\t\t\t\t\t\t\t\t\t\t\t\n\n<a href=\"https:\/\/addaroom.dk\/sv\/vara-hus\/utvandiga-tillval\/veranda\/\" target=\"_self\" class=\"card\">\n            <div class=\"card--image\">\n            <img loading=\"lazy\" decoding=\"async\" style=\"object-fit: cover\" src=\"https:\/\/addaroom.dk\/wp-content\/uploads\/2021\/02\/IMG_2928-1024x1024-1.jpg\" alt=\"\" height=\"1024\" width=\"1024\"\/>        <\/div>\n           \n    <div class=\"card--content\">\n        <div>\n            <div class=\"card--summary\">\n                <div class=\"card-heading--content\">\n                    <h3>Veranda<\/h3><p>Hj\u00e4rtat i uterummet. Verandan \u00e4r f\u00f6rsta steget f\u00f6r att sudda ut gr\u00e4nserna mellan ute och inne, som sedan kompletteras med utemoduler. Resultatet \u00e4r \u00e4ndl\u00f6sa magiska sommarn\u00e4tter i ditt uterum.<\/p>\n                 <\/div>\n                                     <div class=\"card--button\">\n                        <div class=\"button\">Visa<\/div>\n                    <\/div>\n                            <\/div>\n        <\/div>\n    <\/div>\n<\/a>\t\t\t\t\t\t<\/div>\n\t\t\t\t\t\t\t\t\t\t\t\n\t\t\t\t\t\t\t\t\t\t\t\t<div class=\"layout--vertical flex--33 disp--flex\">\n\t\t\t\t\t\t\t\t\t\t\t\t\t\t\n\n<a href=\"https:\/\/addaroom.dk\/sv\/vara-hus\/utvandiga-tillval\/utomhusbank\/\" target=\"_self\" class=\"card\">\n            <div class=\"card--image\">\n            <img loading=\"lazy\" decoding=\"async\" style=\"object-fit: cover\" src=\"https:\/\/addaroom.dk\/wp-content\/uploads\/2021\/02\/E4BC898A-F7AF-40B6-A862-8B3DFB58E777.jpg\" alt=\"\" height=\"1000\" width=\"750\"\/>        <\/div>\n           \n    <div class=\"card--content\">\n        <div>\n            <div class=\"card--summary\">\n                <div class=\"card-heading--content\">\n                    <h3>Utomhusb\u00e4nk<\/h3><p>Uppgradera din veranda med en mysig b\u00e4nk och ett praktiskt f\u00f6rr\u00e5d, vilket samtidigt skyddar uterummet fr\u00e5n den kalla vinden. Flytta ut en madrass och du har den perfekta s\u00e4ngen f\u00f6r de varma sommarn\u00e4tterna.<\/p>\n                 <\/div>\n                                     <div class=\"card--button\">\n                        <div class=\"button\">Visa<\/div>\n                    <\/div>\n                            <\/div>\n        <\/div>\n    <\/div>\n<\/a>\t\t\t\t\t\t<\/div>\n\t\t\t\t\t\t\t\t\t\t\t\n\t\t\t\t\t\t\t\t\t\t\t\t<div class=\"layout--vertical flex--33 disp--flex\">\n\t\t\t\t\t\t\t\t\t\t\t\t\t\t\n\n<a href=\"https:\/\/addaroom.dk\/sv\/vara-hus\/utvandiga-tillval\/utekok\/\" target=\"_self\" class=\"card\">\n            <div class=\"card--image\">\n            <img loading=\"lazy\" decoding=\"async\" style=\"object-fit: cover\" src=\"https:\/\/addaroom.dk\/wp-content\/uploads\/2021\/02\/VA05549.jpg\" alt=\"\" height=\"800\" width=\"562\"\/>        <\/div>\n           \n    <div class=\"card--content\">\n        <div>\n            <div class=\"card--summary\">\n                <div class=\"card-heading--content\">\n                    <h3>Utek\u00f6k<\/h3><p>Naturen \u00e4r den b\u00e4sta kryddan! Flytta ut matlagningen och njut av matlagningen \u00e4ven de kv\u00e4llarna du vill stanna ute i den varma solen p\u00e5 verandan.<\/p>\n                 <\/div>\n                                     <div class=\"card--button\">\n                        <div class=\"button\">Visa<\/div>\n                    <\/div>\n                            <\/div>\n        <\/div>\n    <\/div>\n<\/a>\t\t\t\t\t\t<\/div>\n\t\t\t\t\t\t\t\t\t\t\t\n\t\t\t\t\t\t\t\t\t\t\t\t<div class=\"layout--vertical flex--33 disp--flex\">\n\t\t\t\t\t\t\t\t\t\t\t\t\t\t\n\n<a href=\"https:\/\/addaroom.dk\/sv\/vara-hus\/utvandiga-tillval\/utedusch\/\" target=\"_self\" class=\"card\">\n            <div class=\"card--image\">\n            <img loading=\"lazy\" decoding=\"async\" style=\"object-fit: cover\" src=\"https:\/\/addaroom.dk\/wp-content\/uploads\/2021\/02\/Hus_-27-683x1024.jpg\" alt=\"\" height=\"1024\" width=\"683\"\/>        <\/div>\n           \n    <div class=\"card--content\">\n        <div>\n            <div class=\"card--summary\">\n                <div class=\"card-heading--content\">\n                    <h3>Utedusch<\/h3><p>Maximera din tid utomhus! Ta med en handduk och tv\u00e5l, och njut en vy som sl\u00e5r v\u00e5ra badrumsv\u00e4ggar.<\/p>\n                 <\/div>\n                                     <div class=\"card--button\">\n                        <div class=\"button\">Visa<\/div>\n                    <\/div>\n                            <\/div>\n        <\/div>\n    <\/div>\n<\/a>\t\t\t\t\t\t<\/div>\n\t\t\t\t\t\t\t\t\t\t\t\n\t\t\t\t\t\t\t\t\t\t\t\t<div class=\"layout--vertical flex--33 disp--flex\">\n\t\t\t\t\t\t\t\t\t\t\t\t\t\t\n\n<a href=\"https:\/\/addaroom.dk\/sv\/vara-hus\/utvandiga-tillval\/utomhuskran\/\" target=\"_self\" class=\"card\">\n            <div class=\"card--image\">\n            <img loading=\"lazy\" decoding=\"async\" style=\"object-fit: cover\" src=\"https:\/\/addaroom.dk\/wp-content\/uploads\/2021\/02\/addaroom__Housedoctor_SMALLSPACES_2-683x1024.jpg\" alt=\"\" height=\"1024\" width=\"683\"\/>        <\/div>\n           \n    <div class=\"card--content\">\n        <div>\n            <div class=\"card--summary\">\n                <div class=\"card-heading--content\">\n                    <h3>Utomhuskran<\/h3><p>En smidig l\u00f6sning f\u00f6r att underl\u00e4tta underh\u00e5llet av tr\u00e4dg\u00e5rden, eller f\u00f6r att sk\u00f6lja bort sanden fr\u00e5n f\u00f6tterna efter en dag p\u00e5 stranden.<\/p>\n                 <\/div>\n                                     <div class=\"card--button\">\n                        <div class=\"button\">Visa<\/div>\n                    <\/div>\n                            <\/div>\n        <\/div>\n    <\/div>\n<\/a>\t\t\t\t\t\t<\/div>\n\t\t\t\t\t\t\t\t\t\t\t\n\t\t\t\t\t\t\t\t\t\t\t\t<div class=\"layout--vertical flex--33 disp--flex\">\n\t\t\t\t\t\t\t\t\t\t\t\t\t\t\n\n<a href=\"https:\/\/addaroom.dk\/en\/our-buildings\/external-options\/pergola\/\" target=\"_self\" class=\"card\">\n            <div class=\"card--image\">\n            <img loading=\"lazy\" decoding=\"async\" style=\"object-fit: cover\" src=\"https:\/\/addaroom.dk\/wp-content\/uploads\/2021\/02\/Hus_-22-e1614698390301-838x1024.jpg\" alt=\"\" height=\"1024\" width=\"838\"\/>        <\/div>\n           \n    <div class=\"card--content\">\n        <div>\n            <div class=\"card--summary\">\n                <div class=\"card-heading--content\">\n                    <h3>Pergola<\/h3><p>The boundless extension of the roof, providing a perfect mix of sun and shadow! Let the pergola either filter the light entering the big sliding door section, or erase the boundaries between indoor and outdoor with a pergola connecting multiple modules.<\/p>\n                 <\/div>\n                                     <div class=\"card--button\">\n                        <div class=\"button\">Visa<\/div>\n                    <\/div>\n                            <\/div>\n        <\/div>\n    <\/div>\n<\/a>\t\t\t\t\t\t<\/div>\n\t\t\t\t\t\t\t\t\t            <\/div>\n        <\/div>\n    <\/div>\n    <\/div>","protected":false},"excerpt":{"rendered":"<p>Sudda ut gr\u00e4nserna mellan ute och inne H\u00e4r kommer den riktiga lyxen! Add a Room kommer aldrig erbjuda fem meters takh\u00f6jd, spainspirerade badrum, eller 60 kvadratmeter stora k\u00f6k\u2026 D\u00e4remot kan vi garantera allt detta, f\u00f6r en br\u00e5kdel av priset, utomhus! Synergin bakom Add a Room konceptet \u00e4r glasklar. F\u00f6nster med marknadens minsta karmar, veranda och &hellip; <a href=\"https:\/\/addaroom.dk\/sv\/vara-hus\/utvandiga-tillval\/\">Continued<\/a><\/p>\n","protected":false},"author":1,"featured_media":0,"parent":11624,"menu_order":0,"comment_status":"closed","ping_status":"closed","template":"templates\/modules-options.php","meta":{"_acf_changed":false,"footnotes":""},"class_list":["post-11622","page","type-page","status-publish","hentry"],"acf":[],"yoast_head":"<!-- This site is optimized with the Yoast SEO plugin v27.4 - https:\/\/yoast.com\/product\/yoast-seo-wordpress\/ -->\n<title>Utv\u00e4ndiga tillval - Add a Room<\/title>\n<meta name=\"robots\" content=\"index, follow, max-snippet:-1, max-image-preview:large, max-video-preview:-1\" \/>\n<link rel=\"canonical\" href=\"https:\/\/addaroom.dk\/sv\/vara-hus\/utvandiga-tillval\/\" \/>\n<meta name=\"twitter:label1\" content=\"Ber\u00e4knad l\u00e4stid\" \/>\n\t<meta name=\"twitter:data1\" content=\"1 minut\" \/>\n<script type=\"application\/ld+json\" class=\"yoast-schema-graph\">{\"@context\":\"https:\\\/\\\/schema.org\",\"@graph\":[{\"@type\":\"WebPage\",\"@id\":\"https:\\\/\\\/addaroom.dk\\\/sv\\\/vara-hus\\\/utvandiga-tillval\\\/\",\"url\":\"https:\\\/\\\/addaroom.dk\\\/sv\\\/vara-hus\\\/utvandiga-tillval\\\/\",\"name\":\"Utv\u00e4ndiga tillval - Add a Room\",\"isPartOf\":{\"@id\":\"https:\\\/\\\/addaroom.dk\\\/en\\\/#website\"},\"datePublished\":\"2021-02-20T07:30:15+00:00\",\"dateModified\":\"2021-03-16T13:23:20+00:00\",\"breadcrumb\":{\"@id\":\"https:\\\/\\\/addaroom.dk\\\/sv\\\/vara-hus\\\/utvandiga-tillval\\\/#breadcrumb\"},\"inLanguage\":\"sv-SE\",\"potentialAction\":[{\"@type\":\"ReadAction\",\"target\":[\"https:\\\/\\\/addaroom.dk\\\/sv\\\/vara-hus\\\/utvandiga-tillval\\\/\"]}]},{\"@type\":\"BreadcrumbList\",\"@id\":\"https:\\\/\\\/addaroom.dk\\\/sv\\\/vara-hus\\\/utvandiga-tillval\\\/#breadcrumb\",\"itemListElement\":[{\"@type\":\"ListItem\",\"position\":1,\"name\":\"Hem\",\"item\":\"https:\\\/\\\/addaroom.dk\\\/sv\\\/\"},{\"@type\":\"ListItem\",\"position\":2,\"name\":\"V\u00e5ra hus\",\"item\":\"https:\\\/\\\/addaroom.dk\\\/sv\\\/vara-hus\\\/\"},{\"@type\":\"ListItem\",\"position\":3,\"name\":\"Utv\u00e4ndiga tillval\"}]},{\"@type\":\"WebSite\",\"@id\":\"https:\\\/\\\/addaroom.dk\\\/en\\\/#website\",\"url\":\"https:\\\/\\\/addaroom.dk\\\/en\\\/\",\"name\":\"Add a Room\",\"description\":\"Small houses with big possibilities\",\"publisher\":{\"@id\":\"https:\\\/\\\/addaroom.dk\\\/en\\\/#organization\"},\"potentialAction\":[{\"@type\":\"SearchAction\",\"target\":{\"@type\":\"EntryPoint\",\"urlTemplate\":\"https:\\\/\\\/addaroom.dk\\\/en\\\/?s={search_term_string}\"},\"query-input\":{\"@type\":\"PropertyValueSpecification\",\"valueRequired\":true,\"valueName\":\"search_term_string\"}}],\"inLanguage\":\"sv-SE\"},{\"@type\":\"Organization\",\"@id\":\"https:\\\/\\\/addaroom.dk\\\/en\\\/#organization\",\"name\":\"Add a Room\",\"url\":\"https:\\\/\\\/addaroom.dk\\\/en\\\/\",\"logo\":{\"@type\":\"ImageObject\",\"inLanguage\":\"sv-SE\",\"@id\":\"https:\\\/\\\/addaroom.dk\\\/en\\\/#\\\/schema\\\/logo\\\/image\\\/\",\"url\":\"https:\\\/\\\/addaroom.dk\\\/wp-content\\\/uploads\\\/2025\\\/09\\\/Screenshot-2025-09-18-122421.png\",\"contentUrl\":\"https:\\\/\\\/addaroom.dk\\\/wp-content\\\/uploads\\\/2025\\\/09\\\/Screenshot-2025-09-18-122421.png\",\"width\":263,\"height\":80,\"caption\":\"Add a Room\"},\"image\":{\"@id\":\"https:\\\/\\\/addaroom.dk\\\/en\\\/#\\\/schema\\\/logo\\\/image\\\/\"},\"sameAs\":[\"https:\\\/\\\/www.facebook.com\\\/share\\\/1EZnEZVh7L\\\/?mibextid=wwXIfr\",\"https:\\\/\\\/www.instagram.com\\\/add_a_room?igsh=MWo2cHNwN3dmNGR1eA&utm_source=qr\"]}]}<\/script>\n<!-- \/ Yoast SEO plugin. -->","yoast_head_json":{"title":"Utv\u00e4ndiga tillval - Add a Room","robots":{"index":"index","follow":"follow","max-snippet":"max-snippet:-1","max-image-preview":"max-image-preview:large","max-video-preview":"max-video-preview:-1"},"canonical":"https:\/\/addaroom.dk\/sv\/vara-hus\/utvandiga-tillval\/","twitter_misc":{"Ber\u00e4knad l\u00e4stid":"1 minut"},"schema":{"@context":"https:\/\/schema.org","@graph":[{"@type":"WebPage","@id":"https:\/\/addaroom.dk\/sv\/vara-hus\/utvandiga-tillval\/","url":"https:\/\/addaroom.dk\/sv\/vara-hus\/utvandiga-tillval\/","name":"Utv\u00e4ndiga tillval - Add a Room","isPartOf":{"@id":"https:\/\/addaroom.dk\/en\/#website"},"datePublished":"2021-02-20T07:30:15+00:00","dateModified":"2021-03-16T13:23:20+00:00","breadcrumb":{"@id":"https:\/\/addaroom.dk\/sv\/vara-hus\/utvandiga-tillval\/#breadcrumb"},"inLanguage":"sv-SE","potentialAction":[{"@type":"ReadAction","target":["https:\/\/addaroom.dk\/sv\/vara-hus\/utvandiga-tillval\/"]}]},{"@type":"BreadcrumbList","@id":"https:\/\/addaroom.dk\/sv\/vara-hus\/utvandiga-tillval\/#breadcrumb","itemListElement":[{"@type":"ListItem","position":1,"name":"Hem","item":"https:\/\/addaroom.dk\/sv\/"},{"@type":"ListItem","position":2,"name":"V\u00e5ra hus","item":"https:\/\/addaroom.dk\/sv\/vara-hus\/"},{"@type":"ListItem","position":3,"name":"Utv\u00e4ndiga tillval"}]},{"@type":"WebSite","@id":"https:\/\/addaroom.dk\/en\/#website","url":"https:\/\/addaroom.dk\/en\/","name":"Add a Room","description":"Small houses with big possibilities","publisher":{"@id":"https:\/\/addaroom.dk\/en\/#organization"},"potentialAction":[{"@type":"SearchAction","target":{"@type":"EntryPoint","urlTemplate":"https:\/\/addaroom.dk\/en\/?s={search_term_string}"},"query-input":{"@type":"PropertyValueSpecification","valueRequired":true,"valueName":"search_term_string"}}],"inLanguage":"sv-SE"},{"@type":"Organization","@id":"https:\/\/addaroom.dk\/en\/#organization","name":"Add a Room","url":"https:\/\/addaroom.dk\/en\/","logo":{"@type":"ImageObject","inLanguage":"sv-SE","@id":"https:\/\/addaroom.dk\/en\/#\/schema\/logo\/image\/","url":"https:\/\/addaroom.dk\/wp-content\/uploads\/2025\/09\/Screenshot-2025-09-18-122421.png","contentUrl":"https:\/\/addaroom.dk\/wp-content\/uploads\/2025\/09\/Screenshot-2025-09-18-122421.png","width":263,"height":80,"caption":"Add a Room"},"image":{"@id":"https:\/\/addaroom.dk\/en\/#\/schema\/logo\/image\/"},"sameAs":["https:\/\/www.facebook.com\/share\/1EZnEZVh7L\/?mibextid=wwXIfr","https:\/\/www.instagram.com\/add_a_room?igsh=MWo2cHNwN3dmNGR1eA&utm_source=qr"]}]}},"_links":{"self":[{"href":"https:\/\/addaroom.dk\/sv\/wp-json\/wp\/v2\/pages\/11622","targetHints":{"allow":["GET"]}}],"collection":[{"href":"https:\/\/addaroom.dk\/sv\/wp-json\/wp\/v2\/pages"}],"about":[{"href":"https:\/\/addaroom.dk\/sv\/wp-json\/wp\/v2\/types\/page"}],"author":[{"embeddable":true,"href":"https:\/\/addaroom.dk\/sv\/wp-json\/wp\/v2\/users\/1"}],"replies":[{"embeddable":true,"href":"https:\/\/addaroom.dk\/sv\/wp-json\/wp\/v2\/comments?post=11622"}],"version-history":[{"count":0,"href":"https:\/\/addaroom.dk\/sv\/wp-json\/wp\/v2\/pages\/11622\/revisions"}],"up":[{"embeddable":true,"href":"https:\/\/addaroom.dk\/sv\/wp-json\/wp\/v2\/pages\/11624"}],"wp:attachment":[{"href":"https:\/\/addaroom.dk\/sv\/wp-json\/wp\/v2\/media?parent=11622"}],"curies":[{"name":"wp","href":"https:\/\/api.w.org\/{rel}","templated":true}]}}