{"id":11614,"date":"2021-02-18T09:19:07","date_gmt":"2021-02-18T09:19:07","guid":{"rendered":"https:\/\/addaroom.dk\/inspiration\/generational-house\/"},"modified":"2021-04-14T11:22:34","modified_gmt":"2021-04-14T11:22:34","slug":"generationsboende","status":"publish","type":"page","link":"https:\/\/addaroom.dk\/sv\/inspiration\/generationsboende\/","title":{"rendered":"Generationsboende"},"content":{"rendered":"<div class=\"wp-block-wrapper acf--content-block\">\n<div class=\"pc bc--white \">\n    <div class=\"pc--1\">\n        <div class=\"gb-block block--content pull-left\">\n            <div class=\"block--content-text-wrapper\">\n                <div class=\"block--content-text\">\n                    <h2>Generationsboende<\/h2>\n<p>Bostadsbristen i storst\u00e4der \u00e4r tydlig, v\u00e5ra problem med klimatet \u00e4nnu tydligare. Vad \u00e4r det som s\u00e4ger att alla ska ha varsin tomt, varsin gr\u00e4smatta, med varsitt hus p\u00e5 300 m2?<\/p>\n<p>T\u00e4nk om du fortfarande kunde beh\u00e5lla alla f\u00f6rdelarna med ett eget hus, men dela p\u00e5 det tr\u00e5kiga som gr\u00e4sklippning, tomtkostnad, fastighetsskatt och sn\u00f6r\u00f6jning, och som bonus bli granne med dina familjemedlemmar?<\/p>\n<p>Oavsett om det r\u00f6r sig om ett <a href=\"https:\/\/addaroom.dk\/sv\/inspiration\/attefallshus\/\"><em>Attefallshus<\/em><\/a> som g\u00f6r att barnen kan bo kvar l\u00e4ngre, farmors \u00f6nskan om att komma n\u00e4rmare barnbarnen eller en egen familjeby, ger Add a Rooms moduler den n\u00f6dv\u00e4ndiga flexibiliteten. Ska barnen pl\u00f6tsligt flytta till en universitetstad? L\u00e5t de ta med huset, eller flytta det till sommarst\u00e4llet. Blir det ut\u00f6kning i familjebyn? Bygg ut med en extra modul.<\/p>\n<p><strong>Nedan finner du exempel p\u00e5 generationsboenden. Vi \u00e4lskar att diskutera visioner, s\u00e5 tveka inte p\u00e5 att h\u00f6ra av dig!<\/strong><\/p>\n                <\/div>\n            <\/div>\n            <div class=\"block--content-image\">\n                                    <img loading=\"lazy\" decoding=\"async\" src=\"https:\/\/addaroom.dk\/wp-content\/uploads\/2021\/02\/2x25-25-15-Norrta\u0308lje-1024x597.png\" alt=\"\" height=\"597\" width=\"1024\"\/>\n                            <\/div>\n        <\/div>\n    <\/div>\n<\/div><\/div><div class=\"pc\"><div class=\"pc--1\"><div class=\"wp-block-wrapper core--heading\">\n<h2 class=\"has-text-align-center wp-block-heading\">Exempel p\u00e5 generationsboenden<\/h2>\n<\/div><\/div><\/div><div class=\"wp-block-wrapper acf--inspire-list-block\">    \n    <div class=\"pc \">\n        <div class=\"pc--2\">\n            <div class=\"archive--inspire disp--flex flex--cols just--arou\">\n                                                        <div class=\"layout--horizontal disp--flex\">\n\t\t\t\t\t\t                        \n\n<a href=\"https:\/\/addaroom.dk\/sv\/inspire\/badhuset\/\" target=\"_self\" class=\"card\">\n            <div class=\"card--image\">\n            <img loading=\"lazy\" decoding=\"async\" src=\"https:\/\/addaroom.dk\/wp-content\/uploads\/2021\/03\/IMG_2800-2-1024x768.jpg\" alt=\"\" height=\"768\" width=\"1024\"\/>        <\/div>\n           \n    <div class=\"card--content\">\n        <div>\n            <div class=\"card--summary\">\n                <div class=\"card-heading--content\">\n                    <h3>Badhuset<\/h3><p class=\"building--size\"><strong>Storlek: 30 m<sup>2<\/sup><\/strong><\/p><p>I n\u00e4rheten av storstaden \u00c5rhus finner vi Lisbeth och Palles Add a Room, som de kallar badhuset. Badhuset \u00e4r placerat p\u00e5 en tomt endast 10 minuter fr\u00e5n deras villa, t\u00e4tt p\u00e5 vattnet men fortfarande i skogen. Huset \u00e4r inrett med k\u00f6k, badrum och ett separat sovrum.<\/p>\n                 <\/div>\n                                     <div class=\"card--button\">\n                        <div class=\"button\">Visa<\/div>\n                    <\/div>\n                            <\/div>\n        <\/div>\n    <\/div>\n<\/a>                    <\/div>\n                                                        <div class=\"layout--horizontal disp--flex\">\n\t\t\t\t\t\t                        \n\n<a href=\"https:\/\/addaroom.dk\/sv\/inspire\/helghuset-for-den-expanderande-barnfamiljen\/\" target=\"_self\" class=\"card\">\n            <div class=\"card--image\">\n            <img loading=\"lazy\" decoding=\"async\" src=\"https:\/\/addaroom.dk\/wp-content\/uploads\/2021\/02\/DSC_0351-1024x680.jpg\" alt=\"\" height=\"680\" width=\"1024\"\/>        <\/div>\n           \n    <div class=\"card--content\">\n        <div>\n            <div class=\"card--summary\">\n                <div class=\"card-heading--content\">\n                    <h3>Helghuset f\u00f6r den expanderande barnfamiljen<\/h3><p class=\"building--size\"><strong>Storlek: 100m<sup>2<\/sup><\/strong><\/p><p>I Stockholms innerstad finner vi en barnfamilj p\u00e5 fyra personer. Det centrala l\u00e4get v\u00e4rdes\u00e4tts h\u00f6gt, med allt man kan \u00f6nska inom en kvarts radie. Den v\u00e4xande familjen b\u00f6rjade i 2014 k\u00e4nna att det var n\u00e5got som saknades, n\u00e4mligen n\u00e4rheten till naturen.<\/p>\n<p>&nbsp;<\/p>\n                 <\/div>\n                                     <div class=\"card--button\">\n                        <div class=\"button\">Visa<\/div>\n                    <\/div>\n                            <\/div>\n        <\/div>\n    <\/div>\n<\/a>                    <\/div>\n                                            <\/div>\n        <\/div>\n    <\/div>\n<\/div>","protected":false},"excerpt":{"rendered":"<p>Exempel p\u00e5 generationsboenden<\/p>\n","protected":false},"author":1,"featured_media":0,"parent":12021,"menu_order":0,"comment_status":"closed","ping_status":"closed","template":"","meta":{"_acf_changed":false,"footnotes":""},"class_list":["post-11614","page","type-page","status-publish","hentry"],"acf":[],"yoast_head":"<!-- This site is optimized with the Yoast SEO plugin v27.3 - https:\/\/yoast.com\/product\/yoast-seo-wordpress\/ -->\n<title>Generationsboende - Add a Room<\/title>\n<meta name=\"robots\" content=\"index, follow, max-snippet:-1, max-image-preview:large, max-video-preview:-1\" \/>\n<link rel=\"canonical\" href=\"https:\/\/addaroom.dk\/sv\/inspiration\/generationsboende\/\" \/>\n<meta name=\"twitter:label1\" content=\"Ber\u00e4knad l\u00e4stid\" \/>\n\t<meta name=\"twitter:data1\" content=\"1 minut\" \/>\n<script type=\"application\/ld+json\" class=\"yoast-schema-graph\">{\"@context\":\"https:\\\/\\\/schema.org\",\"@graph\":[{\"@type\":\"WebPage\",\"@id\":\"https:\\\/\\\/addaroom.dk\\\/sv\\\/inspiration\\\/generationsboende\\\/\",\"url\":\"https:\\\/\\\/addaroom.dk\\\/sv\\\/inspiration\\\/generationsboende\\\/\",\"name\":\"Generationsboende - Add a Room\",\"isPartOf\":{\"@id\":\"https:\\\/\\\/addaroom.dk\\\/en\\\/#website\"},\"datePublished\":\"2021-02-18T09:19:07+00:00\",\"dateModified\":\"2021-04-14T11:22:34+00:00\",\"breadcrumb\":{\"@id\":\"https:\\\/\\\/addaroom.dk\\\/sv\\\/inspiration\\\/generationsboende\\\/#breadcrumb\"},\"inLanguage\":\"sv-SE\",\"potentialAction\":[{\"@type\":\"ReadAction\",\"target\":[\"https:\\\/\\\/addaroom.dk\\\/sv\\\/inspiration\\\/generationsboende\\\/\"]}]},{\"@type\":\"BreadcrumbList\",\"@id\":\"https:\\\/\\\/addaroom.dk\\\/sv\\\/inspiration\\\/generationsboende\\\/#breadcrumb\",\"itemListElement\":[{\"@type\":\"ListItem\",\"position\":1,\"name\":\"Hem\",\"item\":\"https:\\\/\\\/addaroom.dk\\\/sv\\\/\"},{\"@type\":\"ListItem\",\"position\":2,\"name\":\"Inspiration\",\"item\":\"https:\\\/\\\/addaroom.dk\\\/sv\\\/inspiration\\\/\"},{\"@type\":\"ListItem\",\"position\":3,\"name\":\"Generationsboende\"}]},{\"@type\":\"WebSite\",\"@id\":\"https:\\\/\\\/addaroom.dk\\\/en\\\/#website\",\"url\":\"https:\\\/\\\/addaroom.dk\\\/en\\\/\",\"name\":\"Add a Room\",\"description\":\"Small houses with big possibilities\",\"publisher\":{\"@id\":\"https:\\\/\\\/addaroom.dk\\\/en\\\/#organization\"},\"potentialAction\":[{\"@type\":\"SearchAction\",\"target\":{\"@type\":\"EntryPoint\",\"urlTemplate\":\"https:\\\/\\\/addaroom.dk\\\/en\\\/?s={search_term_string}\"},\"query-input\":{\"@type\":\"PropertyValueSpecification\",\"valueRequired\":true,\"valueName\":\"search_term_string\"}}],\"inLanguage\":\"sv-SE\"},{\"@type\":\"Organization\",\"@id\":\"https:\\\/\\\/addaroom.dk\\\/en\\\/#organization\",\"name\":\"Add a Room\",\"url\":\"https:\\\/\\\/addaroom.dk\\\/en\\\/\",\"logo\":{\"@type\":\"ImageObject\",\"inLanguage\":\"sv-SE\",\"@id\":\"https:\\\/\\\/addaroom.dk\\\/en\\\/#\\\/schema\\\/logo\\\/image\\\/\",\"url\":\"https:\\\/\\\/addaroom.dk\\\/wp-content\\\/uploads\\\/2025\\\/09\\\/Screenshot-2025-09-18-122421.png\",\"contentUrl\":\"https:\\\/\\\/addaroom.dk\\\/wp-content\\\/uploads\\\/2025\\\/09\\\/Screenshot-2025-09-18-122421.png\",\"width\":263,\"height\":80,\"caption\":\"Add a Room\"},\"image\":{\"@id\":\"https:\\\/\\\/addaroom.dk\\\/en\\\/#\\\/schema\\\/logo\\\/image\\\/\"},\"sameAs\":[\"https:\\\/\\\/www.facebook.com\\\/share\\\/1EZnEZVh7L\\\/?mibextid=wwXIfr\",\"https:\\\/\\\/www.instagram.com\\\/add_a_room?igsh=MWo2cHNwN3dmNGR1eA&utm_source=qr\"]}]}<\/script>\n<!-- \/ Yoast SEO plugin. -->","yoast_head_json":{"title":"Generationsboende - Add a Room","robots":{"index":"index","follow":"follow","max-snippet":"max-snippet:-1","max-image-preview":"max-image-preview:large","max-video-preview":"max-video-preview:-1"},"canonical":"https:\/\/addaroom.dk\/sv\/inspiration\/generationsboende\/","twitter_misc":{"Ber\u00e4knad l\u00e4stid":"1 minut"},"schema":{"@context":"https:\/\/schema.org","@graph":[{"@type":"WebPage","@id":"https:\/\/addaroom.dk\/sv\/inspiration\/generationsboende\/","url":"https:\/\/addaroom.dk\/sv\/inspiration\/generationsboende\/","name":"Generationsboende - Add a Room","isPartOf":{"@id":"https:\/\/addaroom.dk\/en\/#website"},"datePublished":"2021-02-18T09:19:07+00:00","dateModified":"2021-04-14T11:22:34+00:00","breadcrumb":{"@id":"https:\/\/addaroom.dk\/sv\/inspiration\/generationsboende\/#breadcrumb"},"inLanguage":"sv-SE","potentialAction":[{"@type":"ReadAction","target":["https:\/\/addaroom.dk\/sv\/inspiration\/generationsboende\/"]}]},{"@type":"BreadcrumbList","@id":"https:\/\/addaroom.dk\/sv\/inspiration\/generationsboende\/#breadcrumb","itemListElement":[{"@type":"ListItem","position":1,"name":"Hem","item":"https:\/\/addaroom.dk\/sv\/"},{"@type":"ListItem","position":2,"name":"Inspiration","item":"https:\/\/addaroom.dk\/sv\/inspiration\/"},{"@type":"ListItem","position":3,"name":"Generationsboende"}]},{"@type":"WebSite","@id":"https:\/\/addaroom.dk\/en\/#website","url":"https:\/\/addaroom.dk\/en\/","name":"Add a Room","description":"Small houses with big possibilities","publisher":{"@id":"https:\/\/addaroom.dk\/en\/#organization"},"potentialAction":[{"@type":"SearchAction","target":{"@type":"EntryPoint","urlTemplate":"https:\/\/addaroom.dk\/en\/?s={search_term_string}"},"query-input":{"@type":"PropertyValueSpecification","valueRequired":true,"valueName":"search_term_string"}}],"inLanguage":"sv-SE"},{"@type":"Organization","@id":"https:\/\/addaroom.dk\/en\/#organization","name":"Add a Room","url":"https:\/\/addaroom.dk\/en\/","logo":{"@type":"ImageObject","inLanguage":"sv-SE","@id":"https:\/\/addaroom.dk\/en\/#\/schema\/logo\/image\/","url":"https:\/\/addaroom.dk\/wp-content\/uploads\/2025\/09\/Screenshot-2025-09-18-122421.png","contentUrl":"https:\/\/addaroom.dk\/wp-content\/uploads\/2025\/09\/Screenshot-2025-09-18-122421.png","width":263,"height":80,"caption":"Add a Room"},"image":{"@id":"https:\/\/addaroom.dk\/en\/#\/schema\/logo\/image\/"},"sameAs":["https:\/\/www.facebook.com\/share\/1EZnEZVh7L\/?mibextid=wwXIfr","https:\/\/www.instagram.com\/add_a_room?igsh=MWo2cHNwN3dmNGR1eA&utm_source=qr"]}]}},"_links":{"self":[{"href":"https:\/\/addaroom.dk\/sv\/wp-json\/wp\/v2\/pages\/11614","targetHints":{"allow":["GET"]}}],"collection":[{"href":"https:\/\/addaroom.dk\/sv\/wp-json\/wp\/v2\/pages"}],"about":[{"href":"https:\/\/addaroom.dk\/sv\/wp-json\/wp\/v2\/types\/page"}],"author":[{"embeddable":true,"href":"https:\/\/addaroom.dk\/sv\/wp-json\/wp\/v2\/users\/1"}],"replies":[{"embeddable":true,"href":"https:\/\/addaroom.dk\/sv\/wp-json\/wp\/v2\/comments?post=11614"}],"version-history":[{"count":0,"href":"https:\/\/addaroom.dk\/sv\/wp-json\/wp\/v2\/pages\/11614\/revisions"}],"up":[{"embeddable":true,"href":"https:\/\/addaroom.dk\/sv\/wp-json\/wp\/v2\/pages\/12021"}],"wp:attachment":[{"href":"https:\/\/addaroom.dk\/sv\/wp-json\/wp\/v2\/media?parent=11614"}],"curies":[{"name":"wp","href":"https:\/\/api.w.org\/{rel}","templated":true}]}}