{"id":11612,"date":"2021-02-18T09:18:53","date_gmt":"2021-02-18T09:18:53","guid":{"rendered":"https:\/\/addaroom.dk\/inspiration\/extension-of-existing-house\/"},"modified":"2024-08-19T09:45:08","modified_gmt":"2024-08-19T09:45:08","slug":"nyckelfardig-tillbyggnad","status":"publish","type":"page","link":"https:\/\/addaroom.dk\/sv\/inspiration\/nyckelfardig-tillbyggnad\/","title":{"rendered":"Nyckelf\u00e4rdig tillbyggnad"},"content":{"rendered":"<div class=\"wp-block-wrapper acf--content-block\">\n<div class=\"pc bc--white \">\n    <div class=\"pc--1\">\n        <div class=\"gb-block block--content pull-left\">\n            <div class=\"block--content-text-wrapper\">\n                <div class=\"block--content-text\">\n                    <h2>Nyckelf\u00e4rdig tillbyggnad<\/h2>\n<p>Add a Rooms nyckelf\u00e4rdiga moduler l\u00e4mpar sig \u00e4ven f\u00f6r den smidiga tillbyggnaden f\u00f6r ett extra sovrum eller ett st\u00f6rre vardagsrum. Modulerna kan s\u00e5v\u00e4l kopplas p\u00e5 direkt p\u00e5 huset, som byggas ihop med hj\u00e4lp av v\u00e5ra utemoduler.<\/p>\n<p>Modulerna lyfts enkelt p\u00e5 plats i anslutning till det befintliga huset, precis som alltid med ett Add a Room. D\u00e4refter byggs det befintliga huset och Add a Room huset samman av en lokal hantverkare. Arbetstiden f\u00f6r detta \u00e4r varierande beroende p\u00e5 det befintliga huset, men vi hj\u00e4lper er g\u00e4rna att g\u00f6ra en bed\u00f6mning!<\/p>\n                <\/div>\n            <\/div>\n            <div class=\"block--content-image\">\n                                    <img loading=\"lazy\" decoding=\"async\" src=\"https:\/\/addaroom.dk\/wp-content\/uploads\/2021\/02\/Extension-of-existing-house-1024x691.png\" alt=\"\" height=\"691\" width=\"1024\"\/>\n                            <\/div>\n        <\/div>\n    <\/div>\n<\/div><\/div><div class=\"pc\"><div class=\"pc--1\"><div class=\"wp-block-wrapper core--heading\">\n<h2 class=\"has-text-align-center wp-block-heading\">Exempel p\u00e5 nyckelf\u00e4rdiga tillbyggnader<\/h2>\n<\/div><\/div><\/div><div class=\"wp-block-wrapper acf--inspire-list-block\">    \n    <div class=\"pc \">\n        <div class=\"pc--2\">\n            <div class=\"archive--inspire disp--flex flex--cols just--arou\">\n                                                        <div class=\"layout--horizontal disp--flex\">\n\t\t\t\t\t\t                        \n\n<a href=\"https:\/\/addaroom.dk\/sv\/inspire\/utbyggnaden-for-tonaringarna\/\" target=\"_self\" class=\"card\">\n            <div class=\"card--image\">\n            <img loading=\"lazy\" decoding=\"async\" src=\"https:\/\/addaroom.dk\/wp-content\/uploads\/2024\/08\/IMG_8780-Uppdaterad-1024x768.jpg\" alt=\"\" height=\"768\" width=\"1024\"\/>        <\/div>\n           \n    <div class=\"card--content\">\n        <div>\n            <div class=\"card--summary\">\n                <div class=\"card-heading--content\">\n                    <h3>Utbyggnaden f\u00f6r ton\u00e5ringarna<\/h3><p class=\"building--size\"><strong>Storlek: 40m<sup>2<\/sup><\/strong><\/p><p>Stilfull utbyggnad med tv\u00e5 20m2 moduler som skapat ett trivsamt boende f\u00f6r husets tv\u00e5 ton\u00e5ringar. Modulerna lyftes p\u00e5 plats och kopplades p\u00e5 den befintliga byggnaden. Har gett huset tv\u00e5 extra sovrum, ett badrum samt ett mindre allrum.<\/p>\n                 <\/div>\n                                     <div class=\"card--button\">\n                        <div class=\"button\">Visa<\/div>\n                    <\/div>\n                            <\/div>\n        <\/div>\n    <\/div>\n<\/a>                    <\/div>\n                                                        <div class=\"layout--horizontal disp--flex\">\n\t\t\t\t\t\t                        \n\n<a href=\"https:\/\/addaroom.dk\/sv\/inspire\/det-fristaende-huset-i-anslutning-till-huvudhuset\/\" target=\"_self\" class=\"card\">\n            <div class=\"card--image\">\n            <img loading=\"lazy\" decoding=\"async\" src=\"https:\/\/addaroom.dk\/wp-content\/uploads\/2021\/02\/anneks_addaroom.jpg\" alt=\"\" height=\"675\" width=\"900\"\/>        <\/div>\n           \n    <div class=\"card--content\">\n        <div>\n            <div class=\"card--summary\">\n                <div class=\"card-heading--content\">\n                    <h3>Det frist\u00e5ende huset i direkt anslutning till huvudhuset<\/h3><p class=\"building--size\"><strong>Storlek: 25m<sup>2<\/sup><\/strong><\/p><p>En smidig addering av ett extra sovrum, precis intill huvudhuset. Huset \u00e4r sammankopplat med huvudhuset via ett plank. Den n\u00e4ra placeringen, utan att faktiskt vara ihopkopplat inv\u00e4ndigt, ger det b\u00e4sta av tv\u00e5 v\u00e4rldar. Den privata k\u00e4nslan av ett eget hus kombineras med den enkla \u00f6verg\u00e5ngen till huvudhuset f\u00f6r k\u00f6k och badrum.<\/p>\n                 <\/div>\n                                     <div class=\"card--button\">\n                        <div class=\"button\">Visa<\/div>\n                    <\/div>\n                            <\/div>\n        <\/div>\n    <\/div>\n<\/a>                    <\/div>\n                                            <\/div>\n        <\/div>\n    <\/div>\n<\/div>","protected":false},"excerpt":{"rendered":"<p>Exempel p\u00e5 nyckelf\u00e4rdiga tillbyggnader<\/p>\n","protected":false},"author":1,"featured_media":0,"parent":12021,"menu_order":0,"comment_status":"closed","ping_status":"closed","template":"","meta":{"_acf_changed":false,"footnotes":""},"class_list":["post-11612","page","type-page","status-publish","hentry"],"acf":[],"yoast_head":"<!-- This site is optimized with the Yoast SEO plugin v27.4 - https:\/\/yoast.com\/product\/yoast-seo-wordpress\/ -->\n<title>Nyckelf\u00e4rdig tillbyggnad - Add a Room<\/title>\n<meta name=\"robots\" content=\"index, follow, max-snippet:-1, max-image-preview:large, max-video-preview:-1\" \/>\n<link rel=\"canonical\" href=\"https:\/\/addaroom.dk\/sv\/inspiration\/nyckelfardig-tillbyggnad\/\" \/>\n<meta name=\"twitter:label1\" content=\"Ber\u00e4knad l\u00e4stid\" \/>\n\t<meta name=\"twitter:data1\" content=\"2 minuter\" \/>\n<script type=\"application\/ld+json\" class=\"yoast-schema-graph\">{\"@context\":\"https:\\\/\\\/schema.org\",\"@graph\":[{\"@type\":\"WebPage\",\"@id\":\"https:\\\/\\\/addaroom.dk\\\/sv\\\/inspiration\\\/nyckelfardig-tillbyggnad\\\/\",\"url\":\"https:\\\/\\\/addaroom.dk\\\/sv\\\/inspiration\\\/nyckelfardig-tillbyggnad\\\/\",\"name\":\"Nyckelf\u00e4rdig tillbyggnad - Add a Room\",\"isPartOf\":{\"@id\":\"https:\\\/\\\/addaroom.dk\\\/en\\\/#website\"},\"datePublished\":\"2021-02-18T09:18:53+00:00\",\"dateModified\":\"2024-08-19T09:45:08+00:00\",\"breadcrumb\":{\"@id\":\"https:\\\/\\\/addaroom.dk\\\/sv\\\/inspiration\\\/nyckelfardig-tillbyggnad\\\/#breadcrumb\"},\"inLanguage\":\"sv-SE\",\"potentialAction\":[{\"@type\":\"ReadAction\",\"target\":[\"https:\\\/\\\/addaroom.dk\\\/sv\\\/inspiration\\\/nyckelfardig-tillbyggnad\\\/\"]}]},{\"@type\":\"BreadcrumbList\",\"@id\":\"https:\\\/\\\/addaroom.dk\\\/sv\\\/inspiration\\\/nyckelfardig-tillbyggnad\\\/#breadcrumb\",\"itemListElement\":[{\"@type\":\"ListItem\",\"position\":1,\"name\":\"Hem\",\"item\":\"https:\\\/\\\/addaroom.dk\\\/sv\\\/\"},{\"@type\":\"ListItem\",\"position\":2,\"name\":\"Inspiration\",\"item\":\"https:\\\/\\\/addaroom.dk\\\/sv\\\/inspiration\\\/\"},{\"@type\":\"ListItem\",\"position\":3,\"name\":\"Nyckelf\u00e4rdig tillbyggnad\"}]},{\"@type\":\"WebSite\",\"@id\":\"https:\\\/\\\/addaroom.dk\\\/en\\\/#website\",\"url\":\"https:\\\/\\\/addaroom.dk\\\/en\\\/\",\"name\":\"Add a Room\",\"description\":\"Small houses with big possibilities\",\"publisher\":{\"@id\":\"https:\\\/\\\/addaroom.dk\\\/en\\\/#organization\"},\"potentialAction\":[{\"@type\":\"SearchAction\",\"target\":{\"@type\":\"EntryPoint\",\"urlTemplate\":\"https:\\\/\\\/addaroom.dk\\\/en\\\/?s={search_term_string}\"},\"query-input\":{\"@type\":\"PropertyValueSpecification\",\"valueRequired\":true,\"valueName\":\"search_term_string\"}}],\"inLanguage\":\"sv-SE\"},{\"@type\":\"Organization\",\"@id\":\"https:\\\/\\\/addaroom.dk\\\/en\\\/#organization\",\"name\":\"Add a Room\",\"url\":\"https:\\\/\\\/addaroom.dk\\\/en\\\/\",\"logo\":{\"@type\":\"ImageObject\",\"inLanguage\":\"sv-SE\",\"@id\":\"https:\\\/\\\/addaroom.dk\\\/en\\\/#\\\/schema\\\/logo\\\/image\\\/\",\"url\":\"https:\\\/\\\/addaroom.dk\\\/wp-content\\\/uploads\\\/2025\\\/09\\\/Screenshot-2025-09-18-122421.png\",\"contentUrl\":\"https:\\\/\\\/addaroom.dk\\\/wp-content\\\/uploads\\\/2025\\\/09\\\/Screenshot-2025-09-18-122421.png\",\"width\":263,\"height\":80,\"caption\":\"Add a Room\"},\"image\":{\"@id\":\"https:\\\/\\\/addaroom.dk\\\/en\\\/#\\\/schema\\\/logo\\\/image\\\/\"},\"sameAs\":[\"https:\\\/\\\/www.facebook.com\\\/share\\\/1EZnEZVh7L\\\/?mibextid=wwXIfr\",\"https:\\\/\\\/www.instagram.com\\\/add_a_room?igsh=MWo2cHNwN3dmNGR1eA&utm_source=qr\"]}]}<\/script>\n<!-- \/ Yoast SEO plugin. -->","yoast_head_json":{"title":"Nyckelf\u00e4rdig tillbyggnad - Add a Room","robots":{"index":"index","follow":"follow","max-snippet":"max-snippet:-1","max-image-preview":"max-image-preview:large","max-video-preview":"max-video-preview:-1"},"canonical":"https:\/\/addaroom.dk\/sv\/inspiration\/nyckelfardig-tillbyggnad\/","twitter_misc":{"Ber\u00e4knad l\u00e4stid":"2 minuter"},"schema":{"@context":"https:\/\/schema.org","@graph":[{"@type":"WebPage","@id":"https:\/\/addaroom.dk\/sv\/inspiration\/nyckelfardig-tillbyggnad\/","url":"https:\/\/addaroom.dk\/sv\/inspiration\/nyckelfardig-tillbyggnad\/","name":"Nyckelf\u00e4rdig tillbyggnad - Add a Room","isPartOf":{"@id":"https:\/\/addaroom.dk\/en\/#website"},"datePublished":"2021-02-18T09:18:53+00:00","dateModified":"2024-08-19T09:45:08+00:00","breadcrumb":{"@id":"https:\/\/addaroom.dk\/sv\/inspiration\/nyckelfardig-tillbyggnad\/#breadcrumb"},"inLanguage":"sv-SE","potentialAction":[{"@type":"ReadAction","target":["https:\/\/addaroom.dk\/sv\/inspiration\/nyckelfardig-tillbyggnad\/"]}]},{"@type":"BreadcrumbList","@id":"https:\/\/addaroom.dk\/sv\/inspiration\/nyckelfardig-tillbyggnad\/#breadcrumb","itemListElement":[{"@type":"ListItem","position":1,"name":"Hem","item":"https:\/\/addaroom.dk\/sv\/"},{"@type":"ListItem","position":2,"name":"Inspiration","item":"https:\/\/addaroom.dk\/sv\/inspiration\/"},{"@type":"ListItem","position":3,"name":"Nyckelf\u00e4rdig tillbyggnad"}]},{"@type":"WebSite","@id":"https:\/\/addaroom.dk\/en\/#website","url":"https:\/\/addaroom.dk\/en\/","name":"Add a Room","description":"Small houses with big possibilities","publisher":{"@id":"https:\/\/addaroom.dk\/en\/#organization"},"potentialAction":[{"@type":"SearchAction","target":{"@type":"EntryPoint","urlTemplate":"https:\/\/addaroom.dk\/en\/?s={search_term_string}"},"query-input":{"@type":"PropertyValueSpecification","valueRequired":true,"valueName":"search_term_string"}}],"inLanguage":"sv-SE"},{"@type":"Organization","@id":"https:\/\/addaroom.dk\/en\/#organization","name":"Add a Room","url":"https:\/\/addaroom.dk\/en\/","logo":{"@type":"ImageObject","inLanguage":"sv-SE","@id":"https:\/\/addaroom.dk\/en\/#\/schema\/logo\/image\/","url":"https:\/\/addaroom.dk\/wp-content\/uploads\/2025\/09\/Screenshot-2025-09-18-122421.png","contentUrl":"https:\/\/addaroom.dk\/wp-content\/uploads\/2025\/09\/Screenshot-2025-09-18-122421.png","width":263,"height":80,"caption":"Add a Room"},"image":{"@id":"https:\/\/addaroom.dk\/en\/#\/schema\/logo\/image\/"},"sameAs":["https:\/\/www.facebook.com\/share\/1EZnEZVh7L\/?mibextid=wwXIfr","https:\/\/www.instagram.com\/add_a_room?igsh=MWo2cHNwN3dmNGR1eA&utm_source=qr"]}]}},"_links":{"self":[{"href":"https:\/\/addaroom.dk\/sv\/wp-json\/wp\/v2\/pages\/11612","targetHints":{"allow":["GET"]}}],"collection":[{"href":"https:\/\/addaroom.dk\/sv\/wp-json\/wp\/v2\/pages"}],"about":[{"href":"https:\/\/addaroom.dk\/sv\/wp-json\/wp\/v2\/types\/page"}],"author":[{"embeddable":true,"href":"https:\/\/addaroom.dk\/sv\/wp-json\/wp\/v2\/users\/1"}],"replies":[{"embeddable":true,"href":"https:\/\/addaroom.dk\/sv\/wp-json\/wp\/v2\/comments?post=11612"}],"version-history":[{"count":0,"href":"https:\/\/addaroom.dk\/sv\/wp-json\/wp\/v2\/pages\/11612\/revisions"}],"up":[{"embeddable":true,"href":"https:\/\/addaroom.dk\/sv\/wp-json\/wp\/v2\/pages\/12021"}],"wp:attachment":[{"href":"https:\/\/addaroom.dk\/sv\/wp-json\/wp\/v2\/media?parent=11612"}],"curies":[{"name":"wp","href":"https:\/\/api.w.org\/{rel}","templated":true}]}}