{"id":11610,"date":"2021-02-17T14:01:33","date_gmt":"2021-02-17T14:01:33","guid":{"rendered":"https:\/\/addaroom.dk\/internal-options\/"},"modified":"2021-03-11T14:47:59","modified_gmt":"2021-03-11T14:47:59","slug":"invandiga-tillval","status":"publish","type":"page","link":"https:\/\/addaroom.dk\/sv\/vara-hus\/invandiga-tillval\/","title":{"rendered":"Inv\u00e4ndiga tillval"},"content":{"rendered":"<div class=\"pc\"><div class=\"pc--1\"><div class=\"wp-block-wrapper core--heading\">\n<h2 class=\"wp-block-heading\"><strong>Tillvalen som g\u00f6r ditt hus till ett hem<\/strong><\/h2>\n<\/div><\/div><\/div><div class=\"wp-block-wrapper acf--content-block\">\n<div class=\"pc bc--white \">\n    <div class=\"pc--1\">\n        <div class=\"gb-block block--content pull-right\">\n            <div class=\"block--content-text-wrapper\">\n                <div class=\"block--content-text\">\n                    <p>V\u00e5ra husmoduler kommer som standard som tomma rum. D\u00e4refter \u00e4r det helt upp till dig vilka av tillvalen nedan du \u00f6nskar. Tillvalen har precis samma flexibilitet som resten av v\u00e5rt koncept. Hur mycket extra plats bredvid s\u00e4ngen som \u00f6nskas, och vad som kan flyttas till vardagsrummet v\u00e4ljer du helt sj\u00e4lv. V\u00e4lj ett alternativ f\u00f6r att l\u00e4sa mer.<\/p>\n                <\/div>\n            <\/div>\n            <div class=\"block--content-image\">\n                                    <img loading=\"lazy\" decoding=\"async\" src=\"https:\/\/addaroom.dk\/wp-content\/uploads\/2016\/07\/Hus_-2-1024x683.jpg\" alt=\"\" height=\"683\" width=\"1024\"\/>\n                            <\/div>\n        <\/div>\n    <\/div>\n<\/div><\/div><div class=\"wp-block-wrapper acf--post-type-block\">    <div class=\"pc bc--white \">\n        <div class=\"pc--1\">\n\t\t\t\t            <div class=\"gb-block block--post disp--flex flex--cols just--arou\">\n\n\t\t\t\t\t\t\t\t\t\t\t\t\t\t\t\n\t\t\t\t\t\t\t\t\t\t\t\t<div class=\"layout--vertical flex--33 disp--flex\">\n\t\t\t\t\t\t\t\t\t\t\t\t\t\t\n\n<a href=\"https:\/\/addaroom.dk\/sv\/vara-hus\/invandiga-tillval\/inbyggda-vaningssangar\/\" target=\"_self\" class=\"card\">\n            <div class=\"card--image\">\n            <img loading=\"lazy\" decoding=\"async\" style=\"object-fit: cover\" src=\"https:\/\/addaroom.dk\/wp-content\/uploads\/2019\/03\/tailormade-bedbunks-768x1024.jpg\" alt=\"\" height=\"1024\" width=\"768\"\/>        <\/div>\n           \n    <div class=\"card--content\">\n        <div>\n            <div class=\"card--summary\">\n                <div class=\"card-heading--content\">\n                    <h3>Inbyggda v\u00e5ningss\u00e4ngar<\/h3><p>Detta \u00e4r compact smart living! En effektiv optimering av det lilla sovrummet, f\u00f6r att \u00f6ka den gemensamma ytan i huset.<\/p>\n                 <\/div>\n                                     <div class=\"card--button\">\n                        <div class=\"button\">Visa<\/div>\n                    <\/div>\n                            <\/div>\n        <\/div>\n    <\/div>\n<\/a>\t\t\t\t\t\t<\/div>\n\t\t\t\t\t\t\t\t\t\t\t\n\t\t\t\t\t\t\t\t\t\t\t\t<div class=\"layout--vertical flex--33 disp--flex\">\n\t\t\t\t\t\t\t\t\t\t\t\t\t\t\n\n<a href=\"https:\/\/addaroom.dk\/sv\/vara-hus\/invandiga-tillval\/badrum\/\" target=\"_self\" class=\"card\">\n            <div class=\"card--image\">\n            <img loading=\"lazy\" decoding=\"async\" style=\"object-fit: cover\" src=\"https:\/\/addaroom.dk\/wp-content\/uploads\/2018\/03\/minihus19-1024x681.jpg\" alt=\"Tiny bathroom\" height=\"681\" width=\"1024\"\/>        <\/div>\n           \n    <div class=\"card--content\">\n        <div>\n            <div class=\"card--summary\">\n                <div class=\"card-heading--content\">\n                    <h3>Badrum<\/h3><p>Badrum med noggrant utvalda komponenter f\u00f6r ett underh\u00e5llsfritt, h\u00e5llbart och effektivt planerat badrum.<\/p>\n                 <\/div>\n                                     <div class=\"card--button\">\n                        <div class=\"button\">Visa<\/div>\n                    <\/div>\n                            <\/div>\n        <\/div>\n    <\/div>\n<\/a>\t\t\t\t\t\t<\/div>\n\t\t\t\t\t\t\t\t\t\t\t\n\t\t\t\t\t\t\t\t\t\t\t\t<div class=\"layout--vertical flex--33 disp--flex\">\n\t\t\t\t\t\t\t\t\t\t\t\t\t\t\n\n<a href=\"https:\/\/addaroom.dk\/sv\/vara-hus\/invandiga-tillval\/kok\/\" target=\"_self\" class=\"card\">\n            <div class=\"card--image\">\n            <img loading=\"lazy\" decoding=\"async\" style=\"object-fit: cover\" src=\"https:\/\/addaroom.dk\/wp-content\/uploads\/2016\/07\/minihus18-681x1024.jpg\" alt=\"\" height=\"1024\" width=\"681\"\/>        <\/div>\n           \n    <div class=\"card--content\">\n        <div>\n            <div class=\"card--summary\">\n                <div class=\"card-heading--content\">\n                    <h3>K\u00f6k<\/h3><p>K\u00f6k byggda f\u00f6r l\u00e5ngsiktig matgl\u00e4dje. Komponenterna \u00e4r noggrant valda och specialtillverkade f\u00f6r ett h\u00e5llbart och platseffektivt k\u00f6k.<\/p>\n                 <\/div>\n                                     <div class=\"card--button\">\n                        <div class=\"button\">Visa<\/div>\n                    <\/div>\n                            <\/div>\n        <\/div>\n    <\/div>\n<\/a>\t\t\t\t\t\t<\/div>\n\t\t\t\t\t\t\t\t\t\t\t\n\t\t\t\t\t\t\t\t\t\t\t\t<div class=\"layout--vertical flex--33 disp--flex\">\n\t\t\t\t\t\t\t\t\t\t\t\t\t\t\n\n<a href=\"https:\/\/addaroom.dk\/sv\/vara-hus\/invandiga-tillval\/bastu\/\" target=\"_self\" class=\"card\">\n            <div class=\"card--image\">\n            <img loading=\"lazy\" decoding=\"async\" style=\"object-fit: cover\" src=\"https:\/\/addaroom.dk\/wp-content\/uploads\/2021\/03\/Sauna_stor.jpg\" alt=\"\" height=\"616\" width=\"900\"\/>        <\/div>\n           \n    <div class=\"card--content\">\n        <div>\n            <div class=\"card--summary\">\n                <div class=\"card-heading--content\">\n                    <h3>Bastu<\/h3><p>Den nordiska meditationsstudion! L\u00e5t oss visa dig den urgamla traditionen, som ger lyx i det vardagliga livet.<\/p>\n                 <\/div>\n                                     <div class=\"card--button\">\n                        <div class=\"button\">Visa<\/div>\n                    <\/div>\n                            <\/div>\n        <\/div>\n    <\/div>\n<\/a>\t\t\t\t\t\t<\/div>\n\t\t\t\t\t\t\t\t\t\t\t\n\t\t\t\t\t\t\t\t\t\t\t\t<div class=\"layout--vertical flex--33 disp--flex\">\n\t\t\t\t\t\t\t\t\t\t\t\t\t\t\n\n<a href=\"https:\/\/addaroom.dk\/sv\/vara-hus\/invandiga-tillval\/vagg-med-skjutdorr\/\" target=\"_self\" class=\"card\">\n            <div class=\"card--image\">\n            <img loading=\"lazy\" decoding=\"async\" style=\"object-fit: cover\" src=\"https:\/\/addaroom.dk\/wp-content\/uploads\/2016\/07\/minihus20-681x1024.jpg\" alt=\"\" height=\"1024\" width=\"681\"\/>        <\/div>\n           \n    <div class=\"card--content\">\n        <div>\n            <div class=\"card--summary\">\n                <div class=\"card-heading--content\">\n                    <h3>V\u00e4gg med skjutd\u00f6rr<\/h3><p>Sk\u00e4rma av ditt sovrum med en inv\u00e4ndig v\u00e4gg och den platseffektiva skjutd\u00f6rren.<\/p>\n                 <\/div>\n                                     <div class=\"card--button\">\n                        <div class=\"button\">Visa<\/div>\n                    <\/div>\n                            <\/div>\n        <\/div>\n    <\/div>\n<\/a>\t\t\t\t\t\t<\/div>\n\t\t\t\t\t\t\t\t\t\t\t\n\t\t\t\t\t\t\t\t\t\t\t\t<div class=\"layout--vertical flex--33 disp--flex\">\n\t\t\t\t\t\t\t\t\t\t\t\t\t\t\n\n<a href=\"https:\/\/addaroom.dk\/sv\/vara-hus\/invandiga-tillval\/vedeldad-kamin\/\" target=\"_self\" class=\"card\">\n            <div class=\"card--image\">\n            <img loading=\"lazy\" decoding=\"async\" style=\"object-fit: cover\" src=\"https:\/\/addaroom.dk\/wp-content\/uploads\/2021\/03\/ADD_A_ROOM_0030-684x1024.jpg\" alt=\"\" height=\"1024\" width=\"684\"\/>        <\/div>\n           \n    <div class=\"card--content\">\n        <div>\n            <div class=\"card--summary\">\n                <div class=\"card-heading--content\">\n                    <h3>Vedeldad kamin<\/h3><p>Back to basic, with a bit of luxury! Njut av kv\u00e4llarna framf\u00f6r kaminen, efter en l\u00e5ng dag av vedhuggande.<\/p>\n                 <\/div>\n                                     <div class=\"card--button\">\n                        <div class=\"button\">Visa<\/div>\n                    <\/div>\n                            <\/div>\n        <\/div>\n    <\/div>\n<\/a>\t\t\t\t\t\t<\/div>\n\t\t\t\t\t\t\t\t\t            <\/div>\n        <\/div>\n    <\/div>\n    <\/div>","protected":false},"excerpt":{"rendered":"<p>Tillvalen som g\u00f6r ditt hus till ett hem<\/p>\n","protected":false},"author":1,"featured_media":0,"parent":11624,"menu_order":0,"comment_status":"closed","ping_status":"closed","template":"templates\/modules-options.php","meta":{"_acf_changed":false,"footnotes":""},"class_list":["post-11610","page","type-page","status-publish","hentry"],"acf":[],"yoast_head":"<!-- This site is optimized with the Yoast SEO plugin v27.3 - https:\/\/yoast.com\/product\/yoast-seo-wordpress\/ -->\n<title>Inv\u00e4ndiga tillval - Add a Room<\/title>\n<meta name=\"robots\" content=\"index, follow, max-snippet:-1, max-image-preview:large, max-video-preview:-1\" \/>\n<link rel=\"canonical\" href=\"https:\/\/addaroom.dk\/sv\/vara-hus\/invandiga-tillval\/\" \/>\n<meta name=\"twitter:label1\" content=\"Ber\u00e4knad l\u00e4stid\" \/>\n\t<meta name=\"twitter:data1\" content=\"1 minut\" \/>\n<script type=\"application\/ld+json\" class=\"yoast-schema-graph\">{\"@context\":\"https:\\\/\\\/schema.org\",\"@graph\":[{\"@type\":\"WebPage\",\"@id\":\"https:\\\/\\\/addaroom.dk\\\/sv\\\/vara-hus\\\/invandiga-tillval\\\/\",\"url\":\"https:\\\/\\\/addaroom.dk\\\/sv\\\/vara-hus\\\/invandiga-tillval\\\/\",\"name\":\"Inv\u00e4ndiga tillval - Add a Room\",\"isPartOf\":{\"@id\":\"https:\\\/\\\/addaroom.dk\\\/en\\\/#website\"},\"datePublished\":\"2021-02-17T14:01:33+00:00\",\"dateModified\":\"2021-03-11T14:47:59+00:00\",\"breadcrumb\":{\"@id\":\"https:\\\/\\\/addaroom.dk\\\/sv\\\/vara-hus\\\/invandiga-tillval\\\/#breadcrumb\"},\"inLanguage\":\"sv-SE\",\"potentialAction\":[{\"@type\":\"ReadAction\",\"target\":[\"https:\\\/\\\/addaroom.dk\\\/sv\\\/vara-hus\\\/invandiga-tillval\\\/\"]}]},{\"@type\":\"BreadcrumbList\",\"@id\":\"https:\\\/\\\/addaroom.dk\\\/sv\\\/vara-hus\\\/invandiga-tillval\\\/#breadcrumb\",\"itemListElement\":[{\"@type\":\"ListItem\",\"position\":1,\"name\":\"Hem\",\"item\":\"https:\\\/\\\/addaroom.dk\\\/sv\\\/\"},{\"@type\":\"ListItem\",\"position\":2,\"name\":\"V\u00e5ra hus\",\"item\":\"https:\\\/\\\/addaroom.dk\\\/sv\\\/vara-hus\\\/\"},{\"@type\":\"ListItem\",\"position\":3,\"name\":\"Inv\u00e4ndiga tillval\"}]},{\"@type\":\"WebSite\",\"@id\":\"https:\\\/\\\/addaroom.dk\\\/en\\\/#website\",\"url\":\"https:\\\/\\\/addaroom.dk\\\/en\\\/\",\"name\":\"Add a Room\",\"description\":\"Small houses with big possibilities\",\"publisher\":{\"@id\":\"https:\\\/\\\/addaroom.dk\\\/en\\\/#organization\"},\"potentialAction\":[{\"@type\":\"SearchAction\",\"target\":{\"@type\":\"EntryPoint\",\"urlTemplate\":\"https:\\\/\\\/addaroom.dk\\\/en\\\/?s={search_term_string}\"},\"query-input\":{\"@type\":\"PropertyValueSpecification\",\"valueRequired\":true,\"valueName\":\"search_term_string\"}}],\"inLanguage\":\"sv-SE\"},{\"@type\":\"Organization\",\"@id\":\"https:\\\/\\\/addaroom.dk\\\/en\\\/#organization\",\"name\":\"Add a Room\",\"url\":\"https:\\\/\\\/addaroom.dk\\\/en\\\/\",\"logo\":{\"@type\":\"ImageObject\",\"inLanguage\":\"sv-SE\",\"@id\":\"https:\\\/\\\/addaroom.dk\\\/en\\\/#\\\/schema\\\/logo\\\/image\\\/\",\"url\":\"https:\\\/\\\/addaroom.dk\\\/wp-content\\\/uploads\\\/2025\\\/09\\\/Screenshot-2025-09-18-122421.png\",\"contentUrl\":\"https:\\\/\\\/addaroom.dk\\\/wp-content\\\/uploads\\\/2025\\\/09\\\/Screenshot-2025-09-18-122421.png\",\"width\":263,\"height\":80,\"caption\":\"Add a Room\"},\"image\":{\"@id\":\"https:\\\/\\\/addaroom.dk\\\/en\\\/#\\\/schema\\\/logo\\\/image\\\/\"},\"sameAs\":[\"https:\\\/\\\/www.facebook.com\\\/share\\\/1EZnEZVh7L\\\/?mibextid=wwXIfr\",\"https:\\\/\\\/www.instagram.com\\\/add_a_room?igsh=MWo2cHNwN3dmNGR1eA&utm_source=qr\"]}]}<\/script>\n<!-- \/ Yoast SEO plugin. -->","yoast_head_json":{"title":"Inv\u00e4ndiga tillval - Add a Room","robots":{"index":"index","follow":"follow","max-snippet":"max-snippet:-1","max-image-preview":"max-image-preview:large","max-video-preview":"max-video-preview:-1"},"canonical":"https:\/\/addaroom.dk\/sv\/vara-hus\/invandiga-tillval\/","twitter_misc":{"Ber\u00e4knad l\u00e4stid":"1 minut"},"schema":{"@context":"https:\/\/schema.org","@graph":[{"@type":"WebPage","@id":"https:\/\/addaroom.dk\/sv\/vara-hus\/invandiga-tillval\/","url":"https:\/\/addaroom.dk\/sv\/vara-hus\/invandiga-tillval\/","name":"Inv\u00e4ndiga tillval - Add a Room","isPartOf":{"@id":"https:\/\/addaroom.dk\/en\/#website"},"datePublished":"2021-02-17T14:01:33+00:00","dateModified":"2021-03-11T14:47:59+00:00","breadcrumb":{"@id":"https:\/\/addaroom.dk\/sv\/vara-hus\/invandiga-tillval\/#breadcrumb"},"inLanguage":"sv-SE","potentialAction":[{"@type":"ReadAction","target":["https:\/\/addaroom.dk\/sv\/vara-hus\/invandiga-tillval\/"]}]},{"@type":"BreadcrumbList","@id":"https:\/\/addaroom.dk\/sv\/vara-hus\/invandiga-tillval\/#breadcrumb","itemListElement":[{"@type":"ListItem","position":1,"name":"Hem","item":"https:\/\/addaroom.dk\/sv\/"},{"@type":"ListItem","position":2,"name":"V\u00e5ra hus","item":"https:\/\/addaroom.dk\/sv\/vara-hus\/"},{"@type":"ListItem","position":3,"name":"Inv\u00e4ndiga tillval"}]},{"@type":"WebSite","@id":"https:\/\/addaroom.dk\/en\/#website","url":"https:\/\/addaroom.dk\/en\/","name":"Add a Room","description":"Small houses with big possibilities","publisher":{"@id":"https:\/\/addaroom.dk\/en\/#organization"},"potentialAction":[{"@type":"SearchAction","target":{"@type":"EntryPoint","urlTemplate":"https:\/\/addaroom.dk\/en\/?s={search_term_string}"},"query-input":{"@type":"PropertyValueSpecification","valueRequired":true,"valueName":"search_term_string"}}],"inLanguage":"sv-SE"},{"@type":"Organization","@id":"https:\/\/addaroom.dk\/en\/#organization","name":"Add a Room","url":"https:\/\/addaroom.dk\/en\/","logo":{"@type":"ImageObject","inLanguage":"sv-SE","@id":"https:\/\/addaroom.dk\/en\/#\/schema\/logo\/image\/","url":"https:\/\/addaroom.dk\/wp-content\/uploads\/2025\/09\/Screenshot-2025-09-18-122421.png","contentUrl":"https:\/\/addaroom.dk\/wp-content\/uploads\/2025\/09\/Screenshot-2025-09-18-122421.png","width":263,"height":80,"caption":"Add a Room"},"image":{"@id":"https:\/\/addaroom.dk\/en\/#\/schema\/logo\/image\/"},"sameAs":["https:\/\/www.facebook.com\/share\/1EZnEZVh7L\/?mibextid=wwXIfr","https:\/\/www.instagram.com\/add_a_room?igsh=MWo2cHNwN3dmNGR1eA&utm_source=qr"]}]}},"_links":{"self":[{"href":"https:\/\/addaroom.dk\/sv\/wp-json\/wp\/v2\/pages\/11610","targetHints":{"allow":["GET"]}}],"collection":[{"href":"https:\/\/addaroom.dk\/sv\/wp-json\/wp\/v2\/pages"}],"about":[{"href":"https:\/\/addaroom.dk\/sv\/wp-json\/wp\/v2\/types\/page"}],"author":[{"embeddable":true,"href":"https:\/\/addaroom.dk\/sv\/wp-json\/wp\/v2\/users\/1"}],"replies":[{"embeddable":true,"href":"https:\/\/addaroom.dk\/sv\/wp-json\/wp\/v2\/comments?post=11610"}],"version-history":[{"count":0,"href":"https:\/\/addaroom.dk\/sv\/wp-json\/wp\/v2\/pages\/11610\/revisions"}],"up":[{"embeddable":true,"href":"https:\/\/addaroom.dk\/sv\/wp-json\/wp\/v2\/pages\/11624"}],"wp:attachment":[{"href":"https:\/\/addaroom.dk\/sv\/wp-json\/wp\/v2\/media?parent=11610"}],"curies":[{"name":"wp","href":"https:\/\/api.w.org\/{rel}","templated":true}]}}