{"id":11602,"date":"2021-02-20T08:44:09","date_gmt":"2021-02-20T08:44:09","guid":{"rendered":"https:\/\/addaroom.dk\/panels\/"},"modified":"2024-08-20T12:13:46","modified_gmt":"2024-08-20T12:13:46","slug":"panel","status":"publish","type":"page","link":"https:\/\/addaroom.dk\/sv\/vara-hus\/material\/panel\/","title":{"rendered":"Panel"},"content":{"rendered":"<div class=\"pc\"><div class=\"pc--1\"><div class=\"wp-block-wrapper core--paragraph\">\n<p>Sedan starten 2010 har en central del, s\u00e5v\u00e4l ur ett milj\u00f6perspektiv som designperspektiv, varit att det aldrig ska vara ett m\u00e5ste att m\u00e5la ett Add a Room. Genom patenterade nordiska metoder, behandlas tr\u00e4et p\u00e5 ett milj\u00f6v\u00e4nligt s\u00e4tt f\u00f6r att minimera underh\u00e5llet.<\/p>\n<\/div><\/div><\/div><div class=\"pc\"><div class=\"pc--1\"><div class=\"wp-block-wrapper core--heading\">\n<h2 class=\"wp-block-heading\">Om\u00e5lat<\/h2>\n<\/div><\/div><\/div><div class=\"pc\"><div class=\"pc--1\"><div class=\"wp-block-wrapper core--paragraph\">\n<p>Vid om\u00e5lat kommer huset gradvis f\u00e5 en vacker, gr\u00e5 kul\u00f6r. Detta eliminerar ocks\u00e5 behovet av framtida m\u00e5lning.<\/p>\n<\/div><\/div><\/div><div class=\"pc\"><div class=\"pc--1\"><div class=\"wp-block-wrapper core--image\">\n<figure class=\"wp-block-image size-large\"><img loading=\"lazy\" decoding=\"async\" width=\"1024\" height=\"680\" src=\"https:\/\/addaroom.dk\/wp-content\/uploads\/2021\/04\/2019-06-26-17.06.16-1024x680.jpg\" alt=\"\" class=\"wp-image-14086\" srcset=\"https:\/\/addaroom.dk\/wp-content\/uploads\/2021\/04\/2019-06-26-17.06.16-1024x680.jpg 1024w, https:\/\/addaroom.dk\/wp-content\/uploads\/2021\/04\/2019-06-26-17.06.16-300x200.jpg 300w, https:\/\/addaroom.dk\/wp-content\/uploads\/2021\/04\/2019-06-26-17.06.16-768x510.jpg 768w, https:\/\/addaroom.dk\/wp-content\/uploads\/2021\/04\/2019-06-26-17.06.16-1536x1020.jpg 1536w, https:\/\/addaroom.dk\/wp-content\/uploads\/2021\/04\/2019-06-26-17.06.16-2048x1360.jpg 2048w, https:\/\/addaroom.dk\/wp-content\/uploads\/2021\/04\/2019-06-26-17.06.16-scaled.jpg 1800w\" sizes=\"auto, (max-width: 1024px) 100vw, 1024px\" \/><figcaption class=\"wp-element-caption\">Modulerna till v\u00e4nster har efter fyra \u00e5r patinerat till en gr\u00e5 nyans. Till h\u00f6ger ser vi en nyligen levererad modul, som successivt kommer sm\u00e4lta samman med de \u00e4ldre modulerna.<\/figcaption><\/figure>\n<\/div><\/div><\/div><div class=\"pc\"><div class=\"pc--1\"><div class=\"wp-block-wrapper core--heading\">\n<h2 class=\"wp-block-heading\">M\u00e5lat<\/h2>\n<\/div><\/div><\/div><div class=\"pc\"><div class=\"pc--1\"><div class=\"wp-block-wrapper core--image\">\n<figure class=\"wp-block-image size-large\"><img loading=\"lazy\" decoding=\"async\" width=\"1024\" height=\"683\" src=\"https:\/\/addaroom.dk\/wp-content\/uploads\/2019\/07\/Hus_-15-1024x683.jpg\" alt=\"\" class=\"wp-image-8105\" srcset=\"https:\/\/addaroom.dk\/wp-content\/uploads\/2019\/07\/Hus_-15-1024x683.jpg 1024w, https:\/\/addaroom.dk\/wp-content\/uploads\/2019\/07\/Hus_-15-300x200.jpg 300w, https:\/\/addaroom.dk\/wp-content\/uploads\/2019\/07\/Hus_-15-768x512.jpg 768w, https:\/\/addaroom.dk\/wp-content\/uploads\/2019\/07\/Hus_-15.jpg 1800w\" sizes=\"auto, (max-width: 1024px) 100vw, 1024px\" \/><\/figure>\n<\/div><\/div><\/div><div class=\"pc\"><div class=\"pc--1\"><div class=\"wp-block-wrapper core--paragraph\">\n<p>Som ett tillval kan du f\u00e5 din modul svartm\u00e5lad. M\u00e5lningen sker direkt fr\u00e5n fabrik.<\/p>\n<\/div><\/div><\/div>","protected":false},"excerpt":{"rendered":"<p>Sedan starten 2010 har en central del, s\u00e5v\u00e4l ur ett milj\u00f6perspektiv som designperspektiv, varit att det aldrig ska vara ett m\u00e5ste att m\u00e5la ett Add a Room. Genom patenterade nordiska metoder, behandlas tr\u00e4et p\u00e5 ett milj\u00f6v\u00e4nligt s\u00e4tt f\u00f6r att minimera underh\u00e5llet. Om\u00e5lat Vid om\u00e5lat kommer huset gradvis f\u00e5 en vacker, gr\u00e5 kul\u00f6r. Detta eliminerar ocks\u00e5 &hellip; <a href=\"https:\/\/addaroom.dk\/sv\/vara-hus\/material\/panel\/\">Continued<\/a><\/p>\n","protected":false},"author":1,"featured_media":0,"parent":14006,"menu_order":0,"comment_status":"closed","ping_status":"closed","template":"templates\/modules-options.php","meta":{"_acf_changed":true,"footnotes":""},"class_list":["post-11602","page","type-page","status-publish","hentry"],"acf":[],"yoast_head":"<!-- This site is optimized with the Yoast SEO plugin v27.4 - https:\/\/yoast.com\/product\/yoast-seo-wordpress\/ -->\n<title>Panel - Add a Room<\/title>\n<meta name=\"robots\" content=\"index, follow, max-snippet:-1, max-image-preview:large, max-video-preview:-1\" \/>\n<link rel=\"canonical\" href=\"https:\/\/addaroom.dk\/sv\/vara-hus\/material\/panel\/\" \/>\n<meta name=\"twitter:label1\" content=\"Ber\u00e4knad l\u00e4stid\" \/>\n\t<meta name=\"twitter:data1\" content=\"2 minuter\" \/>\n<script type=\"application\/ld+json\" class=\"yoast-schema-graph\">{\"@context\":\"https:\\\/\\\/schema.org\",\"@graph\":[{\"@type\":\"WebPage\",\"@id\":\"https:\\\/\\\/addaroom.dk\\\/sv\\\/vara-hus\\\/material\\\/panel\\\/\",\"url\":\"https:\\\/\\\/addaroom.dk\\\/sv\\\/vara-hus\\\/material\\\/panel\\\/\",\"name\":\"Panel - Add a Room\",\"isPartOf\":{\"@id\":\"https:\\\/\\\/addaroom.dk\\\/en\\\/#website\"},\"primaryImageOfPage\":{\"@id\":\"https:\\\/\\\/addaroom.dk\\\/sv\\\/vara-hus\\\/material\\\/panel\\\/#primaryimage\"},\"image\":{\"@id\":\"https:\\\/\\\/addaroom.dk\\\/sv\\\/vara-hus\\\/material\\\/panel\\\/#primaryimage\"},\"thumbnailUrl\":\"https:\\\/\\\/addaroom.dk\\\/wp-content\\\/uploads\\\/2021\\\/04\\\/2019-06-26-17.06.16-1024x680.jpg\",\"datePublished\":\"2021-02-20T08:44:09+00:00\",\"dateModified\":\"2024-08-20T12:13:46+00:00\",\"breadcrumb\":{\"@id\":\"https:\\\/\\\/addaroom.dk\\\/sv\\\/vara-hus\\\/material\\\/panel\\\/#breadcrumb\"},\"inLanguage\":\"sv-SE\",\"potentialAction\":[{\"@type\":\"ReadAction\",\"target\":[\"https:\\\/\\\/addaroom.dk\\\/sv\\\/vara-hus\\\/material\\\/panel\\\/\"]}]},{\"@type\":\"ImageObject\",\"inLanguage\":\"sv-SE\",\"@id\":\"https:\\\/\\\/addaroom.dk\\\/sv\\\/vara-hus\\\/material\\\/panel\\\/#primaryimage\",\"url\":\"https:\\\/\\\/addaroom.dk\\\/wp-content\\\/uploads\\\/2021\\\/04\\\/2019-06-26-17.06.16-1024x680.jpg\",\"contentUrl\":\"https:\\\/\\\/addaroom.dk\\\/wp-content\\\/uploads\\\/2021\\\/04\\\/2019-06-26-17.06.16-1024x680.jpg\"},{\"@type\":\"BreadcrumbList\",\"@id\":\"https:\\\/\\\/addaroom.dk\\\/sv\\\/vara-hus\\\/material\\\/panel\\\/#breadcrumb\",\"itemListElement\":[{\"@type\":\"ListItem\",\"position\":1,\"name\":\"Hem\",\"item\":\"https:\\\/\\\/addaroom.dk\\\/sv\\\/\"},{\"@type\":\"ListItem\",\"position\":2,\"name\":\"V\u00e5ra hus\",\"item\":\"https:\\\/\\\/addaroom.dk\\\/sv\\\/vara-hus\\\/\"},{\"@type\":\"ListItem\",\"position\":3,\"name\":\"Material\",\"item\":\"https:\\\/\\\/addaroom.dk\\\/sv\\\/vara-hus\\\/material\\\/\"},{\"@type\":\"ListItem\",\"position\":4,\"name\":\"Panel\"}]},{\"@type\":\"WebSite\",\"@id\":\"https:\\\/\\\/addaroom.dk\\\/en\\\/#website\",\"url\":\"https:\\\/\\\/addaroom.dk\\\/en\\\/\",\"name\":\"Add a Room\",\"description\":\"Small houses with big possibilities\",\"publisher\":{\"@id\":\"https:\\\/\\\/addaroom.dk\\\/en\\\/#organization\"},\"potentialAction\":[{\"@type\":\"SearchAction\",\"target\":{\"@type\":\"EntryPoint\",\"urlTemplate\":\"https:\\\/\\\/addaroom.dk\\\/en\\\/?s={search_term_string}\"},\"query-input\":{\"@type\":\"PropertyValueSpecification\",\"valueRequired\":true,\"valueName\":\"search_term_string\"}}],\"inLanguage\":\"sv-SE\"},{\"@type\":\"Organization\",\"@id\":\"https:\\\/\\\/addaroom.dk\\\/en\\\/#organization\",\"name\":\"Add a Room\",\"url\":\"https:\\\/\\\/addaroom.dk\\\/en\\\/\",\"logo\":{\"@type\":\"ImageObject\",\"inLanguage\":\"sv-SE\",\"@id\":\"https:\\\/\\\/addaroom.dk\\\/en\\\/#\\\/schema\\\/logo\\\/image\\\/\",\"url\":\"https:\\\/\\\/addaroom.dk\\\/wp-content\\\/uploads\\\/2025\\\/09\\\/Screenshot-2025-09-18-122421.png\",\"contentUrl\":\"https:\\\/\\\/addaroom.dk\\\/wp-content\\\/uploads\\\/2025\\\/09\\\/Screenshot-2025-09-18-122421.png\",\"width\":263,\"height\":80,\"caption\":\"Add a Room\"},\"image\":{\"@id\":\"https:\\\/\\\/addaroom.dk\\\/en\\\/#\\\/schema\\\/logo\\\/image\\\/\"},\"sameAs\":[\"https:\\\/\\\/www.facebook.com\\\/share\\\/1EZnEZVh7L\\\/?mibextid=wwXIfr\",\"https:\\\/\\\/www.instagram.com\\\/add_a_room?igsh=MWo2cHNwN3dmNGR1eA&utm_source=qr\"]}]}<\/script>\n<!-- \/ Yoast SEO plugin. -->","yoast_head_json":{"title":"Panel - Add a Room","robots":{"index":"index","follow":"follow","max-snippet":"max-snippet:-1","max-image-preview":"max-image-preview:large","max-video-preview":"max-video-preview:-1"},"canonical":"https:\/\/addaroom.dk\/sv\/vara-hus\/material\/panel\/","twitter_misc":{"Ber\u00e4knad l\u00e4stid":"2 minuter"},"schema":{"@context":"https:\/\/schema.org","@graph":[{"@type":"WebPage","@id":"https:\/\/addaroom.dk\/sv\/vara-hus\/material\/panel\/","url":"https:\/\/addaroom.dk\/sv\/vara-hus\/material\/panel\/","name":"Panel - Add a Room","isPartOf":{"@id":"https:\/\/addaroom.dk\/en\/#website"},"primaryImageOfPage":{"@id":"https:\/\/addaroom.dk\/sv\/vara-hus\/material\/panel\/#primaryimage"},"image":{"@id":"https:\/\/addaroom.dk\/sv\/vara-hus\/material\/panel\/#primaryimage"},"thumbnailUrl":"https:\/\/addaroom.dk\/wp-content\/uploads\/2021\/04\/2019-06-26-17.06.16-1024x680.jpg","datePublished":"2021-02-20T08:44:09+00:00","dateModified":"2024-08-20T12:13:46+00:00","breadcrumb":{"@id":"https:\/\/addaroom.dk\/sv\/vara-hus\/material\/panel\/#breadcrumb"},"inLanguage":"sv-SE","potentialAction":[{"@type":"ReadAction","target":["https:\/\/addaroom.dk\/sv\/vara-hus\/material\/panel\/"]}]},{"@type":"ImageObject","inLanguage":"sv-SE","@id":"https:\/\/addaroom.dk\/sv\/vara-hus\/material\/panel\/#primaryimage","url":"https:\/\/addaroom.dk\/wp-content\/uploads\/2021\/04\/2019-06-26-17.06.16-1024x680.jpg","contentUrl":"https:\/\/addaroom.dk\/wp-content\/uploads\/2021\/04\/2019-06-26-17.06.16-1024x680.jpg"},{"@type":"BreadcrumbList","@id":"https:\/\/addaroom.dk\/sv\/vara-hus\/material\/panel\/#breadcrumb","itemListElement":[{"@type":"ListItem","position":1,"name":"Hem","item":"https:\/\/addaroom.dk\/sv\/"},{"@type":"ListItem","position":2,"name":"V\u00e5ra hus","item":"https:\/\/addaroom.dk\/sv\/vara-hus\/"},{"@type":"ListItem","position":3,"name":"Material","item":"https:\/\/addaroom.dk\/sv\/vara-hus\/material\/"},{"@type":"ListItem","position":4,"name":"Panel"}]},{"@type":"WebSite","@id":"https:\/\/addaroom.dk\/en\/#website","url":"https:\/\/addaroom.dk\/en\/","name":"Add a Room","description":"Small houses with big possibilities","publisher":{"@id":"https:\/\/addaroom.dk\/en\/#organization"},"potentialAction":[{"@type":"SearchAction","target":{"@type":"EntryPoint","urlTemplate":"https:\/\/addaroom.dk\/en\/?s={search_term_string}"},"query-input":{"@type":"PropertyValueSpecification","valueRequired":true,"valueName":"search_term_string"}}],"inLanguage":"sv-SE"},{"@type":"Organization","@id":"https:\/\/addaroom.dk\/en\/#organization","name":"Add a Room","url":"https:\/\/addaroom.dk\/en\/","logo":{"@type":"ImageObject","inLanguage":"sv-SE","@id":"https:\/\/addaroom.dk\/en\/#\/schema\/logo\/image\/","url":"https:\/\/addaroom.dk\/wp-content\/uploads\/2025\/09\/Screenshot-2025-09-18-122421.png","contentUrl":"https:\/\/addaroom.dk\/wp-content\/uploads\/2025\/09\/Screenshot-2025-09-18-122421.png","width":263,"height":80,"caption":"Add a Room"},"image":{"@id":"https:\/\/addaroom.dk\/en\/#\/schema\/logo\/image\/"},"sameAs":["https:\/\/www.facebook.com\/share\/1EZnEZVh7L\/?mibextid=wwXIfr","https:\/\/www.instagram.com\/add_a_room?igsh=MWo2cHNwN3dmNGR1eA&utm_source=qr"]}]}},"_links":{"self":[{"href":"https:\/\/addaroom.dk\/sv\/wp-json\/wp\/v2\/pages\/11602","targetHints":{"allow":["GET"]}}],"collection":[{"href":"https:\/\/addaroom.dk\/sv\/wp-json\/wp\/v2\/pages"}],"about":[{"href":"https:\/\/addaroom.dk\/sv\/wp-json\/wp\/v2\/types\/page"}],"author":[{"embeddable":true,"href":"https:\/\/addaroom.dk\/sv\/wp-json\/wp\/v2\/users\/1"}],"replies":[{"embeddable":true,"href":"https:\/\/addaroom.dk\/sv\/wp-json\/wp\/v2\/comments?post=11602"}],"version-history":[{"count":0,"href":"https:\/\/addaroom.dk\/sv\/wp-json\/wp\/v2\/pages\/11602\/revisions"}],"up":[{"embeddable":true,"href":"https:\/\/addaroom.dk\/sv\/wp-json\/wp\/v2\/pages\/14006"}],"wp:attachment":[{"href":"https:\/\/addaroom.dk\/sv\/wp-json\/wp\/v2\/media?parent=11602"}],"curies":[{"name":"wp","href":"https:\/\/api.w.org\/{rel}","templated":true}]}}