{"id":11573,"date":"2021-02-20T08:47:04","date_gmt":"2021-02-20T08:47:04","guid":{"rendered":"https:\/\/addaroom.dk\/kitchens\/"},"modified":"2024-08-20T12:08:19","modified_gmt":"2024-08-20T12:08:19","slug":"kok","status":"publish","type":"page","link":"https:\/\/addaroom.dk\/sv\/vara-hus\/invandiga-tillval\/kok\/","title":{"rendered":"K\u00f6k"},"content":{"rendered":"<div class=\"pc\"><div class=\"pc--1\"><div class=\"wp-block-wrapper core--heading\">\n<h2 class=\"wp-block-heading\">K\u00f6k<\/h2>\n<\/div><\/div><\/div><div class=\"pc\"><div class=\"pc--1\"><div class=\"wp-block-wrapper core--paragraph\">\n<p>V\u00e4lkommen in i ditt framtida k\u00f6k! Add a Rooms k\u00f6k kommer i tv\u00e5 utf\u00f6randen, byggda f\u00f6r att utnyttja ytan till max. K\u00f6ken \u00e4r identiska g\u00e4llande materialval och funktioner, men skiljer sig i storlek. K\u00f6ket levereras helt nyckelf\u00e4rdigt, komplettera med din favoritservis!<\/p>\n<\/div><\/div><\/div><div class=\"pc\"><div class=\"pc--1\"><div class=\"wp-block-wrapper core--heading\">\n<h3 class=\"wp-block-heading\">Stort k\u00f6k<\/h3>\n<\/div><\/div><\/div><div class=\"wp-block-wrapper acf--image-block\">\n<div class=\"pc bc--white \">\n    <div class=\"pc--1\">\n        <div class=\"gb-block block--gallery\">\n                                                                <div class=\"gallery--slides\">\n                                    \t\t\t\t\t\t<div class=\"gallery-slide\">\n\t\t\t\t\t\t\t<img loading=\"lazy\" decoding=\"async\" src=\"https:\/\/addaroom.dk\/wp-content\/uploads\/2021\/03\/DSC_0001-1024x680.jpg\" alt=\"\" height=\"680\" width=\"1024\"\/>\n\t\t\t\t\t\t\t<div class=\"gallery--slide-caption\"><\/div>\n\t\t\t\t\t\t<\/div>\n                    \t\t\t\t\t\t<div class=\"gallery-slide\">\n\t\t\t\t\t\t\t<img loading=\"lazy\" decoding=\"async\" src=\"https:\/\/addaroom.dk\/wp-content\/uploads\/2021\/03\/kokken_gavl-scaled-e1614603527459-1024x720.jpg\" alt=\"\" height=\"720\" width=\"1024\"\/>\n\t\t\t\t\t\t\t<div class=\"gallery--slide-caption\"><\/div>\n\t\t\t\t\t\t<\/div>\n                    \t\t\t\t\t\t<div class=\"gallery-slide\">\n\t\t\t\t\t\t\t<img loading=\"lazy\" decoding=\"async\" src=\"https:\/\/addaroom.dk\/wp-content\/uploads\/2019\/07\/popup_large_kitchen_en-1024x586.png\" alt=\"\" height=\"586\" width=\"1024\"\/>\n\t\t\t\t\t\t\t<div class=\"gallery--slide-caption\"><\/div>\n\t\t\t\t\t\t<\/div>\n                                    <\/div>\n                    <\/div>\n    <\/div>\n<\/div><\/div><div class=\"pc\"><div class=\"pc--1\"><div class=\"wp-block-wrapper core--paragraph\">\n<p>Storlek: 2774 x 2300 x 700 mm<\/p>\n<\/div><\/div><\/div><div class=\"pc\"><div class=\"pc--1\"><div class=\"wp-block-wrapper core--paragraph\">\n<p><\/p>\n<\/div><\/div><\/div><div class=\"pc\"><div class=\"pc--1\"><div class=\"wp-block-wrapper core--paragraph\">\n<p>Det stora k\u00f6ket fyller hela husets bredd, och placeras p\u00e5 kortsidan. K\u00f6ket ger en rymlig arbetsyta, med en god belysning fr\u00e5n det breda f\u00f6nstret som ing\u00e5r. Detta \u00e4r det perfekta k\u00f6ket f\u00f6r permanentboendet, eller mat\u00e4lskarens sommarhus.<\/p>\n<\/div><\/div><\/div><div class=\"pc\"><div class=\"pc--1\"><div class=\"wp-block-wrapper core--heading\">\n<h3 class=\"wp-block-heading\">Litet k\u00f6k<\/h3>\n<\/div><\/div><\/div><div class=\"wp-block-wrapper acf--image-block\">\n<div class=\"pc bc--white \">\n    <div class=\"pc--1\">\n        <div class=\"gb-block block--gallery\">\n                                                                <div class=\"gallery--slides\">\n                                    \t\t\t\t\t\t<div class=\"gallery-slide\">\n\t\t\t\t\t\t\t<img loading=\"lazy\" decoding=\"async\" src=\"https:\/\/addaroom.dk\/wp-content\/uploads\/2021\/03\/2016.05.26_Vitra5089-1024x705.jpg\" alt=\"\" height=\"705\" width=\"1024\"\/>\n\t\t\t\t\t\t\t<div class=\"gallery--slide-caption\"><\/div>\n\t\t\t\t\t\t<\/div>\n                    \t\t\t\t\t\t<div class=\"gallery-slide\">\n\t\t\t\t\t\t\t<img loading=\"lazy\" decoding=\"async\" src=\"https:\/\/addaroom.dk\/wp-content\/uploads\/2021\/03\/IST_17-1239_211-1-1024x681.jpg\" alt=\"\" height=\"681\" width=\"1024\"\/>\n\t\t\t\t\t\t\t<div class=\"gallery--slide-caption\"><\/div>\n\t\t\t\t\t\t<\/div>\n                    \t\t\t\t\t\t<div class=\"gallery-slide\">\n\t\t\t\t\t\t\t<img loading=\"lazy\" decoding=\"async\" src=\"https:\/\/addaroom.dk\/wp-content\/uploads\/2021\/03\/kokken_bad-scaled-e1614604142748-1024x720.jpg\" alt=\"\" height=\"720\" width=\"1024\"\/>\n\t\t\t\t\t\t\t<div class=\"gallery--slide-caption\"><\/div>\n\t\t\t\t\t\t<\/div>\n                                    <\/div>\n                    <\/div>\n    <\/div>\n<\/div><\/div><div class=\"pc\"><div class=\"pc--1\"><div class=\"wp-block-wrapper core--paragraph\">\n<p>Storlek: 1800 x 2300 x 700 mm<\/p>\n<\/div><\/div><\/div><div class=\"pc\"><div class=\"pc--1\"><div class=\"wp-block-wrapper core--paragraph\">\n<p><\/p>\n<\/div><\/div><\/div><div class=\"pc\"><div class=\"pc--1\"><div class=\"wp-block-wrapper core--paragraph\">\n<p>Det lilla k\u00f6ket fungerar som en naturlig rumsavdelare, och placeras oftast n\u00e5gonstans i mitten av modulen. K\u00f6ket placeras ofta i direkt anslutning till ett badrum, f\u00f6r att underl\u00e4tta r\u00f6rdragningen, vilket resulterar i ett l\u00e4gre pris. Storleken \u00e4r liten nog f\u00f6r att ge en rymlig passage bredvid, men \u00e4nd\u00e5 stor nog f\u00f6r fullskaliga m\u00e5ltider.<\/p>\n<\/div><\/div><\/div><div class=\"wp-block-wrapper acf--content-block\">\n<div class=\"pc bc--white \">\n    <div class=\"pc--1\">\n        <div class=\"gb-block block--content pull-right\">\n            <div class=\"block--content-text-wrapper\">\n                <div class=\"block--content-text\">\n                    <h3>K\u00f6ksb\u00e4nk<\/h3>\n<p>Den rostfria k\u00f6ksb\u00e4nken \u00e4r specialbyggd i Danmark, anpassad f\u00f6r husets storlek. B\u00e4nken har en stor vask med Grohe armatur i ena \u00e4nden, och inbyggda kokplattor i andra.<\/p>\n                <\/div>\n            <\/div>\n            <div class=\"block--content-image\">\n                                    <img loading=\"lazy\" decoding=\"async\" src=\"https:\/\/addaroom.dk\/wp-content\/uploads\/2021\/03\/DSC_0004-1024x680.jpg\" alt=\"\" height=\"680\" width=\"1024\"\/>\n                            <\/div>\n        <\/div>\n    <\/div>\n<\/div><\/div><div class=\"wp-block-wrapper acf--content-block\">\n<div class=\"pc bc--white \">\n    <div class=\"pc--1\">\n        <div class=\"gb-block block--content pull-left\">\n            <div class=\"block--content-text-wrapper\">\n                <div class=\"block--content-text\">\n                    <h3>Underdel<\/h3>\n<p>Under b\u00e4nken placeras ett kylsk\u00e5p, en ugn samt f\u00f6rvaringsyta. H\u00e4r kan det \u00e4ven f\u00f6rberedas f\u00f6r en diskmaskin. Som standard levereras k\u00f6ket med ett l\u00e4ckert draperi t\u00e4ckande f\u00f6rvaringen samt kylsk\u00e5pet, men som tillval p\u00e5 kan k\u00f6ket f\u00e5s med IKEA voxtorp luckor.<\/p>\n                <\/div>\n            <\/div>\n            <div class=\"block--content-image\">\n                                    <img loading=\"lazy\" decoding=\"async\" src=\"https:\/\/addaroom.dk\/wp-content\/uploads\/2021\/03\/minihus17-681x1024.jpg\" alt=\"\" height=\"1024\" width=\"681\"\/>\n                            <\/div>\n        <\/div>\n    <\/div>\n<\/div><\/div><div class=\"wp-block-wrapper acf--content-block\">\n<div class=\"pc bc--white \">\n    <div class=\"pc--1\">\n        <div class=\"gb-block block--content pull-right\">\n            <div class=\"block--content-text-wrapper\">\n                <div class=\"block--content-text\">\n                    <h3>\u00d6verdel<\/h3>\n<p>Ovanf\u00f6r b\u00e4nken placeras \u00f6ppna hyllor f\u00f6r smidig f\u00f6rvaring och \u00e5tkomst. Som tillval p\u00e5 kan IKEA VOXTORP luckor placeras. Som standard levereras huset med en kolfilterk\u00f6ksfl\u00e4kt, som kan bytas ut mot en ventilerande k\u00f6ksfl\u00e4kt f\u00f6r.<\/p>\n                <\/div>\n            <\/div>\n            <div class=\"block--content-image\">\n                                    <img loading=\"lazy\" decoding=\"async\" src=\"https:\/\/addaroom.dk\/wp-content\/uploads\/2021\/03\/kokken-2-1-768x1024.jpg\" alt=\"\" height=\"1024\" width=\"768\"\/>\n                            <\/div>\n        <\/div>\n    <\/div>\n<\/div><\/div>","protected":false},"excerpt":{"rendered":"<p>K\u00f6k V\u00e4lkommen in i ditt framtida k\u00f6k! Add a Rooms k\u00f6k kommer i tv\u00e5 utf\u00f6randen, byggda f\u00f6r att utnyttja ytan till max. K\u00f6ken \u00e4r identiska g\u00e4llande materialval och funktioner, men skiljer sig i storlek. K\u00f6ket levereras helt nyckelf\u00e4rdigt, komplettera med din favoritservis! Stort k\u00f6k Storlek: 2774 x 2300 x 700 mm Det stora k\u00f6ket fyller &hellip; <a href=\"https:\/\/addaroom.dk\/sv\/vara-hus\/invandiga-tillval\/kok\/\">Continued<\/a><\/p>\n","protected":false},"author":1,"featured_media":0,"parent":11610,"menu_order":0,"comment_status":"closed","ping_status":"closed","template":"templates\/modules-options.php","meta":{"_acf_changed":true,"footnotes":""},"class_list":["post-11573","page","type-page","status-publish","hentry"],"acf":[],"yoast_head":"<!-- This site is optimized with the Yoast SEO plugin v27.4 - https:\/\/yoast.com\/product\/yoast-seo-wordpress\/ -->\n<title>K\u00f6k - Add a Room<\/title>\n<meta name=\"robots\" content=\"index, follow, max-snippet:-1, max-image-preview:large, max-video-preview:-1\" \/>\n<link rel=\"canonical\" href=\"https:\/\/addaroom.dk\/sv\/vara-hus\/invandiga-tillval\/kok\/\" \/>\n<meta name=\"twitter:label1\" content=\"Ber\u00e4knad l\u00e4stid\" \/>\n\t<meta name=\"twitter:data1\" content=\"4 minuter\" \/>\n<script type=\"application\/ld+json\" class=\"yoast-schema-graph\">{\"@context\":\"https:\\\/\\\/schema.org\",\"@graph\":[{\"@type\":\"WebPage\",\"@id\":\"https:\\\/\\\/addaroom.dk\\\/sv\\\/vara-hus\\\/invandiga-tillval\\\/kok\\\/\",\"url\":\"https:\\\/\\\/addaroom.dk\\\/sv\\\/vara-hus\\\/invandiga-tillval\\\/kok\\\/\",\"name\":\"K\u00f6k - Add a Room\",\"isPartOf\":{\"@id\":\"https:\\\/\\\/addaroom.dk\\\/en\\\/#website\"},\"datePublished\":\"2021-02-20T08:47:04+00:00\",\"dateModified\":\"2024-08-20T12:08:19+00:00\",\"breadcrumb\":{\"@id\":\"https:\\\/\\\/addaroom.dk\\\/sv\\\/vara-hus\\\/invandiga-tillval\\\/kok\\\/#breadcrumb\"},\"inLanguage\":\"sv-SE\",\"potentialAction\":[{\"@type\":\"ReadAction\",\"target\":[\"https:\\\/\\\/addaroom.dk\\\/sv\\\/vara-hus\\\/invandiga-tillval\\\/kok\\\/\"]}]},{\"@type\":\"BreadcrumbList\",\"@id\":\"https:\\\/\\\/addaroom.dk\\\/sv\\\/vara-hus\\\/invandiga-tillval\\\/kok\\\/#breadcrumb\",\"itemListElement\":[{\"@type\":\"ListItem\",\"position\":1,\"name\":\"Hem\",\"item\":\"https:\\\/\\\/addaroom.dk\\\/sv\\\/\"},{\"@type\":\"ListItem\",\"position\":2,\"name\":\"V\u00e5ra hus\",\"item\":\"https:\\\/\\\/addaroom.dk\\\/sv\\\/vara-hus\\\/\"},{\"@type\":\"ListItem\",\"position\":3,\"name\":\"Inv\u00e4ndiga tillval\",\"item\":\"https:\\\/\\\/addaroom.dk\\\/sv\\\/vara-hus\\\/invandiga-tillval\\\/\"},{\"@type\":\"ListItem\",\"position\":4,\"name\":\"K\u00f6k\"}]},{\"@type\":\"WebSite\",\"@id\":\"https:\\\/\\\/addaroom.dk\\\/en\\\/#website\",\"url\":\"https:\\\/\\\/addaroom.dk\\\/en\\\/\",\"name\":\"Add a Room\",\"description\":\"Small houses with big possibilities\",\"publisher\":{\"@id\":\"https:\\\/\\\/addaroom.dk\\\/en\\\/#organization\"},\"potentialAction\":[{\"@type\":\"SearchAction\",\"target\":{\"@type\":\"EntryPoint\",\"urlTemplate\":\"https:\\\/\\\/addaroom.dk\\\/en\\\/?s={search_term_string}\"},\"query-input\":{\"@type\":\"PropertyValueSpecification\",\"valueRequired\":true,\"valueName\":\"search_term_string\"}}],\"inLanguage\":\"sv-SE\"},{\"@type\":\"Organization\",\"@id\":\"https:\\\/\\\/addaroom.dk\\\/en\\\/#organization\",\"name\":\"Add a Room\",\"url\":\"https:\\\/\\\/addaroom.dk\\\/en\\\/\",\"logo\":{\"@type\":\"ImageObject\",\"inLanguage\":\"sv-SE\",\"@id\":\"https:\\\/\\\/addaroom.dk\\\/en\\\/#\\\/schema\\\/logo\\\/image\\\/\",\"url\":\"https:\\\/\\\/addaroom.dk\\\/wp-content\\\/uploads\\\/2025\\\/09\\\/Screenshot-2025-09-18-122421.png\",\"contentUrl\":\"https:\\\/\\\/addaroom.dk\\\/wp-content\\\/uploads\\\/2025\\\/09\\\/Screenshot-2025-09-18-122421.png\",\"width\":263,\"height\":80,\"caption\":\"Add a Room\"},\"image\":{\"@id\":\"https:\\\/\\\/addaroom.dk\\\/en\\\/#\\\/schema\\\/logo\\\/image\\\/\"},\"sameAs\":[\"https:\\\/\\\/www.facebook.com\\\/share\\\/1EZnEZVh7L\\\/?mibextid=wwXIfr\",\"https:\\\/\\\/www.instagram.com\\\/add_a_room?igsh=MWo2cHNwN3dmNGR1eA&utm_source=qr\"]}]}<\/script>\n<!-- \/ Yoast SEO plugin. -->","yoast_head_json":{"title":"K\u00f6k - Add a Room","robots":{"index":"index","follow":"follow","max-snippet":"max-snippet:-1","max-image-preview":"max-image-preview:large","max-video-preview":"max-video-preview:-1"},"canonical":"https:\/\/addaroom.dk\/sv\/vara-hus\/invandiga-tillval\/kok\/","twitter_misc":{"Ber\u00e4knad l\u00e4stid":"4 minuter"},"schema":{"@context":"https:\/\/schema.org","@graph":[{"@type":"WebPage","@id":"https:\/\/addaroom.dk\/sv\/vara-hus\/invandiga-tillval\/kok\/","url":"https:\/\/addaroom.dk\/sv\/vara-hus\/invandiga-tillval\/kok\/","name":"K\u00f6k - Add a Room","isPartOf":{"@id":"https:\/\/addaroom.dk\/en\/#website"},"datePublished":"2021-02-20T08:47:04+00:00","dateModified":"2024-08-20T12:08:19+00:00","breadcrumb":{"@id":"https:\/\/addaroom.dk\/sv\/vara-hus\/invandiga-tillval\/kok\/#breadcrumb"},"inLanguage":"sv-SE","potentialAction":[{"@type":"ReadAction","target":["https:\/\/addaroom.dk\/sv\/vara-hus\/invandiga-tillval\/kok\/"]}]},{"@type":"BreadcrumbList","@id":"https:\/\/addaroom.dk\/sv\/vara-hus\/invandiga-tillval\/kok\/#breadcrumb","itemListElement":[{"@type":"ListItem","position":1,"name":"Hem","item":"https:\/\/addaroom.dk\/sv\/"},{"@type":"ListItem","position":2,"name":"V\u00e5ra hus","item":"https:\/\/addaroom.dk\/sv\/vara-hus\/"},{"@type":"ListItem","position":3,"name":"Inv\u00e4ndiga tillval","item":"https:\/\/addaroom.dk\/sv\/vara-hus\/invandiga-tillval\/"},{"@type":"ListItem","position":4,"name":"K\u00f6k"}]},{"@type":"WebSite","@id":"https:\/\/addaroom.dk\/en\/#website","url":"https:\/\/addaroom.dk\/en\/","name":"Add a Room","description":"Small houses with big possibilities","publisher":{"@id":"https:\/\/addaroom.dk\/en\/#organization"},"potentialAction":[{"@type":"SearchAction","target":{"@type":"EntryPoint","urlTemplate":"https:\/\/addaroom.dk\/en\/?s={search_term_string}"},"query-input":{"@type":"PropertyValueSpecification","valueRequired":true,"valueName":"search_term_string"}}],"inLanguage":"sv-SE"},{"@type":"Organization","@id":"https:\/\/addaroom.dk\/en\/#organization","name":"Add a Room","url":"https:\/\/addaroom.dk\/en\/","logo":{"@type":"ImageObject","inLanguage":"sv-SE","@id":"https:\/\/addaroom.dk\/en\/#\/schema\/logo\/image\/","url":"https:\/\/addaroom.dk\/wp-content\/uploads\/2025\/09\/Screenshot-2025-09-18-122421.png","contentUrl":"https:\/\/addaroom.dk\/wp-content\/uploads\/2025\/09\/Screenshot-2025-09-18-122421.png","width":263,"height":80,"caption":"Add a Room"},"image":{"@id":"https:\/\/addaroom.dk\/en\/#\/schema\/logo\/image\/"},"sameAs":["https:\/\/www.facebook.com\/share\/1EZnEZVh7L\/?mibextid=wwXIfr","https:\/\/www.instagram.com\/add_a_room?igsh=MWo2cHNwN3dmNGR1eA&utm_source=qr"]}]}},"_links":{"self":[{"href":"https:\/\/addaroom.dk\/sv\/wp-json\/wp\/v2\/pages\/11573","targetHints":{"allow":["GET"]}}],"collection":[{"href":"https:\/\/addaroom.dk\/sv\/wp-json\/wp\/v2\/pages"}],"about":[{"href":"https:\/\/addaroom.dk\/sv\/wp-json\/wp\/v2\/types\/page"}],"author":[{"embeddable":true,"href":"https:\/\/addaroom.dk\/sv\/wp-json\/wp\/v2\/users\/1"}],"replies":[{"embeddable":true,"href":"https:\/\/addaroom.dk\/sv\/wp-json\/wp\/v2\/comments?post=11573"}],"version-history":[{"count":0,"href":"https:\/\/addaroom.dk\/sv\/wp-json\/wp\/v2\/pages\/11573\/revisions"}],"up":[{"embeddable":true,"href":"https:\/\/addaroom.dk\/sv\/wp-json\/wp\/v2\/pages\/11610"}],"wp:attachment":[{"href":"https:\/\/addaroom.dk\/sv\/wp-json\/wp\/v2\/media?parent=11573"}],"curies":[{"name":"wp","href":"https:\/\/api.w.org\/{rel}","templated":true}]}}