{"id":11548,"date":"2021-03-05T09:19:52","date_gmt":"2021-03-05T09:19:52","guid":{"rendered":"https:\/\/addaroom.dk\/our-difference-2\/"},"modified":"2021-04-15T12:03:28","modified_gmt":"2021-04-15T12:03:28","slug":"hallbar-livsstil","status":"publish","type":"page","link":"https:\/\/addaroom.dk\/sv\/hallbarhet\/hallbar-livsstil\/","title":{"rendered":"H\u00e5llbar livsstil"},"content":{"rendered":"<div class=\"wp-block-wrapper acf--content-block\">\n<div class=\"pc bc--white \">\n    <div class=\"pc--1\">\n        <div class=\"gb-block block--content pull-left\">\n            <div class=\"block--content-text-wrapper\">\n                <div class=\"block--content-text\">\n                    <h2 class=\"p1\">Ett dynamiskt boende<\/h2>\n<p class=\"p2\">Med den exponentiella f\u00f6r\u00e4ndringstakten i dagens v\u00e4rld, kombinerat med allvarliga klimatproblem, anser vi att det traditionella boendet \u00e4r on\u00f6digt statiskt.<\/p>\n<p class=\"p2\">Vi har utvecklat v\u00e5ra moduler s\u00e5 att de \u00e4r flytt- och sammankopplingsbara, f\u00f6r att kunna anpassas efter livsf\u00f6r\u00e4ndringar. Precis som allt annat i den moderna v\u00e4rlden.<\/p>\n                <\/div>\n            <\/div>\n            <div class=\"block--content-image\">\n                                    <img loading=\"lazy\" decoding=\"async\" src=\"https:\/\/addaroom.dk\/wp-content\/uploads\/2016\/07\/ONE-delivered-in-Arvingerne-pic3-1-1024x576.jpg\" alt=\"\" height=\"576\" width=\"1024\"\/>\n                            <\/div>\n        <\/div>\n    <\/div>\n<\/div><\/div><div class=\"wp-block-wrapper acf--content-block\">\n<div class=\"pc bc--white \">\n    <div class=\"pc--1\">\n        <div class=\"gb-block block--content pull-right\">\n            <div class=\"block--content-text-wrapper\">\n                <div class=\"block--content-text\">\n                    <p>Med Add a Room kan du flytta dagens konsumtion av ett st\u00f6rre boende, till den dagen det faktiskt beh\u00f6vs. B\u00f6rja litet, och l\u00e4gg till moduler i takt med att familjen v\u00e4xer.<\/p>\n<p>N\u00e4r det \u00e4r dags f\u00f6r barnen att flytta ut, kan du l\u00e5ta de ta med sig en modul, flytta modulen till sommarst\u00e4llet, eller s\u00e4lja den. \u00c5terigen st\u00e5r du med ett boende anpassat f\u00f6r dagens situation, medans modulen \u00e5teranv\u00e4nds d\u00e4r den g\u00f6r mest nytta.<\/p>\n<p><a class=\"button\" href=\"https:\/\/addaroom.dk\/sv\/vara-hus\/moduler\/\">Se v\u00e5ra moduler<\/a><\/p>\n                <\/div>\n            <\/div>\n            <div class=\"block--content-image\">\n                                    <img loading=\"lazy\" decoding=\"async\" src=\"https:\/\/addaroom.dk\/wp-content\/uploads\/2016\/07\/q61kWO.png\" alt=\"\" height=\"398\" width=\"600\"\/>\n                            <\/div>\n        <\/div>\n    <\/div>\n<\/div><\/div><div class=\"pc\"><div class=\"pc--1\"><div class=\"wp-block-wrapper core--video\">\n<figure class=\"wp-block-video\"><video height=\"718\" style=\"aspect-ratio: 1280 \/ 718;\" width=\"1280\" autoplay loop muted src=\"https:\/\/addaroom.dk\/wp-content\/uploads\/2021\/03\/LFN-skiss-video.mp4\" playsinline><\/video><\/figure>\n<\/div><\/div><\/div><div class=\"wp-block-wrapper acf--content-block\">\n<div class=\"pc bc--white \">\n    <div class=\"pc--1\">\n        <div class=\"gb-block block--content pull-left\">\n            <div class=\"block--content-text-wrapper\">\n                <div class=\"block--content-text\">\n                    <h2>N\u00e4rmare naturen<\/h2>\n<p>Urbaniseringen och den teknologiska utvecklingen separerar oss allt mer fr\u00e5n naturen i v\u00e5ra dagliga liv. Det fundamentala behovet av n\u00e4rhet till naturen \u00e5terst\u00e5r dock, och kompenseras numera med en allt st\u00f6rre \u00f6kning av natursemestrar och dedikerade vandringar.<\/p>\n<p>Vi anser att det idag \u00e4r l\u00e4ttare \u00e4n n\u00e5nsin att spendera vardagen i naturen, tack vare den revolutionerande informationshastigheten.<\/p>\n<p>Med v\u00e5ra stora verandor, pergolas, utemoduler och marknadens smalaste f\u00f6nsterkarmar, n\u00e4rmast elimineras gr\u00e4nserna mellan ute och inne, f\u00f6r att ta dig n\u00e4rmare naturen.<\/p>\n<p><a class=\"button\" href=\"https:\/\/addaroom.dk\/en\/our-buildings\/\">Se v\u00e5ra utemoduler<\/a><\/p>\n                <\/div>\n            <\/div>\n            <div class=\"block--content-image\">\n                                    <img loading=\"lazy\" decoding=\"async\" src=\"https:\/\/addaroom.dk\/wp-content\/uploads\/2016\/07\/add-a-room_project_ska\u030ane_4-1024x718-1.jpg\" alt=\"\" height=\"718\" width=\"1024\"\/>\n                            <\/div>\n        <\/div>\n    <\/div>\n<\/div><\/div><div class=\"pc\"><div class=\"pc--1\"><div class=\"wp-block-wrapper core--html\">\n<div id=\"tidlos-design\"><\/div>\n<\/div><\/div><\/div><div class=\"wp-block-wrapper acf--content-block\">\n<div class=\"pc bc--white \">\n    <div class=\"pc--1\">\n        <div class=\"gb-block block--content pull-right\">\n            <div class=\"block--content-text-wrapper\">\n                <div class=\"block--content-text\">\n                    <h2>Tidl\u00f6s design<\/h2>\n<div class=\"col-md-4\">\n<p>K\u00e4nner du till Lars Frank Nielsen? Han \u00e4r arkitekten som tagit fram designen med det vackra och enkla uttrycket i Add a Room\u2019s hus.<\/p>\n<p>Han \u00e4r bland annat k\u00e4nd som en av de tre grundarna av arkitektbyr\u00e5n 3xN, som ritat m\u00e5nga k\u00e4nda byggnader i b\u00e5de Danmark och utomlands. Bland exemplen kan vi n\u00e4mna Arkitekternas Hus i K\u00f6penhamn och den danska ambassaden i Berlin.<\/p>\n<\/div>\n<div class=\"col-md-4\">\n<p><em>\u201cV\u00e5r \u00f6nskan var att designa ett enkelt, n\u00e4stan minimalistiskt hus, som dels kunde uppf\u00f6ras ensamt och dels kunde s\u00e4ttas samman av flera enheter eller med utomhusmoduler. Vi hade en k\u00e4nsla av att vi hade skapat ett fint litet hus, med den stora vinsten att ha m\u00f6jligheten att bygga ut och kombinera med andra moduler. Konceptet ska ses som ett alternativt s\u00e4tt att bygga hus p\u00e5\u2026 Vi tror, att folk \u00e4r tr\u00f6tta p\u00e5 sm\u00e5 \u201dmini-typhus\u201d, n\u00e4r de ska bygga mindre hus. Denna m\u00f6jlighet \u00f6ppnar f\u00f6r fler alternativ och en st\u00f6rre frihet.\u201d<\/em><\/p>\n<p><strong>\u2013 Lars Frank Nielsen, arkitekt<\/strong><\/p>\n<\/div>\n                <\/div>\n            <\/div>\n            <div class=\"block--content-image\">\n                                    <img loading=\"lazy\" decoding=\"async\" src=\"https:\/\/addaroom.dk\/wp-content\/uploads\/2019\/02\/Billede2.jpg\" alt=\"\" height=\"600\" width=\"600\"\/>\n                            <\/div>\n        <\/div>\n    <\/div>\n<\/div><\/div><div class=\"pc\"><div class=\"pc--1\"><div class=\"wp-block-wrapper core--separator\">\n<hr class=\"wp-block-separator\"\/>\n<\/div><\/div><\/div><div class=\"pc\"><div class=\"pc--1\"><div class=\"wp-block-wrapper core--spacer\">\n<div style=\"height:100px\" aria-hidden=\"true\" class=\"wp-block-spacer\"><\/div>\n<\/div><\/div><\/div><div class=\"wp-block-wrapper acf--post-type-block\">    <div class=\"pc bc--white \">\n        <div class=\"pc--1\">\n\t\t\t\t\t\t\t\t\t<div class=\"heading\">\n\t\t\t\t\t\t<h2><\/h2>\n\t\t\t\t\t<\/div>\n\t\t\t\t            <div class=\"gb-block block--post \">\n\n\t\t\t\t\t\t\t\t\t\t\t\t\t\t\t\n\t\t\t\t\t\t\t\t\t\t\t\t<div class=\"layout--horizontal\">\n\t\t\t\t\t\t\t\t\t\t\t\t\t\t\n\n<a href=\"https:\/\/addaroom.dk\/sv\/hallbarhet\/hallbara-materialval\/\" target=\"_self\" class=\"card\">\n            <div class=\"card--image\">\n            <img loading=\"lazy\" decoding=\"async\" style=\"object-fit: cover\" src=\"https:\/\/addaroom.dk\/wp-content\/uploads\/2016\/07\/bastu-210.jpg\" alt=\"\" height=\"398\" width=\"600\"\/>        <\/div>\n           \n    <div class=\"card--content\">\n        <div>\n            <div class=\"card--summary\">\n                <div class=\"card-heading--content\">\n                    <h3>H\u00e5llbara materialval<\/h3><p>Dagligen lanseras det nya, h\u00e5llbara alternativ till traditionella byggmaterial. Det g\u00f6r att man som husproducent aldrig kan luta sig tillbaka p\u00e5 gamla meriter.<\/p>\n<p><strong>L\u00e4s mer om hur vi utv\u00e4rderar v\u00e5ra leverant\u00f6rer.<\/strong><\/p>\n                 <\/div>\n                                     <div class=\"card--button\">\n                        <div class=\"button\">Visa<\/div>\n                    <\/div>\n                            <\/div>\n        <\/div>\n    <\/div>\n<\/a>\t\t\t\t\t\t<\/div>\n\t\t\t\t\t\t\t\t\t            <\/div>\n        <\/div>\n    <\/div>\n    <\/div>","protected":false},"excerpt":{"rendered":"","protected":false},"author":1,"featured_media":0,"parent":14000,"menu_order":0,"comment_status":"closed","ping_status":"closed","template":"","meta":{"_acf_changed":false,"footnotes":""},"class_list":["post-11548","page","type-page","status-publish","hentry"],"acf":[],"yoast_head":"<!-- This site is optimized with the Yoast SEO plugin v27.3 - https:\/\/yoast.com\/product\/yoast-seo-wordpress\/ -->\n<title>H\u00e5llbar livsstil - Add a Room<\/title>\n<meta name=\"robots\" content=\"index, follow, max-snippet:-1, max-image-preview:large, max-video-preview:-1\" \/>\n<link rel=\"canonical\" href=\"https:\/\/addaroom.dk\/sv\/hallbarhet\/hallbar-livsstil\/\" \/>\n<script type=\"application\/ld+json\" class=\"yoast-schema-graph\">{\"@context\":\"https:\\\/\\\/schema.org\",\"@graph\":[{\"@type\":\"WebPage\",\"@id\":\"https:\\\/\\\/addaroom.dk\\\/sv\\\/hallbarhet\\\/hallbar-livsstil\\\/\",\"url\":\"https:\\\/\\\/addaroom.dk\\\/sv\\\/hallbarhet\\\/hallbar-livsstil\\\/\",\"name\":\"H\u00e5llbar livsstil - Add a Room\",\"isPartOf\":{\"@id\":\"https:\\\/\\\/addaroom.dk\\\/en\\\/#website\"},\"datePublished\":\"2021-03-05T09:19:52+00:00\",\"dateModified\":\"2021-04-15T12:03:28+00:00\",\"breadcrumb\":{\"@id\":\"https:\\\/\\\/addaroom.dk\\\/sv\\\/hallbarhet\\\/hallbar-livsstil\\\/#breadcrumb\"},\"inLanguage\":\"sv-SE\",\"potentialAction\":[{\"@type\":\"ReadAction\",\"target\":[\"https:\\\/\\\/addaroom.dk\\\/sv\\\/hallbarhet\\\/hallbar-livsstil\\\/\"]}]},{\"@type\":\"BreadcrumbList\",\"@id\":\"https:\\\/\\\/addaroom.dk\\\/sv\\\/hallbarhet\\\/hallbar-livsstil\\\/#breadcrumb\",\"itemListElement\":[{\"@type\":\"ListItem\",\"position\":1,\"name\":\"Hem\",\"item\":\"https:\\\/\\\/addaroom.dk\\\/sv\\\/\"},{\"@type\":\"ListItem\",\"position\":2,\"name\":\"H\u00e5llbarhet\",\"item\":\"https:\\\/\\\/addaroom.dk\\\/sv\\\/hallbarhet\\\/\"},{\"@type\":\"ListItem\",\"position\":3,\"name\":\"H\u00e5llbar livsstil\"}]},{\"@type\":\"WebSite\",\"@id\":\"https:\\\/\\\/addaroom.dk\\\/en\\\/#website\",\"url\":\"https:\\\/\\\/addaroom.dk\\\/en\\\/\",\"name\":\"Add a Room\",\"description\":\"Small houses with big possibilities\",\"publisher\":{\"@id\":\"https:\\\/\\\/addaroom.dk\\\/en\\\/#organization\"},\"potentialAction\":[{\"@type\":\"SearchAction\",\"target\":{\"@type\":\"EntryPoint\",\"urlTemplate\":\"https:\\\/\\\/addaroom.dk\\\/en\\\/?s={search_term_string}\"},\"query-input\":{\"@type\":\"PropertyValueSpecification\",\"valueRequired\":true,\"valueName\":\"search_term_string\"}}],\"inLanguage\":\"sv-SE\"},{\"@type\":\"Organization\",\"@id\":\"https:\\\/\\\/addaroom.dk\\\/en\\\/#organization\",\"name\":\"Add a Room\",\"url\":\"https:\\\/\\\/addaroom.dk\\\/en\\\/\",\"logo\":{\"@type\":\"ImageObject\",\"inLanguage\":\"sv-SE\",\"@id\":\"https:\\\/\\\/addaroom.dk\\\/en\\\/#\\\/schema\\\/logo\\\/image\\\/\",\"url\":\"https:\\\/\\\/addaroom.dk\\\/wp-content\\\/uploads\\\/2025\\\/09\\\/Screenshot-2025-09-18-122421.png\",\"contentUrl\":\"https:\\\/\\\/addaroom.dk\\\/wp-content\\\/uploads\\\/2025\\\/09\\\/Screenshot-2025-09-18-122421.png\",\"width\":263,\"height\":80,\"caption\":\"Add a Room\"},\"image\":{\"@id\":\"https:\\\/\\\/addaroom.dk\\\/en\\\/#\\\/schema\\\/logo\\\/image\\\/\"},\"sameAs\":[\"https:\\\/\\\/www.facebook.com\\\/share\\\/1EZnEZVh7L\\\/?mibextid=wwXIfr\",\"https:\\\/\\\/www.instagram.com\\\/add_a_room?igsh=MWo2cHNwN3dmNGR1eA&utm_source=qr\"]}]}<\/script>\n<!-- \/ Yoast SEO plugin. -->","yoast_head_json":{"title":"H\u00e5llbar livsstil - Add a Room","robots":{"index":"index","follow":"follow","max-snippet":"max-snippet:-1","max-image-preview":"max-image-preview:large","max-video-preview":"max-video-preview:-1"},"canonical":"https:\/\/addaroom.dk\/sv\/hallbarhet\/hallbar-livsstil\/","schema":{"@context":"https:\/\/schema.org","@graph":[{"@type":"WebPage","@id":"https:\/\/addaroom.dk\/sv\/hallbarhet\/hallbar-livsstil\/","url":"https:\/\/addaroom.dk\/sv\/hallbarhet\/hallbar-livsstil\/","name":"H\u00e5llbar livsstil - Add a Room","isPartOf":{"@id":"https:\/\/addaroom.dk\/en\/#website"},"datePublished":"2021-03-05T09:19:52+00:00","dateModified":"2021-04-15T12:03:28+00:00","breadcrumb":{"@id":"https:\/\/addaroom.dk\/sv\/hallbarhet\/hallbar-livsstil\/#breadcrumb"},"inLanguage":"sv-SE","potentialAction":[{"@type":"ReadAction","target":["https:\/\/addaroom.dk\/sv\/hallbarhet\/hallbar-livsstil\/"]}]},{"@type":"BreadcrumbList","@id":"https:\/\/addaroom.dk\/sv\/hallbarhet\/hallbar-livsstil\/#breadcrumb","itemListElement":[{"@type":"ListItem","position":1,"name":"Hem","item":"https:\/\/addaroom.dk\/sv\/"},{"@type":"ListItem","position":2,"name":"H\u00e5llbarhet","item":"https:\/\/addaroom.dk\/sv\/hallbarhet\/"},{"@type":"ListItem","position":3,"name":"H\u00e5llbar livsstil"}]},{"@type":"WebSite","@id":"https:\/\/addaroom.dk\/en\/#website","url":"https:\/\/addaroom.dk\/en\/","name":"Add a Room","description":"Small houses with big possibilities","publisher":{"@id":"https:\/\/addaroom.dk\/en\/#organization"},"potentialAction":[{"@type":"SearchAction","target":{"@type":"EntryPoint","urlTemplate":"https:\/\/addaroom.dk\/en\/?s={search_term_string}"},"query-input":{"@type":"PropertyValueSpecification","valueRequired":true,"valueName":"search_term_string"}}],"inLanguage":"sv-SE"},{"@type":"Organization","@id":"https:\/\/addaroom.dk\/en\/#organization","name":"Add a Room","url":"https:\/\/addaroom.dk\/en\/","logo":{"@type":"ImageObject","inLanguage":"sv-SE","@id":"https:\/\/addaroom.dk\/en\/#\/schema\/logo\/image\/","url":"https:\/\/addaroom.dk\/wp-content\/uploads\/2025\/09\/Screenshot-2025-09-18-122421.png","contentUrl":"https:\/\/addaroom.dk\/wp-content\/uploads\/2025\/09\/Screenshot-2025-09-18-122421.png","width":263,"height":80,"caption":"Add a Room"},"image":{"@id":"https:\/\/addaroom.dk\/en\/#\/schema\/logo\/image\/"},"sameAs":["https:\/\/www.facebook.com\/share\/1EZnEZVh7L\/?mibextid=wwXIfr","https:\/\/www.instagram.com\/add_a_room?igsh=MWo2cHNwN3dmNGR1eA&utm_source=qr"]}]}},"_links":{"self":[{"href":"https:\/\/addaroom.dk\/sv\/wp-json\/wp\/v2\/pages\/11548","targetHints":{"allow":["GET"]}}],"collection":[{"href":"https:\/\/addaroom.dk\/sv\/wp-json\/wp\/v2\/pages"}],"about":[{"href":"https:\/\/addaroom.dk\/sv\/wp-json\/wp\/v2\/types\/page"}],"author":[{"embeddable":true,"href":"https:\/\/addaroom.dk\/sv\/wp-json\/wp\/v2\/users\/1"}],"replies":[{"embeddable":true,"href":"https:\/\/addaroom.dk\/sv\/wp-json\/wp\/v2\/comments?post=11548"}],"version-history":[{"count":0,"href":"https:\/\/addaroom.dk\/sv\/wp-json\/wp\/v2\/pages\/11548\/revisions"}],"up":[{"embeddable":true,"href":"https:\/\/addaroom.dk\/sv\/wp-json\/wp\/v2\/pages\/14000"}],"wp:attachment":[{"href":"https:\/\/addaroom.dk\/sv\/wp-json\/wp\/v2\/media?parent=11548"}],"curies":[{"name":"wp","href":"https:\/\/api.w.org\/{rel}","templated":true}]}}