{"id":10535,"date":"2021-03-01T15:28:51","date_gmt":"2021-03-01T15:28:51","guid":{"rendered":"https:\/\/addaroom.dk\/home-new\/"},"modified":"2024-08-19T10:01:27","modified_gmt":"2024-08-19T10:01:27","slug":"hem","status":"publish","type":"page","link":"https:\/\/addaroom.dk\/sv\/","title":{"rendered":"Hem"},"content":{"rendered":"<div class=\"pc\"><div class=\"pc--1\"><div class=\"wp-block-wrapper core--spacer\">\n<div style=\"height:100px\" aria-hidden=\"true\" class=\"wp-block-spacer\"><\/div>\n<\/div><\/div><\/div><div class=\"wp-block-wrapper acf--inspire-block\">\n<div class=\"pc bc--white \">\n    <div class=\"pc--1\">\n        <div class=\"gb-block block--inspire\">\n            <div class=\"inspire--left-col\">\n                <div class=\"inspire--content\">\n                    <h2>Ett boendekoncept f\u00f6r den moderna v\u00e4rlden<\/h2>\n<p>Add a Rooms nyckelf\u00e4rdiga moduler kan kopplas ihop p\u00e5 alla leder, f\u00f6r att ge ett hus anpassat efter just ditt behov. Som <strong>lego<\/strong> f\u00f6r vuxna brukar vi s\u00e4ga! L\u00e4gg d\u00e4rtill m\u00f6jligheterna att <strong>flytta, expandera eller minska<\/strong> ditt boende vid <strong>livsf\u00f6r\u00e4ndringar<\/strong>, och du har ett levnadskoncept <strong>anpassat f\u00f6r den moderna v\u00e4rldens f\u00f6r\u00e4ndringstakt.<\/strong><\/p>\n                <\/div>\n                                                                            <ul class=\"inspire--thumbnails\">\n                                                    <li data-count=\"1\" class=\"count-1 is-active\">\n                                                                <div class=\"inspire--building-thumbnail\"\n                                    style=\"background-image: url(https:\/\/addaroom.dk\/wp-content\/uploads\/2021\/02\/VA05600_r-300x190.jpg)\"><\/div>\n                                <div class=\"inspire--building-type\">\n                                    Fritidshus                                <\/div>\n\n                            <\/li>\n                                                                                <li data-count=\"2\" class=\"count-2 \">\n                                                                <div class=\"inspire--building-thumbnail\"\n                                    style=\"background-image: url(https:\/\/addaroom.dk\/wp-content\/uploads\/2021\/02\/DSC_0202-300x199.jpg)\"><\/div>\n                                <div class=\"inspire--building-type\">\n                                    Permanenthus                                <\/div>\n\n                            <\/li>\n                                                                                <li data-count=\"3\" class=\"count-3 \">\n                                                                <div class=\"inspire--building-thumbnail\"\n                                    style=\"background-image: url(https:\/\/addaroom.dk\/wp-content\/uploads\/2024\/08\/IMG_8775-Banner-300x105.jpeg)\"><\/div>\n                                <div class=\"inspire--building-type\">\n                                    Nyckelf\u00e4rdig tillbyggnad                                <\/div>\n\n                            <\/li>\n                                                                                <li data-count=\"4\" class=\"count-4 \">\n                                                                <div class=\"inspire--building-thumbnail\"\n                                    style=\"background-image: url(https:\/\/addaroom.dk\/wp-content\/uploads\/2021\/03\/addaroom__Housedoctor_SMALLSPACES_7_compressed-300x200.jpg)\"><\/div>\n                                <div class=\"inspire--building-type\">\n                                    Attefallshus                                <\/div>\n\n                            <\/li>\n                                                                                <li data-count=\"5\" class=\"count-5 \">\n                                                                <div class=\"inspire--building-thumbnail\"\n                                    style=\"background-image: url(https:\/\/addaroom.dk\/wp-content\/uploads\/2021\/02\/Generational-house-2-300x200.jpg)\"><\/div>\n                                <div class=\"inspire--building-type\">\n                                    Generationsboende                                <\/div>\n\n                            <\/li>\n                                                                                <li data-count=\"6\" class=\"count-6 \">\n                                                                <div class=\"inspire--building-thumbnail\"\n                                    style=\"background-image: url(https:\/\/addaroom.dk\/wp-content\/uploads\/2016\/07\/minihus04-300x200.jpg)\"><\/div>\n                                <div class=\"inspire--building-type\">\n                                    Kontor                                <\/div>\n\n                            <\/li>\n                                                                        <\/ul>\n                                                <\/div>\n            <div class=\"inspire--right-col\">\n                                    <ul class=\"inspire--cards\">\n                                                    <li data-count=\"1\" class=\"layout--vertical count-1 is-active\">\n                                                                \n\n<a href=\"https:\/\/addaroom.dk\/sv\/inspiration\/fritidshus\/\" target=\"_self\" class=\"card\">\n            <div class=\"card--image\">\n            <img loading=\"lazy\" decoding=\"async\" src=\"https:\/\/addaroom.dk\/wp-content\/uploads\/2016\/07\/VA05600_r-2.jpg\" alt=\"\" height=\"571\" width=\"900\"\/>        <\/div>\n           \n    <div class=\"card--content\">\n        <div>\n            <div class=\"card--summary\">\n                <div class=\"card-heading--content\">\n                    <h3>Fritidshus<\/h3><p>L\u00e5t den stora verandan och utemodulerna \u00f6ka din boendeyta, med magiska sommarkv\u00e4llar som resultat. L\u00e4mpar sig f\u00f6r s\u00e5v\u00e4l det st\u00f6rre sommarst\u00e4llet, som det mindre getawayhuset.<\/p>\n                 <\/div>\n                                     <div class=\"card--button\">\n                        <div class=\"button\">Visa<\/div>\n                    <\/div>\n                            <\/div>\n        <\/div>\n    <\/div>\n<\/a>                            <\/li>\n                                                                                <li data-count=\"2\" class=\"layout--vertical count-2 \">\n                                                                \n\n<a href=\"https:\/\/addaroom.dk\/sv\/inspiration\/permanenthus\/\" target=\"_self\" class=\"card\">\n            <div class=\"card--image\">\n            <img loading=\"lazy\" decoding=\"async\" src=\"https:\/\/addaroom.dk\/wp-content\/uploads\/2021\/02\/DSC_0202-1024x680.jpg\" alt=\"\" height=\"680\" width=\"1024\"\/>        <\/div>\n           \n    <div class=\"card--content\">\n        <div>\n            <div class=\"card--summary\">\n                <div class=\"card-heading--content\">\n                    <h3>Permanenthus<\/h3><p>Flytta n\u00e4rmare naturen, och bo mer h\u00e5llbart \u00e5ret runt. Add a Rooms moduler passar f\u00f6r s\u00e5v\u00e4l det nedskalade boendet inspirerat av tiny-house r\u00f6relsen, som det rymliga familjehuset.<\/p>\n                 <\/div>\n                                     <div class=\"card--button\">\n                        <div class=\"button\">Visa<\/div>\n                    <\/div>\n                            <\/div>\n        <\/div>\n    <\/div>\n<\/a>                            <\/li>\n                                                                                <li data-count=\"3\" class=\"layout--vertical count-3 \">\n                                                                \n\n<a href=\"https:\/\/addaroom.dk\/sv\/inspiration\/nyckelfardig-tillbyggnad\/\" target=\"_self\" class=\"card\">\n            <div class=\"card--image\">\n            <img loading=\"lazy\" decoding=\"async\" src=\"https:\/\/addaroom.dk\/wp-content\/uploads\/2024\/08\/IMG_8780-Uppdaterad-1024x768.jpg\" alt=\"\" height=\"768\" width=\"1024\"\/>        <\/div>\n           \n    <div class=\"card--content\">\n        <div>\n            <div class=\"card--summary\">\n                <div class=\"card-heading--content\">\n                    <h3>Nyckelf\u00e4rdig tillbyggnad<\/h3><p>Ut\u00f6ka ditt befintliga hus med en nyckelf\u00e4rdig modul! L\u00e4mpar sig s\u00e5v\u00e4l f\u00f6r den direkta utvidgningen av vardagsrummet, som det frist\u00e5ende sovrummet sammanbundet med veranda.<\/p>\n                 <\/div>\n                                     <div class=\"card--button\">\n                        <div class=\"button\">Visa<\/div>\n                    <\/div>\n                            <\/div>\n        <\/div>\n    <\/div>\n<\/a>                            <\/li>\n                                                                                <li data-count=\"4\" class=\"layout--vertical count-4 \">\n                                                                \n\n<a href=\"https:\/\/addaroom.dk\/sv\/inspiration\/attefallshus\/\" target=\"_self\" class=\"card\">\n            <div class=\"card--image\">\n            <img loading=\"lazy\" decoding=\"async\" src=\"https:\/\/addaroom.dk\/wp-content\/uploads\/2021\/03\/addaroom__Housedoctor_SMALLSPACES_7.jpg\" alt=\"\" height=\"683\" width=\"1024\"\/>        <\/div>\n           \n    <div class=\"card--content\">\n        <div>\n            <div class=\"card--summary\">\n                <div class=\"card-heading--content\">\n                    <h3>Attefallshus<\/h3><p>Det mindre huset best\u00e5ende av en Add a Room modul. Perfekt p\u00e5 villatomten f\u00f6r ton\u00e5ringen, eller som extrahus p\u00e5 sommarst\u00e4llet. Lyfts p\u00e5 plats p\u00e5 ett par timmar och \u00e4r bygglovsbefriat!<\/p>\n                 <\/div>\n                                     <div class=\"card--button\">\n                        <div class=\"button\">Visa<\/div>\n                    <\/div>\n                            <\/div>\n        <\/div>\n    <\/div>\n<\/a>                            <\/li>\n                                                                                <li data-count=\"5\" class=\"layout--vertical count-5 \">\n                                                                \n\n<a href=\"https:\/\/addaroom.dk\/sv\/inspiration\/generationsboende\/\" target=\"_self\" class=\"card\">\n            <div class=\"card--image\">\n            <img loading=\"lazy\" decoding=\"async\" src=\"https:\/\/addaroom.dk\/wp-content\/uploads\/2021\/02\/Generational-house-2-1024x683.jpg\" alt=\"\" height=\"683\" width=\"1024\"\/>        <\/div>\n           \n    <div class=\"card--content\">\n        <div>\n            <div class=\"card--summary\">\n                <div class=\"card-heading--content\">\n                    <h3>Generationsboende<\/h3><p>Den nya boendeformen! L\u00e5t delningsekonomins effektivitetsf\u00f6rdelar appliceras p\u00e5 ditt boende, och bli granne med familjen. Med Add a Rooms flexibilitet, \u00e4r m\u00f6jligheterna o\u00e4ndliga!<\/p>\n                 <\/div>\n                                     <div class=\"card--button\">\n                        <div class=\"button\">Visa<\/div>\n                    <\/div>\n                            <\/div>\n        <\/div>\n    <\/div>\n<\/a>                            <\/li>\n                                                                                <li data-count=\"6\" class=\"layout--vertical count-6 \">\n                                                                \n\n<a href=\"https:\/\/addaroom.dk\/sv\/inspiration\/kontor\/\" target=\"_self\" class=\"card\">\n            <div class=\"card--image\">\n            <img loading=\"lazy\" decoding=\"async\" src=\"https:\/\/addaroom.dk\/wp-content\/uploads\/2016\/07\/minihus04-1024x681.jpg\" alt=\"\" height=\"681\" width=\"1024\"\/>        <\/div>\n           \n    <div class=\"card--content\">\n        <div>\n            <div class=\"card--summary\">\n                <div class=\"card-heading--content\">\n                    <h3>Kontor<\/h3><p>L\u00f6s platsbristen som uppst\u00e5tt med den snabba tillv\u00e4xten i f\u00f6retaget, eller inf\u00f6rskaffa dig ditt egna hemmakontor f\u00f6r att f\u00e5 en distans mellan arbete och fritid vid hemarbete.<\/p>\n                 <\/div>\n                                     <div class=\"card--button\">\n                        <div class=\"button\">Visa<\/div>\n                    <\/div>\n                            <\/div>\n        <\/div>\n    <\/div>\n<\/a>                            <\/li>\n                                                                        <\/ul>\n                            <\/div>\n        <\/div>\n    <\/div>\n<\/div><\/div><div class=\"wp-block-wrapper acf--content-block\">\n<div class=\"pc bc--tint-light \">\n    <div class=\"pc--1\">\n        <div class=\"gb-block block--content pull-right\">\n            <div class=\"block--content-text-wrapper\">\n                <div class=\"block--content-text\">\n                    <h2>Se huset i din egen tr\u00e4dg\u00e5rd!<\/h2>\n<p>Vi har nu gjort det m\u00f6jligt f\u00f6r dig att testa att s\u00e4tta upp v\u00e5r Addaroom-modul p\u00e5 din egen tomt med hj\u00e4lp av mobiltelefon eller iPad. Vi har skapat tre olika AR-modeller (augmented reality) f\u00f6r v\u00e5ra modulhus: 20 m2, 25 m2 och 30 m2, s\u00e5 att du kan f\u00e5 en k\u00e4nsla av hur mycket plats modulen tar upp och hur stor den \u00e4r p\u00e5 tomten.<\/p>\n<p>Det smarta \u00e4r att du ocks\u00e5 kan \u201dg\u00e5 in\u201d i huset och se din egen ( tr\u00e4dg\u00e5rd) genom f\u00f6nstren (dvs via din mobiltelefon eller iPad). Allt du beh\u00f6ver g\u00f6ra \u00e4r att ladda ner filerna till din iPhone eller iPad (fungerar b\u00e4st p\u00e5 Apple-produkter).<\/p>\n<p><a href=\"https:\/\/addaroom.dk\/sv\/ar-models\/\" class=\"button\">L\u00e4s mer<\/a><\/p>\n                <\/div>\n            <\/div>\n            <div class=\"block--content-image\">\n                                    <img loading=\"lazy\" decoding=\"async\" src=\"https:\/\/addaroom.dk\/wp-content\/uploads\/2023\/03\/ar-30-trimmed-b.jpg\" alt=\"\" height=\"388\" width=\"656\"\/>\n                            <\/div>\n        <\/div>\n    <\/div>\n<\/div><\/div><div class=\"wp-block-wrapper acf--content-block\">\n<div class=\"pc bc--tint-full \">\n    <div class=\"pc--1\">\n        <div class=\"gb-block block--content pull-right\">\n            <div class=\"block--content-text-wrapper\">\n                <div class=\"block--content-text\">\n                    <h2><strong>Ditt nya boende?<\/strong><\/h2>\n<p>125m2 dansk design med m\u00f6jlighet f\u00f6r att ut\u00f6ka boytan. Granne med naturreservat s\u00f6der om Stockholm.<\/p>\n<p><a class=\"button\" href=\"https:\/\/addaroom.dk\/sv\/rosendals-skogsglanta\/\">L\u00e4s mer<\/a><\/p>\n                <\/div>\n            <\/div>\n            <div class=\"block--content-image\">\n                                    <img loading=\"lazy\" decoding=\"async\" src=\"https:\/\/addaroom.dk\/wp-content\/uploads\/2022\/04\/IMG_1979a-1024x540.jpg\" alt=\"\" height=\"540\" width=\"1024\"\/>\n                            <\/div>\n        <\/div>\n    <\/div>\n<\/div><\/div><div class=\"pc\"><div class=\"pc--1\"><div class=\"wp-block-wrapper core--spacer\">\n<div style=\"height:100px\" aria-hidden=\"true\" class=\"wp-block-spacer\"><\/div>\n<\/div><\/div><\/div><div class=\"wp-block-wrapper acf--content-block\">\n<div class=\"pc bc--white \">\n    <div class=\"pc--1\">\n        <div class=\"gb-block block--content pull-left\">\n            <div class=\"block--content-text-wrapper\">\n                <div class=\"block--content-text\">\n                    <h2>byggt f\u00f6r kommande generationer,<\/h2>\n<p>Visionen vid utvecklingen av Add a Rooms f\u00f6rsta hus \u00e5r 2010 var tydlig. Ett handplock av Skandinaviens absolut b\u00e4sta material f\u00f6r att ge ett s\u00e5 <strong>underh\u00e5llsfritt<\/strong> och <strong>h\u00e5llbart<\/strong> tr\u00e4hus som m\u00f6jligt, <strong>f\u00f6r b\u00e4sta m\u00f6jliga framtid f\u00f6r dig, n\u00e4sta generation, och v\u00e5r planet.<\/strong><\/p>\n<p><a class=\"button\" href=\"https:\/\/addaroom.dk\/sv\/vara-hus\/\">L\u00e4s mer om v\u00e5ra hus<\/a><\/p>\n                <\/div>\n            <\/div>\n            <div class=\"block--content-image\">\n                                    <img loading=\"lazy\" decoding=\"async\" src=\"https:\/\/addaroom.dk\/wp-content\/uploads\/2021\/02\/2-sauna-1024x512.jpg\" alt=\"\" height=\"512\" width=\"1024\"\/>\n                            <\/div>\n        <\/div>\n    <\/div>\n<\/div><\/div><div class=\"wp-block-wrapper acf--content-block\">\n<div class=\"pc bc--white \">\n    <div class=\"pc--1\">\n        <div class=\"gb-block block--content pull-right\">\n            <div class=\"block--content-text-wrapper\">\n                <div class=\"block--content-text\">\n                    <h2>med en tidl\u00f6s design!<\/h2>\n<p>Ett <strong>l\u00e5ngsiktigt byggt hus<\/strong> beh\u00f6ver en design som alltid k\u00e4nns modern, oavsett sekel. S\u00e5 har topparkitekten <strong>Lars Frank Nielsen<\/strong> resonerat \u00e4nda sedan det f\u00f6rsta draget med pennan. Resultatet \u00e4r en <strong>elegant, minimalistisk design.<\/strong> Ett r\u00e4ttvist ansikte f\u00f6r materialen helt enkelt!<\/p>\n<p><a class=\"button\" href=\"https:\/\/addaroom.dk\/sv\/hallbarhet\/hallbar-livsstil\/#tidlos-design\">M\u00f6t Lars Frank Nielsen<\/a><\/p>\n<p>&nbsp;<\/p>\n                <\/div>\n            <\/div>\n            <div class=\"block--content-image\">\n                                    <img loading=\"lazy\" decoding=\"async\" src=\"https:\/\/addaroom.dk\/wp-content\/uploads\/2021\/03\/LFN3-e1615386788904-1024x510.jpg\" alt=\"\" height=\"510\" width=\"1024\"\/>\n                            <\/div>\n        <\/div>\n    <\/div>\n<\/div><\/div>","protected":false},"excerpt":{"rendered":"","protected":false},"author":1,"featured_media":0,"parent":0,"menu_order":0,"comment_status":"closed","ping_status":"closed","template":"","meta":{"_acf_changed":true,"footnotes":""},"class_list":["post-10535","page","type-page","status-publish","hentry"],"acf":[],"yoast_head":"<!-- This site is optimized with the Yoast SEO plugin v27.4 - https:\/\/yoast.com\/product\/yoast-seo-wordpress\/ -->\n<title>Add a Room - Nyckelf\u00e4rdiga hem i skandinavisk toppklass<\/title>\n<meta name=\"description\" content=\"Vi bygger nyckelf\u00e4rdiga hem i gedigna, skandinaviska material och design, i ett h\u00e5llbart och flexibelt modulkoncept!\" \/>\n<meta name=\"robots\" content=\"index, follow, max-snippet:-1, max-image-preview:large, max-video-preview:-1\" \/>\n<link rel=\"canonical\" href=\"https:\/\/addaroom.dk\/sv\/\" \/>\n<meta name=\"twitter:label1\" content=\"Ber\u00e4knad l\u00e4stid\" \/>\n\t<meta name=\"twitter:data1\" content=\"3 minuter\" \/>\n<script type=\"application\/ld+json\" class=\"yoast-schema-graph\">{\"@context\":\"https:\\\/\\\/schema.org\",\"@graph\":[{\"@type\":\"WebPage\",\"@id\":\"https:\\\/\\\/addaroom.dk\\\/sv\\\/\",\"url\":\"https:\\\/\\\/addaroom.dk\\\/sv\\\/\",\"name\":\"Add a Room - Nyckelf\u00e4rdiga hem i skandinavisk toppklass\",\"isPartOf\":{\"@id\":\"https:\\\/\\\/addaroom.dk\\\/en\\\/#website\"},\"datePublished\":\"2021-03-01T15:28:51+00:00\",\"dateModified\":\"2024-08-19T10:01:27+00:00\",\"description\":\"Vi bygger nyckelf\u00e4rdiga hem i gedigna, skandinaviska material och design, i ett h\u00e5llbart och flexibelt modulkoncept!\",\"breadcrumb\":{\"@id\":\"https:\\\/\\\/addaroom.dk\\\/sv\\\/#breadcrumb\"},\"inLanguage\":\"sv-SE\",\"potentialAction\":[{\"@type\":\"ReadAction\",\"target\":[\"https:\\\/\\\/addaroom.dk\\\/sv\\\/\"]}]},{\"@type\":\"BreadcrumbList\",\"@id\":\"https:\\\/\\\/addaroom.dk\\\/sv\\\/#breadcrumb\",\"itemListElement\":[{\"@type\":\"ListItem\",\"position\":1,\"name\":\"Hem\",\"item\":\"https:\\\/\\\/addaroom.dk\\\/sv\\\/\"},{\"@type\":\"ListItem\",\"position\":2,\"name\":\"Hem\"}]},{\"@type\":\"WebSite\",\"@id\":\"https:\\\/\\\/addaroom.dk\\\/en\\\/#website\",\"url\":\"https:\\\/\\\/addaroom.dk\\\/en\\\/\",\"name\":\"Add a Room\",\"description\":\"Small houses with big possibilities\",\"publisher\":{\"@id\":\"https:\\\/\\\/addaroom.dk\\\/en\\\/#organization\"},\"potentialAction\":[{\"@type\":\"SearchAction\",\"target\":{\"@type\":\"EntryPoint\",\"urlTemplate\":\"https:\\\/\\\/addaroom.dk\\\/en\\\/?s={search_term_string}\"},\"query-input\":{\"@type\":\"PropertyValueSpecification\",\"valueRequired\":true,\"valueName\":\"search_term_string\"}}],\"inLanguage\":\"sv-SE\"},{\"@type\":\"Organization\",\"@id\":\"https:\\\/\\\/addaroom.dk\\\/en\\\/#organization\",\"name\":\"Add a Room\",\"url\":\"https:\\\/\\\/addaroom.dk\\\/en\\\/\",\"logo\":{\"@type\":\"ImageObject\",\"inLanguage\":\"sv-SE\",\"@id\":\"https:\\\/\\\/addaroom.dk\\\/en\\\/#\\\/schema\\\/logo\\\/image\\\/\",\"url\":\"https:\\\/\\\/addaroom.dk\\\/wp-content\\\/uploads\\\/2025\\\/09\\\/Screenshot-2025-09-18-122421.png\",\"contentUrl\":\"https:\\\/\\\/addaroom.dk\\\/wp-content\\\/uploads\\\/2025\\\/09\\\/Screenshot-2025-09-18-122421.png\",\"width\":263,\"height\":80,\"caption\":\"Add a Room\"},\"image\":{\"@id\":\"https:\\\/\\\/addaroom.dk\\\/en\\\/#\\\/schema\\\/logo\\\/image\\\/\"},\"sameAs\":[\"https:\\\/\\\/www.facebook.com\\\/share\\\/1EZnEZVh7L\\\/?mibextid=wwXIfr\",\"https:\\\/\\\/www.instagram.com\\\/add_a_room?igsh=MWo2cHNwN3dmNGR1eA&utm_source=qr\"]}]}<\/script>\n<!-- \/ Yoast SEO plugin. -->","yoast_head_json":{"title":"Add a Room - Nyckelf\u00e4rdiga hem i skandinavisk toppklass","description":"Vi bygger nyckelf\u00e4rdiga hem i gedigna, skandinaviska material och design, i ett h\u00e5llbart och flexibelt modulkoncept!","robots":{"index":"index","follow":"follow","max-snippet":"max-snippet:-1","max-image-preview":"max-image-preview:large","max-video-preview":"max-video-preview:-1"},"canonical":"https:\/\/addaroom.dk\/sv\/","twitter_misc":{"Ber\u00e4knad l\u00e4stid":"3 minuter"},"schema":{"@context":"https:\/\/schema.org","@graph":[{"@type":"WebPage","@id":"https:\/\/addaroom.dk\/sv\/","url":"https:\/\/addaroom.dk\/sv\/","name":"Add a Room - Nyckelf\u00e4rdiga hem i skandinavisk toppklass","isPartOf":{"@id":"https:\/\/addaroom.dk\/en\/#website"},"datePublished":"2021-03-01T15:28:51+00:00","dateModified":"2024-08-19T10:01:27+00:00","description":"Vi bygger nyckelf\u00e4rdiga hem i gedigna, skandinaviska material och design, i ett h\u00e5llbart och flexibelt modulkoncept!","breadcrumb":{"@id":"https:\/\/addaroom.dk\/sv\/#breadcrumb"},"inLanguage":"sv-SE","potentialAction":[{"@type":"ReadAction","target":["https:\/\/addaroom.dk\/sv\/"]}]},{"@type":"BreadcrumbList","@id":"https:\/\/addaroom.dk\/sv\/#breadcrumb","itemListElement":[{"@type":"ListItem","position":1,"name":"Hem","item":"https:\/\/addaroom.dk\/sv\/"},{"@type":"ListItem","position":2,"name":"Hem"}]},{"@type":"WebSite","@id":"https:\/\/addaroom.dk\/en\/#website","url":"https:\/\/addaroom.dk\/en\/","name":"Add a Room","description":"Small houses with big possibilities","publisher":{"@id":"https:\/\/addaroom.dk\/en\/#organization"},"potentialAction":[{"@type":"SearchAction","target":{"@type":"EntryPoint","urlTemplate":"https:\/\/addaroom.dk\/en\/?s={search_term_string}"},"query-input":{"@type":"PropertyValueSpecification","valueRequired":true,"valueName":"search_term_string"}}],"inLanguage":"sv-SE"},{"@type":"Organization","@id":"https:\/\/addaroom.dk\/en\/#organization","name":"Add a Room","url":"https:\/\/addaroom.dk\/en\/","logo":{"@type":"ImageObject","inLanguage":"sv-SE","@id":"https:\/\/addaroom.dk\/en\/#\/schema\/logo\/image\/","url":"https:\/\/addaroom.dk\/wp-content\/uploads\/2025\/09\/Screenshot-2025-09-18-122421.png","contentUrl":"https:\/\/addaroom.dk\/wp-content\/uploads\/2025\/09\/Screenshot-2025-09-18-122421.png","width":263,"height":80,"caption":"Add a Room"},"image":{"@id":"https:\/\/addaroom.dk\/en\/#\/schema\/logo\/image\/"},"sameAs":["https:\/\/www.facebook.com\/share\/1EZnEZVh7L\/?mibextid=wwXIfr","https:\/\/www.instagram.com\/add_a_room?igsh=MWo2cHNwN3dmNGR1eA&utm_source=qr"]}]}},"_links":{"self":[{"href":"https:\/\/addaroom.dk\/sv\/wp-json\/wp\/v2\/pages\/10535","targetHints":{"allow":["GET"]}}],"collection":[{"href":"https:\/\/addaroom.dk\/sv\/wp-json\/wp\/v2\/pages"}],"about":[{"href":"https:\/\/addaroom.dk\/sv\/wp-json\/wp\/v2\/types\/page"}],"author":[{"embeddable":true,"href":"https:\/\/addaroom.dk\/sv\/wp-json\/wp\/v2\/users\/1"}],"replies":[{"embeddable":true,"href":"https:\/\/addaroom.dk\/sv\/wp-json\/wp\/v2\/comments?post=10535"}],"version-history":[{"count":0,"href":"https:\/\/addaroom.dk\/sv\/wp-json\/wp\/v2\/pages\/10535\/revisions"}],"wp:attachment":[{"href":"https:\/\/addaroom.dk\/sv\/wp-json\/wp\/v2\/media?parent=10535"}],"curies":[{"name":"wp","href":"https:\/\/api.w.org\/{rel}","templated":true}]}}