{"id":16639,"date":"2022-04-11T11:05:55","date_gmt":"2022-04-11T11:05:55","guid":{"rendered":"https:\/\/addaroom.dk\/nachhaltigkeit\/nachhaltiges-leben\/"},"modified":"2022-04-11T11:06:11","modified_gmt":"2022-04-11T11:06:11","slug":"nachhaltiges-leben","status":"publish","type":"page","link":"https:\/\/addaroom.dk\/de\/nachhaltigkeit\/nachhaltiges-leben\/","title":{"rendered":"Nachhaltiges Leben"},"content":{"rendered":"<div class=\"wp-block-wrapper acf--content-block\">\n<div class=\"pc bc--white \">\n    <div class=\"pc--1\">\n        <div class=\"gb-block block--content pull-left\">\n            <div class=\"block--content-text-wrapper\">\n                <div class=\"block--content-text\">\n                    <h2>Modulares Wohnen<\/h2>\n<p>Mit dem schnellen Wandel in der modernen Welt, kombiniert mit ernsthaften Klimaproblemen, finden wir traditionelles Wohnen unn\u00f6tig statisch.<\/p>\n<p>Mit verkn\u00fcpfbaren und beweglichen schl\u00fcsselfertigen Modulen streben wir eine zirkul\u00e4rere Sichtweise des Wohnens an, bei der nur der heutige Bedarf an Wohnraum verbraucht wird. Ein Haus, das sich an die Ver\u00e4nderungen des Lebens in einer sich st\u00e4ndig ver\u00e4ndernden Welt anpasst.<\/p>\n                <\/div>\n            <\/div>\n            <div class=\"block--content-image\">\n                                    <img loading=\"lazy\" decoding=\"async\" src=\"https:\/\/addaroom.dk\/wp-content\/uploads\/2016\/07\/ONE-delivered-in-Arvingerne-pic3-1-1024x576.jpg\" alt=\"\" height=\"576\" width=\"1024\"\/>\n                            <\/div>\n        <\/div>\n    <\/div>\n<\/div><\/div><div class=\"wp-block-wrapper acf--content-block\">\n<div class=\"pc bc--white \">\n    <div class=\"pc--1\">\n        <div class=\"gb-block block--content pull-right\">\n            <div class=\"block--content-text-wrapper\">\n                <div class=\"block--content-text\">\n                    <p>Mit Add a Room k\u00f6nnen Sie den heutigen Verbrauch an zus\u00e4tzlichem Wohnraum f\u00fcr eine zuk\u00fcnftige Vergr\u00f6\u00dferung der Familiengr\u00f6\u00dfe in die Zukunft verschieben und nur dann, wenn er ben\u00f6tigt wird.<\/p>\n<p>Wenn der Tag kommt, an dem die Kinder ausziehen, lassen Sie sie ein Modul nehmen, es in das Sommerhaus bringen oder es verkaufen.<\/p>\n<p>Auch hier bleibt Ihnen der an die aktuelle Situation angepasste Wohnraum, der den \u00fcberm\u00e4\u00dfigen Konsum eliminiert.<\/p>\n<p><a class=\"button\" href=\"https:\/\/addaroom.dk\/de\/unsere-gebaeude\/\">Sehen Sie sich unsere Geb\u00e4ude an<\/a><\/p>\n                <\/div>\n            <\/div>\n            <div class=\"block--content-image\">\n                                    <img loading=\"lazy\" decoding=\"async\" src=\"https:\/\/addaroom.dk\/wp-content\/uploads\/2016\/07\/q61kWO.png\" alt=\"\" height=\"398\" width=\"600\"\/>\n                            <\/div>\n        <\/div>\n    <\/div>\n<\/div><\/div><div class=\"pc\"><div class=\"pc--1\"><div class=\"wp-block-wrapper core--video\">\n<figure class=\"wp-block-video\"><video height=\"718\" style=\"aspect-ratio: 1280 \/ 718;\" width=\"1280\" autoplay=\"\" loop=\"\" muted=\"\" src=\"https:\/\/addaroom.dk\/wp-content\/uploads\/2021\/03\/LFN-skiss-video.mp4\" playsinline=\"\"><\/video><\/figure><\/div><\/div><\/div><div class=\"wp-block-wrapper acf--content-block\">\n<div class=\"pc bc--white \">\n    <div class=\"pc--1\">\n        <div class=\"gb-block block--content pull-left\">\n            <div class=\"block--content-text-wrapper\">\n                <div class=\"block--content-text\">\n                    <h2>N\u00e4her an der Natur<\/h2>\n<p>Urbanisierung und technologische Entwicklungen entfernen uns im Alltag immer weiter von der Natur. Das Grundbed\u00fcrfnis nach Zeit in der Natur ist jedoch vorhanden und wird oft durch Natururlaub und engagierte w\u00f6chentliche Waldwanderungen kompensiert.<\/p>\n<p>Wir glauben, dass es heute einfacher denn je ist, den Alltag n\u00e4her an der Natur zu verbringen. Unsere ger\u00e4umigen Decks, Pergolen, Au\u00dfeneinheiten und Fenster mit sehr d\u00fcnnen Rahmen wurden alle sorgf\u00e4ltig ausgew\u00e4hlt, um das Gef\u00fchl zu gew\u00e4hrleisten, dass Au\u00dfen und Innen miteinander verschmelzen, um Sie der Natur n\u00e4her zu bringen.<\/p>\n<p>&nbsp;<\/p>\n                <\/div>\n            <\/div>\n            <div class=\"block--content-image\">\n                                    <img loading=\"lazy\" decoding=\"async\" src=\"https:\/\/addaroom.dk\/wp-content\/uploads\/2016\/07\/add-a-room_project_ska\u030ane_4-1024x718-1.jpg\" alt=\"\" height=\"718\" width=\"1024\"\/>\n                            <\/div>\n        <\/div>\n    <\/div>\n<\/div><\/div><div class=\"pc\"><div class=\"pc--1\"><div class=\"wp-block-wrapper core--html\">\n<div id=\"timeless-design\"><\/div>\n<\/div><\/div><\/div><div class=\"wp-block-wrapper acf--content-block\">\n<div class=\"pc bc--white \">\n    <div class=\"pc--1\">\n        <div class=\"gb-block block--content pull-right\">\n            <div class=\"block--content-text-wrapper\">\n                <div class=\"block--content-text\">\n                    <h2>Zeitloses Design<\/h2>\n<p>Kennen Sie Lars Frank Nielsen? Er ist der Architekt, der das Design mit dem sch\u00f6nen und einfachen Ausdruck in den H\u00e4usern von Add a Room entworfen hat.<\/p>\n<p>Er ist unter anderem als einer von drei Gr\u00fcndern des Architekturb\u00fcros 3xN bekannt, die viele ber\u00fchmte Geb\u00e4ude geschaffen haben. Zum Beispiel Arkitektens hus in Kopenhagen und die d\u00e4nische Botschaft in Berlin.<\/p>\n<p><em>\u201eUnser Wunsch war es, ein einfaches, fast minimalistisches Haus zu entwerfen, das alleine stehen, direkt durch mehrere Module verbunden oder mit Au\u00dfenraumelementen verbunden werden kann. Wir hatten das Gef\u00fchl, dass wir ein nettes kleines Haus geschaffen haben, aber der gro\u00dfe Gewinn liegt darin Erweitern oder Kombinieren mit anderen Modulen. Das Konzept sollte eine alternative M\u00f6glichkeit sein, ein Sommerhaus oder Ferienhaus zu bauen. Wir glauben, dass die Leute die kleinen Mini-Standardh\u00e4user satt haben, wenn sie ein Sommerhaus oder ein Ferienhaus bauen m\u00f6chten. Diese M\u00f6glichkeit er\u00f6ffnet sich nach mehreren Alternativen und einer anderen M\u00f6glichkeit, Ihre Freizeit zu verbringen.&#8220;<\/em><\/p>\n<p><strong>Lars Frank Nielsen<\/strong><\/p>\n<p>&nbsp;<\/p>\n                <\/div>\n            <\/div>\n            <div class=\"block--content-image\">\n                                    <img loading=\"lazy\" decoding=\"async\" src=\"https:\/\/addaroom.dk\/wp-content\/uploads\/2019\/02\/Billede2.jpg\" alt=\"\" height=\"600\" width=\"600\"\/>\n                            <\/div>\n        <\/div>\n    <\/div>\n<\/div><\/div><div class=\"pc\"><div class=\"pc--1\"><div class=\"wp-block-wrapper core--separator\">\n<hr class=\"wp-block-separator\"\/>\n<\/div><\/div><\/div><div class=\"pc\"><div class=\"pc--1\"><div class=\"wp-block-wrapper core--spacer\">\n<div style=\"height:100px\" aria-hidden=\"true\" class=\"wp-block-spacer\"><\/div>\n<\/div><\/div><\/div><div class=\"wp-block-wrapper acf--post-type-block\">    <div class=\"pc bc--white \">\n        <div class=\"pc--1\">\n\t\t\t\t            <div class=\"gb-block block--post \">\n\n\t\t\t\t\t\t\t\t\t\t\t\t\t\t\t\n\t\t\t\t\t\t\t\t\t\t\t\t<div class=\"layout--horizontal\">\n\t\t\t\t\t\t\t\t\t\t\t\t\t\t\n\n<a href=\"https:\/\/addaroom.dk\/de\/nachhaltigkeit\/nachhaltige-materialien\/\" target=\"_self\" class=\"card\">\n            <div class=\"card--image\">\n            <img loading=\"lazy\" decoding=\"async\" style=\"object-fit: cover\" src=\"https:\/\/addaroom.dk\/wp-content\/uploads\/2016\/07\/bastu-210.jpg\" alt=\"\" height=\"398\" width=\"600\"\/>        <\/div>\n           \n    <div class=\"card--content\">\n        <div>\n            <div class=\"card--summary\">\n                <div class=\"card-heading--content\">\n                    <h3>Nachhaltige Materialien<\/h3><p>T\u00e4glich kommen neue, nachhaltige Alternativen zu traditionellen Baumaterialien auf den Markt. Als House-Produzent werden Sie sich nie an alte Meisterleistungen anlehnen k\u00f6nnen.<\/p>\n<p><strong>Erfahren Sie mehr \u00fcber unseren Prozess zur Bewertung unserer Lieferanten.<\/strong><\/p>\n                 <\/div>\n                                     <div class=\"card--button\">\n                        <div class=\"button\">Sehen<\/div>\n                    <\/div>\n                            <\/div>\n        <\/div>\n    <\/div>\n<\/a>\t\t\t\t\t\t<\/div>\n\t\t\t\t\t\t\t\t\t            <\/div>\n        <\/div>\n    <\/div>\n    <\/div>","protected":false},"excerpt":{"rendered":"","protected":false},"author":1,"featured_media":0,"parent":16631,"menu_order":0,"comment_status":"closed","ping_status":"closed","template":"","meta":{"_acf_changed":false,"footnotes":""},"class_list":["post-16639","page","type-page","status-publish","hentry"],"acf":[],"yoast_head":"<!-- This site is optimized with the Yoast SEO plugin v27.4 - https:\/\/yoast.com\/product\/yoast-seo-wordpress\/ -->\n<title>Nachhaltiges Leben - Add a Room<\/title>\n<meta name=\"robots\" content=\"index, follow, max-snippet:-1, max-image-preview:large, max-video-preview:-1\" \/>\n<link rel=\"canonical\" href=\"https:\/\/addaroom.dk\/de\/nachhaltigkeit\/nachhaltiges-leben\/\" \/>\n<script type=\"application\/ld+json\" class=\"yoast-schema-graph\">{\"@context\":\"https:\\\/\\\/schema.org\",\"@graph\":[{\"@type\":\"WebPage\",\"@id\":\"https:\\\/\\\/addaroom.dk\\\/de\\\/nachhaltigkeit\\\/nachhaltiges-leben\\\/\",\"url\":\"https:\\\/\\\/addaroom.dk\\\/de\\\/nachhaltigkeit\\\/nachhaltiges-leben\\\/\",\"name\":\"Nachhaltiges Leben - Add a Room\",\"isPartOf\":{\"@id\":\"https:\\\/\\\/addaroom.dk\\\/en\\\/#website\"},\"datePublished\":\"2022-04-11T11:05:55+00:00\",\"dateModified\":\"2022-04-11T11:06:11+00:00\",\"breadcrumb\":{\"@id\":\"https:\\\/\\\/addaroom.dk\\\/de\\\/nachhaltigkeit\\\/nachhaltiges-leben\\\/#breadcrumb\"},\"inLanguage\":\"de-DE\",\"potentialAction\":[{\"@type\":\"ReadAction\",\"target\":[\"https:\\\/\\\/addaroom.dk\\\/de\\\/nachhaltigkeit\\\/nachhaltiges-leben\\\/\"]}]},{\"@type\":\"BreadcrumbList\",\"@id\":\"https:\\\/\\\/addaroom.dk\\\/de\\\/nachhaltigkeit\\\/nachhaltiges-leben\\\/#breadcrumb\",\"itemListElement\":[{\"@type\":\"ListItem\",\"position\":1,\"name\":\"Hem\",\"item\":\"https:\\\/\\\/addaroom.dk\\\/de\\\/\"},{\"@type\":\"ListItem\",\"position\":2,\"name\":\"Nachhaltigkeit\",\"item\":\"https:\\\/\\\/addaroom.dk\\\/de\\\/nachhaltigkeit\\\/\"},{\"@type\":\"ListItem\",\"position\":3,\"name\":\"Nachhaltiges Leben\"}]},{\"@type\":\"WebSite\",\"@id\":\"https:\\\/\\\/addaroom.dk\\\/en\\\/#website\",\"url\":\"https:\\\/\\\/addaroom.dk\\\/en\\\/\",\"name\":\"Add a Room\",\"description\":\"Small houses with big possibilities\",\"publisher\":{\"@id\":\"https:\\\/\\\/addaroom.dk\\\/en\\\/#organization\"},\"potentialAction\":[{\"@type\":\"SearchAction\",\"target\":{\"@type\":\"EntryPoint\",\"urlTemplate\":\"https:\\\/\\\/addaroom.dk\\\/en\\\/?s={search_term_string}\"},\"query-input\":{\"@type\":\"PropertyValueSpecification\",\"valueRequired\":true,\"valueName\":\"search_term_string\"}}],\"inLanguage\":\"de-DE\"},{\"@type\":\"Organization\",\"@id\":\"https:\\\/\\\/addaroom.dk\\\/en\\\/#organization\",\"name\":\"Add a Room\",\"url\":\"https:\\\/\\\/addaroom.dk\\\/en\\\/\",\"logo\":{\"@type\":\"ImageObject\",\"inLanguage\":\"de-DE\",\"@id\":\"https:\\\/\\\/addaroom.dk\\\/en\\\/#\\\/schema\\\/logo\\\/image\\\/\",\"url\":\"https:\\\/\\\/addaroom.dk\\\/wp-content\\\/uploads\\\/2025\\\/09\\\/Screenshot-2025-09-18-122421.png\",\"contentUrl\":\"https:\\\/\\\/addaroom.dk\\\/wp-content\\\/uploads\\\/2025\\\/09\\\/Screenshot-2025-09-18-122421.png\",\"width\":263,\"height\":80,\"caption\":\"Add a Room\"},\"image\":{\"@id\":\"https:\\\/\\\/addaroom.dk\\\/en\\\/#\\\/schema\\\/logo\\\/image\\\/\"},\"sameAs\":[\"https:\\\/\\\/www.facebook.com\\\/share\\\/1EZnEZVh7L\\\/?mibextid=wwXIfr\",\"https:\\\/\\\/www.instagram.com\\\/add_a_room?igsh=MWo2cHNwN3dmNGR1eA&utm_source=qr\"]}]}<\/script>\n<!-- \/ Yoast SEO plugin. -->","yoast_head_json":{"title":"Nachhaltiges Leben - Add a Room","robots":{"index":"index","follow":"follow","max-snippet":"max-snippet:-1","max-image-preview":"max-image-preview:large","max-video-preview":"max-video-preview:-1"},"canonical":"https:\/\/addaroom.dk\/de\/nachhaltigkeit\/nachhaltiges-leben\/","schema":{"@context":"https:\/\/schema.org","@graph":[{"@type":"WebPage","@id":"https:\/\/addaroom.dk\/de\/nachhaltigkeit\/nachhaltiges-leben\/","url":"https:\/\/addaroom.dk\/de\/nachhaltigkeit\/nachhaltiges-leben\/","name":"Nachhaltiges Leben - Add a Room","isPartOf":{"@id":"https:\/\/addaroom.dk\/en\/#website"},"datePublished":"2022-04-11T11:05:55+00:00","dateModified":"2022-04-11T11:06:11+00:00","breadcrumb":{"@id":"https:\/\/addaroom.dk\/de\/nachhaltigkeit\/nachhaltiges-leben\/#breadcrumb"},"inLanguage":"de-DE","potentialAction":[{"@type":"ReadAction","target":["https:\/\/addaroom.dk\/de\/nachhaltigkeit\/nachhaltiges-leben\/"]}]},{"@type":"BreadcrumbList","@id":"https:\/\/addaroom.dk\/de\/nachhaltigkeit\/nachhaltiges-leben\/#breadcrumb","itemListElement":[{"@type":"ListItem","position":1,"name":"Hem","item":"https:\/\/addaroom.dk\/de\/"},{"@type":"ListItem","position":2,"name":"Nachhaltigkeit","item":"https:\/\/addaroom.dk\/de\/nachhaltigkeit\/"},{"@type":"ListItem","position":3,"name":"Nachhaltiges Leben"}]},{"@type":"WebSite","@id":"https:\/\/addaroom.dk\/en\/#website","url":"https:\/\/addaroom.dk\/en\/","name":"Add a Room","description":"Small houses with big possibilities","publisher":{"@id":"https:\/\/addaroom.dk\/en\/#organization"},"potentialAction":[{"@type":"SearchAction","target":{"@type":"EntryPoint","urlTemplate":"https:\/\/addaroom.dk\/en\/?s={search_term_string}"},"query-input":{"@type":"PropertyValueSpecification","valueRequired":true,"valueName":"search_term_string"}}],"inLanguage":"de-DE"},{"@type":"Organization","@id":"https:\/\/addaroom.dk\/en\/#organization","name":"Add a Room","url":"https:\/\/addaroom.dk\/en\/","logo":{"@type":"ImageObject","inLanguage":"de-DE","@id":"https:\/\/addaroom.dk\/en\/#\/schema\/logo\/image\/","url":"https:\/\/addaroom.dk\/wp-content\/uploads\/2025\/09\/Screenshot-2025-09-18-122421.png","contentUrl":"https:\/\/addaroom.dk\/wp-content\/uploads\/2025\/09\/Screenshot-2025-09-18-122421.png","width":263,"height":80,"caption":"Add a Room"},"image":{"@id":"https:\/\/addaroom.dk\/en\/#\/schema\/logo\/image\/"},"sameAs":["https:\/\/www.facebook.com\/share\/1EZnEZVh7L\/?mibextid=wwXIfr","https:\/\/www.instagram.com\/add_a_room?igsh=MWo2cHNwN3dmNGR1eA&utm_source=qr"]}]}},"_links":{"self":[{"href":"https:\/\/addaroom.dk\/de\/wp-json\/wp\/v2\/pages\/16639","targetHints":{"allow":["GET"]}}],"collection":[{"href":"https:\/\/addaroom.dk\/de\/wp-json\/wp\/v2\/pages"}],"about":[{"href":"https:\/\/addaroom.dk\/de\/wp-json\/wp\/v2\/types\/page"}],"author":[{"embeddable":true,"href":"https:\/\/addaroom.dk\/de\/wp-json\/wp\/v2\/users\/1"}],"replies":[{"embeddable":true,"href":"https:\/\/addaroom.dk\/de\/wp-json\/wp\/v2\/comments?post=16639"}],"version-history":[{"count":0,"href":"https:\/\/addaroom.dk\/de\/wp-json\/wp\/v2\/pages\/16639\/revisions"}],"up":[{"embeddable":true,"href":"https:\/\/addaroom.dk\/de\/wp-json\/wp\/v2\/pages\/16631"}],"wp:attachment":[{"href":"https:\/\/addaroom.dk\/de\/wp-json\/wp\/v2\/media?parent=16639"}],"curies":[{"name":"wp","href":"https:\/\/api.w.org\/{rel}","templated":true}]}}