{"id":16636,"date":"2022-04-11T11:05:53","date_gmt":"2022-04-11T11:05:53","guid":{"rendered":"https:\/\/addaroom.dk\/unsere-gebaeude\/module\/"},"modified":"2022-04-11T11:05:53","modified_gmt":"2022-04-11T11:05:53","slug":"module","status":"publish","type":"page","link":"https:\/\/addaroom.dk\/de\/unsere-gebaeude\/module\/","title":{"rendered":"Module"},"content":{"rendered":"<div class=\"pc\"><div class=\"pc--1\"><div class=\"wp-block-wrapper core--heading\">\n<h2 class=\"wp-block-heading\">Module<\/h2>\n<\/div><\/div><\/div><div class=\"pc\"><div class=\"pc--1\"><div class=\"wp-block-wrapper core--paragraph\">\n<p>Die f\u00fcnf Module in den Gr\u00f6\u00dfen 10m <sup>2<\/sup> und 30m <sup>2<\/sup> bilden das R\u00fcckgrat des Add a Room-Konzepts. Die Module sind gro\u00df genug, um als separate Mini-H\u00e4user verwendet oder synergetisch miteinander verbunden zu werden, um ein gr\u00f6\u00dferes Haus zu bilden. Das Verbindungskonzept erm\u00f6glicht es Ihnen, die Module in allen horizontalen Richtungen direkt miteinander zu verbinden oder mit einer <em><a href=\"https:\/\/addaroom.dk\/de\/externe-optionen\/\">Au\u00dfeneinheit<\/a><\/em> die Grenzen zwischen Innen und Au\u00dfen aufzuheben. Spielen Sie mit unserem <em><a href=\"https:\/\/addaroom.dk\/en\/modular-house-builder\/\">Online Builder<\/a><\/em> , um sich ein Bild von den M\u00f6glichkeiten zu machen!<\/p>\n<\/div><\/div><\/div><div class=\"pc\"><div class=\"pc--1\"><div class=\"wp-block-wrapper core--paragraph\">\n<p>Die Module sind identisch aufgebaut, mit gleichen Materialien, H\u00f6he und Breite, aber unterschiedlichen L\u00e4ngen. Die Module werden standardm\u00e4\u00dfig als ein gro\u00dfer Raum geliefert, der mit verschiedenen <a href=\"https:\/\/addaroom.dk\/de\/interne-optionen\/\">internen Optionen<\/a> ge\u00e4ndert werden kann. Die Materialien des Moduls k\u00f6nnen hier eingesehen <a href=\"https:\/\/addaroom.dk\/de\/unsere-gebaeude\/materialien\/\">werden<\/a> .<\/p>\n<\/div><\/div><\/div><div class=\"wp-block-wrapper acf--post-type-block\">    <div class=\"pc bc--white \">\n        <div class=\"pc--1\">\n\t\t\t\t            <div class=\"gb-block block--post \">\n\n\t\t\t\t\t\t\t\t\t\t\t\t\t\t\t\n\t\t\t\t\t\t\t\t\t\t\t\t<div class=\"layout--horizontal\">\n\t\t\t\t\t\t\t\t\t\t\t\t\t\t\n\n<a href=\"https:\/\/addaroom.dk\/de\/unsere-gebaeude\/module\/15-m-2-modul\/\" target=\"_self\" class=\"card\">\n            <div class=\"card--image\">\n            <img loading=\"lazy\" decoding=\"async\" style=\"object-fit: cover\" src=\"https:\/\/addaroom.dk\/wp-content\/uploads\/2019\/06\/d_new-3.png\" alt=\"\" height=\"413\" width=\"850\"\/>        <\/div>\n           \n    <div class=\"card--content\">\n        <div>\n            <div class=\"card--summary\">\n                <div class=\"card-heading--content\">\n                    <h3>15 m <sup>2<\/sup> Modul<\/h3>                 <\/div>\n                                     <div class=\"card--button\">\n                        <div class=\"button\">Sehen<\/div>\n                    <\/div>\n                            <\/div>\n        <\/div>\n    <\/div>\n<\/a>\t\t\t\t\t\t<\/div>\n\t\t\t\t\t\t\t\t\t\t\t\n\t\t\t\t\t\t\t\t\t\t\t\t<div class=\"layout--horizontal\">\n\t\t\t\t\t\t\t\t\t\t\t\t\t\t\n\n<a href=\"https:\/\/addaroom.dk\/de\/unsere-gebaeude\/module\/30-m-2-modul\/\" target=\"_self\" class=\"card\">\n            <div class=\"card--image\">\n            <img loading=\"lazy\" decoding=\"async\" style=\"object-fit: cover\" src=\"https:\/\/addaroom.dk\/wp-content\/uploads\/2019\/06\/a_new-2.png\" alt=\"\" height=\"413\" width=\"850\"\/>        <\/div>\n           \n    <div class=\"card--content\">\n        <div>\n            <div class=\"card--summary\">\n                <div class=\"card-heading--content\">\n                    <h3>30 m <sup>2<\/sup> Modul<\/h3>                 <\/div>\n                                     <div class=\"card--button\">\n                        <div class=\"button\">Sehen<\/div>\n                    <\/div>\n                            <\/div>\n        <\/div>\n    <\/div>\n<\/a>\t\t\t\t\t\t<\/div>\n\t\t\t\t\t\t\t\t\t\t\t\n\t\t\t\t\t\t\t\t\t\t\t\t<div class=\"layout--horizontal\">\n\t\t\t\t\t\t\t\t\t\t\t\t\t\t\n\n<a href=\"https:\/\/addaroom.dk\/de\/unsere-gebaeude\/module\/10-m-2-modul\/\" target=\"_self\" class=\"card\">\n            <div class=\"card--image\">\n            <img loading=\"lazy\" decoding=\"async\" style=\"object-fit: cover\" src=\"https:\/\/addaroom.dk\/wp-content\/uploads\/2019\/06\/e_dk_new-1.png\" alt=\"\" height=\"413\" width=\"850\"\/>        <\/div>\n           \n    <div class=\"card--content\">\n        <div>\n            <div class=\"card--summary\">\n                <div class=\"card-heading--content\">\n                    <h3>10 m <sup>2<\/sup> Modul<\/h3>                 <\/div>\n                                     <div class=\"card--button\">\n                        <div class=\"button\">Sehen<\/div>\n                    <\/div>\n                            <\/div>\n        <\/div>\n    <\/div>\n<\/a>\t\t\t\t\t\t<\/div>\n\t\t\t\t\t\t\t\t\t\t\t\n\t\t\t\t\t\t\t\t\t\t\t\t<div class=\"layout--horizontal\">\n\t\t\t\t\t\t\t\t\t\t\t\t\t\t\n\n<a href=\"https:\/\/addaroom.dk\/de\/unsere-gebaeude\/module\/25-m-2-modul\/\" target=\"_self\" class=\"card\">\n            <div class=\"card--image\">\n            <img loading=\"lazy\" decoding=\"async\" style=\"object-fit: cover\" src=\"https:\/\/addaroom.dk\/wp-content\/uploads\/2019\/06\/b_dk_new.png\" alt=\"\" height=\"413\" width=\"850\"\/>        <\/div>\n           \n    <div class=\"card--content\">\n        <div>\n            <div class=\"card--summary\">\n                <div class=\"card-heading--content\">\n                    <h3>25 m <sup>2<\/sup> Modul<\/h3>                 <\/div>\n                                     <div class=\"card--button\">\n                        <div class=\"button\">Sehen<\/div>\n                    <\/div>\n                            <\/div>\n        <\/div>\n    <\/div>\n<\/a>\t\t\t\t\t\t<\/div>\n\t\t\t\t\t\t\t\t\t\t\t\n\t\t\t\t\t\t\t\t\t\t\t\t<div class=\"layout--horizontal\">\n\t\t\t\t\t\t\t\t\t\t\t\t\t\t\n\n<a href=\"https:\/\/addaroom.dk\/de\/unsere-gebaeude\/module\/20-m-2-modul\/\" target=\"_self\" class=\"card\">\n            <div class=\"card--image\">\n            <img loading=\"lazy\" decoding=\"async\" style=\"object-fit: cover\" src=\"https:\/\/addaroom.dk\/wp-content\/uploads\/2019\/06\/c_dk_new.png\" alt=\"\" height=\"413\" width=\"850\"\/>        <\/div>\n           \n    <div class=\"card--content\">\n        <div>\n            <div class=\"card--summary\">\n                <div class=\"card-heading--content\">\n                    <h3>20 m <sup>2<\/sup> Modul<\/h3>                 <\/div>\n                                     <div class=\"card--button\">\n                        <div class=\"button\">Sehen<\/div>\n                    <\/div>\n                            <\/div>\n        <\/div>\n    <\/div>\n<\/a>\t\t\t\t\t\t<\/div>\n\t\t\t\t\t\t\t\t\t            <\/div>\n        <\/div>\n    <\/div>\n    <\/div>","protected":false},"excerpt":{"rendered":"<p>Module Die f\u00fcnf Module in den Gr\u00f6\u00dfen 10m 2 und 30m 2 bilden das R\u00fcckgrat des Add a Room-Konzepts. Die Module sind gro\u00df genug, um als separate Mini-H\u00e4user verwendet oder synergetisch miteinander verbunden zu werden, um ein gr\u00f6\u00dferes Haus zu bilden. Das Verbindungskonzept erm\u00f6glicht es Ihnen, die Module in allen horizontalen Richtungen direkt miteinander zu &hellip; <a href=\"https:\/\/addaroom.dk\/de\/unsere-gebaeude\/module\/\">Continued<\/a><\/p>\n","protected":false},"author":1,"featured_media":0,"parent":16620,"menu_order":0,"comment_status":"closed","ping_status":"closed","template":"templates\/modules-options.php","meta":{"_acf_changed":false,"footnotes":""},"class_list":["post-16636","page","type-page","status-publish","hentry"],"acf":[],"yoast_head":"<!-- This site is optimized with the Yoast SEO plugin v27.4 - https:\/\/yoast.com\/product\/yoast-seo-wordpress\/ -->\n<title>Module - Add a Room<\/title>\n<meta name=\"robots\" content=\"index, follow, max-snippet:-1, max-image-preview:large, max-video-preview:-1\" \/>\n<link rel=\"canonical\" href=\"https:\/\/addaroom.dk\/de\/unsere-gebaeude\/module\/\" \/>\n<meta name=\"twitter:label1\" content=\"Gesch\u00e4tzte Lesezeit\" \/>\n\t<meta name=\"twitter:data1\" content=\"1 Minute\" \/>\n<script type=\"application\/ld+json\" class=\"yoast-schema-graph\">{\"@context\":\"https:\\\/\\\/schema.org\",\"@graph\":[{\"@type\":\"WebPage\",\"@id\":\"https:\\\/\\\/addaroom.dk\\\/de\\\/unsere-gebaeude\\\/module\\\/\",\"url\":\"https:\\\/\\\/addaroom.dk\\\/de\\\/unsere-gebaeude\\\/module\\\/\",\"name\":\"Module - Add a Room\",\"isPartOf\":{\"@id\":\"https:\\\/\\\/addaroom.dk\\\/en\\\/#website\"},\"datePublished\":\"2022-04-11T11:05:53+00:00\",\"breadcrumb\":{\"@id\":\"https:\\\/\\\/addaroom.dk\\\/de\\\/unsere-gebaeude\\\/module\\\/#breadcrumb\"},\"inLanguage\":\"de-DE\",\"potentialAction\":[{\"@type\":\"ReadAction\",\"target\":[\"https:\\\/\\\/addaroom.dk\\\/de\\\/unsere-gebaeude\\\/module\\\/\"]}]},{\"@type\":\"BreadcrumbList\",\"@id\":\"https:\\\/\\\/addaroom.dk\\\/de\\\/unsere-gebaeude\\\/module\\\/#breadcrumb\",\"itemListElement\":[{\"@type\":\"ListItem\",\"position\":1,\"name\":\"Hem\",\"item\":\"https:\\\/\\\/addaroom.dk\\\/de\\\/\"},{\"@type\":\"ListItem\",\"position\":2,\"name\":\"Unsere Geb\u00e4ude\",\"item\":\"https:\\\/\\\/addaroom.dk\\\/de\\\/unsere-gebaeude\\\/\"},{\"@type\":\"ListItem\",\"position\":3,\"name\":\"Module\"}]},{\"@type\":\"WebSite\",\"@id\":\"https:\\\/\\\/addaroom.dk\\\/en\\\/#website\",\"url\":\"https:\\\/\\\/addaroom.dk\\\/en\\\/\",\"name\":\"Add a Room\",\"description\":\"Small houses with big possibilities\",\"publisher\":{\"@id\":\"https:\\\/\\\/addaroom.dk\\\/en\\\/#organization\"},\"potentialAction\":[{\"@type\":\"SearchAction\",\"target\":{\"@type\":\"EntryPoint\",\"urlTemplate\":\"https:\\\/\\\/addaroom.dk\\\/en\\\/?s={search_term_string}\"},\"query-input\":{\"@type\":\"PropertyValueSpecification\",\"valueRequired\":true,\"valueName\":\"search_term_string\"}}],\"inLanguage\":\"de-DE\"},{\"@type\":\"Organization\",\"@id\":\"https:\\\/\\\/addaroom.dk\\\/en\\\/#organization\",\"name\":\"Add a Room\",\"url\":\"https:\\\/\\\/addaroom.dk\\\/en\\\/\",\"logo\":{\"@type\":\"ImageObject\",\"inLanguage\":\"de-DE\",\"@id\":\"https:\\\/\\\/addaroom.dk\\\/en\\\/#\\\/schema\\\/logo\\\/image\\\/\",\"url\":\"https:\\\/\\\/addaroom.dk\\\/wp-content\\\/uploads\\\/2025\\\/09\\\/Screenshot-2025-09-18-122421.png\",\"contentUrl\":\"https:\\\/\\\/addaroom.dk\\\/wp-content\\\/uploads\\\/2025\\\/09\\\/Screenshot-2025-09-18-122421.png\",\"width\":263,\"height\":80,\"caption\":\"Add a Room\"},\"image\":{\"@id\":\"https:\\\/\\\/addaroom.dk\\\/en\\\/#\\\/schema\\\/logo\\\/image\\\/\"},\"sameAs\":[\"https:\\\/\\\/www.facebook.com\\\/share\\\/1EZnEZVh7L\\\/?mibextid=wwXIfr\",\"https:\\\/\\\/www.instagram.com\\\/add_a_room?igsh=MWo2cHNwN3dmNGR1eA&utm_source=qr\"]}]}<\/script>\n<!-- \/ Yoast SEO plugin. -->","yoast_head_json":{"title":"Module - Add a Room","robots":{"index":"index","follow":"follow","max-snippet":"max-snippet:-1","max-image-preview":"max-image-preview:large","max-video-preview":"max-video-preview:-1"},"canonical":"https:\/\/addaroom.dk\/de\/unsere-gebaeude\/module\/","twitter_misc":{"Gesch\u00e4tzte Lesezeit":"1 Minute"},"schema":{"@context":"https:\/\/schema.org","@graph":[{"@type":"WebPage","@id":"https:\/\/addaroom.dk\/de\/unsere-gebaeude\/module\/","url":"https:\/\/addaroom.dk\/de\/unsere-gebaeude\/module\/","name":"Module - Add a Room","isPartOf":{"@id":"https:\/\/addaroom.dk\/en\/#website"},"datePublished":"2022-04-11T11:05:53+00:00","breadcrumb":{"@id":"https:\/\/addaroom.dk\/de\/unsere-gebaeude\/module\/#breadcrumb"},"inLanguage":"de-DE","potentialAction":[{"@type":"ReadAction","target":["https:\/\/addaroom.dk\/de\/unsere-gebaeude\/module\/"]}]},{"@type":"BreadcrumbList","@id":"https:\/\/addaroom.dk\/de\/unsere-gebaeude\/module\/#breadcrumb","itemListElement":[{"@type":"ListItem","position":1,"name":"Hem","item":"https:\/\/addaroom.dk\/de\/"},{"@type":"ListItem","position":2,"name":"Unsere Geb\u00e4ude","item":"https:\/\/addaroom.dk\/de\/unsere-gebaeude\/"},{"@type":"ListItem","position":3,"name":"Module"}]},{"@type":"WebSite","@id":"https:\/\/addaroom.dk\/en\/#website","url":"https:\/\/addaroom.dk\/en\/","name":"Add a Room","description":"Small houses with big possibilities","publisher":{"@id":"https:\/\/addaroom.dk\/en\/#organization"},"potentialAction":[{"@type":"SearchAction","target":{"@type":"EntryPoint","urlTemplate":"https:\/\/addaroom.dk\/en\/?s={search_term_string}"},"query-input":{"@type":"PropertyValueSpecification","valueRequired":true,"valueName":"search_term_string"}}],"inLanguage":"de-DE"},{"@type":"Organization","@id":"https:\/\/addaroom.dk\/en\/#organization","name":"Add a Room","url":"https:\/\/addaroom.dk\/en\/","logo":{"@type":"ImageObject","inLanguage":"de-DE","@id":"https:\/\/addaroom.dk\/en\/#\/schema\/logo\/image\/","url":"https:\/\/addaroom.dk\/wp-content\/uploads\/2025\/09\/Screenshot-2025-09-18-122421.png","contentUrl":"https:\/\/addaroom.dk\/wp-content\/uploads\/2025\/09\/Screenshot-2025-09-18-122421.png","width":263,"height":80,"caption":"Add a Room"},"image":{"@id":"https:\/\/addaroom.dk\/en\/#\/schema\/logo\/image\/"},"sameAs":["https:\/\/www.facebook.com\/share\/1EZnEZVh7L\/?mibextid=wwXIfr","https:\/\/www.instagram.com\/add_a_room?igsh=MWo2cHNwN3dmNGR1eA&utm_source=qr"]}]}},"_links":{"self":[{"href":"https:\/\/addaroom.dk\/de\/wp-json\/wp\/v2\/pages\/16636","targetHints":{"allow":["GET"]}}],"collection":[{"href":"https:\/\/addaroom.dk\/de\/wp-json\/wp\/v2\/pages"}],"about":[{"href":"https:\/\/addaroom.dk\/de\/wp-json\/wp\/v2\/types\/page"}],"author":[{"embeddable":true,"href":"https:\/\/addaroom.dk\/de\/wp-json\/wp\/v2\/users\/1"}],"replies":[{"embeddable":true,"href":"https:\/\/addaroom.dk\/de\/wp-json\/wp\/v2\/comments?post=16636"}],"version-history":[{"count":0,"href":"https:\/\/addaroom.dk\/de\/wp-json\/wp\/v2\/pages\/16636\/revisions"}],"up":[{"embeddable":true,"href":"https:\/\/addaroom.dk\/de\/wp-json\/wp\/v2\/pages\/16620"}],"wp:attachment":[{"href":"https:\/\/addaroom.dk\/de\/wp-json\/wp\/v2\/media?parent=16636"}],"curies":[{"name":"wp","href":"https:\/\/api.w.org\/{rel}","templated":true}]}}