{"id":16635,"date":"2022-04-11T11:05:52","date_gmt":"2022-04-11T11:05:52","guid":{"rendered":"https:\/\/addaroom.dk\/kaufen\/"},"modified":"2022-11-23T07:41:57","modified_gmt":"2022-11-23T07:41:57","slug":"kaufen","status":"publish","type":"page","link":"https:\/\/addaroom.dk\/de\/kaufen\/","title":{"rendered":"Kaufen"},"content":{"rendered":"<div class=\"wp-block-wrapper acf--content-block\">\n<div class=\"pc bc--white \">\n    <div class=\"pc--1\">\n        <div class=\"gb-block block--content pull-right\">\n            <div class=\"block--content-text-wrapper\">\n                <div class=\"block--content-text\">\n                    <h2>Der Kaufprozess<\/h2>\n<p>Der Kauf eines Eigenheims ist ein gro\u00dfes Ereignis im Leben, an dem viele Gef\u00fchle beteiligt sind. Mit mehr als 10 Jahren Erfahrung sind wir bereit, Ihnen w\u00e4hrend des gesamten Prozesses zu helfen, vom ersten Treffen mit der Gemeinde \u00fcber die Landvorbereitung bis hin zu einer langfristigen Beziehung, die weit \u00fcber den Tag der Lieferung hinausgeht. Lassen Sie sich von uns durch den Kaufprozess f\u00fchren.<\/p>\n                <\/div>\n            <\/div>\n            <div class=\"block--content-image\">\n                                    <img loading=\"lazy\" decoding=\"async\" src=\"https:\/\/addaroom.dk\/wp-content\/uploads\/2021\/03\/addaroom__Housedoctor_SMALLSPACES_9-compressed-1024x683.jpg\" alt=\"\" height=\"683\" width=\"1024\"\/>\n                            <\/div>\n        <\/div>\n    <\/div>\n<\/div><\/div><div class=\"wp-block-wrapper acf--content-block\">\n<div class=\"pc bc--white \">\n    <div class=\"pc--1\">\n        <div class=\"gb-block block--content pull-left\">\n            <div class=\"block--content-text-wrapper\">\n                <div class=\"block--content-text\">\n                    <h2>Schritt 1, der Inspirationsprozess<\/h2>\n<p>Machen Sie eine <a href=\"https:\/\/addaroom.dk\/de\/inspiration\/\"><em>Inspirationsrunde<\/em><\/a> , spielen Sie mit unserem <a href=\"https:\/\/addaroom.dk\/de\/modularer-hausbauer\/\"><em>Online Builder<\/em><\/a> oder <a href=\"https:\/\/addaroom.dk\/de\/kontakt\/\">buchen Sie ein Online-Meeting<\/a> , um die M\u00f6glichkeiten zu besprechen.<\/p>\n                <\/div>\n            <\/div>\n            <div class=\"block--content-image\">\n                                    <img loading=\"lazy\" decoding=\"async\" src=\"https:\/\/addaroom.dk\/wp-content\/uploads\/2021\/03\/buy1b.jpg\" alt=\"\" height=\"133\" width=\"432\"\/>\n                            <\/div>\n        <\/div>\n    <\/div>\n<\/div><\/div><div class=\"wp-block-wrapper acf--content-block\">\n<div class=\"pc bc--white \">\n    <div class=\"pc--1\">\n        <div class=\"gb-block block--content pull-right\">\n            <div class=\"block--content-text-wrapper\">\n                <div class=\"block--content-text\">\n                    <h2>Schritt 2, f\u00fchlen Sie sich und f\u00fcgen Sie einen Raum hinzu<\/h2>\n<p>Wie breit sind 2,74 cm? Wie hoch ist der Lichteinfall der Fensterpartien? Wie f\u00fchlt sich ein Zimmer hinzuf\u00fcgen an? Es gibt Fragen, die wir, ungeachtet der Menge an Spezifikationen auf der Website, einfach nicht beantworten k\u00f6nnen, sondern erlebt werden m\u00fcssen.<\/p>\n<p>Wir glauben, dass der absolut beste Weg, ein Haus zu erleben, der Einzug ist. Daher haben wir drei Add a Room-H\u00e4user zu vermieten, bei denen die Miete bei der Bestellung eines Hauses zur\u00fcckerstattet wird. Lesen Sie <a href=\"https:\/\/addaroom.dk\/de\/mieten-und-ein-zimmer-hinzufuegen\/\"><em>hier<\/em><\/a> mehr \u00fcber unsere Mieth\u00e4user.<\/p>\n                <\/div>\n            <\/div>\n            <div class=\"block--content-image\">\n                                    <img loading=\"lazy\" decoding=\"async\" src=\"https:\/\/addaroom.dk\/wp-content\/uploads\/2016\/07\/F7A3254-1-1024x683.jpg\" alt=\"\" height=\"683\" width=\"1024\"\/>\n                            <\/div>\n        <\/div>\n    <\/div>\n<\/div><\/div><div class=\"wp-block-wrapper acf--content-block\">\n<div class=\"pc bc--white \">\n    <div class=\"pc--1\">\n        <div class=\"gb-block block--content pull-left\">\n            <div class=\"block--content-text-wrapper\">\n                <div class=\"block--content-text\">\n                    <p>Eine einfachere M\u00f6glichkeit, sich ein Bild von den H\u00e4usern zu machen, ist die Buchung einer kostenlosen Besichtigung. <a href=\"https:\/\/addaroom.dk\/de\/kontakt\/\">Kontaktieren Sie uns<\/a> und wir werden versuchen, einen Besichtigungstermin in Ihrer N\u00e4he zu vereinbaren!<\/p>\n<p>Sobald Sie eine Vorstellung davon haben, wie sich ein Zimmer hinzuf\u00fcgen anf\u00fchlt und welche Module am besten geeignet sind, gibt es m\u00f6glicherweise noch \u00dcberlegungen, wie es am besten auf Ihr Grundst\u00fcck angewendet werden kann. Soll die Veranda mit Meerblick nach Norden oder zur Sonne nach S\u00fcden ausgerichtet werden? Wie f\u00fcgt sich das Haus am besten in die bestehende Natur oder in andere Geb\u00e4ude auf dem Gel\u00e4nde ein? Unsere Verkaufsabteilung besteht aus Architekten, die gerne Ratschl\u00e4ge geben. Sie k\u00f6nnen auch einen Besuch des Spitzenarchitekten Lars Frank Nielsen buchen, der dann herauskommt und ein einzigartiges Layout f\u00fcr Ihr Grundst\u00fcck entwirft.<\/p>\n                <\/div>\n            <\/div>\n            <div class=\"block--content-image\">\n                                    <img loading=\"lazy\" decoding=\"async\" src=\"https:\/\/addaroom.dk\/wp-content\/uploads\/2021\/03\/minihus08-1024x681.jpg\" alt=\"\" height=\"681\" width=\"1024\"\/>\n                            <\/div>\n        <\/div>\n    <\/div>\n<\/div><\/div><div class=\"wp-block-wrapper acf--content-block\">\n<div class=\"pc bc--white \">\n    <div class=\"pc--1\">\n        <div class=\"gb-block block--content pull-right\">\n            <div class=\"block--content-text-wrapper\">\n                <div class=\"block--content-text\">\n                    <h2>Schritt 3, das Kauf- und Baugenehmigungsverfahren<\/h2>\n<p>Nachdem wir gemeinsam Ihr Traumhaus zu Papier gebracht haben, kommt ein Kaufvertrag unter Vorbehalt zustande, bei dem Sie als Kunde 10 % der Kaufsumme bezahlen. Unsere Experten beginnen dann mit der Bauantragstellung und ein Platz in der Produktion f\u00fcr Ihr Haus wird geplant. Die Vereinbarung ist bis zur Erteilung einer Baugenehmigung bedingt, wird eine Baugenehmigung aus irgendeinem Grund verweigert, wird die Zahlung abz\u00fcglich der mit der Baugenehmigung verbundenen Kosten zur\u00fcckerstattet. Es ist auch m\u00f6glich, den Bauantrag selbst durchzuf\u00fchren, was jedoch zu einer l\u00e4ngeren Lieferzeit f\u00fchrt.<\/p>\n                <\/div>\n            <\/div>\n            <div class=\"block--content-image\">\n                                    <img loading=\"lazy\" decoding=\"async\" src=\"https:\/\/addaroom.dk\/wp-content\/uploads\/2021\/03\/Ska\u0308rmavbild-2021-03-04-kl.-11.23.11-1024x576-1.jpg\" alt=\"\" height=\"576\" width=\"1024\"\/>\n                            <\/div>\n        <\/div>\n    <\/div>\n<\/div><\/div><div class=\"wp-block-wrapper acf--content-block\">\n<div class=\"pc bc--white \">\n    <div class=\"pc--1\">\n        <div class=\"gb-block block--content pull-left\">\n            <div class=\"block--content-text-wrapper\">\n                <div class=\"block--content-text\">\n                    <h2>Step 4, the construction process<\/h2>\n<p>When the building permit is approved, production of your house will begin! You are welcome at any time to visit our production in West Jutland to see the progress. About 5-6 months after the approved building permit, your house is ready for delivery. During the construction period, we will help you arrange a local craftsman for foundations and connections of electricity and plumbing.<\/p>\n                <\/div>\n            <\/div>\n            <div class=\"block--content-image\">\n                                    <img loading=\"lazy\" decoding=\"async\" src=\"https:\/\/addaroom.dk\/wp-content\/uploads\/2021\/02\/6.jpg\" alt=\"\" height=\"567\" width=\"850\"\/>\n                            <\/div>\n        <\/div>\n    <\/div>\n<\/div><\/div><div class=\"wp-block-wrapper acf--content-block\">\n<div class=\"pc bc--white \">\n    <div class=\"pc--1\">\n        <div class=\"gb-block block--content pull-right\">\n            <div class=\"block--content-text-wrapper\">\n                <div class=\"block--content-text\">\n                    <h2>Schritt 5 und 6, Anlieferung und Kranhub<\/h2>\n<p>Lieferzeit! Sie werden rechtzeitig \u00fcber die geplante Lieferzeit informiert, damit Sie die Lieferung miterleben k\u00f6nnen. Das Geh\u00e4use wird mit Hilfe der eingebauten Haken angehoben. Bei Zeit\u00fcberschreitung nimmt das Lieferteam gerne an einem Dachspaziergang teil!<\/p>\n                <\/div>\n            <\/div>\n            <div class=\"block--content-image\">\n                                    <img loading=\"lazy\" decoding=\"async\" src=\"https:\/\/addaroom.dk\/wp-content\/uploads\/2016\/07\/buy3.png\" alt=\"\" height=\"154\" width=\"449\"\/>\n                            <\/div>\n        <\/div>\n    <\/div>\n<\/div><\/div><div class=\"wp-block-wrapper acf--video-block\">\n<div class=\"pc bc--white \">\n    <div class=\"pc--1\">\n        <div class=\"gb-block block--video\">\n            <div class=\"embed-container\">\n                <iframe loading=\"lazy\" title=\"ADD A ROOM_Plug &#039;n Play\" width=\"640\" height=\"360\" src=\"https:\/\/www.youtube.com\/embed\/nvJFAOuuykg?feature=oembed&#038;rel=0\" frameborder=\"0\" allow=\"accelerometer; autoplay; clipboard-write; encrypted-media; gyroscope; picture-in-picture; web-share\" referrerpolicy=\"strict-origin-when-cross-origin\" allowfullscreen><\/iframe>            <\/div>\n        <\/div>\n    <\/div>\n<\/div><\/div><div class=\"wp-block-wrapper acf--content-block\">\n<div class=\"pc bc--white \">\n    <div class=\"pc--1\">\n        <div class=\"gb-block block--content pull-left\">\n            <div class=\"block--content-text-wrapper\">\n                <div class=\"block--content-text\">\n                    <h2>Schritt 7 und 8, letzte Verbindungen<\/h2>\n<p>Die Bauphase ist fast am Ende. Wenn Sie mehrere Module gekauft haben, m\u00fcssen wir diese nur noch anbringen. Dies \u00fcbernehmen die Profis von Add A Room \u2013 pro Anschluss ben\u00f6tigen wir etwa einen Tag. Wenn Sie ein Haus mit Elektro- und\/oder Sanit\u00e4rarbeiten kaufen, muss ein Fachmann das Haus anschlie\u00dfen. Es dauert in der Regel einen halben Tag pro Modul.<\/p>\n                <\/div>\n            <\/div>\n            <div class=\"block--content-image\">\n                                    <img loading=\"lazy\" decoding=\"async\" src=\"https:\/\/addaroom.dk\/wp-content\/uploads\/2016\/07\/buy4.png\" alt=\"\" height=\"138\" width=\"450\"\/>\n                            <\/div>\n        <\/div>\n    <\/div>\n<\/div><\/div><div class=\"wp-block-wrapper acf--content-block\">\n<div class=\"pc bc--white \">\n    <div class=\"pc--1\">\n        <div class=\"gb-block block--content pull-right\">\n            <div class=\"block--content-text-wrapper\">\n                <div class=\"block--content-text\">\n                    <h2>Schritt 9, Langfristige Kundenbeziehung<\/h2>\n<p>Wir tun alles, um sicherzustellen, dass Ihre Erfahrung mit unseren bisherigen Kunden \u00fcbereinstimmt! Genauso freuen wir uns immer, wenn wir Bilder von neuen kreativen L\u00f6sungen bekommen, oder wie das unlackierte Holz mittlerweile grau patiniert ist. Bei sich \u00e4ndernden Lebenssituationen, die eine Anpassung des Wohnraums erfordern, stehen wir Ihnen jederzeit unterst\u00fctzend zur Seite, egal ob es sich um eine Vergr\u00f6\u00dferung der Wohnfl\u00e4che um ein weiteres Modul oder eine Verkleinerung durch den Verkauf eines Moduls handelt.<\/p>\n                <\/div>\n            <\/div>\n            <div class=\"block--content-image\">\n                                    <img loading=\"lazy\" decoding=\"async\" src=\"https:\/\/addaroom.dk\/wp-content\/uploads\/2021\/03\/IMG_2800-1024x768.jpg\" alt=\"\" height=\"768\" width=\"1024\"\/>\n                            <\/div>\n        <\/div>\n    <\/div>\n<\/div><\/div>","protected":false},"excerpt":{"rendered":"","protected":false},"author":1,"featured_media":0,"parent":0,"menu_order":0,"comment_status":"closed","ping_status":"closed","template":"","meta":{"_acf_changed":false,"footnotes":""},"class_list":["post-16635","page","type-page","status-publish","hentry"],"acf":[],"yoast_head":"<!-- This site is optimized with the Yoast SEO plugin v27.4 - https:\/\/yoast.com\/product\/yoast-seo-wordpress\/ -->\n<title>Kaufen - Add a Room<\/title>\n<meta name=\"robots\" content=\"index, follow, max-snippet:-1, max-image-preview:large, max-video-preview:-1\" \/>\n<link rel=\"canonical\" href=\"https:\/\/addaroom.dk\/de\/kaufen\/\" \/>\n<script type=\"application\/ld+json\" class=\"yoast-schema-graph\">{\"@context\":\"https:\\\/\\\/schema.org\",\"@graph\":[{\"@type\":\"WebPage\",\"@id\":\"https:\\\/\\\/addaroom.dk\\\/de\\\/kaufen\\\/\",\"url\":\"https:\\\/\\\/addaroom.dk\\\/de\\\/kaufen\\\/\",\"name\":\"Kaufen - Add a Room\",\"isPartOf\":{\"@id\":\"https:\\\/\\\/addaroom.dk\\\/en\\\/#website\"},\"datePublished\":\"2022-04-11T11:05:52+00:00\",\"dateModified\":\"2022-11-23T07:41:57+00:00\",\"breadcrumb\":{\"@id\":\"https:\\\/\\\/addaroom.dk\\\/de\\\/kaufen\\\/#breadcrumb\"},\"inLanguage\":\"de-DE\",\"potentialAction\":[{\"@type\":\"ReadAction\",\"target\":[\"https:\\\/\\\/addaroom.dk\\\/de\\\/kaufen\\\/\"]}]},{\"@type\":\"BreadcrumbList\",\"@id\":\"https:\\\/\\\/addaroom.dk\\\/de\\\/kaufen\\\/#breadcrumb\",\"itemListElement\":[{\"@type\":\"ListItem\",\"position\":1,\"name\":\"Hem\",\"item\":\"https:\\\/\\\/addaroom.dk\\\/de\\\/\"},{\"@type\":\"ListItem\",\"position\":2,\"name\":\"Kaufen\"}]},{\"@type\":\"WebSite\",\"@id\":\"https:\\\/\\\/addaroom.dk\\\/en\\\/#website\",\"url\":\"https:\\\/\\\/addaroom.dk\\\/en\\\/\",\"name\":\"Add a Room\",\"description\":\"Small houses with big possibilities\",\"publisher\":{\"@id\":\"https:\\\/\\\/addaroom.dk\\\/en\\\/#organization\"},\"potentialAction\":[{\"@type\":\"SearchAction\",\"target\":{\"@type\":\"EntryPoint\",\"urlTemplate\":\"https:\\\/\\\/addaroom.dk\\\/en\\\/?s={search_term_string}\"},\"query-input\":{\"@type\":\"PropertyValueSpecification\",\"valueRequired\":true,\"valueName\":\"search_term_string\"}}],\"inLanguage\":\"de-DE\"},{\"@type\":\"Organization\",\"@id\":\"https:\\\/\\\/addaroom.dk\\\/en\\\/#organization\",\"name\":\"Add a Room\",\"url\":\"https:\\\/\\\/addaroom.dk\\\/en\\\/\",\"logo\":{\"@type\":\"ImageObject\",\"inLanguage\":\"de-DE\",\"@id\":\"https:\\\/\\\/addaroom.dk\\\/en\\\/#\\\/schema\\\/logo\\\/image\\\/\",\"url\":\"https:\\\/\\\/addaroom.dk\\\/wp-content\\\/uploads\\\/2025\\\/09\\\/Screenshot-2025-09-18-122421.png\",\"contentUrl\":\"https:\\\/\\\/addaroom.dk\\\/wp-content\\\/uploads\\\/2025\\\/09\\\/Screenshot-2025-09-18-122421.png\",\"width\":263,\"height\":80,\"caption\":\"Add a Room\"},\"image\":{\"@id\":\"https:\\\/\\\/addaroom.dk\\\/en\\\/#\\\/schema\\\/logo\\\/image\\\/\"},\"sameAs\":[\"https:\\\/\\\/www.facebook.com\\\/share\\\/1EZnEZVh7L\\\/?mibextid=wwXIfr\",\"https:\\\/\\\/www.instagram.com\\\/add_a_room?igsh=MWo2cHNwN3dmNGR1eA&utm_source=qr\"]}]}<\/script>\n<!-- \/ Yoast SEO plugin. -->","yoast_head_json":{"title":"Kaufen - Add a Room","robots":{"index":"index","follow":"follow","max-snippet":"max-snippet:-1","max-image-preview":"max-image-preview:large","max-video-preview":"max-video-preview:-1"},"canonical":"https:\/\/addaroom.dk\/de\/kaufen\/","schema":{"@context":"https:\/\/schema.org","@graph":[{"@type":"WebPage","@id":"https:\/\/addaroom.dk\/de\/kaufen\/","url":"https:\/\/addaroom.dk\/de\/kaufen\/","name":"Kaufen - Add a Room","isPartOf":{"@id":"https:\/\/addaroom.dk\/en\/#website"},"datePublished":"2022-04-11T11:05:52+00:00","dateModified":"2022-11-23T07:41:57+00:00","breadcrumb":{"@id":"https:\/\/addaroom.dk\/de\/kaufen\/#breadcrumb"},"inLanguage":"de-DE","potentialAction":[{"@type":"ReadAction","target":["https:\/\/addaroom.dk\/de\/kaufen\/"]}]},{"@type":"BreadcrumbList","@id":"https:\/\/addaroom.dk\/de\/kaufen\/#breadcrumb","itemListElement":[{"@type":"ListItem","position":1,"name":"Hem","item":"https:\/\/addaroom.dk\/de\/"},{"@type":"ListItem","position":2,"name":"Kaufen"}]},{"@type":"WebSite","@id":"https:\/\/addaroom.dk\/en\/#website","url":"https:\/\/addaroom.dk\/en\/","name":"Add a Room","description":"Small houses with big possibilities","publisher":{"@id":"https:\/\/addaroom.dk\/en\/#organization"},"potentialAction":[{"@type":"SearchAction","target":{"@type":"EntryPoint","urlTemplate":"https:\/\/addaroom.dk\/en\/?s={search_term_string}"},"query-input":{"@type":"PropertyValueSpecification","valueRequired":true,"valueName":"search_term_string"}}],"inLanguage":"de-DE"},{"@type":"Organization","@id":"https:\/\/addaroom.dk\/en\/#organization","name":"Add a Room","url":"https:\/\/addaroom.dk\/en\/","logo":{"@type":"ImageObject","inLanguage":"de-DE","@id":"https:\/\/addaroom.dk\/en\/#\/schema\/logo\/image\/","url":"https:\/\/addaroom.dk\/wp-content\/uploads\/2025\/09\/Screenshot-2025-09-18-122421.png","contentUrl":"https:\/\/addaroom.dk\/wp-content\/uploads\/2025\/09\/Screenshot-2025-09-18-122421.png","width":263,"height":80,"caption":"Add a Room"},"image":{"@id":"https:\/\/addaroom.dk\/en\/#\/schema\/logo\/image\/"},"sameAs":["https:\/\/www.facebook.com\/share\/1EZnEZVh7L\/?mibextid=wwXIfr","https:\/\/www.instagram.com\/add_a_room?igsh=MWo2cHNwN3dmNGR1eA&utm_source=qr"]}]}},"_links":{"self":[{"href":"https:\/\/addaroom.dk\/de\/wp-json\/wp\/v2\/pages\/16635","targetHints":{"allow":["GET"]}}],"collection":[{"href":"https:\/\/addaroom.dk\/de\/wp-json\/wp\/v2\/pages"}],"about":[{"href":"https:\/\/addaroom.dk\/de\/wp-json\/wp\/v2\/types\/page"}],"author":[{"embeddable":true,"href":"https:\/\/addaroom.dk\/de\/wp-json\/wp\/v2\/users\/1"}],"replies":[{"embeddable":true,"href":"https:\/\/addaroom.dk\/de\/wp-json\/wp\/v2\/comments?post=16635"}],"version-history":[{"count":0,"href":"https:\/\/addaroom.dk\/de\/wp-json\/wp\/v2\/pages\/16635\/revisions"}],"wp:attachment":[{"href":"https:\/\/addaroom.dk\/de\/wp-json\/wp\/v2\/media?parent=16635"}],"curies":[{"name":"wp","href":"https:\/\/api.w.org\/{rel}","templated":true}]}}