{"id":16634,"date":"2022-04-11T11:05:52","date_gmt":"2022-04-11T11:05:52","guid":{"rendered":"https:\/\/addaroom.dk\/externe-optionen\/pergola\/"},"modified":"2022-04-11T11:05:53","modified_gmt":"2022-04-11T11:05:53","slug":"pergola","status":"publish","type":"page","link":"https:\/\/addaroom.dk\/de\/unsere-gebaeude\/externe-optionen\/pergola\/","title":{"rendered":"Pergola"},"content":{"rendered":"<div class=\"pc\"><div class=\"pc--1\"><div class=\"wp-block-wrapper core--heading\">\n<h2 class=\"wp-block-heading\">Der weiche Filter f\u00fcr die Sonne<\/h2>\n<\/div><\/div><\/div><div class=\"pc\"><div class=\"pc--1\"><div class=\"wp-block-wrapper core--paragraph\">\n<p>Kennen Sie diese Sommertage, an denen der Apfelbaum die perfekte Mischung aus Schatten und Sonnenlicht spendet? Die starken Strahlen werden von den \u00c4sten gefiltert und geben einen perfekten Leseplatz unter dem Baum? Genau das wollten wir erreichen, als wir die Pergola entworfen haben! Die seitlichen Lamellen geben ein weicheres Licht durch die Schiebet\u00fcren, sowie die Au\u00dfenk\u00fcche. Lassen Sie einige Pflanzen f\u00fcr zus\u00e4tzlichen Schatten auf die Pergola klettern! Die Pergola ist in das Haus eingebaut, mit den gleichen Materialien wie das Haus. <\/p>\n<\/div><\/div><\/div><div class=\"wp-block-wrapper acf--image-block\">\n<div class=\"pc bc--white \">\n    <div class=\"pc--1\">\n        <div class=\"gb-block block--gallery\">\n                                                                <div class=\"gallery--slides\">\n                                    \t\t\t\t\t\t<div class=\"gallery-slide\">\n\t\t\t\t\t\t\t<img loading=\"lazy\" decoding=\"async\" src=\"https:\/\/addaroom.dk\/wp-content\/uploads\/2021\/02\/Hus_-22-e1614698390301-838x1024.jpg\" alt=\"\" height=\"1024\" width=\"838\"\/>\n\t\t\t\t\t\t\t<div class=\"gallery--slide-caption\"><\/div>\n\t\t\t\t\t\t<\/div>\n                    \t\t\t\t\t\t<div class=\"gallery-slide\">\n\t\t\t\t\t\t\t<img loading=\"lazy\" decoding=\"async\" src=\"https:\/\/addaroom.dk\/wp-content\/uploads\/2021\/02\/Generational-house-2-1024x683.jpg\" alt=\"\" height=\"683\" width=\"1024\"\/>\n\t\t\t\t\t\t\t<div class=\"gallery--slide-caption\"><\/div>\n\t\t\t\t\t\t<\/div>\n                    \t\t\t\t\t\t<div class=\"gallery-slide\">\n\t\t\t\t\t\t\t<img loading=\"lazy\" decoding=\"async\" src=\"https:\/\/addaroom.dk\/wp-content\/uploads\/2021\/02\/Office-2-1024x681.jpg\" alt=\"\" height=\"681\" width=\"1024\"\/>\n\t\t\t\t\t\t\t<div class=\"gallery--slide-caption\">Photo: Cecilia Nordstrand<\/div>\n\t\t\t\t\t\t<\/div>\n                    \t\t\t\t\t\t<div class=\"gallery-slide\">\n\t\t\t\t\t\t\t<img loading=\"lazy\" decoding=\"async\" src=\"https:\/\/addaroom.dk\/wp-content\/uploads\/2020\/01\/DSC_0349-1024x680.jpg\" alt=\"\" height=\"680\" width=\"1024\"\/>\n\t\t\t\t\t\t\t<div class=\"gallery--slide-caption\"><\/div>\n\t\t\t\t\t\t<\/div>\n                    \t\t\t\t\t\t<div class=\"gallery-slide\">\n\t\t\t\t\t\t\t<img loading=\"lazy\" decoding=\"async\" src=\"https:\/\/addaroom.dk\/wp-content\/uploads\/2019\/12\/19-Ny-bild-900-x-400.jpg\" alt=\"\" height=\"400\" width=\"900\"\/>\n\t\t\t\t\t\t\t<div class=\"gallery--slide-caption\"><\/div>\n\t\t\t\t\t\t<\/div>\n                    \t\t\t\t\t\t<div class=\"gallery-slide\">\n\t\t\t\t\t\t\t<img loading=\"lazy\" decoding=\"async\" src=\"https:\/\/addaroom.dk\/wp-content\/uploads\/2018\/02\/27023496_10212226486152348_95713265305657692_o-1024x768.jpg\" alt=\"\" height=\"768\" width=\"1024\"\/>\n\t\t\t\t\t\t\t<div class=\"gallery--slide-caption\"><\/div>\n\t\t\t\t\t\t<\/div>\n                    \t\t\t\t\t\t<div class=\"gallery-slide\">\n\t\t\t\t\t\t\t<img loading=\"lazy\" decoding=\"async\" src=\"https:\/\/addaroom.dk\/wp-content\/uploads\/2016\/12\/kontorpavillon_til_virksomheder-1024x493.png\" alt=\"\" height=\"493\" width=\"1024\"\/>\n\t\t\t\t\t\t\t<div class=\"gallery--slide-caption\"><\/div>\n\t\t\t\t\t\t<\/div>\n                    \t\t\t\t\t\t<div class=\"gallery-slide\">\n\t\t\t\t\t\t\t<img loading=\"lazy\" decoding=\"async\" src=\"https:\/\/addaroom.dk\/wp-content\/uploads\/2016\/11\/kontorpavillon_til_haven-1024x493.png\" alt=\"\" height=\"493\" width=\"1024\"\/>\n\t\t\t\t\t\t\t<div class=\"gallery--slide-caption\"><\/div>\n\t\t\t\t\t\t<\/div>\n                    \t\t\t\t\t\t<div class=\"gallery-slide\">\n\t\t\t\t\t\t\t<img loading=\"lazy\" decoding=\"async\" src=\"https:\/\/addaroom.dk\/wp-content\/uploads\/2021\/03\/addaroom__Housedoctor_SMALLSPACES_9-compressed-1024x683.jpg\" alt=\"\" height=\"683\" width=\"1024\"\/>\n\t\t\t\t\t\t\t<div class=\"gallery--slide-caption\"><\/div>\n\t\t\t\t\t\t<\/div>\n                                    <\/div>\n                    <\/div>\n    <\/div>\n<\/div><\/div><div class=\"pc\"><div class=\"pc--1\"><div class=\"wp-block-wrapper core--heading\">\n<h3 class=\"wp-block-heading\">Ma\u00dfgeschneiderte Pergola<\/h3>\n<\/div><\/div><\/div><div class=\"pc\"><div class=\"pc--1\"><div class=\"wp-block-wrapper core--paragraph\">\n<p>Gerne liefern wir Pergolen auch in anderen Abmessungen als unsere Standard-Pergola (1500 x 3300 mm). Unten finden Sie einige Inspirationen, wie eine Pergola zwischen den Modulen verwendet werden kann! <\/p>\n<\/div><\/div><\/div><div class=\"wp-block-wrapper acf--image-block\">\n<div class=\"pc bc--white \">\n    <div class=\"pc--1\">\n        <div class=\"gb-block block--gallery\">\n                                                                <div class=\"gallery--slides\">\n                                    \t\t\t\t\t\t<div class=\"gallery-slide\">\n\t\t\t\t\t\t\t<img loading=\"lazy\" decoding=\"async\" src=\"https:\/\/addaroom.dk\/wp-content\/uploads\/2021\/02\/Hus_-5-1024x683.jpg\" alt=\"\" height=\"683\" width=\"1024\"\/>\n\t\t\t\t\t\t\t<div class=\"gallery--slide-caption\"><\/div>\n\t\t\t\t\t\t<\/div>\n                    \t\t\t\t\t\t<div class=\"gallery-slide\">\n\t\t\t\t\t\t\t<img loading=\"lazy\" decoding=\"async\" src=\"https:\/\/addaroom.dk\/wp-content\/uploads\/2021\/02\/F5E5DFC6-6572-40D7-8D2D-648463F5921A.jpg\" alt=\"\" height=\"1000\" width=\"750\"\/>\n\t\t\t\t\t\t\t<div class=\"gallery--slide-caption\">Photo: Sofie Weinreich Engell<\/div>\n\t\t\t\t\t\t<\/div>\n                    \t\t\t\t\t\t<div class=\"gallery-slide\">\n\t\t\t\t\t\t\t<img loading=\"lazy\" decoding=\"async\" src=\"https:\/\/addaroom.dk\/wp-content\/uploads\/2021\/02\/E4BC898A-F7AF-40B6-A862-8B3DFB58E777.jpg\" alt=\"\" height=\"1000\" width=\"750\"\/>\n\t\t\t\t\t\t\t<div class=\"gallery--slide-caption\">Photo: Sofie Weinreich Engell<\/div>\n\t\t\t\t\t\t<\/div>\n                    \t\t\t\t\t\t<div class=\"gallery-slide\">\n\t\t\t\t\t\t\t<img loading=\"lazy\" decoding=\"async\" src=\"https:\/\/addaroom.dk\/wp-content\/uploads\/2021\/02\/DSC_0203-1-1024x680.jpg\" alt=\"\" height=\"680\" width=\"1024\"\/>\n\t\t\t\t\t\t\t<div class=\"gallery--slide-caption\"><\/div>\n\t\t\t\t\t\t<\/div>\n                    \t\t\t\t\t\t<div class=\"gallery-slide\">\n\t\t\t\t\t\t\t<img loading=\"lazy\" decoding=\"async\" src=\"https:\/\/addaroom.dk\/wp-content\/uploads\/2021\/02\/BC963937-560F-4383-AD5C-3517E1877E74.jpg\" alt=\"\" height=\"1000\" width=\"690\"\/>\n\t\t\t\t\t\t\t<div class=\"gallery--slide-caption\">Photo: Sofie Weinreich Engell<\/div>\n\t\t\t\t\t\t<\/div>\n                    \t\t\t\t\t\t<div class=\"gallery-slide\">\n\t\t\t\t\t\t\t<img loading=\"lazy\" decoding=\"async\" src=\"https:\/\/addaroom.dk\/wp-content\/uploads\/2018\/02\/27164082_10212226401430230_2303013862829423576_o-1024x680.jpg\" alt=\"\" height=\"680\" width=\"1024\"\/>\n\t\t\t\t\t\t\t<div class=\"gallery--slide-caption\"><\/div>\n\t\t\t\t\t\t<\/div>\n                                    <\/div>\n                    <\/div>\n    <\/div>\n<\/div><\/div>","protected":false},"excerpt":{"rendered":"<p>Der weiche Filter f\u00fcr die Sonne Kennen Sie diese Sommertage, an denen der Apfelbaum die perfekte Mischung aus Schatten und Sonnenlicht spendet? Die starken Strahlen werden von den \u00c4sten gefiltert und geben einen perfekten Leseplatz unter dem Baum? Genau das wollten wir erreichen, als wir die Pergola entworfen haben! Die seitlichen Lamellen geben ein weicheres &hellip; <a href=\"https:\/\/addaroom.dk\/de\/unsere-gebaeude\/externe-optionen\/pergola\/\">Continued<\/a><\/p>\n","protected":false},"author":1,"featured_media":0,"parent":16613,"menu_order":0,"comment_status":"closed","ping_status":"closed","template":"templates\/modules-options.php","meta":{"_acf_changed":false,"footnotes":""},"class_list":["post-16634","page","type-page","status-publish","hentry"],"acf":[],"yoast_head":"<!-- This site is optimized with the Yoast SEO plugin v27.5 - https:\/\/yoast.com\/product\/yoast-seo-wordpress\/ -->\n<title>Pergola - Add a Room<\/title>\n<meta name=\"robots\" content=\"index, follow, max-snippet:-1, max-image-preview:large, max-video-preview:-1\" \/>\n<link rel=\"canonical\" href=\"https:\/\/addaroom.dk\/de\/unsere-gebaeude\/externe-optionen\/pergola\/\" \/>\n<meta name=\"twitter:label1\" content=\"Gesch\u00e4tzte Lesezeit\" \/>\n\t<meta name=\"twitter:data1\" content=\"1 Minute\" \/>\n<script type=\"application\/ld+json\" class=\"yoast-schema-graph\">{\"@context\":\"https:\\\/\\\/schema.org\",\"@graph\":[{\"@type\":\"WebPage\",\"@id\":\"https:\\\/\\\/addaroom.dk\\\/de\\\/unsere-gebaeude\\\/externe-optionen\\\/pergola\\\/\",\"url\":\"https:\\\/\\\/addaroom.dk\\\/de\\\/unsere-gebaeude\\\/externe-optionen\\\/pergola\\\/\",\"name\":\"Pergola - Add a Room\",\"isPartOf\":{\"@id\":\"https:\\\/\\\/addaroom.dk\\\/en\\\/#website\"},\"datePublished\":\"2022-04-11T11:05:52+00:00\",\"dateModified\":\"2022-04-11T11:05:53+00:00\",\"breadcrumb\":{\"@id\":\"https:\\\/\\\/addaroom.dk\\\/de\\\/unsere-gebaeude\\\/externe-optionen\\\/pergola\\\/#breadcrumb\"},\"inLanguage\":\"de-DE\",\"potentialAction\":[{\"@type\":\"ReadAction\",\"target\":[\"https:\\\/\\\/addaroom.dk\\\/de\\\/unsere-gebaeude\\\/externe-optionen\\\/pergola\\\/\"]}]},{\"@type\":\"BreadcrumbList\",\"@id\":\"https:\\\/\\\/addaroom.dk\\\/de\\\/unsere-gebaeude\\\/externe-optionen\\\/pergola\\\/#breadcrumb\",\"itemListElement\":[{\"@type\":\"ListItem\",\"position\":1,\"name\":\"Hem\",\"item\":\"https:\\\/\\\/addaroom.dk\\\/de\\\/\"},{\"@type\":\"ListItem\",\"position\":2,\"name\":\"Unsere Geb\u00e4ude\",\"item\":\"https:\\\/\\\/addaroom.dk\\\/de\\\/unsere-gebaeude\\\/\"},{\"@type\":\"ListItem\",\"position\":3,\"name\":\"Externe Optionen\",\"item\":\"https:\\\/\\\/addaroom.dk\\\/de\\\/unsere-gebaeude\\\/externe-optionen\\\/\"},{\"@type\":\"ListItem\",\"position\":4,\"name\":\"Pergola\"}]},{\"@type\":\"WebSite\",\"@id\":\"https:\\\/\\\/addaroom.dk\\\/en\\\/#website\",\"url\":\"https:\\\/\\\/addaroom.dk\\\/en\\\/\",\"name\":\"Add a Room\",\"description\":\"Small houses with big possibilities\",\"publisher\":{\"@id\":\"https:\\\/\\\/addaroom.dk\\\/en\\\/#organization\"},\"potentialAction\":[{\"@type\":\"SearchAction\",\"target\":{\"@type\":\"EntryPoint\",\"urlTemplate\":\"https:\\\/\\\/addaroom.dk\\\/en\\\/?s={search_term_string}\"},\"query-input\":{\"@type\":\"PropertyValueSpecification\",\"valueRequired\":true,\"valueName\":\"search_term_string\"}}],\"inLanguage\":\"de-DE\"},{\"@type\":\"Organization\",\"@id\":\"https:\\\/\\\/addaroom.dk\\\/en\\\/#organization\",\"name\":\"Add a Room\",\"url\":\"https:\\\/\\\/addaroom.dk\\\/en\\\/\",\"logo\":{\"@type\":\"ImageObject\",\"inLanguage\":\"de-DE\",\"@id\":\"https:\\\/\\\/addaroom.dk\\\/en\\\/#\\\/schema\\\/logo\\\/image\\\/\",\"url\":\"https:\\\/\\\/addaroom.dk\\\/wp-content\\\/uploads\\\/2025\\\/09\\\/Screenshot-2025-09-18-122421.png\",\"contentUrl\":\"https:\\\/\\\/addaroom.dk\\\/wp-content\\\/uploads\\\/2025\\\/09\\\/Screenshot-2025-09-18-122421.png\",\"width\":263,\"height\":80,\"caption\":\"Add a Room\"},\"image\":{\"@id\":\"https:\\\/\\\/addaroom.dk\\\/en\\\/#\\\/schema\\\/logo\\\/image\\\/\"},\"sameAs\":[\"https:\\\/\\\/www.facebook.com\\\/share\\\/1EZnEZVh7L\\\/?mibextid=wwXIfr\",\"https:\\\/\\\/www.instagram.com\\\/add_a_room?igsh=MWo2cHNwN3dmNGR1eA&utm_source=qr\"]}]}<\/script>\n<!-- \/ Yoast SEO plugin. -->","yoast_head_json":{"title":"Pergola - Add a Room","robots":{"index":"index","follow":"follow","max-snippet":"max-snippet:-1","max-image-preview":"max-image-preview:large","max-video-preview":"max-video-preview:-1"},"canonical":"https:\/\/addaroom.dk\/de\/unsere-gebaeude\/externe-optionen\/pergola\/","twitter_misc":{"Gesch\u00e4tzte Lesezeit":"1 Minute"},"schema":{"@context":"https:\/\/schema.org","@graph":[{"@type":"WebPage","@id":"https:\/\/addaroom.dk\/de\/unsere-gebaeude\/externe-optionen\/pergola\/","url":"https:\/\/addaroom.dk\/de\/unsere-gebaeude\/externe-optionen\/pergola\/","name":"Pergola - Add a Room","isPartOf":{"@id":"https:\/\/addaroom.dk\/en\/#website"},"datePublished":"2022-04-11T11:05:52+00:00","dateModified":"2022-04-11T11:05:53+00:00","breadcrumb":{"@id":"https:\/\/addaroom.dk\/de\/unsere-gebaeude\/externe-optionen\/pergola\/#breadcrumb"},"inLanguage":"de-DE","potentialAction":[{"@type":"ReadAction","target":["https:\/\/addaroom.dk\/de\/unsere-gebaeude\/externe-optionen\/pergola\/"]}]},{"@type":"BreadcrumbList","@id":"https:\/\/addaroom.dk\/de\/unsere-gebaeude\/externe-optionen\/pergola\/#breadcrumb","itemListElement":[{"@type":"ListItem","position":1,"name":"Hem","item":"https:\/\/addaroom.dk\/de\/"},{"@type":"ListItem","position":2,"name":"Unsere Geb\u00e4ude","item":"https:\/\/addaroom.dk\/de\/unsere-gebaeude\/"},{"@type":"ListItem","position":3,"name":"Externe Optionen","item":"https:\/\/addaroom.dk\/de\/unsere-gebaeude\/externe-optionen\/"},{"@type":"ListItem","position":4,"name":"Pergola"}]},{"@type":"WebSite","@id":"https:\/\/addaroom.dk\/en\/#website","url":"https:\/\/addaroom.dk\/en\/","name":"Add a Room","description":"Small houses with big possibilities","publisher":{"@id":"https:\/\/addaroom.dk\/en\/#organization"},"potentialAction":[{"@type":"SearchAction","target":{"@type":"EntryPoint","urlTemplate":"https:\/\/addaroom.dk\/en\/?s={search_term_string}"},"query-input":{"@type":"PropertyValueSpecification","valueRequired":true,"valueName":"search_term_string"}}],"inLanguage":"de-DE"},{"@type":"Organization","@id":"https:\/\/addaroom.dk\/en\/#organization","name":"Add a Room","url":"https:\/\/addaroom.dk\/en\/","logo":{"@type":"ImageObject","inLanguage":"de-DE","@id":"https:\/\/addaroom.dk\/en\/#\/schema\/logo\/image\/","url":"https:\/\/addaroom.dk\/wp-content\/uploads\/2025\/09\/Screenshot-2025-09-18-122421.png","contentUrl":"https:\/\/addaroom.dk\/wp-content\/uploads\/2025\/09\/Screenshot-2025-09-18-122421.png","width":263,"height":80,"caption":"Add a Room"},"image":{"@id":"https:\/\/addaroom.dk\/en\/#\/schema\/logo\/image\/"},"sameAs":["https:\/\/www.facebook.com\/share\/1EZnEZVh7L\/?mibextid=wwXIfr","https:\/\/www.instagram.com\/add_a_room?igsh=MWo2cHNwN3dmNGR1eA&utm_source=qr"]}]}},"_links":{"self":[{"href":"https:\/\/addaroom.dk\/de\/wp-json\/wp\/v2\/pages\/16634","targetHints":{"allow":["GET"]}}],"collection":[{"href":"https:\/\/addaroom.dk\/de\/wp-json\/wp\/v2\/pages"}],"about":[{"href":"https:\/\/addaroom.dk\/de\/wp-json\/wp\/v2\/types\/page"}],"author":[{"embeddable":true,"href":"https:\/\/addaroom.dk\/de\/wp-json\/wp\/v2\/users\/1"}],"replies":[{"embeddable":true,"href":"https:\/\/addaroom.dk\/de\/wp-json\/wp\/v2\/comments?post=16634"}],"version-history":[{"count":0,"href":"https:\/\/addaroom.dk\/de\/wp-json\/wp\/v2\/pages\/16634\/revisions"}],"up":[{"embeddable":true,"href":"https:\/\/addaroom.dk\/de\/wp-json\/wp\/v2\/pages\/16613"}],"wp:attachment":[{"href":"https:\/\/addaroom.dk\/de\/wp-json\/wp\/v2\/media?parent=16634"}],"curies":[{"name":"wp","href":"https:\/\/api.w.org\/{rel}","templated":true}]}}