{"id":16629,"date":"2022-04-11T11:05:50","date_gmt":"2022-04-11T11:05:50","guid":{"rendered":"https:\/\/addaroom.dk\/interne-optionen\/holzofen\/"},"modified":"2022-04-11T11:05:51","modified_gmt":"2022-04-11T11:05:51","slug":"holzofen","status":"publish","type":"page","link":"https:\/\/addaroom.dk\/de\/unsere-gebaeude\/interne-optionen\/holzofen\/","title":{"rendered":"Holzofen"},"content":{"rendered":"<div class=\"pc\"><div class=\"pc--1\"><div class=\"wp-block-wrapper core--heading\">\n<h2 class=\"wp-block-heading\">Holzofen<\/h2>\n<\/div><\/div><\/div><div class=\"pc\"><div class=\"pc--1\"><div class=\"wp-block-wrapper core--paragraph\">\n<p>Zur\u00fcck zu den Wurzeln, mit ein bisschen Luxus. Das war eine der Ideen, als Add a Room gegr\u00fcndet wurde, und wir finden, dass ein Holzofen als Alternative zum Heizen wirklich dazu passt! Zur\u00fcck zu den Wurzeln beim Holzhacken im Freien, direkt neben Ihrem autarken Garten. Luxus bedeutet, vor dem Holzofen eine Tasse hei\u00dfe Schokolade zu genie\u00dfen und durch die gro\u00dfen Panoramafenster auf die Landschaft zu blicken.<\/p>\n<\/div><\/div><\/div><div class=\"pc\"><div class=\"pc--1\"><div class=\"wp-block-wrapper core--paragraph\">\n<p>Der Holzofen kann an allen W\u00e4nden aufgestellt werden und ist in mehreren Modellen erh\u00e4ltlich. Bitte kontaktieren Sie uns, um die M\u00f6glichkeiten weiter zu besprechen!<\/p>\n<\/div><\/div><\/div><div class=\"wp-block-wrapper acf--image-block\">\n<div class=\"pc bc--white \">\n    <div class=\"pc--1\">\n        <div class=\"gb-block block--gallery\">\n                                                                <div class=\"gallery--slides\">\n                                    \t\t\t\t\t\t<div class=\"gallery-slide\">\n\t\t\t\t\t\t\t<img loading=\"lazy\" decoding=\"async\" src=\"https:\/\/addaroom.dk\/wp-content\/uploads\/2021\/03\/ADD_A_ROOM_0030-684x1024.jpg\" alt=\"\" height=\"1024\" width=\"684\"\/>\n\t\t\t\t\t\t\t<div class=\"gallery--slide-caption\">Photo by Karl Andersson, styled by Tina Moritsen<\/div>\n\t\t\t\t\t\t<\/div>\n                    \t\t\t\t\t\t<div class=\"gallery-slide\">\n\t\t\t\t\t\t\t<img loading=\"lazy\" decoding=\"async\" src=\"https:\/\/addaroom.dk\/wp-content\/uploads\/2021\/03\/ADD_A_ROOM_0034-832x1024.jpg\" alt=\"\" height=\"1024\" width=\"832\"\/>\n\t\t\t\t\t\t\t<div class=\"gallery--slide-caption\"><\/div>\n\t\t\t\t\t\t<\/div>\n                    \t\t\t\t\t\t<div class=\"gallery-slide\">\n\t\t\t\t\t\t\t<img loading=\"lazy\" decoding=\"async\" src=\"https:\/\/addaroom.dk\/wp-content\/uploads\/2021\/03\/Addaroom-graddo20-scaled-e1614593765182-683x1024.jpg\" alt=\"\" height=\"1024\" width=\"683\"\/>\n\t\t\t\t\t\t\t<div class=\"gallery--slide-caption\"><\/div>\n\t\t\t\t\t\t<\/div>\n                                    <\/div>\n                    <\/div>\n    <\/div>\n<\/div><\/div>","protected":false},"excerpt":{"rendered":"<p>Holzofen Zur\u00fcck zu den Wurzeln, mit ein bisschen Luxus. Das war eine der Ideen, als Add a Room gegr\u00fcndet wurde, und wir finden, dass ein Holzofen als Alternative zum Heizen wirklich dazu passt! Zur\u00fcck zu den Wurzeln beim Holzhacken im Freien, direkt neben Ihrem autarken Garten. Luxus bedeutet, vor dem Holzofen eine Tasse hei\u00dfe Schokolade &hellip; <a href=\"https:\/\/addaroom.dk\/de\/unsere-gebaeude\/interne-optionen\/holzofen\/\">Continued<\/a><\/p>\n","protected":false},"author":1,"featured_media":0,"parent":16601,"menu_order":0,"comment_status":"closed","ping_status":"closed","template":"templates\/modules-options.php","meta":{"_acf_changed":false,"footnotes":""},"class_list":["post-16629","page","type-page","status-publish","hentry"],"acf":[],"yoast_head":"<!-- This site is optimized with the Yoast SEO plugin v27.4 - https:\/\/yoast.com\/product\/yoast-seo-wordpress\/ -->\n<title>Holzofen - Add a Room<\/title>\n<meta name=\"robots\" content=\"index, follow, max-snippet:-1, max-image-preview:large, max-video-preview:-1\" \/>\n<link rel=\"canonical\" href=\"https:\/\/addaroom.dk\/de\/interne-optionen\/holzofen\/\" \/>\n<meta name=\"twitter:label1\" content=\"Gesch\u00e4tzte Lesezeit\" \/>\n\t<meta name=\"twitter:data1\" content=\"1 Minute\" \/>\n<script type=\"application\/ld+json\" class=\"yoast-schema-graph\">{\"@context\":\"https:\\\/\\\/schema.org\",\"@graph\":[{\"@type\":\"WebPage\",\"@id\":\"https:\\\/\\\/addaroom.dk\\\/de\\\/interne-optionen\\\/holzofen\\\/\",\"url\":\"https:\\\/\\\/addaroom.dk\\\/de\\\/interne-optionen\\\/holzofen\\\/\",\"name\":\"Holzofen - Add a Room\",\"isPartOf\":{\"@id\":\"https:\\\/\\\/addaroom.dk\\\/en\\\/#website\"},\"datePublished\":\"2022-04-11T11:05:50+00:00\",\"dateModified\":\"2022-04-11T11:05:51+00:00\",\"breadcrumb\":{\"@id\":\"https:\\\/\\\/addaroom.dk\\\/de\\\/interne-optionen\\\/holzofen\\\/#breadcrumb\"},\"inLanguage\":\"de-DE\",\"potentialAction\":[{\"@type\":\"ReadAction\",\"target\":[\"https:\\\/\\\/addaroom.dk\\\/de\\\/interne-optionen\\\/holzofen\\\/\"]}]},{\"@type\":\"BreadcrumbList\",\"@id\":\"https:\\\/\\\/addaroom.dk\\\/de\\\/interne-optionen\\\/holzofen\\\/#breadcrumb\",\"itemListElement\":[{\"@type\":\"ListItem\",\"position\":1,\"name\":\"Hem\",\"item\":\"https:\\\/\\\/addaroom.dk\\\/de\\\/\"},{\"@type\":\"ListItem\",\"position\":2,\"name\":\"Interne Optionen\",\"item\":\"https:\\\/\\\/addaroom.dk\\\/de\\\/interne-optionen\\\/\"},{\"@type\":\"ListItem\",\"position\":3,\"name\":\"Holzofen\"}]},{\"@type\":\"WebSite\",\"@id\":\"https:\\\/\\\/addaroom.dk\\\/en\\\/#website\",\"url\":\"https:\\\/\\\/addaroom.dk\\\/en\\\/\",\"name\":\"Add a Room\",\"description\":\"Small houses with big possibilities\",\"publisher\":{\"@id\":\"https:\\\/\\\/addaroom.dk\\\/en\\\/#organization\"},\"potentialAction\":[{\"@type\":\"SearchAction\",\"target\":{\"@type\":\"EntryPoint\",\"urlTemplate\":\"https:\\\/\\\/addaroom.dk\\\/en\\\/?s={search_term_string}\"},\"query-input\":{\"@type\":\"PropertyValueSpecification\",\"valueRequired\":true,\"valueName\":\"search_term_string\"}}],\"inLanguage\":\"de-DE\"},{\"@type\":\"Organization\",\"@id\":\"https:\\\/\\\/addaroom.dk\\\/en\\\/#organization\",\"name\":\"Add a Room\",\"url\":\"https:\\\/\\\/addaroom.dk\\\/en\\\/\",\"logo\":{\"@type\":\"ImageObject\",\"inLanguage\":\"de-DE\",\"@id\":\"https:\\\/\\\/addaroom.dk\\\/en\\\/#\\\/schema\\\/logo\\\/image\\\/\",\"url\":\"https:\\\/\\\/addaroom.dk\\\/wp-content\\\/uploads\\\/2025\\\/09\\\/Screenshot-2025-09-18-122421.png\",\"contentUrl\":\"https:\\\/\\\/addaroom.dk\\\/wp-content\\\/uploads\\\/2025\\\/09\\\/Screenshot-2025-09-18-122421.png\",\"width\":263,\"height\":80,\"caption\":\"Add a Room\"},\"image\":{\"@id\":\"https:\\\/\\\/addaroom.dk\\\/en\\\/#\\\/schema\\\/logo\\\/image\\\/\"},\"sameAs\":[\"https:\\\/\\\/www.facebook.com\\\/share\\\/1EZnEZVh7L\\\/?mibextid=wwXIfr\",\"https:\\\/\\\/www.instagram.com\\\/add_a_room?igsh=MWo2cHNwN3dmNGR1eA&utm_source=qr\"]}]}<\/script>\n<!-- \/ Yoast SEO plugin. -->","yoast_head_json":{"title":"Holzofen - Add a Room","robots":{"index":"index","follow":"follow","max-snippet":"max-snippet:-1","max-image-preview":"max-image-preview:large","max-video-preview":"max-video-preview:-1"},"canonical":"https:\/\/addaroom.dk\/de\/interne-optionen\/holzofen\/","twitter_misc":{"Gesch\u00e4tzte Lesezeit":"1 Minute"},"schema":{"@context":"https:\/\/schema.org","@graph":[{"@type":"WebPage","@id":"https:\/\/addaroom.dk\/de\/interne-optionen\/holzofen\/","url":"https:\/\/addaroom.dk\/de\/interne-optionen\/holzofen\/","name":"Holzofen - Add a Room","isPartOf":{"@id":"https:\/\/addaroom.dk\/en\/#website"},"datePublished":"2022-04-11T11:05:50+00:00","dateModified":"2022-04-11T11:05:51+00:00","breadcrumb":{"@id":"https:\/\/addaroom.dk\/de\/interne-optionen\/holzofen\/#breadcrumb"},"inLanguage":"de-DE","potentialAction":[{"@type":"ReadAction","target":["https:\/\/addaroom.dk\/de\/interne-optionen\/holzofen\/"]}]},{"@type":"BreadcrumbList","@id":"https:\/\/addaroom.dk\/de\/interne-optionen\/holzofen\/#breadcrumb","itemListElement":[{"@type":"ListItem","position":1,"name":"Hem","item":"https:\/\/addaroom.dk\/de\/"},{"@type":"ListItem","position":2,"name":"Interne Optionen","item":"https:\/\/addaroom.dk\/de\/interne-optionen\/"},{"@type":"ListItem","position":3,"name":"Holzofen"}]},{"@type":"WebSite","@id":"https:\/\/addaroom.dk\/en\/#website","url":"https:\/\/addaroom.dk\/en\/","name":"Add a Room","description":"Small houses with big possibilities","publisher":{"@id":"https:\/\/addaroom.dk\/en\/#organization"},"potentialAction":[{"@type":"SearchAction","target":{"@type":"EntryPoint","urlTemplate":"https:\/\/addaroom.dk\/en\/?s={search_term_string}"},"query-input":{"@type":"PropertyValueSpecification","valueRequired":true,"valueName":"search_term_string"}}],"inLanguage":"de-DE"},{"@type":"Organization","@id":"https:\/\/addaroom.dk\/en\/#organization","name":"Add a Room","url":"https:\/\/addaroom.dk\/en\/","logo":{"@type":"ImageObject","inLanguage":"de-DE","@id":"https:\/\/addaroom.dk\/en\/#\/schema\/logo\/image\/","url":"https:\/\/addaroom.dk\/wp-content\/uploads\/2025\/09\/Screenshot-2025-09-18-122421.png","contentUrl":"https:\/\/addaroom.dk\/wp-content\/uploads\/2025\/09\/Screenshot-2025-09-18-122421.png","width":263,"height":80,"caption":"Add a Room"},"image":{"@id":"https:\/\/addaroom.dk\/en\/#\/schema\/logo\/image\/"},"sameAs":["https:\/\/www.facebook.com\/share\/1EZnEZVh7L\/?mibextid=wwXIfr","https:\/\/www.instagram.com\/add_a_room?igsh=MWo2cHNwN3dmNGR1eA&utm_source=qr"]}]}},"_links":{"self":[{"href":"https:\/\/addaroom.dk\/de\/wp-json\/wp\/v2\/pages\/16629","targetHints":{"allow":["GET"]}}],"collection":[{"href":"https:\/\/addaroom.dk\/de\/wp-json\/wp\/v2\/pages"}],"about":[{"href":"https:\/\/addaroom.dk\/de\/wp-json\/wp\/v2\/types\/page"}],"author":[{"embeddable":true,"href":"https:\/\/addaroom.dk\/de\/wp-json\/wp\/v2\/users\/1"}],"replies":[{"embeddable":true,"href":"https:\/\/addaroom.dk\/de\/wp-json\/wp\/v2\/comments?post=16629"}],"version-history":[{"count":0,"href":"https:\/\/addaroom.dk\/de\/wp-json\/wp\/v2\/pages\/16629\/revisions"}],"up":[{"embeddable":true,"href":"https:\/\/addaroom.dk\/de\/wp-json\/wp\/v2\/pages\/16601"}],"wp:attachment":[{"href":"https:\/\/addaroom.dk\/de\/wp-json\/wp\/v2\/media?parent=16629"}],"curies":[{"name":"wp","href":"https:\/\/api.w.org\/{rel}","templated":true}]}}