{"id":16623,"date":"2022-04-11T11:05:48","date_gmt":"2022-04-11T11:05:48","guid":{"rendered":"https:\/\/addaroom.dk\/interne-optionen\/badezimmer\/"},"modified":"2022-04-11T11:05:49","modified_gmt":"2022-04-11T11:05:49","slug":"badezimmer","status":"publish","type":"page","link":"https:\/\/addaroom.dk\/de\/unsere-gebaeude\/interne-optionen\/badezimmer\/","title":{"rendered":"Badezimmer"},"content":{"rendered":"<div class=\"pc\"><div class=\"pc--1\"><div class=\"wp-block-wrapper core--heading\">\n<h2 class=\"wp-block-heading\">Badezimmer<\/h2>\n<\/div><\/div><\/div><div class=\"pc\"><div class=\"pc--1\"><div class=\"wp-block-wrapper core--paragraph\">\n<p>Unsere Badezimmer werden schl\u00fcsselfertig geliefert, mit Warmwasserbereiter und vorbereitet f\u00fcr eine Waschmaschine. Direkt nach dem Einbau in die Kanalisation einsatzbereit. Die Grundrisse sind effektiv so gestaltet, dass sie im Verh\u00e4ltnis zur Gr\u00f6\u00dfe maximalen Platz bieten.<\/p>\n<\/div><\/div><\/div><div class=\"pc\"><div class=\"pc--1\"><div class=\"wp-block-wrapper core--heading\">\n<h3 class=\"wp-block-heading\">Grundrisse<\/h3>\n<\/div><\/div><\/div><div class=\"pc\"><div class=\"pc--1\"><div class=\"wp-block-wrapper core--paragraph\">\n<p>Je nachdem, ob das Bad an der kurzen Seite des Moduls oder als Raumteiler in der Mitte platziert werden soll, wurden zwei Grundrisse mit gleichen Materialien entwickelt. Nat\u00fcrlich werden auch gr\u00f6\u00dfere, behindertengerechte B\u00e4der angeboten, die wir unserer Meinung nach am besten gemeinsam mit dem Kunden gestalten.<\/p>\n<\/div><\/div><\/div><div class=\"pc\"><div class=\"pc--1\"><div class=\"wp-block-wrapper core--image\">\n<figure class=\"wp-block-image size-large\"><img decoding=\"async\" src=\"https:\/\/addaroom.dk\/wp-content\/uploads\/2021\/02\/Ska&#x308;rmavbild-2021-02-25-kl.-11.38.26-1024x593.png\" alt=\"\" class=\"wp-image-10317\"\/><figcaption>1800 x 1400 mm.<br\/><br\/>Das Badezimmer, das auch einen nat\u00fcrlichen Raumabschnitt bietet. Oft kombiniert mit einer kleinen K\u00fcche f\u00fcr einfachere Klempnerarbeiten, was zu einem niedrigeren Preis f\u00fcr die K\u00fcche f\u00fchrt.<\/figcaption><\/figure><\/div><\/div><\/div><div class=\"pc\"><div class=\"pc--1\"><div class=\"wp-block-wrapper core--image\">\n<figure class=\"wp-block-image size-large\"><img loading=\"lazy\" decoding=\"async\" width=\"1024\" height=\"593\" src=\"https:\/\/addaroom.dk\/wp-content\/uploads\/2019\/07\/popup_large_bathroom_en-1024x593.png\" alt=\"\" class=\"wp-image-15441\" srcset=\"https:\/\/addaroom.dk\/wp-content\/uploads\/2019\/07\/popup_large_bathroom_en-1024x593.png 1024w, https:\/\/addaroom.dk\/wp-content\/uploads\/2019\/07\/popup_large_bathroom_en-300x174.png 300w, https:\/\/addaroom.dk\/wp-content\/uploads\/2019\/07\/popup_large_bathroom_en-768x445.png 768w, https:\/\/addaroom.dk\/wp-content\/uploads\/2019\/07\/popup_large_bathroom_en.png 1260w\" sizes=\"auto, (max-width: 1024px) 100vw, 1024px\" \/><figcaption>2774 x 900 mm.<br\/><br\/>Das Badezimmer, das die gesamte Fl\u00e4che des Moduls ausf\u00fcllt, das viel Platz f\u00fcr das Wohn- oder Schlafzimmer l\u00e4sst.<\/figcaption><\/figure><\/div><\/div><\/div><div class=\"pc\"><div class=\"pc--1\"><div class=\"wp-block-wrapper core--heading\">\n<h2 class=\"wp-block-heading\">Materialien<\/h2>\n<\/div><\/div><\/div><div class=\"pc\"><div class=\"pc--1\"><div class=\"wp-block-wrapper core--paragraph\">\n<p>Die W\u00e4nde sind wie unsere <a href=\"https:\/\/addaroom.dk\/de\/innenwand\/\">Innenw\u00e4nde<\/a> mit Knauf Ultra Board aufgebaut, zusammen mit Vinyl auf dem Boden und den W\u00e4nden. Das verwendete Vinyl ist Tarkett iQ Natural, der weltweit erste Vinylboden mit bioattributiertem Vinyl, BIOVYN\u2122, bioattributiertes Vinyl von INOVYN. Das bedeutet, dass bei der Produktion das fossile \u00d6l durch biobasierte Rohstoffe ersetzt wird. Lesen Sie <a href=\"https:\/\/prof.tarkett.dk\/da_DK\/kollektion-C000124-iq-natural\/natural-black-0081\"><em>hier<\/em><\/a> mehr.<\/p>\n<\/div><\/div><\/div><div class=\"pc\"><div class=\"pc--1\"><div class=\"wp-block-wrapper core--paragraph\">\n<p><a style=\"margin-right: 20px;\" class=\"button\" href=\"https:\/\/www.knauf.dk\/produkter\/lette-byggesystemer\/byggeplader\/indvendige-byggeplader\/ultra-board\/\" target=\"_blank\" rel=\"noreferrer noopener\">Lesen Sie mehr \u00fcber Knauf Ultra Board<\/a> <a class=\"button\" href=\"https:\/\/professionals.tarkett.com\/en_EU\/collection-C000124-iq-natural\" target=\"_blank\" rel=\"noreferrer noopener\">Lesen Sie mehr \u00fcber Tarkett iq Natural<\/a><\/p>\n<\/div><\/div><\/div>","protected":false},"excerpt":{"rendered":"<p>Badezimmer Unsere Badezimmer werden schl\u00fcsselfertig geliefert, mit Warmwasserbereiter und vorbereitet f\u00fcr eine Waschmaschine. Direkt nach dem Einbau in die Kanalisation einsatzbereit. Die Grundrisse sind effektiv so gestaltet, dass sie im Verh\u00e4ltnis zur Gr\u00f6\u00dfe maximalen Platz bieten. Grundrisse Je nachdem, ob das Bad an der kurzen Seite des Moduls oder als Raumteiler in der Mitte platziert &hellip; <a href=\"https:\/\/addaroom.dk\/de\/unsere-gebaeude\/interne-optionen\/badezimmer\/\">Continued<\/a><\/p>\n","protected":false},"author":1,"featured_media":0,"parent":16601,"menu_order":0,"comment_status":"closed","ping_status":"closed","template":"templates\/modules-options.php","meta":{"_acf_changed":false,"footnotes":""},"class_list":["post-16623","page","type-page","status-publish","hentry"],"acf":[],"yoast_head":"<!-- This site is optimized with the Yoast SEO plugin v27.5 - https:\/\/yoast.com\/product\/yoast-seo-wordpress\/ -->\n<title>Badezimmer - Add a Room<\/title>\n<meta name=\"robots\" content=\"index, follow, max-snippet:-1, max-image-preview:large, max-video-preview:-1\" \/>\n<link rel=\"canonical\" href=\"https:\/\/addaroom.dk\/de\/interne-optionen\/badezimmer\/\" \/>\n<meta name=\"twitter:label1\" content=\"Gesch\u00e4tzte Lesezeit\" \/>\n\t<meta name=\"twitter:data1\" content=\"1 Minute\" \/>\n<script type=\"application\/ld+json\" class=\"yoast-schema-graph\">{\"@context\":\"https:\\\/\\\/schema.org\",\"@graph\":[{\"@type\":\"WebPage\",\"@id\":\"https:\\\/\\\/addaroom.dk\\\/de\\\/interne-optionen\\\/badezimmer\\\/\",\"url\":\"https:\\\/\\\/addaroom.dk\\\/de\\\/interne-optionen\\\/badezimmer\\\/\",\"name\":\"Badezimmer - Add a Room\",\"isPartOf\":{\"@id\":\"https:\\\/\\\/addaroom.dk\\\/en\\\/#website\"},\"primaryImageOfPage\":{\"@id\":\"https:\\\/\\\/addaroom.dk\\\/de\\\/interne-optionen\\\/badezimmer\\\/#primaryimage\"},\"image\":{\"@id\":\"https:\\\/\\\/addaroom.dk\\\/de\\\/interne-optionen\\\/badezimmer\\\/#primaryimage\"},\"thumbnailUrl\":\"https:\\\/\\\/addaroom.dk\\\/wp-content\\\/uploads\\\/2021\\\/02\\\/Ska&#x308;rmavbild-2021-02-25-kl.-11.38.26-1024x593.png\",\"datePublished\":\"2022-04-11T11:05:48+00:00\",\"dateModified\":\"2022-04-11T11:05:49+00:00\",\"breadcrumb\":{\"@id\":\"https:\\\/\\\/addaroom.dk\\\/de\\\/interne-optionen\\\/badezimmer\\\/#breadcrumb\"},\"inLanguage\":\"de-DE\",\"potentialAction\":[{\"@type\":\"ReadAction\",\"target\":[\"https:\\\/\\\/addaroom.dk\\\/de\\\/interne-optionen\\\/badezimmer\\\/\"]}]},{\"@type\":\"ImageObject\",\"inLanguage\":\"de-DE\",\"@id\":\"https:\\\/\\\/addaroom.dk\\\/de\\\/interne-optionen\\\/badezimmer\\\/#primaryimage\",\"url\":\"https:\\\/\\\/addaroom.dk\\\/wp-content\\\/uploads\\\/2021\\\/02\\\/Ska&#x308;rmavbild-2021-02-25-kl.-11.38.26-1024x593.png\",\"contentUrl\":\"https:\\\/\\\/addaroom.dk\\\/wp-content\\\/uploads\\\/2021\\\/02\\\/Ska&#x308;rmavbild-2021-02-25-kl.-11.38.26-1024x593.png\"},{\"@type\":\"BreadcrumbList\",\"@id\":\"https:\\\/\\\/addaroom.dk\\\/de\\\/interne-optionen\\\/badezimmer\\\/#breadcrumb\",\"itemListElement\":[{\"@type\":\"ListItem\",\"position\":1,\"name\":\"Hem\",\"item\":\"https:\\\/\\\/addaroom.dk\\\/de\\\/\"},{\"@type\":\"ListItem\",\"position\":2,\"name\":\"Interne Optionen\",\"item\":\"https:\\\/\\\/addaroom.dk\\\/de\\\/interne-optionen\\\/\"},{\"@type\":\"ListItem\",\"position\":3,\"name\":\"Badezimmer\"}]},{\"@type\":\"WebSite\",\"@id\":\"https:\\\/\\\/addaroom.dk\\\/en\\\/#website\",\"url\":\"https:\\\/\\\/addaroom.dk\\\/en\\\/\",\"name\":\"Add a Room\",\"description\":\"Small houses with big possibilities\",\"publisher\":{\"@id\":\"https:\\\/\\\/addaroom.dk\\\/en\\\/#organization\"},\"potentialAction\":[{\"@type\":\"SearchAction\",\"target\":{\"@type\":\"EntryPoint\",\"urlTemplate\":\"https:\\\/\\\/addaroom.dk\\\/en\\\/?s={search_term_string}\"},\"query-input\":{\"@type\":\"PropertyValueSpecification\",\"valueRequired\":true,\"valueName\":\"search_term_string\"}}],\"inLanguage\":\"de-DE\"},{\"@type\":\"Organization\",\"@id\":\"https:\\\/\\\/addaroom.dk\\\/en\\\/#organization\",\"name\":\"Add a Room\",\"url\":\"https:\\\/\\\/addaroom.dk\\\/en\\\/\",\"logo\":{\"@type\":\"ImageObject\",\"inLanguage\":\"de-DE\",\"@id\":\"https:\\\/\\\/addaroom.dk\\\/en\\\/#\\\/schema\\\/logo\\\/image\\\/\",\"url\":\"https:\\\/\\\/addaroom.dk\\\/wp-content\\\/uploads\\\/2025\\\/09\\\/Screenshot-2025-09-18-122421.png\",\"contentUrl\":\"https:\\\/\\\/addaroom.dk\\\/wp-content\\\/uploads\\\/2025\\\/09\\\/Screenshot-2025-09-18-122421.png\",\"width\":263,\"height\":80,\"caption\":\"Add a Room\"},\"image\":{\"@id\":\"https:\\\/\\\/addaroom.dk\\\/en\\\/#\\\/schema\\\/logo\\\/image\\\/\"},\"sameAs\":[\"https:\\\/\\\/www.facebook.com\\\/share\\\/1EZnEZVh7L\\\/?mibextid=wwXIfr\",\"https:\\\/\\\/www.instagram.com\\\/add_a_room?igsh=MWo2cHNwN3dmNGR1eA&utm_source=qr\"]}]}<\/script>\n<!-- \/ Yoast SEO plugin. -->","yoast_head_json":{"title":"Badezimmer - Add a Room","robots":{"index":"index","follow":"follow","max-snippet":"max-snippet:-1","max-image-preview":"max-image-preview:large","max-video-preview":"max-video-preview:-1"},"canonical":"https:\/\/addaroom.dk\/de\/interne-optionen\/badezimmer\/","twitter_misc":{"Gesch\u00e4tzte Lesezeit":"1 Minute"},"schema":{"@context":"https:\/\/schema.org","@graph":[{"@type":"WebPage","@id":"https:\/\/addaroom.dk\/de\/interne-optionen\/badezimmer\/","url":"https:\/\/addaroom.dk\/de\/interne-optionen\/badezimmer\/","name":"Badezimmer - Add a Room","isPartOf":{"@id":"https:\/\/addaroom.dk\/en\/#website"},"primaryImageOfPage":{"@id":"https:\/\/addaroom.dk\/de\/interne-optionen\/badezimmer\/#primaryimage"},"image":{"@id":"https:\/\/addaroom.dk\/de\/interne-optionen\/badezimmer\/#primaryimage"},"thumbnailUrl":"https:\/\/addaroom.dk\/wp-content\/uploads\/2021\/02\/Ska&#x308;rmavbild-2021-02-25-kl.-11.38.26-1024x593.png","datePublished":"2022-04-11T11:05:48+00:00","dateModified":"2022-04-11T11:05:49+00:00","breadcrumb":{"@id":"https:\/\/addaroom.dk\/de\/interne-optionen\/badezimmer\/#breadcrumb"},"inLanguage":"de-DE","potentialAction":[{"@type":"ReadAction","target":["https:\/\/addaroom.dk\/de\/interne-optionen\/badezimmer\/"]}]},{"@type":"ImageObject","inLanguage":"de-DE","@id":"https:\/\/addaroom.dk\/de\/interne-optionen\/badezimmer\/#primaryimage","url":"https:\/\/addaroom.dk\/wp-content\/uploads\/2021\/02\/Ska&#x308;rmavbild-2021-02-25-kl.-11.38.26-1024x593.png","contentUrl":"https:\/\/addaroom.dk\/wp-content\/uploads\/2021\/02\/Ska&#x308;rmavbild-2021-02-25-kl.-11.38.26-1024x593.png"},{"@type":"BreadcrumbList","@id":"https:\/\/addaroom.dk\/de\/interne-optionen\/badezimmer\/#breadcrumb","itemListElement":[{"@type":"ListItem","position":1,"name":"Hem","item":"https:\/\/addaroom.dk\/de\/"},{"@type":"ListItem","position":2,"name":"Interne Optionen","item":"https:\/\/addaroom.dk\/de\/interne-optionen\/"},{"@type":"ListItem","position":3,"name":"Badezimmer"}]},{"@type":"WebSite","@id":"https:\/\/addaroom.dk\/en\/#website","url":"https:\/\/addaroom.dk\/en\/","name":"Add a Room","description":"Small houses with big possibilities","publisher":{"@id":"https:\/\/addaroom.dk\/en\/#organization"},"potentialAction":[{"@type":"SearchAction","target":{"@type":"EntryPoint","urlTemplate":"https:\/\/addaroom.dk\/en\/?s={search_term_string}"},"query-input":{"@type":"PropertyValueSpecification","valueRequired":true,"valueName":"search_term_string"}}],"inLanguage":"de-DE"},{"@type":"Organization","@id":"https:\/\/addaroom.dk\/en\/#organization","name":"Add a Room","url":"https:\/\/addaroom.dk\/en\/","logo":{"@type":"ImageObject","inLanguage":"de-DE","@id":"https:\/\/addaroom.dk\/en\/#\/schema\/logo\/image\/","url":"https:\/\/addaroom.dk\/wp-content\/uploads\/2025\/09\/Screenshot-2025-09-18-122421.png","contentUrl":"https:\/\/addaroom.dk\/wp-content\/uploads\/2025\/09\/Screenshot-2025-09-18-122421.png","width":263,"height":80,"caption":"Add a Room"},"image":{"@id":"https:\/\/addaroom.dk\/en\/#\/schema\/logo\/image\/"},"sameAs":["https:\/\/www.facebook.com\/share\/1EZnEZVh7L\/?mibextid=wwXIfr","https:\/\/www.instagram.com\/add_a_room?igsh=MWo2cHNwN3dmNGR1eA&utm_source=qr"]}]}},"_links":{"self":[{"href":"https:\/\/addaroom.dk\/de\/wp-json\/wp\/v2\/pages\/16623","targetHints":{"allow":["GET"]}}],"collection":[{"href":"https:\/\/addaroom.dk\/de\/wp-json\/wp\/v2\/pages"}],"about":[{"href":"https:\/\/addaroom.dk\/de\/wp-json\/wp\/v2\/types\/page"}],"author":[{"embeddable":true,"href":"https:\/\/addaroom.dk\/de\/wp-json\/wp\/v2\/users\/1"}],"replies":[{"embeddable":true,"href":"https:\/\/addaroom.dk\/de\/wp-json\/wp\/v2\/comments?post=16623"}],"version-history":[{"count":0,"href":"https:\/\/addaroom.dk\/de\/wp-json\/wp\/v2\/pages\/16623\/revisions"}],"up":[{"embeddable":true,"href":"https:\/\/addaroom.dk\/de\/wp-json\/wp\/v2\/pages\/16601"}],"wp:attachment":[{"href":"https:\/\/addaroom.dk\/de\/wp-json\/wp\/v2\/media?parent=16623"}],"curies":[{"name":"wp","href":"https:\/\/api.w.org\/{rel}","templated":true}]}}