{"id":16620,"date":"2022-04-11T11:05:47","date_gmt":"2022-04-11T11:05:47","guid":{"rendered":"https:\/\/addaroom.dk\/unsere-gebaeude\/"},"modified":"2022-04-11T11:05:48","modified_gmt":"2022-04-11T11:05:48","slug":"unsere-gebaeude","status":"publish","type":"page","link":"https:\/\/addaroom.dk\/de\/unsere-gebaeude\/","title":{"rendered":"Unsere Geb\u00e4ude"},"content":{"rendered":"<div class=\"pc\"><div class=\"pc--1\"><div class=\"wp-block-wrapper core--heading\">\n<h2 class=\"has-text-align-left wp-block-heading\">Ein Geb\u00e4ude, das an die moderne Welt angepasst ist<\/h2>\n<\/div><\/div><\/div><div class=\"pc\"><div class=\"pc--1\"><div class=\"wp-block-wrapper core--paragraph\">\n<p class=\"has-text-align-left\">Lassen Sie uns das Beste, was Skandinavien zu bieten hat, in Bezug auf Materialien und Design kombinieren. So klang es 2010, als das erste Haus von Add a Rooms entwickelt wurde. Eine Kombination aus Lars Frank Nielsens <strong>zeitloser Architektur<\/strong> und Skandinaviens weltweit f\u00fchrender Position bei Holzh\u00e4usern ergab ein nahezu <strong>wartungsfreies<\/strong> , <strong>nachhaltiges<\/strong> Holzhaus, das f\u00fcr viele <strong>Generationen<\/strong> bereit ist. Die Mehrheit der Materialauswahl existiert noch heute, wird aber st\u00e4ndig auf der Grundlage von Qualit\u00e4t, Nachhaltigkeit und Design bewertet.<\/p>\n<\/div><\/div><\/div><div class=\"pc\"><div class=\"pc--1\"><div class=\"wp-block-wrapper core--heading\">\n<h2 class=\"has-text-align-left wp-block-heading\">Zirkul\u00e4res Modulkonzept<\/h2>\n<\/div><\/div><\/div><div class=\"pc\"><div class=\"pc--1\"><div class=\"wp-block-wrapper core--video\">\n<figure class=\"wp-block-video\"><video height=\"718\" style=\"aspect-ratio: 1280 \/ 718;\" width=\"1280\" autoplay=\"\" loop=\"\" muted=\"\" src=\"https:\/\/addaroom.dk\/wp-content\/uploads\/2021\/03\/LFN-skiss-video-2.mp4\" playsinline=\"\"><\/video><\/figure><\/div><\/div><\/div><div class=\"pc\"><div class=\"pc--1\"><div class=\"wp-block-wrapper core--paragraph\">\n<p>Add a Rooms-Module sind in <strong>f\u00fcnf Gr\u00f6\u00dfen erh\u00e4ltlich<\/strong> : 10, 15, 20, 25 und 30 Quadratmeter. Mit der einzigartigen Konstruktion und dem Design k\u00f6nnen die Module <strong>an allen horizontalen Fugen miteinander verbunden werden<\/strong> . Dies gibt Ihnen die Freiheit, ein Haus <strong>genau auf Ihre Bed\u00fcrfnisse zuzuschneiden<\/strong> und gleichzeitig das erstklassige Design von Lars Frank Nielsen zu gew\u00e4hrleisten.<\/p>\n<\/div><\/div><\/div><div class=\"pc\"><div class=\"pc--1\"><div class=\"wp-block-wrapper core--paragraph\">\n<p class=\"has-text-align-left\">Das <strong>Lego-\u00e4hnliche<\/strong> Konzept gibt nicht nur <strong>Freiheit<\/strong> bei der Gestaltung Ihres Hauses, sondern auch eine <strong>Flexibilit\u00e4t<\/strong> , die einen \u00fcberm\u00e4\u00dfigen Verbrauch verhindert. Mit der Freiheit, den Wohnraum im Laufe der Zeit zu erweitern, ist dies eine L\u00f6sung, die <strong>sich an Lebensver\u00e4nderungen anpassen<\/strong> kann. Die Module sind mit Haken in der Decke ausgestattet, damit sie bewegt und wiederverwendet werden k\u00f6nnen, um zu einem zirkul\u00e4reren Lebensstil beizutragen.<\/p>\n<\/div><\/div><\/div><div class=\"pc\"><div class=\"pc--1\"><div class=\"wp-block-wrapper core--html\">\n<p class=\"has-text-align-left\"><a style=\"margin-right: 20px\" class=\"button\" href=\"https:\/\/addaroom.dk\/en\/our-buildings\/modules\/\">Sehen Sie sich die Module<\/a> an. <a class=\"button\" href=\"https:\/\/addaroom.dk\/en\/sustainability\/sustainable-living\/\">Erfahren Sie mehr \u00fcber unser Konzept<\/a><\/p>\n<\/div><\/div><\/div><div class=\"pc\"><div class=\"pc--1\"><div class=\"wp-block-wrapper core--heading\">\n<h2 class=\"has-text-align-left wp-block-heading\">Gebaut f\u00fcr kommende Generationen<\/h2>\n<\/div><\/div><\/div><div class=\"wp-block-wrapper acf--image-block\">\n<div class=\"pc bc--white \">\n    <div class=\"pc--1\">\n        <div class=\"gb-block block--gallery\">\n                                                                <div class=\"gallery--slides-single\">\n                                    \t\t\t\t\t\t<div class=\"gallery-slide\">\n\t\t\t\t\t\t\t<img loading=\"lazy\" decoding=\"async\" src=\"https:\/\/addaroom.dk\/wp-content\/uploads\/2021\/02\/2-sauna-1024x512.jpg\" alt=\"\" height=\"512\" width=\"1024\"\/>\n\t\t\t\t\t\t\t<div class=\"gallery--slide-caption\">Photograph: Rigetta Klint<\/div>\n\t\t\t\t\t\t<\/div>\n                                    <\/div>\n                    <\/div>\n    <\/div>\n<\/div><\/div><div class=\"pc\"><div class=\"pc--1\"><div class=\"wp-block-wrapper core--paragraph\">\n<p>Um Ihr Haus in 50 Jahren im gleichen hohen Standard wie heute an die n\u00e4chste Generation zu \u00fcbergeben, ist die Wahl der Materialien von gr\u00f6\u00dfter Bedeutung. Die \u00dcbergabe an die n\u00e4chste Generation umfasst jedoch nicht nur die Qualit\u00e4t des Hauses, sondern auch die des <strong>Planeten<\/strong> . Wir bem\u00fchen uns, den kommenden Generationen die bestm\u00f6gliche Zukunft zu bieten, indem wir das <strong>Verhalten<\/strong> und die <a href=\"https:\/\/addaroom.dk\/en\/sustainability\/sustainable-living\/\"><em>Wahrnehmung des Wohnens<\/em><\/a> \u00e4ndern, zusammen mit dem st\u00e4ndigen Bem\u00fchen, H\u00e4user mit m\u00f6glichst <strong>nachhaltigen Materialien<\/strong> zu liefern.<\/p>\n<\/div><\/div><\/div><div class=\"pc\"><div class=\"pc--1\"><div class=\"wp-block-wrapper core--paragraph\">\n<p class=\"has-text-align-left\"><a class=\"button\" href=\"https:\/\/addaroom.dk\/baeredygtighed-og-compact-smart-living\/baeredygtige-produktvalg-til-vores-modul-huse\/\">Erfahren Sie mehr \u00fcber unsere nachhaltige Materialauswahl<\/a><\/p>\n<\/div><\/div><\/div><div class=\"wp-block-wrapper acf--post-type-block\">    <div class=\"pc bc--white \">\n        <div class=\"pc--1\">\n\t\t\t\t            <div class=\"gb-block block--post disp--flex flex--cols just--arou\">\n\n\t\t\t\t\t\t\t\t\t\t\t\t\t\t\t\n\t\t\t\t\t\t\t\t\t\t\t\t<div class=\"layout--vertical flex--33 disp--flex\">\n\t\t\t\t\t\t\t\t\t\t\t\t\t\t\n\n<a href=\"https:\/\/addaroom.dk\/de\/unsere-gebaeude\/interne-optionen\/\" target=\"_self\" class=\"card\">\n            <div class=\"card--image\">\n            <img loading=\"lazy\" decoding=\"async\" style=\"object-fit: cover\" src=\"https:\/\/addaroom.dk\/wp-content\/uploads\/2019\/01\/ADD_A_ROOM_0031-1024x684.jpg\" alt=\"\" height=\"684\" width=\"1024\"\/>        <\/div>\n           \n    <div class=\"card--content\">\n        <div>\n            <div class=\"card--summary\">\n                <div class=\"card-heading--content\">\n                    <h3>Interne Optionen<\/h3><p>B\u00e4der, K\u00fcchen, Saunen, was braucht Ihr Raum? Sehen Sie sich alle L\u00f6sungen an, die wir anbieten.<\/p>\n<p><strong>Hier schaffen Sie wirklich Ihren idealen Raum.<\/strong><\/p>\n                 <\/div>\n                                     <div class=\"card--button\">\n                        <div class=\"button\">Sehen<\/div>\n                    <\/div>\n                            <\/div>\n        <\/div>\n    <\/div>\n<\/a>\t\t\t\t\t\t<\/div>\n\t\t\t\t\t\t\t\t\t\t\t\n\t\t\t\t\t\t\t\t\t\t\t\t<div class=\"layout--vertical flex--33 disp--flex\">\n\t\t\t\t\t\t\t\t\t\t\t\t\t\t\n\n<a href=\"https:\/\/addaroom.dk\/de\/unsere-gebaeude\/externe-optionen\/\" target=\"_self\" class=\"card\">\n            <div class=\"card--image\">\n            <img loading=\"lazy\" decoding=\"async\" style=\"object-fit: cover\" src=\"https:\/\/addaroom.dk\/wp-content\/uploads\/2018\/04\/Hus_-19-1024x683.jpg\" alt=\"\" height=\"683\" width=\"1024\"\/>        <\/div>\n           \n    <div class=\"card--content\">\n        <div>\n            <div class=\"card--summary\">\n                <div class=\"card-heading--content\">\n                    <h3>Externe Optionen<\/h3><p>Mit einer Reihe von Outdoor-L\u00f6sungen, darunter Terrassen, Sitzgelegenheiten und sogar eine K\u00fcche!<\/p>\n<p><strong>Unsere Module verbinden den Innenbereich mit dem Au\u00dfenraum. <\/strong><\/p>\n                 <\/div>\n                                     <div class=\"card--button\">\n                        <div class=\"button\">Sehen<\/div>\n                    <\/div>\n                            <\/div>\n        <\/div>\n    <\/div>\n<\/a>\t\t\t\t\t\t<\/div>\n\t\t\t\t\t\t\t\t\t\t\t\n\t\t\t\t\t\t\t\t\t\t\t\t<div class=\"layout--vertical flex--33 disp--flex\">\n\t\t\t\t\t\t\t\t\t\t\t\t\t\t\n\n<a href=\"https:\/\/addaroom.dk\/de\/unsere-gebaeude\/materialien\/\" target=\"_self\" class=\"card\">\n            <div class=\"card--image\">\n            <img loading=\"lazy\" decoding=\"async\" style=\"object-fit: cover\" src=\"https:\/\/addaroom.dk\/wp-content\/uploads\/2021\/04\/IMG_1012-1024x683.jpg\" alt=\"\" height=\"683\" width=\"1024\"\/>        <\/div>\n           \n    <div class=\"card--content\">\n        <div>\n            <div class=\"card--summary\">\n                <div class=\"card-heading--content\">\n                    <h3>Materialien<\/h3><p>Erfahren Sie mehr dar\u00fcber, wie Ihr Add a Room nur aus den allerbesten Materialien gebaut wird.<\/p>\n<p><strong>Qualit\u00e4t, Nachhaltigkeit und Design. Skandinavische Exzellenz.<\/strong><\/p>\n                 <\/div>\n                                     <div class=\"card--button\">\n                        <div class=\"button\">Sehen<\/div>\n                    <\/div>\n                            <\/div>\n        <\/div>\n    <\/div>\n<\/a>\t\t\t\t\t\t<\/div>\n\t\t\t\t\t\t\t\t\t\t\t\n\t\t\t\t\t\t\t\t\t\t\t\t<div class=\"layout--vertical flex--33 disp--flex\">\n\t\t\t\t\t\t\t\t\t\t\t\t\t\t\n\n<a href=\"https:\/\/addaroom.dk\/de\/unsere-gebaeude\/module\/\" target=\"_self\" class=\"card\">\n            <div class=\"card--image\">\n            <img loading=\"lazy\" decoding=\"async\" style=\"object-fit: cover\" src=\"https:\/\/addaroom.dk\/wp-content\/uploads\/2021\/02\/Modular-living.jpg\" alt=\"\" height=\"640\" width=\"640\"\/>        <\/div>\n           \n    <div class=\"card--content\">\n        <div>\n            <div class=\"card--summary\">\n                <div class=\"card-heading--content\">\n                    <h3>Module<\/h3><p>Sehen Sie sich die genauen Abmessungen jedes Hausmoduls an und erfahren Sie, wo Ihr Lieblingssofa am besten hinpasst.<\/p>\n<p><strong>Unsere Module k\u00f6nnen an allen Sto\u00dfstellen verbunden werden.<\/strong><\/p>\n                 <\/div>\n                                     <div class=\"card--button\">\n                        <div class=\"button\">Sehen<\/div>\n                    <\/div>\n                            <\/div>\n        <\/div>\n    <\/div>\n<\/a>\t\t\t\t\t\t<\/div>\n\t\t\t\t\t\t\t\t\t            <\/div>\n        <\/div>\n    <\/div>\n    <\/div>","protected":false},"excerpt":{"rendered":"<p>Ein Geb\u00e4ude, das an die moderne Welt angepasst ist Lassen Sie uns das Beste, was Skandinavien zu bieten hat, in Bezug auf Materialien und Design kombinieren. So klang es 2010, als das erste Haus von Add a Rooms entwickelt wurde. Eine Kombination aus Lars Frank Nielsens zeitloser Architektur und Skandinaviens weltweit f\u00fchrender Position bei Holzh\u00e4usern &hellip; <a href=\"https:\/\/addaroom.dk\/de\/unsere-gebaeude\/\">Continued<\/a><\/p>\n","protected":false},"author":1,"featured_media":0,"parent":0,"menu_order":0,"comment_status":"closed","ping_status":"closed","template":"templates\/modules-options.php","meta":{"_acf_changed":false,"footnotes":""},"class_list":["post-16620","page","type-page","status-publish","hentry"],"acf":[],"yoast_head":"<!-- This site is optimized with the Yoast SEO plugin v27.4 - https:\/\/yoast.com\/product\/yoast-seo-wordpress\/ -->\n<title>Unsere Geb\u00e4ude - Add a Room<\/title>\n<meta name=\"robots\" content=\"index, follow, max-snippet:-1, max-image-preview:large, max-video-preview:-1\" \/>\n<link rel=\"canonical\" href=\"https:\/\/addaroom.dk\/de\/unsere-gebaeude\/\" \/>\n<meta name=\"twitter:label1\" content=\"Gesch\u00e4tzte Lesezeit\" \/>\n\t<meta name=\"twitter:data1\" content=\"2 Minuten\" \/>\n<script type=\"application\/ld+json\" class=\"yoast-schema-graph\">{\"@context\":\"https:\\\/\\\/schema.org\",\"@graph\":[{\"@type\":\"WebPage\",\"@id\":\"https:\\\/\\\/addaroom.dk\\\/de\\\/unsere-gebaeude\\\/\",\"url\":\"https:\\\/\\\/addaroom.dk\\\/de\\\/unsere-gebaeude\\\/\",\"name\":\"Unsere Geb\u00e4ude - Add a Room\",\"isPartOf\":{\"@id\":\"https:\\\/\\\/addaroom.dk\\\/en\\\/#website\"},\"datePublished\":\"2022-04-11T11:05:47+00:00\",\"dateModified\":\"2022-04-11T11:05:48+00:00\",\"breadcrumb\":{\"@id\":\"https:\\\/\\\/addaroom.dk\\\/de\\\/unsere-gebaeude\\\/#breadcrumb\"},\"inLanguage\":\"de-DE\",\"potentialAction\":[{\"@type\":\"ReadAction\",\"target\":[\"https:\\\/\\\/addaroom.dk\\\/de\\\/unsere-gebaeude\\\/\"]}]},{\"@type\":\"BreadcrumbList\",\"@id\":\"https:\\\/\\\/addaroom.dk\\\/de\\\/unsere-gebaeude\\\/#breadcrumb\",\"itemListElement\":[{\"@type\":\"ListItem\",\"position\":1,\"name\":\"Hem\",\"item\":\"https:\\\/\\\/addaroom.dk\\\/de\\\/\"},{\"@type\":\"ListItem\",\"position\":2,\"name\":\"Unsere Geb\u00e4ude\"}]},{\"@type\":\"WebSite\",\"@id\":\"https:\\\/\\\/addaroom.dk\\\/en\\\/#website\",\"url\":\"https:\\\/\\\/addaroom.dk\\\/en\\\/\",\"name\":\"Add a Room\",\"description\":\"Small houses with big possibilities\",\"publisher\":{\"@id\":\"https:\\\/\\\/addaroom.dk\\\/en\\\/#organization\"},\"potentialAction\":[{\"@type\":\"SearchAction\",\"target\":{\"@type\":\"EntryPoint\",\"urlTemplate\":\"https:\\\/\\\/addaroom.dk\\\/en\\\/?s={search_term_string}\"},\"query-input\":{\"@type\":\"PropertyValueSpecification\",\"valueRequired\":true,\"valueName\":\"search_term_string\"}}],\"inLanguage\":\"de-DE\"},{\"@type\":\"Organization\",\"@id\":\"https:\\\/\\\/addaroom.dk\\\/en\\\/#organization\",\"name\":\"Add a Room\",\"url\":\"https:\\\/\\\/addaroom.dk\\\/en\\\/\",\"logo\":{\"@type\":\"ImageObject\",\"inLanguage\":\"de-DE\",\"@id\":\"https:\\\/\\\/addaroom.dk\\\/en\\\/#\\\/schema\\\/logo\\\/image\\\/\",\"url\":\"https:\\\/\\\/addaroom.dk\\\/wp-content\\\/uploads\\\/2025\\\/09\\\/Screenshot-2025-09-18-122421.png\",\"contentUrl\":\"https:\\\/\\\/addaroom.dk\\\/wp-content\\\/uploads\\\/2025\\\/09\\\/Screenshot-2025-09-18-122421.png\",\"width\":263,\"height\":80,\"caption\":\"Add a Room\"},\"image\":{\"@id\":\"https:\\\/\\\/addaroom.dk\\\/en\\\/#\\\/schema\\\/logo\\\/image\\\/\"},\"sameAs\":[\"https:\\\/\\\/www.facebook.com\\\/share\\\/1EZnEZVh7L\\\/?mibextid=wwXIfr\",\"https:\\\/\\\/www.instagram.com\\\/add_a_room?igsh=MWo2cHNwN3dmNGR1eA&utm_source=qr\"]}]}<\/script>\n<!-- \/ Yoast SEO plugin. -->","yoast_head_json":{"title":"Unsere Geb\u00e4ude - Add a Room","robots":{"index":"index","follow":"follow","max-snippet":"max-snippet:-1","max-image-preview":"max-image-preview:large","max-video-preview":"max-video-preview:-1"},"canonical":"https:\/\/addaroom.dk\/de\/unsere-gebaeude\/","twitter_misc":{"Gesch\u00e4tzte Lesezeit":"2 Minuten"},"schema":{"@context":"https:\/\/schema.org","@graph":[{"@type":"WebPage","@id":"https:\/\/addaroom.dk\/de\/unsere-gebaeude\/","url":"https:\/\/addaroom.dk\/de\/unsere-gebaeude\/","name":"Unsere Geb\u00e4ude - Add a Room","isPartOf":{"@id":"https:\/\/addaroom.dk\/en\/#website"},"datePublished":"2022-04-11T11:05:47+00:00","dateModified":"2022-04-11T11:05:48+00:00","breadcrumb":{"@id":"https:\/\/addaroom.dk\/de\/unsere-gebaeude\/#breadcrumb"},"inLanguage":"de-DE","potentialAction":[{"@type":"ReadAction","target":["https:\/\/addaroom.dk\/de\/unsere-gebaeude\/"]}]},{"@type":"BreadcrumbList","@id":"https:\/\/addaroom.dk\/de\/unsere-gebaeude\/#breadcrumb","itemListElement":[{"@type":"ListItem","position":1,"name":"Hem","item":"https:\/\/addaroom.dk\/de\/"},{"@type":"ListItem","position":2,"name":"Unsere Geb\u00e4ude"}]},{"@type":"WebSite","@id":"https:\/\/addaroom.dk\/en\/#website","url":"https:\/\/addaroom.dk\/en\/","name":"Add a Room","description":"Small houses with big possibilities","publisher":{"@id":"https:\/\/addaroom.dk\/en\/#organization"},"potentialAction":[{"@type":"SearchAction","target":{"@type":"EntryPoint","urlTemplate":"https:\/\/addaroom.dk\/en\/?s={search_term_string}"},"query-input":{"@type":"PropertyValueSpecification","valueRequired":true,"valueName":"search_term_string"}}],"inLanguage":"de-DE"},{"@type":"Organization","@id":"https:\/\/addaroom.dk\/en\/#organization","name":"Add a Room","url":"https:\/\/addaroom.dk\/en\/","logo":{"@type":"ImageObject","inLanguage":"de-DE","@id":"https:\/\/addaroom.dk\/en\/#\/schema\/logo\/image\/","url":"https:\/\/addaroom.dk\/wp-content\/uploads\/2025\/09\/Screenshot-2025-09-18-122421.png","contentUrl":"https:\/\/addaroom.dk\/wp-content\/uploads\/2025\/09\/Screenshot-2025-09-18-122421.png","width":263,"height":80,"caption":"Add a Room"},"image":{"@id":"https:\/\/addaroom.dk\/en\/#\/schema\/logo\/image\/"},"sameAs":["https:\/\/www.facebook.com\/share\/1EZnEZVh7L\/?mibextid=wwXIfr","https:\/\/www.instagram.com\/add_a_room?igsh=MWo2cHNwN3dmNGR1eA&utm_source=qr"]}]}},"_links":{"self":[{"href":"https:\/\/addaroom.dk\/de\/wp-json\/wp\/v2\/pages\/16620","targetHints":{"allow":["GET"]}}],"collection":[{"href":"https:\/\/addaroom.dk\/de\/wp-json\/wp\/v2\/pages"}],"about":[{"href":"https:\/\/addaroom.dk\/de\/wp-json\/wp\/v2\/types\/page"}],"author":[{"embeddable":true,"href":"https:\/\/addaroom.dk\/de\/wp-json\/wp\/v2\/users\/1"}],"replies":[{"embeddable":true,"href":"https:\/\/addaroom.dk\/de\/wp-json\/wp\/v2\/comments?post=16620"}],"version-history":[{"count":0,"href":"https:\/\/addaroom.dk\/de\/wp-json\/wp\/v2\/pages\/16620\/revisions"}],"wp:attachment":[{"href":"https:\/\/addaroom.dk\/de\/wp-json\/wp\/v2\/media?parent=16620"}],"curies":[{"name":"wp","href":"https:\/\/api.w.org\/{rel}","templated":true}]}}