{"id":16619,"date":"2022-04-11T11:05:47","date_gmt":"2022-04-11T11:05:47","guid":{"rendered":"https:\/\/addaroom.dk\/interne-optionen\/innenschiebetuer-mit-wand\/"},"modified":"2022-04-11T11:05:48","modified_gmt":"2022-04-11T11:05:48","slug":"innenschiebetuer-mit-wand","status":"publish","type":"page","link":"https:\/\/addaroom.dk\/de\/unsere-gebaeude\/interne-optionen\/innenschiebetuer-mit-wand\/","title":{"rendered":"Innenschiebet\u00fcr mit Wand"},"content":{"rendered":"<div class=\"pc\"><div class=\"pc--1\"><div class=\"wp-block-wrapper core--heading\">\n<h2 class=\"wp-block-heading\">Innenschiebet\u00fcr mit Wand<\/h2>\n<\/div><\/div><\/div><div class=\"wp-block-wrapper acf--image-block\">\n<div class=\"pc bc--white \">\n    <div class=\"pc--1\">\n        <div class=\"gb-block block--gallery\">\n                                                                <div class=\"gallery--slides-single\">\n                                    \t\t\t\t\t\t<div class=\"gallery-slide\">\n\t\t\t\t\t\t\t<img loading=\"lazy\" decoding=\"async\" src=\"https:\/\/addaroom.dk\/wp-content\/uploads\/2021\/03\/skydedor-scaled-e1614590117479-1024x720.jpg\" alt=\"\" height=\"720\" width=\"1024\"\/>\n\t\t\t\t\t\t\t<div class=\"gallery--slide-caption\"><\/div>\n\t\t\t\t\t\t<\/div>\n                                    <\/div>\n                    <\/div>\n    <\/div>\n<\/div><\/div><div class=\"pc\"><div class=\"pc--1\"><div class=\"wp-block-wrapper core--paragraph\">\n<p>Ein effektiver Raumteiler. Die Schiebet\u00fcr bietet die M\u00f6glichkeit, etwas Privatsph\u00e4re zu schaffen, ohne wie eine herk\u00f6mmliche T\u00fcr Platz zu beanspruchen! Die Wand besteht aus den gleichen Materialien wie unsere <a href=\"https:\/\/addaroom.dk\/de\/innenwand\/\">Innenw\u00e4nde<\/a> . Die Schiebet\u00fcr wird standardm\u00e4\u00dfig an der Au\u00dfenseite der Wand aufgeh\u00e4ngt, kann aber auch so hergestellt werden, dass sie in die Wand \u201egleitet\u201c.<\/p>\n<\/div><\/div><\/div><div class=\"wp-block-wrapper acf--image-block\">\n<div class=\"pc bc--white \">\n    <div class=\"pc--1\">\n        <div class=\"gb-block block--gallery\">\n                    <\/div>\n    <\/div>\n<\/div><\/div>","protected":false},"excerpt":{"rendered":"<p>Innenschiebet\u00fcr mit Wand Ein effektiver Raumteiler. Die Schiebet\u00fcr bietet die M\u00f6glichkeit, etwas Privatsph\u00e4re zu schaffen, ohne wie eine herk\u00f6mmliche T\u00fcr Platz zu beanspruchen! Die Wand besteht aus den gleichen Materialien wie unsere Innenw\u00e4nde . Die Schiebet\u00fcr wird standardm\u00e4\u00dfig an der Au\u00dfenseite der Wand aufgeh\u00e4ngt, kann aber auch so hergestellt werden, dass sie in die Wand &hellip; <a href=\"https:\/\/addaroom.dk\/de\/unsere-gebaeude\/interne-optionen\/innenschiebetuer-mit-wand\/\">Continued<\/a><\/p>\n","protected":false},"author":1,"featured_media":0,"parent":16601,"menu_order":0,"comment_status":"closed","ping_status":"closed","template":"templates\/modules-options.php","meta":{"_acf_changed":false,"footnotes":""},"class_list":["post-16619","page","type-page","status-publish","hentry"],"acf":[],"yoast_head":"<!-- This site is optimized with the Yoast SEO plugin v27.4 - https:\/\/yoast.com\/product\/yoast-seo-wordpress\/ -->\n<title>Innenschiebet\u00fcr mit Wand - Add a Room<\/title>\n<meta name=\"robots\" content=\"index, follow, max-snippet:-1, max-image-preview:large, max-video-preview:-1\" \/>\n<link rel=\"canonical\" href=\"https:\/\/addaroom.dk\/de\/interne-optionen\/innenschiebetuer-mit-wand\/\" \/>\n<script type=\"application\/ld+json\" class=\"yoast-schema-graph\">{\"@context\":\"https:\\\/\\\/schema.org\",\"@graph\":[{\"@type\":\"WebPage\",\"@id\":\"https:\\\/\\\/addaroom.dk\\\/de\\\/interne-optionen\\\/innenschiebetuer-mit-wand\\\/\",\"url\":\"https:\\\/\\\/addaroom.dk\\\/de\\\/interne-optionen\\\/innenschiebetuer-mit-wand\\\/\",\"name\":\"Innenschiebet\u00fcr mit Wand - Add a Room\",\"isPartOf\":{\"@id\":\"https:\\\/\\\/addaroom.dk\\\/en\\\/#website\"},\"datePublished\":\"2022-04-11T11:05:47+00:00\",\"dateModified\":\"2022-04-11T11:05:48+00:00\",\"breadcrumb\":{\"@id\":\"https:\\\/\\\/addaroom.dk\\\/de\\\/interne-optionen\\\/innenschiebetuer-mit-wand\\\/#breadcrumb\"},\"inLanguage\":\"de-DE\",\"potentialAction\":[{\"@type\":\"ReadAction\",\"target\":[\"https:\\\/\\\/addaroom.dk\\\/de\\\/interne-optionen\\\/innenschiebetuer-mit-wand\\\/\"]}]},{\"@type\":\"BreadcrumbList\",\"@id\":\"https:\\\/\\\/addaroom.dk\\\/de\\\/interne-optionen\\\/innenschiebetuer-mit-wand\\\/#breadcrumb\",\"itemListElement\":[{\"@type\":\"ListItem\",\"position\":1,\"name\":\"Hem\",\"item\":\"https:\\\/\\\/addaroom.dk\\\/de\\\/\"},{\"@type\":\"ListItem\",\"position\":2,\"name\":\"Interne Optionen\",\"item\":\"https:\\\/\\\/addaroom.dk\\\/de\\\/interne-optionen\\\/\"},{\"@type\":\"ListItem\",\"position\":3,\"name\":\"Innenschiebet\u00fcr mit Wand\"}]},{\"@type\":\"WebSite\",\"@id\":\"https:\\\/\\\/addaroom.dk\\\/en\\\/#website\",\"url\":\"https:\\\/\\\/addaroom.dk\\\/en\\\/\",\"name\":\"Add a Room\",\"description\":\"Small houses with big possibilities\",\"publisher\":{\"@id\":\"https:\\\/\\\/addaroom.dk\\\/en\\\/#organization\"},\"potentialAction\":[{\"@type\":\"SearchAction\",\"target\":{\"@type\":\"EntryPoint\",\"urlTemplate\":\"https:\\\/\\\/addaroom.dk\\\/en\\\/?s={search_term_string}\"},\"query-input\":{\"@type\":\"PropertyValueSpecification\",\"valueRequired\":true,\"valueName\":\"search_term_string\"}}],\"inLanguage\":\"de-DE\"},{\"@type\":\"Organization\",\"@id\":\"https:\\\/\\\/addaroom.dk\\\/en\\\/#organization\",\"name\":\"Add a Room\",\"url\":\"https:\\\/\\\/addaroom.dk\\\/en\\\/\",\"logo\":{\"@type\":\"ImageObject\",\"inLanguage\":\"de-DE\",\"@id\":\"https:\\\/\\\/addaroom.dk\\\/en\\\/#\\\/schema\\\/logo\\\/image\\\/\",\"url\":\"https:\\\/\\\/addaroom.dk\\\/wp-content\\\/uploads\\\/2025\\\/09\\\/Screenshot-2025-09-18-122421.png\",\"contentUrl\":\"https:\\\/\\\/addaroom.dk\\\/wp-content\\\/uploads\\\/2025\\\/09\\\/Screenshot-2025-09-18-122421.png\",\"width\":263,\"height\":80,\"caption\":\"Add a Room\"},\"image\":{\"@id\":\"https:\\\/\\\/addaroom.dk\\\/en\\\/#\\\/schema\\\/logo\\\/image\\\/\"},\"sameAs\":[\"https:\\\/\\\/www.facebook.com\\\/share\\\/1EZnEZVh7L\\\/?mibextid=wwXIfr\",\"https:\\\/\\\/www.instagram.com\\\/add_a_room?igsh=MWo2cHNwN3dmNGR1eA&utm_source=qr\"]}]}<\/script>\n<!-- \/ Yoast SEO plugin. -->","yoast_head_json":{"title":"Innenschiebet\u00fcr mit Wand - Add a Room","robots":{"index":"index","follow":"follow","max-snippet":"max-snippet:-1","max-image-preview":"max-image-preview:large","max-video-preview":"max-video-preview:-1"},"canonical":"https:\/\/addaroom.dk\/de\/interne-optionen\/innenschiebetuer-mit-wand\/","schema":{"@context":"https:\/\/schema.org","@graph":[{"@type":"WebPage","@id":"https:\/\/addaroom.dk\/de\/interne-optionen\/innenschiebetuer-mit-wand\/","url":"https:\/\/addaroom.dk\/de\/interne-optionen\/innenschiebetuer-mit-wand\/","name":"Innenschiebet\u00fcr mit Wand - Add a Room","isPartOf":{"@id":"https:\/\/addaroom.dk\/en\/#website"},"datePublished":"2022-04-11T11:05:47+00:00","dateModified":"2022-04-11T11:05:48+00:00","breadcrumb":{"@id":"https:\/\/addaroom.dk\/de\/interne-optionen\/innenschiebetuer-mit-wand\/#breadcrumb"},"inLanguage":"de-DE","potentialAction":[{"@type":"ReadAction","target":["https:\/\/addaroom.dk\/de\/interne-optionen\/innenschiebetuer-mit-wand\/"]}]},{"@type":"BreadcrumbList","@id":"https:\/\/addaroom.dk\/de\/interne-optionen\/innenschiebetuer-mit-wand\/#breadcrumb","itemListElement":[{"@type":"ListItem","position":1,"name":"Hem","item":"https:\/\/addaroom.dk\/de\/"},{"@type":"ListItem","position":2,"name":"Interne Optionen","item":"https:\/\/addaroom.dk\/de\/interne-optionen\/"},{"@type":"ListItem","position":3,"name":"Innenschiebet\u00fcr mit Wand"}]},{"@type":"WebSite","@id":"https:\/\/addaroom.dk\/en\/#website","url":"https:\/\/addaroom.dk\/en\/","name":"Add a Room","description":"Small houses with big possibilities","publisher":{"@id":"https:\/\/addaroom.dk\/en\/#organization"},"potentialAction":[{"@type":"SearchAction","target":{"@type":"EntryPoint","urlTemplate":"https:\/\/addaroom.dk\/en\/?s={search_term_string}"},"query-input":{"@type":"PropertyValueSpecification","valueRequired":true,"valueName":"search_term_string"}}],"inLanguage":"de-DE"},{"@type":"Organization","@id":"https:\/\/addaroom.dk\/en\/#organization","name":"Add a Room","url":"https:\/\/addaroom.dk\/en\/","logo":{"@type":"ImageObject","inLanguage":"de-DE","@id":"https:\/\/addaroom.dk\/en\/#\/schema\/logo\/image\/","url":"https:\/\/addaroom.dk\/wp-content\/uploads\/2025\/09\/Screenshot-2025-09-18-122421.png","contentUrl":"https:\/\/addaroom.dk\/wp-content\/uploads\/2025\/09\/Screenshot-2025-09-18-122421.png","width":263,"height":80,"caption":"Add a Room"},"image":{"@id":"https:\/\/addaroom.dk\/en\/#\/schema\/logo\/image\/"},"sameAs":["https:\/\/www.facebook.com\/share\/1EZnEZVh7L\/?mibextid=wwXIfr","https:\/\/www.instagram.com\/add_a_room?igsh=MWo2cHNwN3dmNGR1eA&utm_source=qr"]}]}},"_links":{"self":[{"href":"https:\/\/addaroom.dk\/de\/wp-json\/wp\/v2\/pages\/16619","targetHints":{"allow":["GET"]}}],"collection":[{"href":"https:\/\/addaroom.dk\/de\/wp-json\/wp\/v2\/pages"}],"about":[{"href":"https:\/\/addaroom.dk\/de\/wp-json\/wp\/v2\/types\/page"}],"author":[{"embeddable":true,"href":"https:\/\/addaroom.dk\/de\/wp-json\/wp\/v2\/users\/1"}],"replies":[{"embeddable":true,"href":"https:\/\/addaroom.dk\/de\/wp-json\/wp\/v2\/comments?post=16619"}],"version-history":[{"count":0,"href":"https:\/\/addaroom.dk\/de\/wp-json\/wp\/v2\/pages\/16619\/revisions"}],"up":[{"embeddable":true,"href":"https:\/\/addaroom.dk\/de\/wp-json\/wp\/v2\/pages\/16601"}],"wp:attachment":[{"href":"https:\/\/addaroom.dk\/de\/wp-json\/wp\/v2\/media?parent=16619"}],"curies":[{"name":"wp","href":"https:\/\/api.w.org\/{rel}","templated":true}]}}