{"id":16616,"date":"2022-04-11T11:05:46","date_gmt":"2022-04-11T11:05:46","guid":{"rendered":"https:\/\/addaroom.dk\/inspiration\/sommerhaus\/"},"modified":"2022-04-11T11:05:47","modified_gmt":"2022-04-11T11:05:47","slug":"sommerhaus","status":"publish","type":"page","link":"https:\/\/addaroom.dk\/de\/inspiration\/sommerhaus\/","title":{"rendered":"Sommerhaus"},"content":{"rendered":"<div class=\"wp-block-wrapper acf--content-block\">\n<div class=\"pc bc--white \">\n    <div class=\"pc--1\">\n        <div class=\"gb-block block--content pull-left\">\n            <div class=\"block--content-text-wrapper\">\n                <div class=\"block--content-text\">\n                    <h2>Sommerhaus<\/h2>\n<p>Die M\u00f6glichkeiten und die Flexibilit\u00e4t mit schl\u00fcsselfertigen Modulen von Add a Rooms sind nahezu unbegrenzt, wenn es um die Gestaltung eines Gartenhauses geht.<\/p>\n<p>Verwenden Sie das einzigartige <a href=\"https:\/\/addaroom.dk\/en\/sustainability\/sustainable-living\/\"><em>Verbindungssystem<\/em><\/a> , um ein gr\u00f6\u00dferes Geb\u00e4ude aus mehreren Modulen zu bilden, oder verbinden Sie mehrere kleinere H\u00e4user durch eine <em><a href=\"https:\/\/addaroom.dk\/en\/our-buildings\/external-options\/outdoor-kitchen\/\">Au\u00dfenk\u00fcche<\/a><\/em> \/ <a href=\"https:\/\/addaroom.dk\/en\/our-buildings\/external-options\/outdoor-bench\/\"><em>Bank<\/em><\/a> und <a href=\"https:\/\/addaroom.dk\/en\/our-buildings\/external-options\/veranda\/\"><em>Veranda<\/em><\/a> , um ein Sommerhaus zu schaffen, das Innen und Au\u00dfen verbindet. Unten finden Sie Inspiration f\u00fcr Ihr Traumhaus!<\/p>\n                <\/div>\n            <\/div>\n            <div class=\"block--content-image\">\n                                    <img loading=\"lazy\" decoding=\"async\" src=\"https:\/\/addaroom.dk\/wp-content\/uploads\/2021\/02\/Summerhouse-1024x659.jpg\" alt=\"\" height=\"659\" width=\"1024\"\/>\n                            <\/div>\n        <\/div>\n    <\/div>\n<\/div><\/div><div class=\"pc\"><div class=\"pc--1\"><div class=\"wp-block-wrapper core--heading\">\n<h2 class=\"has-text-align-center wp-block-heading\">Beispiele f\u00fcr Sommerh\u00e4user<\/h2>\n<\/div><\/div><\/div><div class=\"pc\"><div class=\"pc--1\"><div class=\"wp-block-wrapper core--columns\">\n<div class=\"wp-block-columns is-layout-flex wp-container-core-columns-is-layout-9d6595d7 wp-block-columns-is-layout-flex\"><div class=\"pc\"><div class=\"pc--1\"><div class=\"wp-block-wrapper core--column\">\n<div class=\"wp-block-column is-layout-flow wp-block-column-is-layout-flow\" style=\"flex-basis:100%\"><div class=\"pc\"><div class=\"pc--1\"><div class=\"wp-block-wrapper core--group\">\n<div class=\"wp-block-group\"><div class=\"wp-block-group__inner-container\"><div class=\"wp-block-group__inner-container is-layout-flow wp-block-group-is-layout-flow\"><div class=\"wp-block-wrapper acf--inspire-list-block\">    \n    <div class=\"pc \">\n        <div class=\"pc--2\">\n            <div class=\"archive--inspire disp--flex flex--cols just--arou\">\n                                                        <div class=\"layout--vertical flex--33 disp--flex\">\n\t\t\t\t\t\t                        \n\n<a href=\"https:\/\/addaroom.dk\/de\/inspire\/das-haus-fuer-die-minimalistische-familie\/\" target=\"_self\" class=\"card\">\n            <div class=\"card--image\">\n            <img loading=\"lazy\" decoding=\"async\" src=\"https:\/\/addaroom.dk\/wp-content\/uploads\/2021\/02\/Hemmet-fo\u0308r-den-minimalistiska-familjen-e1614017818685.png\" alt=\"\" height=\"741\" width=\"945\"\/>        <\/div>\n           \n    <div class=\"card--content\">\n        <div>\n            <div class=\"card--summary\">\n                <div class=\"card-heading--content\">\n                    <h3>Das Haus f\u00fcr die minimalistische Familie<\/h3><p>Zwei Module, nebeneinander platziert, leicht versetzt. Es muss nicht komplizierter sein! Geeignet f\u00fcr die kleine Familie als Ferienhaus, aber auch f\u00fcr die Familie, die ganzt\u00e4gig winzig wohnen m\u00f6chte!<\/p>\n                 <\/div>\n                                     <div class=\"card--button\">\n                        <div class=\"button\">Sehen<\/div>\n                    <\/div>\n                            <\/div>\n        <\/div>\n    <\/div>\n<\/a>                    <\/div>\n                                                        <div class=\"layout--vertical flex--33 disp--flex\">\n\t\t\t\t\t\t                        \n\n<a href=\"https:\/\/addaroom.dk\/de\/inspire\/der-zufluchtsort-fuer-die-wachsende-familie\/\" target=\"_self\" class=\"card\">\n            <div class=\"card--image\">\n            <img loading=\"lazy\" decoding=\"async\" src=\"https:\/\/addaroom.dk\/wp-content\/uploads\/2021\/02\/DSC_0351-1024x680.jpg\" alt=\"\" height=\"680\" width=\"1024\"\/>        <\/div>\n           \n    <div class=\"card--content\">\n        <div>\n            <div class=\"card--summary\">\n                <div class=\"card-heading--content\">\n                    <h3>Der Zufluchtsort f\u00fcr die wachsende Familie<\/h3><p>Das Fluchthaus f\u00fcr die innerst\u00e4dtisch lebende Familie mit dem Wunsch, der Natur n\u00e4her zu kommen. Im Laufe der Zeit erweitert, um den Bed\u00fcrfnissen nach Heimb\u00fcro, Sauna und gr\u00f6\u00dferen R\u00e4umen f\u00fcr die schnell wachsenden Kinder gerecht zu werden.<\/p>\n<p>\u00a0<\/p>\n                 <\/div>\n                                     <div class=\"card--button\">\n                        <div class=\"button\">Sehen<\/div>\n                    <\/div>\n                            <\/div>\n        <\/div>\n    <\/div>\n<\/a>                    <\/div>\n                                                        <div class=\"layout--vertical flex--33 disp--flex\">\n\t\t\t\t\t\t                        \n\n<a href=\"https:\/\/addaroom.dk\/de\/inspire\/das-fluchthaus-in-den-schwedischen-waeldern\/\" target=\"_self\" class=\"card\">\n            <div class=\"card--image\">\n            <img loading=\"lazy\" decoding=\"async\" src=\"https:\/\/addaroom.dk\/wp-content\/uploads\/2021\/02\/DSC_0202-1024x680.jpg\" alt=\"\" height=\"680\" width=\"1024\"\/>        <\/div>\n           \n    <div class=\"card--content\">\n        <div>\n            <div class=\"card--summary\">\n                <div class=\"card-heading--content\">\n                    <h3>Das Fluchthaus in den schwedischen W\u00e4ldern<\/h3><p>Umgeben von Wald, Elchen, Pilzen und Sch\u00e4ren, nur 50 Minuten von Stockholm entfernt, finden Sie ein 55 m2 gro\u00dfes Add a Room. Die drei Hausmodule sind von Au\u00dfenmodulen, Terrassen und Pergolen umgeben.<\/p>\n                 <\/div>\n                                     <div class=\"card--button\">\n                        <div class=\"button\">Sehen<\/div>\n                    <\/div>\n                            <\/div>\n        <\/div>\n    <\/div>\n<\/a>                    <\/div>\n                                                        <div class=\"layout--vertical flex--33 disp--flex\">\n\t\t\t\t\t\t                        \n\n<a href=\"https:\/\/addaroom.dk\/de\/inspire\/das-groessere-ferienhaus\/\" target=\"_self\" class=\"card\">\n            <div class=\"card--image\">\n            <img loading=\"lazy\" decoding=\"async\" src=\"https:\/\/addaroom.dk\/wp-content\/uploads\/2021\/02\/tjorn-stor-1024x641.jpg\" alt=\"\" height=\"641\" width=\"1024\"\/>        <\/div>\n           \n    <div class=\"card--content\">\n        <div>\n            <div class=\"card--summary\">\n                <div class=\"card-heading--content\">\n                    <h3>Das gr\u00f6\u00dfere Ferienhaus<\/h3><p>Ein gr\u00f6\u00dferes Ferienhaus an der schwedischen Westk\u00fcste. Zwei gro\u00dfe Schlafzimmer an jedem Ende des Hauses, getrennt durch eine offene K\u00fcche und ein Wohnzimmer. Die 90 Quadratmeter gro\u00dfe Veranda bietet gro\u00dfartige M\u00f6glichkeiten, den Blick auf die Sch\u00e4ren zu genie\u00dfen.<\/p>\n                 <\/div>\n                                     <div class=\"card--button\">\n                        <div class=\"button\">Sehen<\/div>\n                    <\/div>\n                            <\/div>\n        <\/div>\n    <\/div>\n<\/a>                    <\/div>\n                                                        <div class=\"layout--vertical flex--33 disp--flex\">\n\t\t\t\t\t\t                        \n\n<a href=\"https:\/\/addaroom.dk\/de\/inspire\/das-fluchthaus-fuer-den-daenischen-kuenstler\/\" target=\"_self\" class=\"card\">\n            <div class=\"card--image\">\n            <img loading=\"lazy\" decoding=\"async\" src=\"https:\/\/addaroom.dk\/wp-content\/uploads\/2021\/03\/IMG_5270-1024x768.jpg\" alt=\"\" height=\"768\" width=\"1024\"\/>        <\/div>\n           \n    <div class=\"card--content\">\n        <div>\n            <div class=\"card--summary\">\n                <div class=\"card-heading--content\">\n                    <h3>Das Fluchthaus f\u00fcr den d\u00e4nischen K\u00fcnstler<\/h3><p>Ein ikonisches Grundst\u00fcck, umgeben von Natur, der perfekte Ort f\u00fcr einen Kurzurlaub. Das Grundst\u00fcck hat eine alte Scheune auf 120 Quadratmetern, die mit einem Add a Room zum Schlafen erg\u00e4nzt wird!<\/p>\n                 <\/div>\n                                     <div class=\"card--button\">\n                        <div class=\"button\">Sehen<\/div>\n                    <\/div>\n                            <\/div>\n        <\/div>\n    <\/div>\n<\/a>                    <\/div>\n                                                        <div class=\"layout--vertical flex--33 disp--flex\">\n\t\t\t\t\t\t                        \n\n<a href=\"https:\/\/addaroom.dk\/de\/inspire\/das-haus-mit-der-aussicht\/\" target=\"_self\" class=\"card\">\n            <div class=\"card--image\">\n            <img loading=\"lazy\" decoding=\"async\" src=\"https:\/\/addaroom.dk\/wp-content\/uploads\/2021\/02\/2x1plus_laengde_udekok-1024x745.jpg\" alt=\"\" height=\"745\" width=\"1024\"\/>        <\/div>\n           \n    <div class=\"card--content\">\n        <div>\n            <div class=\"card--summary\">\n                <div class=\"card-heading--content\">\n                    <h3>Das Haus mit der Aussicht<\/h3><p>Haben Sie von Ihrem Grundst\u00fcck aus einen Panoramablick? Platzieren Sie dann die Module f\u00fcr die maximale Fensterplatzierung in dieser Richtung. W\u00e4hlen Sie, ob Sie die Module direkt oder mit einer Outdoor-K\u00fcche verbinden m\u00f6chten! Perfekt f\u00fcr das Paar oder die kleine Familie.<\/p>\n                 <\/div>\n                                     <div class=\"card--button\">\n                        <div class=\"button\">Sehen<\/div>\n                    <\/div>\n                            <\/div>\n        <\/div>\n    <\/div>\n<\/a>                    <\/div>\n                                            <\/div>\n        <\/div>\n    <\/div>\n<\/div><\/div><\/div>\n<\/div><\/div><\/div><\/div><\/div>\n<\/div><\/div><\/div><\/div>\n<\/div><\/div><\/div>","protected":false},"excerpt":{"rendered":"<p>Beispiele f\u00fcr Sommerh\u00e4user<\/p>\n","protected":false},"author":1,"featured_media":0,"parent":16602,"menu_order":0,"comment_status":"closed","ping_status":"closed","template":"","meta":{"_acf_changed":false,"footnotes":""},"class_list":["post-16616","page","type-page","status-publish","hentry"],"acf":[],"yoast_head":"<!-- This site is optimized with the Yoast SEO plugin v27.6 - https:\/\/yoast.com\/product\/yoast-seo-wordpress\/ -->\n<title>Sommerhaus - Add a Room<\/title>\n<meta name=\"robots\" content=\"index, follow, max-snippet:-1, max-image-preview:large, max-video-preview:-1\" \/>\n<link rel=\"canonical\" href=\"https:\/\/addaroom.dk\/de\/inspiration\/sommerhaus\/\" \/>\n<script type=\"application\/ld+json\" class=\"yoast-schema-graph\">{\"@context\":\"https:\\\/\\\/schema.org\",\"@graph\":[{\"@type\":\"WebPage\",\"@id\":\"https:\\\/\\\/addaroom.dk\\\/de\\\/inspiration\\\/sommerhaus\\\/\",\"url\":\"https:\\\/\\\/addaroom.dk\\\/de\\\/inspiration\\\/sommerhaus\\\/\",\"name\":\"Sommerhaus - Add a Room\",\"isPartOf\":{\"@id\":\"https:\\\/\\\/addaroom.dk\\\/en\\\/#website\"},\"datePublished\":\"2022-04-11T11:05:46+00:00\",\"dateModified\":\"2022-04-11T11:05:47+00:00\",\"breadcrumb\":{\"@id\":\"https:\\\/\\\/addaroom.dk\\\/de\\\/inspiration\\\/sommerhaus\\\/#breadcrumb\"},\"inLanguage\":\"de-DE\",\"potentialAction\":[{\"@type\":\"ReadAction\",\"target\":[\"https:\\\/\\\/addaroom.dk\\\/de\\\/inspiration\\\/sommerhaus\\\/\"]}]},{\"@type\":\"BreadcrumbList\",\"@id\":\"https:\\\/\\\/addaroom.dk\\\/de\\\/inspiration\\\/sommerhaus\\\/#breadcrumb\",\"itemListElement\":[{\"@type\":\"ListItem\",\"position\":1,\"name\":\"Hem\",\"item\":\"https:\\\/\\\/addaroom.dk\\\/de\\\/\"},{\"@type\":\"ListItem\",\"position\":2,\"name\":\"Inspiration\",\"item\":\"https:\\\/\\\/addaroom.dk\\\/de\\\/inspiration\\\/\"},{\"@type\":\"ListItem\",\"position\":3,\"name\":\"Sommerhaus\"}]},{\"@type\":\"WebSite\",\"@id\":\"https:\\\/\\\/addaroom.dk\\\/en\\\/#website\",\"url\":\"https:\\\/\\\/addaroom.dk\\\/en\\\/\",\"name\":\"Add a Room\",\"description\":\"Small houses with big possibilities\",\"publisher\":{\"@id\":\"https:\\\/\\\/addaroom.dk\\\/en\\\/#organization\"},\"potentialAction\":[{\"@type\":\"SearchAction\",\"target\":{\"@type\":\"EntryPoint\",\"urlTemplate\":\"https:\\\/\\\/addaroom.dk\\\/en\\\/?s={search_term_string}\"},\"query-input\":{\"@type\":\"PropertyValueSpecification\",\"valueRequired\":true,\"valueName\":\"search_term_string\"}}],\"inLanguage\":\"de-DE\"},{\"@type\":\"Organization\",\"@id\":\"https:\\\/\\\/addaroom.dk\\\/en\\\/#organization\",\"name\":\"Add a Room\",\"url\":\"https:\\\/\\\/addaroom.dk\\\/en\\\/\",\"logo\":{\"@type\":\"ImageObject\",\"inLanguage\":\"de-DE\",\"@id\":\"https:\\\/\\\/addaroom.dk\\\/en\\\/#\\\/schema\\\/logo\\\/image\\\/\",\"url\":\"https:\\\/\\\/addaroom.dk\\\/wp-content\\\/uploads\\\/2025\\\/09\\\/Screenshot-2025-09-18-122421.png\",\"contentUrl\":\"https:\\\/\\\/addaroom.dk\\\/wp-content\\\/uploads\\\/2025\\\/09\\\/Screenshot-2025-09-18-122421.png\",\"width\":263,\"height\":80,\"caption\":\"Add a Room\"},\"image\":{\"@id\":\"https:\\\/\\\/addaroom.dk\\\/en\\\/#\\\/schema\\\/logo\\\/image\\\/\"},\"sameAs\":[\"https:\\\/\\\/www.facebook.com\\\/share\\\/1EZnEZVh7L\\\/?mibextid=wwXIfr\",\"https:\\\/\\\/www.instagram.com\\\/add_a_room?igsh=MWo2cHNwN3dmNGR1eA&utm_source=qr\"]}]}<\/script>\n<!-- \/ Yoast SEO plugin. -->","yoast_head_json":{"title":"Sommerhaus - Add a Room","robots":{"index":"index","follow":"follow","max-snippet":"max-snippet:-1","max-image-preview":"max-image-preview:large","max-video-preview":"max-video-preview:-1"},"canonical":"https:\/\/addaroom.dk\/de\/inspiration\/sommerhaus\/","schema":{"@context":"https:\/\/schema.org","@graph":[{"@type":"WebPage","@id":"https:\/\/addaroom.dk\/de\/inspiration\/sommerhaus\/","url":"https:\/\/addaroom.dk\/de\/inspiration\/sommerhaus\/","name":"Sommerhaus - Add a Room","isPartOf":{"@id":"https:\/\/addaroom.dk\/en\/#website"},"datePublished":"2022-04-11T11:05:46+00:00","dateModified":"2022-04-11T11:05:47+00:00","breadcrumb":{"@id":"https:\/\/addaroom.dk\/de\/inspiration\/sommerhaus\/#breadcrumb"},"inLanguage":"de-DE","potentialAction":[{"@type":"ReadAction","target":["https:\/\/addaroom.dk\/de\/inspiration\/sommerhaus\/"]}]},{"@type":"BreadcrumbList","@id":"https:\/\/addaroom.dk\/de\/inspiration\/sommerhaus\/#breadcrumb","itemListElement":[{"@type":"ListItem","position":1,"name":"Hem","item":"https:\/\/addaroom.dk\/de\/"},{"@type":"ListItem","position":2,"name":"Inspiration","item":"https:\/\/addaroom.dk\/de\/inspiration\/"},{"@type":"ListItem","position":3,"name":"Sommerhaus"}]},{"@type":"WebSite","@id":"https:\/\/addaroom.dk\/en\/#website","url":"https:\/\/addaroom.dk\/en\/","name":"Add a Room","description":"Small houses with big possibilities","publisher":{"@id":"https:\/\/addaroom.dk\/en\/#organization"},"potentialAction":[{"@type":"SearchAction","target":{"@type":"EntryPoint","urlTemplate":"https:\/\/addaroom.dk\/en\/?s={search_term_string}"},"query-input":{"@type":"PropertyValueSpecification","valueRequired":true,"valueName":"search_term_string"}}],"inLanguage":"de-DE"},{"@type":"Organization","@id":"https:\/\/addaroom.dk\/en\/#organization","name":"Add a Room","url":"https:\/\/addaroom.dk\/en\/","logo":{"@type":"ImageObject","inLanguage":"de-DE","@id":"https:\/\/addaroom.dk\/en\/#\/schema\/logo\/image\/","url":"https:\/\/addaroom.dk\/wp-content\/uploads\/2025\/09\/Screenshot-2025-09-18-122421.png","contentUrl":"https:\/\/addaroom.dk\/wp-content\/uploads\/2025\/09\/Screenshot-2025-09-18-122421.png","width":263,"height":80,"caption":"Add a Room"},"image":{"@id":"https:\/\/addaroom.dk\/en\/#\/schema\/logo\/image\/"},"sameAs":["https:\/\/www.facebook.com\/share\/1EZnEZVh7L\/?mibextid=wwXIfr","https:\/\/www.instagram.com\/add_a_room?igsh=MWo2cHNwN3dmNGR1eA&utm_source=qr"]}]}},"_links":{"self":[{"href":"https:\/\/addaroom.dk\/de\/wp-json\/wp\/v2\/pages\/16616","targetHints":{"allow":["GET"]}}],"collection":[{"href":"https:\/\/addaroom.dk\/de\/wp-json\/wp\/v2\/pages"}],"about":[{"href":"https:\/\/addaroom.dk\/de\/wp-json\/wp\/v2\/types\/page"}],"author":[{"embeddable":true,"href":"https:\/\/addaroom.dk\/de\/wp-json\/wp\/v2\/users\/1"}],"replies":[{"embeddable":true,"href":"https:\/\/addaroom.dk\/de\/wp-json\/wp\/v2\/comments?post=16616"}],"version-history":[{"count":0,"href":"https:\/\/addaroom.dk\/de\/wp-json\/wp\/v2\/pages\/16616\/revisions"}],"up":[{"embeddable":true,"href":"https:\/\/addaroom.dk\/de\/wp-json\/wp\/v2\/pages\/16602"}],"wp:attachment":[{"href":"https:\/\/addaroom.dk\/de\/wp-json\/wp\/v2\/media?parent=16616"}],"curies":[{"name":"wp","href":"https:\/\/api.w.org\/{rel}","templated":true}]}}