{"id":16615,"date":"2022-04-11T11:05:46","date_gmt":"2022-04-11T11:05:46","guid":{"rendered":"https:\/\/addaroom.dk\/25-m-2-modul\/"},"modified":"2022-04-11T11:05:46","modified_gmt":"2022-04-11T11:05:46","slug":"25-m-2-modul","status":"publish","type":"page","link":"https:\/\/addaroom.dk\/de\/unsere-gebaeude\/module\/25-m-2-modul\/","title":{"rendered":"25 m <sup>2<\/sup> Modul"},"content":{"rendered":"<div class=\"pc\"><div class=\"pc--1\"><div class=\"wp-block-wrapper core--paragraph\">\n<p>Das Modul gro\u00df genug f\u00fcr ein komplettes Zuhause. Lassen Sie ein Badezimmer das Modul nat\u00fcrlich in der Mitte teilen und erhalten Sie ein Schlafzimmer, das von der K\u00fcche und dem Wohnzimmer getrennt ist. Pl\u00f6tzlich hat man ein festes Zuhause, geeignet f\u00fcr das Fluchthaus sowie ein Extrahaus f\u00fcr den Teenager oder den externen Mieter. Das Modul ist wie das 20 m <sup>2<\/sup> -Modul gut geeignet, um in zwei separate R\u00e4ume geteilt zu werden.<\/p>\n<\/div><\/div><\/div><div class=\"wp-block-wrapper acf--image-block\">\n<div class=\"pc bc--white \">\n    <div class=\"pc--1\">\n        <div class=\"gb-block block--gallery\">\n                                                                <div class=\"gallery--slides\">\n                                    \t\t\t\t\t\t<div class=\"gallery-slide\">\n\t\t\t\t\t\t\t<img loading=\"lazy\" decoding=\"async\" src=\"https:\/\/addaroom.dk\/wp-content\/uploads\/2019\/07\/Sauna-w-room-2-S-1-1024x702-1.jpg\" alt=\"\" height=\"702\" width=\"1024\"\/>\n\t\t\t\t\t\t\t<div class=\"gallery--slide-caption\"><\/div>\n\t\t\t\t\t\t<\/div>\n                    \t\t\t\t\t\t<div class=\"gallery-slide\">\n\t\t\t\t\t\t\t<img loading=\"lazy\" decoding=\"async\" src=\"https:\/\/addaroom.dk\/wp-content\/uploads\/2019\/07\/Large-kitchen-2-S-1-1024x614.png\" alt=\"\" height=\"614\" width=\"1024\"\/>\n\t\t\t\t\t\t\t<div class=\"gallery--slide-caption\"><\/div>\n\t\t\t\t\t\t<\/div>\n                    \t\t\t\t\t\t<div class=\"gallery-slide\">\n\t\t\t\t\t\t\t<img loading=\"lazy\" decoding=\"async\" src=\"https:\/\/addaroom.dk\/wp-content\/uploads\/2019\/07\/Large-bath-2-S-1-1024x706.png\" alt=\"\" height=\"706\" width=\"1024\"\/>\n\t\t\t\t\t\t\t<div class=\"gallery--slide-caption\"><\/div>\n\t\t\t\t\t\t<\/div>\n                                    <\/div>\n                    <\/div>\n    <\/div>\n<\/div><\/div>","protected":false},"excerpt":{"rendered":"<p>Das Modul gro\u00df genug f\u00fcr ein komplettes Zuhause. Lassen Sie ein Badezimmer das Modul nat\u00fcrlich in der Mitte teilen und erhalten Sie ein Schlafzimmer, das von der K\u00fcche und dem Wohnzimmer getrennt ist. Pl\u00f6tzlich hat man ein festes Zuhause, geeignet f\u00fcr das Fluchthaus sowie ein Extrahaus f\u00fcr den Teenager oder den externen Mieter. Das Modul &hellip; <a href=\"https:\/\/addaroom.dk\/de\/unsere-gebaeude\/module\/25-m-2-modul\/\">Continued<\/a><\/p>\n","protected":false},"author":1,"featured_media":0,"parent":16636,"menu_order":0,"comment_status":"closed","ping_status":"closed","template":"templates\/modules-options.php","meta":{"_acf_changed":false,"footnotes":""},"class_list":["post-16615","page","type-page","status-publish","hentry"],"acf":[],"yoast_head":"<!-- This site is optimized with the Yoast SEO plugin v27.4 - https:\/\/yoast.com\/product\/yoast-seo-wordpress\/ -->\n<title>25 m 2 Modul - Add a Room<\/title>\n<meta name=\"robots\" content=\"index, follow, max-snippet:-1, max-image-preview:large, max-video-preview:-1\" \/>\n<link rel=\"canonical\" href=\"https:\/\/addaroom.dk\/de\/25-m-2-modul\/\" \/>\n<script type=\"application\/ld+json\" class=\"yoast-schema-graph\">{\"@context\":\"https:\\\/\\\/schema.org\",\"@graph\":[{\"@type\":\"WebPage\",\"@id\":\"https:\\\/\\\/addaroom.dk\\\/de\\\/25-m-2-modul\\\/\",\"url\":\"https:\\\/\\\/addaroom.dk\\\/de\\\/25-m-2-modul\\\/\",\"name\":\"25 m 2 Modul - Add a Room\",\"isPartOf\":{\"@id\":\"https:\\\/\\\/addaroom.dk\\\/en\\\/#website\"},\"datePublished\":\"2022-04-11T11:05:46+00:00\",\"breadcrumb\":{\"@id\":\"https:\\\/\\\/addaroom.dk\\\/de\\\/25-m-2-modul\\\/#breadcrumb\"},\"inLanguage\":\"de-DE\",\"potentialAction\":[{\"@type\":\"ReadAction\",\"target\":[\"https:\\\/\\\/addaroom.dk\\\/de\\\/25-m-2-modul\\\/\"]}]},{\"@type\":\"BreadcrumbList\",\"@id\":\"https:\\\/\\\/addaroom.dk\\\/de\\\/25-m-2-modul\\\/#breadcrumb\",\"itemListElement\":[{\"@type\":\"ListItem\",\"position\":1,\"name\":\"Hem\",\"item\":\"https:\\\/\\\/addaroom.dk\\\/de\\\/\"},{\"@type\":\"ListItem\",\"position\":2,\"name\":\"25 m 2 Modul\"}]},{\"@type\":\"WebSite\",\"@id\":\"https:\\\/\\\/addaroom.dk\\\/en\\\/#website\",\"url\":\"https:\\\/\\\/addaroom.dk\\\/en\\\/\",\"name\":\"Add a Room\",\"description\":\"Small houses with big possibilities\",\"publisher\":{\"@id\":\"https:\\\/\\\/addaroom.dk\\\/en\\\/#organization\"},\"potentialAction\":[{\"@type\":\"SearchAction\",\"target\":{\"@type\":\"EntryPoint\",\"urlTemplate\":\"https:\\\/\\\/addaroom.dk\\\/en\\\/?s={search_term_string}\"},\"query-input\":{\"@type\":\"PropertyValueSpecification\",\"valueRequired\":true,\"valueName\":\"search_term_string\"}}],\"inLanguage\":\"de-DE\"},{\"@type\":\"Organization\",\"@id\":\"https:\\\/\\\/addaroom.dk\\\/en\\\/#organization\",\"name\":\"Add a Room\",\"url\":\"https:\\\/\\\/addaroom.dk\\\/en\\\/\",\"logo\":{\"@type\":\"ImageObject\",\"inLanguage\":\"de-DE\",\"@id\":\"https:\\\/\\\/addaroom.dk\\\/en\\\/#\\\/schema\\\/logo\\\/image\\\/\",\"url\":\"https:\\\/\\\/addaroom.dk\\\/wp-content\\\/uploads\\\/2025\\\/09\\\/Screenshot-2025-09-18-122421.png\",\"contentUrl\":\"https:\\\/\\\/addaroom.dk\\\/wp-content\\\/uploads\\\/2025\\\/09\\\/Screenshot-2025-09-18-122421.png\",\"width\":263,\"height\":80,\"caption\":\"Add a Room\"},\"image\":{\"@id\":\"https:\\\/\\\/addaroom.dk\\\/en\\\/#\\\/schema\\\/logo\\\/image\\\/\"},\"sameAs\":[\"https:\\\/\\\/www.facebook.com\\\/share\\\/1EZnEZVh7L\\\/?mibextid=wwXIfr\",\"https:\\\/\\\/www.instagram.com\\\/add_a_room?igsh=MWo2cHNwN3dmNGR1eA&utm_source=qr\"]}]}<\/script>\n<!-- \/ Yoast SEO plugin. -->","yoast_head_json":{"title":"25 m 2 Modul - Add a Room","robots":{"index":"index","follow":"follow","max-snippet":"max-snippet:-1","max-image-preview":"max-image-preview:large","max-video-preview":"max-video-preview:-1"},"canonical":"https:\/\/addaroom.dk\/de\/25-m-2-modul\/","schema":{"@context":"https:\/\/schema.org","@graph":[{"@type":"WebPage","@id":"https:\/\/addaroom.dk\/de\/25-m-2-modul\/","url":"https:\/\/addaroom.dk\/de\/25-m-2-modul\/","name":"25 m 2 Modul - Add a Room","isPartOf":{"@id":"https:\/\/addaroom.dk\/en\/#website"},"datePublished":"2022-04-11T11:05:46+00:00","breadcrumb":{"@id":"https:\/\/addaroom.dk\/de\/25-m-2-modul\/#breadcrumb"},"inLanguage":"de-DE","potentialAction":[{"@type":"ReadAction","target":["https:\/\/addaroom.dk\/de\/25-m-2-modul\/"]}]},{"@type":"BreadcrumbList","@id":"https:\/\/addaroom.dk\/de\/25-m-2-modul\/#breadcrumb","itemListElement":[{"@type":"ListItem","position":1,"name":"Hem","item":"https:\/\/addaroom.dk\/de\/"},{"@type":"ListItem","position":2,"name":"25 m 2 Modul"}]},{"@type":"WebSite","@id":"https:\/\/addaroom.dk\/en\/#website","url":"https:\/\/addaroom.dk\/en\/","name":"Add a Room","description":"Small houses with big possibilities","publisher":{"@id":"https:\/\/addaroom.dk\/en\/#organization"},"potentialAction":[{"@type":"SearchAction","target":{"@type":"EntryPoint","urlTemplate":"https:\/\/addaroom.dk\/en\/?s={search_term_string}"},"query-input":{"@type":"PropertyValueSpecification","valueRequired":true,"valueName":"search_term_string"}}],"inLanguage":"de-DE"},{"@type":"Organization","@id":"https:\/\/addaroom.dk\/en\/#organization","name":"Add a Room","url":"https:\/\/addaroom.dk\/en\/","logo":{"@type":"ImageObject","inLanguage":"de-DE","@id":"https:\/\/addaroom.dk\/en\/#\/schema\/logo\/image\/","url":"https:\/\/addaroom.dk\/wp-content\/uploads\/2025\/09\/Screenshot-2025-09-18-122421.png","contentUrl":"https:\/\/addaroom.dk\/wp-content\/uploads\/2025\/09\/Screenshot-2025-09-18-122421.png","width":263,"height":80,"caption":"Add a Room"},"image":{"@id":"https:\/\/addaroom.dk\/en\/#\/schema\/logo\/image\/"},"sameAs":["https:\/\/www.facebook.com\/share\/1EZnEZVh7L\/?mibextid=wwXIfr","https:\/\/www.instagram.com\/add_a_room?igsh=MWo2cHNwN3dmNGR1eA&utm_source=qr"]}]}},"_links":{"self":[{"href":"https:\/\/addaroom.dk\/de\/wp-json\/wp\/v2\/pages\/16615","targetHints":{"allow":["GET"]}}],"collection":[{"href":"https:\/\/addaroom.dk\/de\/wp-json\/wp\/v2\/pages"}],"about":[{"href":"https:\/\/addaroom.dk\/de\/wp-json\/wp\/v2\/types\/page"}],"author":[{"embeddable":true,"href":"https:\/\/addaroom.dk\/de\/wp-json\/wp\/v2\/users\/1"}],"replies":[{"embeddable":true,"href":"https:\/\/addaroom.dk\/de\/wp-json\/wp\/v2\/comments?post=16615"}],"version-history":[{"count":0,"href":"https:\/\/addaroom.dk\/de\/wp-json\/wp\/v2\/pages\/16615\/revisions"}],"up":[{"embeddable":true,"href":"https:\/\/addaroom.dk\/de\/wp-json\/wp\/v2\/pages\/16636"}],"wp:attachment":[{"href":"https:\/\/addaroom.dk\/de\/wp-json\/wp\/v2\/media?parent=16615"}],"curies":[{"name":"wp","href":"https:\/\/api.w.org\/{rel}","templated":true}]}}