{"id":16614,"date":"2022-04-11T11:05:45","date_gmt":"2022-04-11T11:05:45","guid":{"rendered":"https:\/\/addaroom.dk\/inspiration\/kabine\/"},"modified":"2022-04-11T11:05:46","modified_gmt":"2022-04-11T11:05:46","slug":"kabine","status":"publish","type":"page","link":"https:\/\/addaroom.dk\/de\/inspiration\/kabine\/","title":{"rendered":"Kabine"},"content":{"rendered":"<div class=\"pc\"><div class=\"pc--1\"><div class=\"wp-block-wrapper core--heading\">\n<h2 class=\"wp-block-heading\">Das Extrahaus f\u00fcr Ihr Grundst\u00fcck oder das minimalistische Fluchthaus!<\/h2>\n<\/div><\/div><\/div><div class=\"wp-block-wrapper acf--content-block\">\n<div class=\"pc bc--white \">\n    <div class=\"pc--1\">\n        <div class=\"gb-block block--content pull-left\">\n            <div class=\"block--content-text-wrapper\">\n                <div class=\"block--content-text\">\n                    <p>Im Jahr 2010 zeichnete Lars Frank Nielsen die erste Skizze von Add a Rooms-Modulen. Der Bestseller war das 15 m <sup>2<\/sup> aufgrund einer Entscheidung des schwedischen Kongresses ein paar Jahre zuvor, die es erm\u00f6glichte, ein 15 Quadratmeter gro\u00dfes Geb\u00e4ude ohne Genehmigung zu bauen. 10 Jahre sp\u00e4ter sind die Baum\u00f6glichkeiten auf 30 m <sup>2<\/sup> gestiegen und der Trend mit baugenehmigungsfreien Extrah\u00e4usern breitet sich auch in anderen europ\u00e4ischen L\u00e4ndern aus!<\/p>\n<p>Die M\u00f6glichkeiten f\u00fcr Sie als Hausbesitzer sind gro\u00df. Unabh\u00e4ngig davon, ob Sie ein Haus f\u00fcr Teenager, ein Heimb\u00fcro, eine Sauna oder ein Miethaus ben\u00f6tigen, wir sind bereit, Ihnen w\u00e4hrend des gesamten Prozesses zu helfen!<\/p>\n<p>Nachfolgend finden Sie Inspiration, wie Ihre schl\u00fcsselfertige Kabine gestaltet werden kann, wobei nur Ihrer Fantasie Grenzen gesetzt sind. Z\u00f6gern Sie nicht, eine Besichtigung zu vereinbaren, oder lassen Sie sich von Lars Frank Nielsen, einem der f\u00fchrenden Architekten D\u00e4nemarks, besuchen.<\/p>\n                <\/div>\n            <\/div>\n            <div class=\"block--content-image\">\n                                    <img loading=\"lazy\" decoding=\"async\" src=\"https:\/\/addaroom.dk\/wp-content\/uploads\/2021\/02\/Cabin-1024x633.png\" alt=\"\" height=\"633\" width=\"1024\"\/>\n                            <\/div>\n        <\/div>\n    <\/div>\n<\/div><\/div><div class=\"pc\"><div class=\"pc--1\"><div class=\"wp-block-wrapper core--heading\">\n<h2 class=\"has-text-align-center wp-block-heading\">Beispiele<\/h2>\n<\/div><\/div><\/div><div class=\"wp-block-wrapper acf--inspire-list-block\"><\/div>","protected":false},"excerpt":{"rendered":"<p>Das Extrahaus f\u00fcr Ihr Grundst\u00fcck oder das minimalistische Fluchthaus! Beispiele<\/p>\n","protected":false},"author":1,"featured_media":0,"parent":16602,"menu_order":0,"comment_status":"closed","ping_status":"closed","template":"","meta":{"_acf_changed":false,"footnotes":""},"class_list":["post-16614","page","type-page","status-publish","hentry"],"acf":[],"yoast_head":"<!-- This site is optimized with the Yoast SEO plugin v27.5 - https:\/\/yoast.com\/product\/yoast-seo-wordpress\/ -->\n<title>Kabine - Add a Room<\/title>\n<meta name=\"robots\" content=\"index, follow, max-snippet:-1, max-image-preview:large, max-video-preview:-1\" \/>\n<link rel=\"canonical\" href=\"https:\/\/addaroom.dk\/de\/inspiration\/kabine\/\" \/>\n<script type=\"application\/ld+json\" class=\"yoast-schema-graph\">{\"@context\":\"https:\\\/\\\/schema.org\",\"@graph\":[{\"@type\":\"WebPage\",\"@id\":\"https:\\\/\\\/addaroom.dk\\\/de\\\/inspiration\\\/kabine\\\/\",\"url\":\"https:\\\/\\\/addaroom.dk\\\/de\\\/inspiration\\\/kabine\\\/\",\"name\":\"Kabine - Add a Room\",\"isPartOf\":{\"@id\":\"https:\\\/\\\/addaroom.dk\\\/en\\\/#website\"},\"datePublished\":\"2022-04-11T11:05:45+00:00\",\"dateModified\":\"2022-04-11T11:05:46+00:00\",\"breadcrumb\":{\"@id\":\"https:\\\/\\\/addaroom.dk\\\/de\\\/inspiration\\\/kabine\\\/#breadcrumb\"},\"inLanguage\":\"de-DE\",\"potentialAction\":[{\"@type\":\"ReadAction\",\"target\":[\"https:\\\/\\\/addaroom.dk\\\/de\\\/inspiration\\\/kabine\\\/\"]}]},{\"@type\":\"BreadcrumbList\",\"@id\":\"https:\\\/\\\/addaroom.dk\\\/de\\\/inspiration\\\/kabine\\\/#breadcrumb\",\"itemListElement\":[{\"@type\":\"ListItem\",\"position\":1,\"name\":\"Hem\",\"item\":\"https:\\\/\\\/addaroom.dk\\\/de\\\/\"},{\"@type\":\"ListItem\",\"position\":2,\"name\":\"Inspiration\",\"item\":\"https:\\\/\\\/addaroom.dk\\\/de\\\/inspiration\\\/\"},{\"@type\":\"ListItem\",\"position\":3,\"name\":\"Kabine\"}]},{\"@type\":\"WebSite\",\"@id\":\"https:\\\/\\\/addaroom.dk\\\/en\\\/#website\",\"url\":\"https:\\\/\\\/addaroom.dk\\\/en\\\/\",\"name\":\"Add a Room\",\"description\":\"Small houses with big possibilities\",\"publisher\":{\"@id\":\"https:\\\/\\\/addaroom.dk\\\/en\\\/#organization\"},\"potentialAction\":[{\"@type\":\"SearchAction\",\"target\":{\"@type\":\"EntryPoint\",\"urlTemplate\":\"https:\\\/\\\/addaroom.dk\\\/en\\\/?s={search_term_string}\"},\"query-input\":{\"@type\":\"PropertyValueSpecification\",\"valueRequired\":true,\"valueName\":\"search_term_string\"}}],\"inLanguage\":\"de-DE\"},{\"@type\":\"Organization\",\"@id\":\"https:\\\/\\\/addaroom.dk\\\/en\\\/#organization\",\"name\":\"Add a Room\",\"url\":\"https:\\\/\\\/addaroom.dk\\\/en\\\/\",\"logo\":{\"@type\":\"ImageObject\",\"inLanguage\":\"de-DE\",\"@id\":\"https:\\\/\\\/addaroom.dk\\\/en\\\/#\\\/schema\\\/logo\\\/image\\\/\",\"url\":\"https:\\\/\\\/addaroom.dk\\\/wp-content\\\/uploads\\\/2025\\\/09\\\/Screenshot-2025-09-18-122421.png\",\"contentUrl\":\"https:\\\/\\\/addaroom.dk\\\/wp-content\\\/uploads\\\/2025\\\/09\\\/Screenshot-2025-09-18-122421.png\",\"width\":263,\"height\":80,\"caption\":\"Add a Room\"},\"image\":{\"@id\":\"https:\\\/\\\/addaroom.dk\\\/en\\\/#\\\/schema\\\/logo\\\/image\\\/\"},\"sameAs\":[\"https:\\\/\\\/www.facebook.com\\\/share\\\/1EZnEZVh7L\\\/?mibextid=wwXIfr\",\"https:\\\/\\\/www.instagram.com\\\/add_a_room?igsh=MWo2cHNwN3dmNGR1eA&utm_source=qr\"]}]}<\/script>\n<!-- \/ Yoast SEO plugin. -->","yoast_head_json":{"title":"Kabine - Add a Room","robots":{"index":"index","follow":"follow","max-snippet":"max-snippet:-1","max-image-preview":"max-image-preview:large","max-video-preview":"max-video-preview:-1"},"canonical":"https:\/\/addaroom.dk\/de\/inspiration\/kabine\/","schema":{"@context":"https:\/\/schema.org","@graph":[{"@type":"WebPage","@id":"https:\/\/addaroom.dk\/de\/inspiration\/kabine\/","url":"https:\/\/addaroom.dk\/de\/inspiration\/kabine\/","name":"Kabine - Add a Room","isPartOf":{"@id":"https:\/\/addaroom.dk\/en\/#website"},"datePublished":"2022-04-11T11:05:45+00:00","dateModified":"2022-04-11T11:05:46+00:00","breadcrumb":{"@id":"https:\/\/addaroom.dk\/de\/inspiration\/kabine\/#breadcrumb"},"inLanguage":"de-DE","potentialAction":[{"@type":"ReadAction","target":["https:\/\/addaroom.dk\/de\/inspiration\/kabine\/"]}]},{"@type":"BreadcrumbList","@id":"https:\/\/addaroom.dk\/de\/inspiration\/kabine\/#breadcrumb","itemListElement":[{"@type":"ListItem","position":1,"name":"Hem","item":"https:\/\/addaroom.dk\/de\/"},{"@type":"ListItem","position":2,"name":"Inspiration","item":"https:\/\/addaroom.dk\/de\/inspiration\/"},{"@type":"ListItem","position":3,"name":"Kabine"}]},{"@type":"WebSite","@id":"https:\/\/addaroom.dk\/en\/#website","url":"https:\/\/addaroom.dk\/en\/","name":"Add a Room","description":"Small houses with big possibilities","publisher":{"@id":"https:\/\/addaroom.dk\/en\/#organization"},"potentialAction":[{"@type":"SearchAction","target":{"@type":"EntryPoint","urlTemplate":"https:\/\/addaroom.dk\/en\/?s={search_term_string}"},"query-input":{"@type":"PropertyValueSpecification","valueRequired":true,"valueName":"search_term_string"}}],"inLanguage":"de-DE"},{"@type":"Organization","@id":"https:\/\/addaroom.dk\/en\/#organization","name":"Add a Room","url":"https:\/\/addaroom.dk\/en\/","logo":{"@type":"ImageObject","inLanguage":"de-DE","@id":"https:\/\/addaroom.dk\/en\/#\/schema\/logo\/image\/","url":"https:\/\/addaroom.dk\/wp-content\/uploads\/2025\/09\/Screenshot-2025-09-18-122421.png","contentUrl":"https:\/\/addaroom.dk\/wp-content\/uploads\/2025\/09\/Screenshot-2025-09-18-122421.png","width":263,"height":80,"caption":"Add a Room"},"image":{"@id":"https:\/\/addaroom.dk\/en\/#\/schema\/logo\/image\/"},"sameAs":["https:\/\/www.facebook.com\/share\/1EZnEZVh7L\/?mibextid=wwXIfr","https:\/\/www.instagram.com\/add_a_room?igsh=MWo2cHNwN3dmNGR1eA&utm_source=qr"]}]}},"_links":{"self":[{"href":"https:\/\/addaroom.dk\/de\/wp-json\/wp\/v2\/pages\/16614","targetHints":{"allow":["GET"]}}],"collection":[{"href":"https:\/\/addaroom.dk\/de\/wp-json\/wp\/v2\/pages"}],"about":[{"href":"https:\/\/addaroom.dk\/de\/wp-json\/wp\/v2\/types\/page"}],"author":[{"embeddable":true,"href":"https:\/\/addaroom.dk\/de\/wp-json\/wp\/v2\/users\/1"}],"replies":[{"embeddable":true,"href":"https:\/\/addaroom.dk\/de\/wp-json\/wp\/v2\/comments?post=16614"}],"version-history":[{"count":0,"href":"https:\/\/addaroom.dk\/de\/wp-json\/wp\/v2\/pages\/16614\/revisions"}],"up":[{"embeddable":true,"href":"https:\/\/addaroom.dk\/de\/wp-json\/wp\/v2\/pages\/16602"}],"wp:attachment":[{"href":"https:\/\/addaroom.dk\/de\/wp-json\/wp\/v2\/media?parent=16614"}],"curies":[{"name":"wp","href":"https:\/\/api.w.org\/{rel}","templated":true}]}}