{"id":16612,"date":"2022-04-11T11:05:45","date_gmt":"2022-04-11T11:05:45","guid":{"rendered":"https:\/\/addaroom.dk\/inspiration\/dauerhaftes-haus\/"},"modified":"2022-04-11T11:05:46","modified_gmt":"2022-04-11T11:05:46","slug":"dauerhaftes-haus","status":"publish","type":"page","link":"https:\/\/addaroom.dk\/de\/inspiration\/dauerhaftes-haus\/","title":{"rendered":"Dauerhaftes Haus"},"content":{"rendered":"<div class=\"wp-block-wrapper acf--content-block\">\n<div class=\"pc bc--white \">\n    <div class=\"pc--1\">\n        <div class=\"gb-block block--content pull-left\">\n            <div class=\"block--content-text-wrapper\">\n                <div class=\"block--content-text\">\n                    <h2>Ein Zuhause, von dem Sie keinen Urlaub brauchen<\/h2>\n<p>Mit dem flexiblen Modulkonzept von Add a Rooms k\u00f6nnen Sie Ihr schl\u00fcsselfertiges, nachhaltiges Ganzjahreshaus entwerfen. Ein Haus mit der einzigartigen Flexibilit\u00e4t, die Wohnfl\u00e4che vergr\u00f6\u00dfern oder verkleinern kann, wenn sich die Lebensumst\u00e4nde \u00e4ndern! Gleicherma\u00dfen geeignet f\u00fcr ein ger\u00e4umiges Traumhaus oder einen kleinen naturnahen Wohnraum. Schauen Sie unten vorbei, um sich inspirieren zu lassen!<\/p>\n                <\/div>\n            <\/div>\n            <div class=\"block--content-image\">\n                                    <img loading=\"lazy\" decoding=\"async\" src=\"https:\/\/addaroom.dk\/wp-content\/uploads\/2021\/02\/Permanent-house-1024x744.jpg\" alt=\"\" height=\"744\" width=\"1024\"\/>\n                            <\/div>\n        <\/div>\n    <\/div>\n<\/div><\/div><div class=\"pc\"><div class=\"pc--1\"><div class=\"wp-block-wrapper core--heading\">\n<h2 class=\"has-text-align-center wp-block-heading\">Beispiele f\u00fcr dauerhafte H\u00e4user<\/h2>\n<\/div><\/div><\/div><div class=\"wp-block-wrapper acf--inspire-list-block\">    \n    <div class=\"pc \">\n        <div class=\"pc--2\">\n            <div class=\"archive--inspire disp--flex flex--cols just--arou\">\n                                                        <div class=\"layout--vertical flex--33 disp--flex\">\n\t\t\t\t\t\t                        \n\n<a href=\"https:\/\/addaroom.dk\/de\/inspire\/das-haus-fuer-die-minimalistische-familie\/\" target=\"_self\" class=\"card\">\n            <div class=\"card--image\">\n            <img loading=\"lazy\" decoding=\"async\" src=\"https:\/\/addaroom.dk\/wp-content\/uploads\/2021\/02\/Hemmet-fo\u0308r-den-minimalistiska-familjen-e1614017818685.png\" alt=\"\" height=\"741\" width=\"945\"\/>        <\/div>\n           \n    <div class=\"card--content\">\n        <div>\n            <div class=\"card--summary\">\n                <div class=\"card-heading--content\">\n                    <h3>Das Haus f\u00fcr die minimalistische Familie<\/h3><p>Zwei Module, nebeneinander platziert, leicht versetzt. Es muss nicht komplizierter sein! Geeignet f\u00fcr die kleine Familie als Ferienhaus, aber auch f\u00fcr die Familie, die ganzt\u00e4gig winzig wohnen m\u00f6chte!<\/p>\n                 <\/div>\n                                     <div class=\"card--button\">\n                        <div class=\"button\">Sehen<\/div>\n                    <\/div>\n                            <\/div>\n        <\/div>\n    <\/div>\n<\/a>                    <\/div>\n                                                        <div class=\"layout--vertical flex--33 disp--flex\">\n\t\t\t\t\t\t                        \n\n<a href=\"https:\/\/addaroom.dk\/de\/inspire\/ein-geraeumiges-dauerhaftes-zuhause\/\" target=\"_self\" class=\"card\">\n            <div class=\"card--image\">\n            <div class=\"image-missing\"><\/div>        <\/div>\n           \n    <div class=\"card--content\">\n        <div>\n            <div class=\"card--summary\">\n                <div class=\"card-heading--content\">\n                    <h3>Ein ger\u00e4umiges dauerhaftes Zuhause<\/h3><p>Ein dauerhaftes Haus mit offenem Grundriss. Zwei 25 m2 gro\u00dfe Module, verbunden auf der Breite, bilden ein zentral gelegenes Wohnzimmer mit offenem Grundriss. Die beiden Schlafzimmer befinden sich in getrennten Teilen des Hauses neben den beiden B\u00fcros f\u00fcr Hausaufgaben.<\/p>\n                 <\/div>\n                                     <div class=\"card--button\">\n                        <div class=\"button\">Sehen<\/div>\n                    <\/div>\n                            <\/div>\n        <\/div>\n    <\/div>\n<\/a>                    <\/div>\n                                                        <div class=\"layout--vertical flex--33 disp--flex\">\n\t\t\t\t\t\t                        \n\n<a href=\"https:\/\/addaroom.dk\/de\/inspire\/das-ganzjaehrige-zuhause-fuer-das-junge-paar\/\" target=\"_self\" class=\"card\">\n            <div class=\"card--image\">\n            <img loading=\"lazy\" decoding=\"async\" src=\"https:\/\/addaroom.dk\/wp-content\/uploads\/2021\/02\/Vejle-1024x576-1.jpg\" alt=\"\" height=\"576\" width=\"1024\"\/>        <\/div>\n           \n    <div class=\"card--content\">\n        <div>\n            <div class=\"card--summary\">\n                <div class=\"card-heading--content\">\n                    <h3>Das ganzj\u00e4hrige Zuhause f\u00fcr das junge Paar<\/h3><p>Das dauerhafte Zuhause f\u00fcr das Paar ohne Kinder, mit guten Expansionsm\u00f6glichkeiten. Mit nur einem Schlafzimmer ist Platz f\u00fcr eine extra gro\u00dfe K\u00fcche, ein gro\u00dfes Wohnzimmer und ein B\u00fcro vorgesehen. W\u00e4hlen Sie, ob Sie ein Modell hinzuf\u00fcgen m\u00f6chten, wenn Sie ein zus\u00e4tzliches Schlafzimmer ben\u00f6tigen, oder ob Sie nur einen Teil des Wohnzimmers abschirmen m\u00f6chten. Dieses Haus wird in Artes futuremag gezeigt, siehe unten.<\/p>\n                 <\/div>\n                                     <div class=\"card--button\">\n                        <div class=\"button\">Sehen<\/div>\n                    <\/div>\n                            <\/div>\n        <\/div>\n    <\/div>\n<\/a>                    <\/div>\n                                            <\/div>\n        <\/div>\n    <\/div>\n<\/div>","protected":false},"excerpt":{"rendered":"<p>Beispiele f\u00fcr dauerhafte H\u00e4user<\/p>\n","protected":false},"author":1,"featured_media":0,"parent":16602,"menu_order":0,"comment_status":"closed","ping_status":"closed","template":"","meta":{"_acf_changed":false,"footnotes":""},"class_list":["post-16612","page","type-page","status-publish","hentry"],"acf":[],"yoast_head":"<!-- This site is optimized with the Yoast SEO plugin v27.3 - https:\/\/yoast.com\/product\/yoast-seo-wordpress\/ -->\n<title>Dauerhaftes Haus - Add a Room<\/title>\n<meta name=\"robots\" content=\"index, follow, max-snippet:-1, max-image-preview:large, max-video-preview:-1\" \/>\n<link rel=\"canonical\" href=\"https:\/\/addaroom.dk\/de\/inspiration\/dauerhaftes-haus\/\" \/>\n<script type=\"application\/ld+json\" class=\"yoast-schema-graph\">{\"@context\":\"https:\\\/\\\/schema.org\",\"@graph\":[{\"@type\":\"WebPage\",\"@id\":\"https:\\\/\\\/addaroom.dk\\\/de\\\/inspiration\\\/dauerhaftes-haus\\\/\",\"url\":\"https:\\\/\\\/addaroom.dk\\\/de\\\/inspiration\\\/dauerhaftes-haus\\\/\",\"name\":\"Dauerhaftes Haus - Add a Room\",\"isPartOf\":{\"@id\":\"https:\\\/\\\/addaroom.dk\\\/en\\\/#website\"},\"datePublished\":\"2022-04-11T11:05:45+00:00\",\"dateModified\":\"2022-04-11T11:05:46+00:00\",\"breadcrumb\":{\"@id\":\"https:\\\/\\\/addaroom.dk\\\/de\\\/inspiration\\\/dauerhaftes-haus\\\/#breadcrumb\"},\"inLanguage\":\"de-DE\",\"potentialAction\":[{\"@type\":\"ReadAction\",\"target\":[\"https:\\\/\\\/addaroom.dk\\\/de\\\/inspiration\\\/dauerhaftes-haus\\\/\"]}]},{\"@type\":\"BreadcrumbList\",\"@id\":\"https:\\\/\\\/addaroom.dk\\\/de\\\/inspiration\\\/dauerhaftes-haus\\\/#breadcrumb\",\"itemListElement\":[{\"@type\":\"ListItem\",\"position\":1,\"name\":\"Hem\",\"item\":\"https:\\\/\\\/addaroom.dk\\\/de\\\/\"},{\"@type\":\"ListItem\",\"position\":2,\"name\":\"Inspiration\",\"item\":\"https:\\\/\\\/addaroom.dk\\\/de\\\/inspiration\\\/\"},{\"@type\":\"ListItem\",\"position\":3,\"name\":\"Dauerhaftes Haus\"}]},{\"@type\":\"WebSite\",\"@id\":\"https:\\\/\\\/addaroom.dk\\\/en\\\/#website\",\"url\":\"https:\\\/\\\/addaroom.dk\\\/en\\\/\",\"name\":\"Add a Room\",\"description\":\"Small houses with big possibilities\",\"publisher\":{\"@id\":\"https:\\\/\\\/addaroom.dk\\\/en\\\/#organization\"},\"potentialAction\":[{\"@type\":\"SearchAction\",\"target\":{\"@type\":\"EntryPoint\",\"urlTemplate\":\"https:\\\/\\\/addaroom.dk\\\/en\\\/?s={search_term_string}\"},\"query-input\":{\"@type\":\"PropertyValueSpecification\",\"valueRequired\":true,\"valueName\":\"search_term_string\"}}],\"inLanguage\":\"de-DE\"},{\"@type\":\"Organization\",\"@id\":\"https:\\\/\\\/addaroom.dk\\\/en\\\/#organization\",\"name\":\"Add a Room\",\"url\":\"https:\\\/\\\/addaroom.dk\\\/en\\\/\",\"logo\":{\"@type\":\"ImageObject\",\"inLanguage\":\"de-DE\",\"@id\":\"https:\\\/\\\/addaroom.dk\\\/en\\\/#\\\/schema\\\/logo\\\/image\\\/\",\"url\":\"https:\\\/\\\/addaroom.dk\\\/wp-content\\\/uploads\\\/2025\\\/09\\\/Screenshot-2025-09-18-122421.png\",\"contentUrl\":\"https:\\\/\\\/addaroom.dk\\\/wp-content\\\/uploads\\\/2025\\\/09\\\/Screenshot-2025-09-18-122421.png\",\"width\":263,\"height\":80,\"caption\":\"Add a Room\"},\"image\":{\"@id\":\"https:\\\/\\\/addaroom.dk\\\/en\\\/#\\\/schema\\\/logo\\\/image\\\/\"},\"sameAs\":[\"https:\\\/\\\/www.facebook.com\\\/share\\\/1EZnEZVh7L\\\/?mibextid=wwXIfr\",\"https:\\\/\\\/www.instagram.com\\\/add_a_room?igsh=MWo2cHNwN3dmNGR1eA&utm_source=qr\"]}]}<\/script>\n<!-- \/ Yoast SEO plugin. -->","yoast_head_json":{"title":"Dauerhaftes Haus - Add a Room","robots":{"index":"index","follow":"follow","max-snippet":"max-snippet:-1","max-image-preview":"max-image-preview:large","max-video-preview":"max-video-preview:-1"},"canonical":"https:\/\/addaroom.dk\/de\/inspiration\/dauerhaftes-haus\/","schema":{"@context":"https:\/\/schema.org","@graph":[{"@type":"WebPage","@id":"https:\/\/addaroom.dk\/de\/inspiration\/dauerhaftes-haus\/","url":"https:\/\/addaroom.dk\/de\/inspiration\/dauerhaftes-haus\/","name":"Dauerhaftes Haus - Add a Room","isPartOf":{"@id":"https:\/\/addaroom.dk\/en\/#website"},"datePublished":"2022-04-11T11:05:45+00:00","dateModified":"2022-04-11T11:05:46+00:00","breadcrumb":{"@id":"https:\/\/addaroom.dk\/de\/inspiration\/dauerhaftes-haus\/#breadcrumb"},"inLanguage":"de-DE","potentialAction":[{"@type":"ReadAction","target":["https:\/\/addaroom.dk\/de\/inspiration\/dauerhaftes-haus\/"]}]},{"@type":"BreadcrumbList","@id":"https:\/\/addaroom.dk\/de\/inspiration\/dauerhaftes-haus\/#breadcrumb","itemListElement":[{"@type":"ListItem","position":1,"name":"Hem","item":"https:\/\/addaroom.dk\/de\/"},{"@type":"ListItem","position":2,"name":"Inspiration","item":"https:\/\/addaroom.dk\/de\/inspiration\/"},{"@type":"ListItem","position":3,"name":"Dauerhaftes Haus"}]},{"@type":"WebSite","@id":"https:\/\/addaroom.dk\/en\/#website","url":"https:\/\/addaroom.dk\/en\/","name":"Add a Room","description":"Small houses with big possibilities","publisher":{"@id":"https:\/\/addaroom.dk\/en\/#organization"},"potentialAction":[{"@type":"SearchAction","target":{"@type":"EntryPoint","urlTemplate":"https:\/\/addaroom.dk\/en\/?s={search_term_string}"},"query-input":{"@type":"PropertyValueSpecification","valueRequired":true,"valueName":"search_term_string"}}],"inLanguage":"de-DE"},{"@type":"Organization","@id":"https:\/\/addaroom.dk\/en\/#organization","name":"Add a Room","url":"https:\/\/addaroom.dk\/en\/","logo":{"@type":"ImageObject","inLanguage":"de-DE","@id":"https:\/\/addaroom.dk\/en\/#\/schema\/logo\/image\/","url":"https:\/\/addaroom.dk\/wp-content\/uploads\/2025\/09\/Screenshot-2025-09-18-122421.png","contentUrl":"https:\/\/addaroom.dk\/wp-content\/uploads\/2025\/09\/Screenshot-2025-09-18-122421.png","width":263,"height":80,"caption":"Add a Room"},"image":{"@id":"https:\/\/addaroom.dk\/en\/#\/schema\/logo\/image\/"},"sameAs":["https:\/\/www.facebook.com\/share\/1EZnEZVh7L\/?mibextid=wwXIfr","https:\/\/www.instagram.com\/add_a_room?igsh=MWo2cHNwN3dmNGR1eA&utm_source=qr"]}]}},"_links":{"self":[{"href":"https:\/\/addaroom.dk\/de\/wp-json\/wp\/v2\/pages\/16612","targetHints":{"allow":["GET"]}}],"collection":[{"href":"https:\/\/addaroom.dk\/de\/wp-json\/wp\/v2\/pages"}],"about":[{"href":"https:\/\/addaroom.dk\/de\/wp-json\/wp\/v2\/types\/page"}],"author":[{"embeddable":true,"href":"https:\/\/addaroom.dk\/de\/wp-json\/wp\/v2\/users\/1"}],"replies":[{"embeddable":true,"href":"https:\/\/addaroom.dk\/de\/wp-json\/wp\/v2\/comments?post=16612"}],"version-history":[{"count":0,"href":"https:\/\/addaroom.dk\/de\/wp-json\/wp\/v2\/pages\/16612\/revisions"}],"up":[{"embeddable":true,"href":"https:\/\/addaroom.dk\/de\/wp-json\/wp\/v2\/pages\/16602"}],"wp:attachment":[{"href":"https:\/\/addaroom.dk\/de\/wp-json\/wp\/v2\/media?parent=16612"}],"curies":[{"name":"wp","href":"https:\/\/api.w.org\/{rel}","templated":true}]}}