{"id":16610,"date":"2022-04-11T11:05:44","date_gmt":"2022-04-11T11:05:44","guid":{"rendered":"https:\/\/addaroom.dk\/inspiration\/sekretariat\/"},"modified":"2022-04-11T11:05:45","modified_gmt":"2022-04-11T11:05:45","slug":"sekretariat","status":"publish","type":"page","link":"https:\/\/addaroom.dk\/de\/inspiration\/sekretariat\/","title":{"rendered":"Sekretariat"},"content":{"rendered":"<div class=\"wp-block-wrapper acf--content-block\">\n<div class=\"pc bc--white \">\n    <div class=\"pc--1\">\n        <div class=\"gb-block block--content pull-left\">\n            <div class=\"block--content-text-wrapper\">\n                <div class=\"block--content-text\">\n                    <h2>Sekretariat<\/h2>\n<p>Mit der gro\u00dfen Flexibilit\u00e4t und dem schl\u00fcsselfertigen Konzept eignen sich Add a Rooms Module gut als B\u00fcros. F\u00fcr den Kleinunternehmer, Heimarbeiter oder das schnell wachsende Unternehmen hat Add a Room eine flexible L\u00f6sung. Unten finden Sie Inspiration, wie Add a Room als zus\u00e4tzlicher Arbeitsbereich oder sogar als Showroom genutzt werden kann.<\/p>\n                <\/div>\n            <\/div>\n            <div class=\"block--content-image\">\n                                    <img loading=\"lazy\" decoding=\"async\" src=\"https:\/\/addaroom.dk\/wp-content\/uploads\/2021\/02\/Office-1024x744.jpg\" alt=\"\" height=\"744\" width=\"1024\"\/>\n                            <\/div>\n        <\/div>\n    <\/div>\n<\/div><\/div><div class=\"wp-block-wrapper acf--inspire-list-block\">    \n    <div class=\"pc \">\n        <div class=\"pc--2\">\n            <div class=\"archive--inspire disp--flex flex--cols just--arou\">\n                                                        <div class=\"layout--horizontal disp--flex\">\n\t\t\t\t\t\t                        \n\n<a href=\"https:\/\/addaroom.dk\/de\/inspire\/der-pop-up-showroom\/\" target=\"_self\" class=\"card\">\n            <div class=\"card--image\">\n            <img loading=\"lazy\" decoding=\"async\" src=\"https:\/\/addaroom.dk\/wp-content\/uploads\/2021\/03\/IMG_2487-1024x768.jpg\" alt=\"\" height=\"768\" width=\"1024\"\/>        <\/div>\n           \n    <div class=\"card--content\">\n        <div>\n            <div class=\"card--summary\">\n                <div class=\"card-heading--content\">\n                    <h3>Der Pop-up-Showroom<\/h3><p>Im Jahr 2013 ben\u00f6tigte die Gemeinde Syddjurs einen Pop-up-Showroom f\u00fcr ihre Touristenattraktionen. Der Showroom sollte nur drei Jahre genutzt werden und die Flexibilit\u00e4t war von gr\u00f6\u00dfter Bedeutung, weshalb Add a Room angefragt wurde.<\/p>\n                 <\/div>\n                                     <div class=\"card--button\">\n                        <div class=\"button\">Sehen<\/div>\n                    <\/div>\n                            <\/div>\n        <\/div>\n    <\/div>\n<\/a>                    <\/div>\n                                            <\/div>\n        <\/div>\n    <\/div>\n<\/div>","protected":false},"excerpt":{"rendered":"","protected":false},"author":1,"featured_media":0,"parent":16602,"menu_order":0,"comment_status":"closed","ping_status":"closed","template":"","meta":{"_acf_changed":false,"footnotes":""},"class_list":["post-16610","page","type-page","status-publish","hentry"],"acf":[],"yoast_head":"<!-- This site is optimized with the Yoast SEO plugin v27.4 - https:\/\/yoast.com\/product\/yoast-seo-wordpress\/ -->\n<title>Sekretariat - Add a Room<\/title>\n<meta name=\"robots\" content=\"index, follow, max-snippet:-1, max-image-preview:large, max-video-preview:-1\" \/>\n<link rel=\"canonical\" href=\"https:\/\/addaroom.dk\/de\/inspiration\/sekretariat\/\" \/>\n<script type=\"application\/ld+json\" class=\"yoast-schema-graph\">{\"@context\":\"https:\\\/\\\/schema.org\",\"@graph\":[{\"@type\":\"WebPage\",\"@id\":\"https:\\\/\\\/addaroom.dk\\\/de\\\/inspiration\\\/sekretariat\\\/\",\"url\":\"https:\\\/\\\/addaroom.dk\\\/de\\\/inspiration\\\/sekretariat\\\/\",\"name\":\"Sekretariat - Add a Room\",\"isPartOf\":{\"@id\":\"https:\\\/\\\/addaroom.dk\\\/en\\\/#website\"},\"datePublished\":\"2022-04-11T11:05:44+00:00\",\"dateModified\":\"2022-04-11T11:05:45+00:00\",\"breadcrumb\":{\"@id\":\"https:\\\/\\\/addaroom.dk\\\/de\\\/inspiration\\\/sekretariat\\\/#breadcrumb\"},\"inLanguage\":\"de-DE\",\"potentialAction\":[{\"@type\":\"ReadAction\",\"target\":[\"https:\\\/\\\/addaroom.dk\\\/de\\\/inspiration\\\/sekretariat\\\/\"]}]},{\"@type\":\"BreadcrumbList\",\"@id\":\"https:\\\/\\\/addaroom.dk\\\/de\\\/inspiration\\\/sekretariat\\\/#breadcrumb\",\"itemListElement\":[{\"@type\":\"ListItem\",\"position\":1,\"name\":\"Hem\",\"item\":\"https:\\\/\\\/addaroom.dk\\\/de\\\/\"},{\"@type\":\"ListItem\",\"position\":2,\"name\":\"Inspiration\",\"item\":\"https:\\\/\\\/addaroom.dk\\\/de\\\/inspiration\\\/\"},{\"@type\":\"ListItem\",\"position\":3,\"name\":\"Sekretariat\"}]},{\"@type\":\"WebSite\",\"@id\":\"https:\\\/\\\/addaroom.dk\\\/en\\\/#website\",\"url\":\"https:\\\/\\\/addaroom.dk\\\/en\\\/\",\"name\":\"Add a Room\",\"description\":\"Small houses with big possibilities\",\"publisher\":{\"@id\":\"https:\\\/\\\/addaroom.dk\\\/en\\\/#organization\"},\"potentialAction\":[{\"@type\":\"SearchAction\",\"target\":{\"@type\":\"EntryPoint\",\"urlTemplate\":\"https:\\\/\\\/addaroom.dk\\\/en\\\/?s={search_term_string}\"},\"query-input\":{\"@type\":\"PropertyValueSpecification\",\"valueRequired\":true,\"valueName\":\"search_term_string\"}}],\"inLanguage\":\"de-DE\"},{\"@type\":\"Organization\",\"@id\":\"https:\\\/\\\/addaroom.dk\\\/en\\\/#organization\",\"name\":\"Add a Room\",\"url\":\"https:\\\/\\\/addaroom.dk\\\/en\\\/\",\"logo\":{\"@type\":\"ImageObject\",\"inLanguage\":\"de-DE\",\"@id\":\"https:\\\/\\\/addaroom.dk\\\/en\\\/#\\\/schema\\\/logo\\\/image\\\/\",\"url\":\"https:\\\/\\\/addaroom.dk\\\/wp-content\\\/uploads\\\/2025\\\/09\\\/Screenshot-2025-09-18-122421.png\",\"contentUrl\":\"https:\\\/\\\/addaroom.dk\\\/wp-content\\\/uploads\\\/2025\\\/09\\\/Screenshot-2025-09-18-122421.png\",\"width\":263,\"height\":80,\"caption\":\"Add a Room\"},\"image\":{\"@id\":\"https:\\\/\\\/addaroom.dk\\\/en\\\/#\\\/schema\\\/logo\\\/image\\\/\"},\"sameAs\":[\"https:\\\/\\\/www.facebook.com\\\/share\\\/1EZnEZVh7L\\\/?mibextid=wwXIfr\",\"https:\\\/\\\/www.instagram.com\\\/add_a_room?igsh=MWo2cHNwN3dmNGR1eA&utm_source=qr\"]}]}<\/script>\n<!-- \/ Yoast SEO plugin. -->","yoast_head_json":{"title":"Sekretariat - Add a Room","robots":{"index":"index","follow":"follow","max-snippet":"max-snippet:-1","max-image-preview":"max-image-preview:large","max-video-preview":"max-video-preview:-1"},"canonical":"https:\/\/addaroom.dk\/de\/inspiration\/sekretariat\/","schema":{"@context":"https:\/\/schema.org","@graph":[{"@type":"WebPage","@id":"https:\/\/addaroom.dk\/de\/inspiration\/sekretariat\/","url":"https:\/\/addaroom.dk\/de\/inspiration\/sekretariat\/","name":"Sekretariat - Add a Room","isPartOf":{"@id":"https:\/\/addaroom.dk\/en\/#website"},"datePublished":"2022-04-11T11:05:44+00:00","dateModified":"2022-04-11T11:05:45+00:00","breadcrumb":{"@id":"https:\/\/addaroom.dk\/de\/inspiration\/sekretariat\/#breadcrumb"},"inLanguage":"de-DE","potentialAction":[{"@type":"ReadAction","target":["https:\/\/addaroom.dk\/de\/inspiration\/sekretariat\/"]}]},{"@type":"BreadcrumbList","@id":"https:\/\/addaroom.dk\/de\/inspiration\/sekretariat\/#breadcrumb","itemListElement":[{"@type":"ListItem","position":1,"name":"Hem","item":"https:\/\/addaroom.dk\/de\/"},{"@type":"ListItem","position":2,"name":"Inspiration","item":"https:\/\/addaroom.dk\/de\/inspiration\/"},{"@type":"ListItem","position":3,"name":"Sekretariat"}]},{"@type":"WebSite","@id":"https:\/\/addaroom.dk\/en\/#website","url":"https:\/\/addaroom.dk\/en\/","name":"Add a Room","description":"Small houses with big possibilities","publisher":{"@id":"https:\/\/addaroom.dk\/en\/#organization"},"potentialAction":[{"@type":"SearchAction","target":{"@type":"EntryPoint","urlTemplate":"https:\/\/addaroom.dk\/en\/?s={search_term_string}"},"query-input":{"@type":"PropertyValueSpecification","valueRequired":true,"valueName":"search_term_string"}}],"inLanguage":"de-DE"},{"@type":"Organization","@id":"https:\/\/addaroom.dk\/en\/#organization","name":"Add a Room","url":"https:\/\/addaroom.dk\/en\/","logo":{"@type":"ImageObject","inLanguage":"de-DE","@id":"https:\/\/addaroom.dk\/en\/#\/schema\/logo\/image\/","url":"https:\/\/addaroom.dk\/wp-content\/uploads\/2025\/09\/Screenshot-2025-09-18-122421.png","contentUrl":"https:\/\/addaroom.dk\/wp-content\/uploads\/2025\/09\/Screenshot-2025-09-18-122421.png","width":263,"height":80,"caption":"Add a Room"},"image":{"@id":"https:\/\/addaroom.dk\/en\/#\/schema\/logo\/image\/"},"sameAs":["https:\/\/www.facebook.com\/share\/1EZnEZVh7L\/?mibextid=wwXIfr","https:\/\/www.instagram.com\/add_a_room?igsh=MWo2cHNwN3dmNGR1eA&utm_source=qr"]}]}},"_links":{"self":[{"href":"https:\/\/addaroom.dk\/de\/wp-json\/wp\/v2\/pages\/16610","targetHints":{"allow":["GET"]}}],"collection":[{"href":"https:\/\/addaroom.dk\/de\/wp-json\/wp\/v2\/pages"}],"about":[{"href":"https:\/\/addaroom.dk\/de\/wp-json\/wp\/v2\/types\/page"}],"author":[{"embeddable":true,"href":"https:\/\/addaroom.dk\/de\/wp-json\/wp\/v2\/users\/1"}],"replies":[{"embeddable":true,"href":"https:\/\/addaroom.dk\/de\/wp-json\/wp\/v2\/comments?post=16610"}],"version-history":[{"count":0,"href":"https:\/\/addaroom.dk\/de\/wp-json\/wp\/v2\/pages\/16610\/revisions"}],"up":[{"embeddable":true,"href":"https:\/\/addaroom.dk\/de\/wp-json\/wp\/v2\/pages\/16602"}],"wp:attachment":[{"href":"https:\/\/addaroom.dk\/de\/wp-json\/wp\/v2\/media?parent=16610"}],"curies":[{"name":"wp","href":"https:\/\/api.w.org\/{rel}","templated":true}]}}