{"id":16602,"date":"2022-04-11T11:05:39","date_gmt":"2022-04-11T11:05:39","guid":{"rendered":"https:\/\/addaroom.dk\/inspiration\/"},"modified":"2022-04-11T11:05:44","modified_gmt":"2022-04-11T11:05:44","slug":"inspiration","status":"publish","type":"page","link":"https:\/\/addaroom.dk\/de\/inspiration\/","title":{"rendered":"Inspiration"},"content":{"rendered":"<div class=\"wp-block-wrapper acf--content-block\">\n<div class=\"pc bc--white \">\n    <div class=\"pc--1\">\n        <div class=\"gb-block block--content pull-left\">\n            <div class=\"block--content-text-wrapper\">\n                <div class=\"block--content-text\">\n                    <h2>Sehen Sie die M\u00f6glichkeiten<\/h2>\n<p>Mit dem einzigartigen, von Lego inspirierten Verbindungskonzept sind die M\u00f6glichkeiten mit Add a Room nahezu unbegrenzt. Seit dem Start im Jahr 2010 haben wir \u00fcber 60 Module f\u00fcr mehr als 40 Projekte geliefert, jedes davon v\u00f6llig einzigartig.<\/p>\n<p>Wir haben einige unserer Kundenh\u00e4user in Kombination mit Konzepten zusammengestellt, um Ihnen einen besseren Eindruck von den M\u00f6glichkeiten mit unseren Modulen zu vermitteln. Klicken Sie auf einen Haustyp, um sich inspirieren zu lassen!<\/p>\n                <\/div>\n            <\/div>\n            <div class=\"block--content-image\">\n                                    <img loading=\"lazy\" decoding=\"async\" src=\"https:\/\/addaroom.dk\/wp-content\/uploads\/2020\/02\/add-a-room-hotel-night-at-the-lake.jpg\" alt=\"\" height=\"665\" width=\"1000\"\/>\n                            <\/div>\n        <\/div>\n    <\/div>\n<\/div><\/div><div class=\"wp-block-wrapper acf--post-type-block\">    <div class=\"pc bc--white \">\n        <div class=\"pc--1\">\n\t\t\t\t            <div class=\"gb-block block--post disp--flex flex--cols just--arou\">\n\n\t\t\t\t\t\t\t\t\t\t\t\t\t\t\t\n\t\t\t\t\t\t\t\t\t\t\t\t<div class=\"layout--vertical flex--33 disp--flex\">\n\t\t\t\t\t\t\t\t\t\t\t\t\t\t\n\n<a href=\"https:\/\/addaroom.dk\/de\/inspiration\/erweiterung-des-bestehenden-hauses\/\" target=\"_self\" class=\"card\">\n            <div class=\"card--image\">\n            <img loading=\"lazy\" decoding=\"async\" style=\"object-fit: cover\" src=\"https:\/\/addaroom.dk\/wp-content\/uploads\/2021\/03\/arrival-1024x576.jpg\" alt=\"\" height=\"576\" width=\"1024\"\/>        <\/div>\n           \n    <div class=\"card--content\">\n        <div>\n            <div class=\"card--summary\">\n                <div class=\"card-heading--content\">\n                    <h3>Erweiterung des bestehenden Hauses<\/h3><p>Erweitern Sie Ihr bestehendes Haus mit einem schl\u00fcsselfertigen Modul! Geeignet sowohl f\u00fcr einen direkten Innenanschluss als auch als Hausanschluss mit Veranda und Au\u00dfeneinheiten.<\/p>\n                 <\/div>\n                                     <div class=\"card--button\">\n                        <div class=\"button\">Sehen<\/div>\n                    <\/div>\n                            <\/div>\n        <\/div>\n    <\/div>\n<\/a>\t\t\t\t\t\t<\/div>\n\t\t\t\t\t\t\t\t\t\t\t\n\t\t\t\t\t\t\t\t\t\t\t\t<div class=\"layout--vertical flex--33 disp--flex\">\n\t\t\t\t\t\t\t\t\t\t\t\t\t\t\n\n<a href=\"https:\/\/addaroom.dk\/de\/inspiration\/generationenhaus\/\" target=\"_self\" class=\"card\">\n            <div class=\"card--image\">\n            <img loading=\"lazy\" decoding=\"async\" style=\"object-fit: cover\" src=\"https:\/\/addaroom.dk\/wp-content\/uploads\/2021\/02\/Generational-house-2-1024x683.jpg\" alt=\"\" height=\"683\" width=\"1024\"\/>        <\/div>\n           \n    <div class=\"card--content\">\n        <div>\n            <div class=\"card--summary\">\n                <div class=\"card-heading--content\">\n                    <h3>Generationenhaus<\/h3><p>Die neue Art zu leben! Bringen Sie die Sharing Economy in Ihr Leben und holen Sie sich Ihre Verwandten als Nachbarn. Mit der Flexibilit\u00e4t \u201eR\u00e4ume hinzuf\u00fcgen\u201c sind die M\u00f6glichkeiten endlos!<\/p>\n                 <\/div>\n                                     <div class=\"card--button\">\n                        <div class=\"button\">Sehen<\/div>\n                    <\/div>\n                            <\/div>\n        <\/div>\n    <\/div>\n<\/a>\t\t\t\t\t\t<\/div>\n\t\t\t\t\t\t\t\t\t\t\t\n\t\t\t\t\t\t\t\t\t\t\t\t<div class=\"layout--vertical flex--33 disp--flex\">\n\t\t\t\t\t\t\t\t\t\t\t\t\t\t\n\n<a href=\"https:\/\/addaroom.dk\/de\/inspiration\/sekretariat\/\" target=\"_self\" class=\"card\">\n            <div class=\"card--image\">\n            <img loading=\"lazy\" decoding=\"async\" style=\"object-fit: cover\" src=\"https:\/\/addaroom.dk\/wp-content\/uploads\/2016\/07\/minihus04-1024x681.jpg\" alt=\"\" height=\"681\" width=\"1024\"\/>        <\/div>\n           \n    <div class=\"card--content\">\n        <div>\n            <div class=\"card--summary\">\n                <div class=\"card-heading--content\">\n                    <h3>Sekretariat<\/h3><p>L\u00f6sen Sie den Platzmangel, der durch das schnelle Wachstum des Gesch\u00e4fts entstanden ist, oder f\u00fcgen Sie ein separates Heimb\u00fcro hinzu, um eine klarere Grenze zwischen Heimarbeit und Freizeit zu erhalten. Unsere flexiblen Module bieten gro\u00dfartige Arbeitsl\u00f6sungen, sowohl f\u00fcr B2B als auch f\u00fcr B2C.<\/p>\n                 <\/div>\n                                     <div class=\"card--button\">\n                        <div class=\"button\">Sehen<\/div>\n                    <\/div>\n                            <\/div>\n        <\/div>\n    <\/div>\n<\/a>\t\t\t\t\t\t<\/div>\n\t\t\t\t\t\t\t\t\t\t\t\n\t\t\t\t\t\t\t\t\t\t\t\t<div class=\"layout--vertical flex--33 disp--flex\">\n\t\t\t\t\t\t\t\t\t\t\t\t\t\t\n\n<a href=\"https:\/\/addaroom.dk\/de\/inspiration\/dauerhaftes-haus\/\" target=\"_self\" class=\"card\">\n            <div class=\"card--image\">\n            <img loading=\"lazy\" decoding=\"async\" style=\"object-fit: cover\" src=\"https:\/\/addaroom.dk\/wp-content\/uploads\/2021\/02\/DSC_0202-1024x680.jpg\" alt=\"\" height=\"680\" width=\"1024\"\/>        <\/div>\n           \n    <div class=\"card--content\">\n        <div>\n            <div class=\"card--summary\">\n                <div class=\"card-heading--content\">\n                    <h3>Dauerhaftes Haus<\/h3><p>Bewegen Sie sich n\u00e4her an die Natur und leben Sie das ganze Jahr \u00fcber nachhaltiger! Add a Rooms-Module sind eine gro\u00dfartige L\u00f6sung, um Ihr von der Tiny-House-Bewegung beeinflusstes Wohnen zu verkleinern und ein ger\u00e4umigeres Traumhaus zu schaffen.<\/p>\n                 <\/div>\n                                     <div class=\"card--button\">\n                        <div class=\"button\">Sehen<\/div>\n                    <\/div>\n                            <\/div>\n        <\/div>\n    <\/div>\n<\/a>\t\t\t\t\t\t<\/div>\n\t\t\t\t\t\t\t\t\t\t\t\n\t\t\t\t\t\t\t\t\t\t\t\t<div class=\"layout--vertical flex--33 disp--flex\">\n\t\t\t\t\t\t\t\t\t\t\t\t\t\t\n\n<a href=\"https:\/\/addaroom.dk\/de\/inspiration\/kabine\/\" target=\"_self\" class=\"card\">\n            <div class=\"card--image\">\n            <img loading=\"lazy\" decoding=\"async\" style=\"object-fit: cover\" src=\"https:\/\/addaroom.dk\/wp-content\/uploads\/2021\/03\/addaroom__Housedoctor_SMALLSPACES_7-comnpressed-1024x683.jpg\" alt=\"\" height=\"683\" width=\"1024\"\/>        <\/div>\n           \n    <div class=\"card--content\">\n        <div>\n            <div class=\"card--summary\">\n                <div class=\"card-heading--content\">\n                    <h3>Kabine<\/h3><p>Das kleine Haus eines Add a Room Moduls. Platzieren Sie es als minimalistisches Fluchthaus oder neben Ihrem festen Zuhause als Teenager- oder G\u00e4stehaus.<\/p>\n                 <\/div>\n                                     <div class=\"card--button\">\n                        <div class=\"button\">Sehen<\/div>\n                    <\/div>\n                            <\/div>\n        <\/div>\n    <\/div>\n<\/a>\t\t\t\t\t\t<\/div>\n\t\t\t\t\t\t\t\t\t\t\t\n\t\t\t\t\t\t\t\t\t\t\t\t<div class=\"layout--vertical flex--33 disp--flex\">\n\t\t\t\t\t\t\t\t\t\t\t\t\t\t\n\n<a href=\"https:\/\/addaroom.dk\/de\/inspiration\/sommerhaus\/\" target=\"_self\" class=\"card\">\n            <div class=\"card--image\">\n            <img loading=\"lazy\" decoding=\"async\" style=\"object-fit: cover\" src=\"https:\/\/addaroom.dk\/wp-content\/uploads\/2016\/07\/VA05600_r-2.jpg\" alt=\"\" height=\"571\" width=\"900\"\/>        <\/div>\n           \n    <div class=\"card--content\">\n        <div>\n            <div class=\"card--summary\">\n                <div class=\"card-heading--content\">\n                    <h3>Sommerhaus<\/h3><p>Lassen Sie die gro\u00dfe Veranda und die Au\u00dfeneinheiten Ihren Wohnraum vergr\u00f6\u00dfern, mit endlosen magischen Sommern\u00e4chten als Ergebnis. Add a Rooms-Module eignen sich f\u00fcr ein gr\u00f6\u00dferes Sommerhaus sowie f\u00fcr mehrere H\u00e4user, die durch Au\u00dfeneinheiten miteinander verbunden sind.<\/p>\n                 <\/div>\n                                     <div class=\"card--button\">\n                        <div class=\"button\">Sehen<\/div>\n                    <\/div>\n                            <\/div>\n        <\/div>\n    <\/div>\n<\/a>\t\t\t\t\t\t<\/div>\n\t\t\t\t\t\t\t\t\t            <\/div>\n        <\/div>\n    <\/div>\n    <\/div>","protected":false},"excerpt":{"rendered":"","protected":false},"author":1,"featured_media":0,"parent":0,"menu_order":0,"comment_status":"closed","ping_status":"closed","template":"","meta":{"_acf_changed":false,"footnotes":""},"class_list":["post-16602","page","type-page","status-publish","hentry"],"acf":[],"yoast_head":"<!-- This site is optimized with the Yoast SEO plugin v27.4 - https:\/\/yoast.com\/product\/yoast-seo-wordpress\/ -->\n<title>Inspiration - Add a Room<\/title>\n<meta name=\"robots\" content=\"index, follow, max-snippet:-1, max-image-preview:large, max-video-preview:-1\" \/>\n<link rel=\"canonical\" href=\"https:\/\/addaroom.dk\/de\/inspiration\/\" \/>\n<script type=\"application\/ld+json\" class=\"yoast-schema-graph\">{\"@context\":\"https:\\\/\\\/schema.org\",\"@graph\":[{\"@type\":\"WebPage\",\"@id\":\"https:\\\/\\\/addaroom.dk\\\/de\\\/inspiration\\\/\",\"url\":\"https:\\\/\\\/addaroom.dk\\\/de\\\/inspiration\\\/\",\"name\":\"Inspiration - Add a Room\",\"isPartOf\":{\"@id\":\"https:\\\/\\\/addaroom.dk\\\/en\\\/#website\"},\"datePublished\":\"2022-04-11T11:05:39+00:00\",\"dateModified\":\"2022-04-11T11:05:44+00:00\",\"breadcrumb\":{\"@id\":\"https:\\\/\\\/addaroom.dk\\\/de\\\/inspiration\\\/#breadcrumb\"},\"inLanguage\":\"de-DE\",\"potentialAction\":[{\"@type\":\"ReadAction\",\"target\":[\"https:\\\/\\\/addaroom.dk\\\/de\\\/inspiration\\\/\"]}]},{\"@type\":\"BreadcrumbList\",\"@id\":\"https:\\\/\\\/addaroom.dk\\\/de\\\/inspiration\\\/#breadcrumb\",\"itemListElement\":[{\"@type\":\"ListItem\",\"position\":1,\"name\":\"Hem\",\"item\":\"https:\\\/\\\/addaroom.dk\\\/de\\\/\"},{\"@type\":\"ListItem\",\"position\":2,\"name\":\"Inspiration\"}]},{\"@type\":\"WebSite\",\"@id\":\"https:\\\/\\\/addaroom.dk\\\/en\\\/#website\",\"url\":\"https:\\\/\\\/addaroom.dk\\\/en\\\/\",\"name\":\"Add a Room\",\"description\":\"Small houses with big possibilities\",\"publisher\":{\"@id\":\"https:\\\/\\\/addaroom.dk\\\/en\\\/#organization\"},\"potentialAction\":[{\"@type\":\"SearchAction\",\"target\":{\"@type\":\"EntryPoint\",\"urlTemplate\":\"https:\\\/\\\/addaroom.dk\\\/en\\\/?s={search_term_string}\"},\"query-input\":{\"@type\":\"PropertyValueSpecification\",\"valueRequired\":true,\"valueName\":\"search_term_string\"}}],\"inLanguage\":\"de-DE\"},{\"@type\":\"Organization\",\"@id\":\"https:\\\/\\\/addaroom.dk\\\/en\\\/#organization\",\"name\":\"Add a Room\",\"url\":\"https:\\\/\\\/addaroom.dk\\\/en\\\/\",\"logo\":{\"@type\":\"ImageObject\",\"inLanguage\":\"de-DE\",\"@id\":\"https:\\\/\\\/addaroom.dk\\\/en\\\/#\\\/schema\\\/logo\\\/image\\\/\",\"url\":\"https:\\\/\\\/addaroom.dk\\\/wp-content\\\/uploads\\\/2025\\\/09\\\/Screenshot-2025-09-18-122421.png\",\"contentUrl\":\"https:\\\/\\\/addaroom.dk\\\/wp-content\\\/uploads\\\/2025\\\/09\\\/Screenshot-2025-09-18-122421.png\",\"width\":263,\"height\":80,\"caption\":\"Add a Room\"},\"image\":{\"@id\":\"https:\\\/\\\/addaroom.dk\\\/en\\\/#\\\/schema\\\/logo\\\/image\\\/\"},\"sameAs\":[\"https:\\\/\\\/www.facebook.com\\\/share\\\/1EZnEZVh7L\\\/?mibextid=wwXIfr\",\"https:\\\/\\\/www.instagram.com\\\/add_a_room?igsh=MWo2cHNwN3dmNGR1eA&utm_source=qr\"]}]}<\/script>\n<!-- \/ Yoast SEO plugin. -->","yoast_head_json":{"title":"Inspiration - Add a Room","robots":{"index":"index","follow":"follow","max-snippet":"max-snippet:-1","max-image-preview":"max-image-preview:large","max-video-preview":"max-video-preview:-1"},"canonical":"https:\/\/addaroom.dk\/de\/inspiration\/","schema":{"@context":"https:\/\/schema.org","@graph":[{"@type":"WebPage","@id":"https:\/\/addaroom.dk\/de\/inspiration\/","url":"https:\/\/addaroom.dk\/de\/inspiration\/","name":"Inspiration - Add a Room","isPartOf":{"@id":"https:\/\/addaroom.dk\/en\/#website"},"datePublished":"2022-04-11T11:05:39+00:00","dateModified":"2022-04-11T11:05:44+00:00","breadcrumb":{"@id":"https:\/\/addaroom.dk\/de\/inspiration\/#breadcrumb"},"inLanguage":"de-DE","potentialAction":[{"@type":"ReadAction","target":["https:\/\/addaroom.dk\/de\/inspiration\/"]}]},{"@type":"BreadcrumbList","@id":"https:\/\/addaroom.dk\/de\/inspiration\/#breadcrumb","itemListElement":[{"@type":"ListItem","position":1,"name":"Hem","item":"https:\/\/addaroom.dk\/de\/"},{"@type":"ListItem","position":2,"name":"Inspiration"}]},{"@type":"WebSite","@id":"https:\/\/addaroom.dk\/en\/#website","url":"https:\/\/addaroom.dk\/en\/","name":"Add a Room","description":"Small houses with big possibilities","publisher":{"@id":"https:\/\/addaroom.dk\/en\/#organization"},"potentialAction":[{"@type":"SearchAction","target":{"@type":"EntryPoint","urlTemplate":"https:\/\/addaroom.dk\/en\/?s={search_term_string}"},"query-input":{"@type":"PropertyValueSpecification","valueRequired":true,"valueName":"search_term_string"}}],"inLanguage":"de-DE"},{"@type":"Organization","@id":"https:\/\/addaroom.dk\/en\/#organization","name":"Add a Room","url":"https:\/\/addaroom.dk\/en\/","logo":{"@type":"ImageObject","inLanguage":"de-DE","@id":"https:\/\/addaroom.dk\/en\/#\/schema\/logo\/image\/","url":"https:\/\/addaroom.dk\/wp-content\/uploads\/2025\/09\/Screenshot-2025-09-18-122421.png","contentUrl":"https:\/\/addaroom.dk\/wp-content\/uploads\/2025\/09\/Screenshot-2025-09-18-122421.png","width":263,"height":80,"caption":"Add a Room"},"image":{"@id":"https:\/\/addaroom.dk\/en\/#\/schema\/logo\/image\/"},"sameAs":["https:\/\/www.facebook.com\/share\/1EZnEZVh7L\/?mibextid=wwXIfr","https:\/\/www.instagram.com\/add_a_room?igsh=MWo2cHNwN3dmNGR1eA&utm_source=qr"]}]}},"_links":{"self":[{"href":"https:\/\/addaroom.dk\/de\/wp-json\/wp\/v2\/pages\/16602","targetHints":{"allow":["GET"]}}],"collection":[{"href":"https:\/\/addaroom.dk\/de\/wp-json\/wp\/v2\/pages"}],"about":[{"href":"https:\/\/addaroom.dk\/de\/wp-json\/wp\/v2\/types\/page"}],"author":[{"embeddable":true,"href":"https:\/\/addaroom.dk\/de\/wp-json\/wp\/v2\/users\/1"}],"replies":[{"embeddable":true,"href":"https:\/\/addaroom.dk\/de\/wp-json\/wp\/v2\/comments?post=16602"}],"version-history":[{"count":0,"href":"https:\/\/addaroom.dk\/de\/wp-json\/wp\/v2\/pages\/16602\/revisions"}],"wp:attachment":[{"href":"https:\/\/addaroom.dk\/de\/wp-json\/wp\/v2\/media?parent=16602"}],"curies":[{"name":"wp","href":"https:\/\/api.w.org\/{rel}","templated":true}]}}